{"id":80183,"date":"2026-04-29T12:02:47","date_gmt":"2026-04-29T09:02:47","guid":{"rendered":"https:\/\/thaicospa.ro\/?post_type=product&#038;p=80183"},"modified":"2026-04-29T12:03:43","modified_gmt":"2026-04-29T09:03:43","slug":"thai-sun-ritual-120-minutes","status":"publish","type":"product","link":"https:\/\/thaicospa.ro\/en\/gift-card\/thai-sun-ritual-120-minute\/","title":{"rendered":"THAI Sun Ritual 120 minutes"},"content":{"rendered":"<p>Inspired by authentic Asian wellness traditions, this treatment combines sauna, body exfoliation and massage, offering a holistic experience of purification and revitalization.<\/p>\n<p>The ritual begins with a sauna detoxifying phase, continues with a gentle body exfoliation to remove dead skin cells and stimulate skin regeneration, and ends with a relaxing body massage to release tension and support circulation.<\/p>\n<p>Ideal before the summer season, this spa ritual helps to leave skin smooth, velvety soft and radiant, ready for the sun.<\/p>","protected":false},"excerpt":{"rendered":"<p><strong>THAI Sun Ritual <\/strong>is a complete body care spa ritual, designed to prepare the skin for the warm season and restore balance and relaxation.<\/p>","protected":false},"featured_media":80184,"template":"","meta":{"_monsterinsights_skip_tracking":false,"_monsterinsights_sitenote_active":false,"_monsterinsights_sitenote_note":"","_monsterinsights_sitenote_category":0},"product_brand":[],"product_cat":[3],"product_tag":[],"class_list":{"0":"post-80183","1":"product","2":"type-product","3":"status-publish","4":"has-post-thumbnail","6":"product_cat-gift-card","8":"first","9":"instock","10":"downloadable","11":"virtual","12":"taxable","13":"purchasable","14":"product-type-simple"},"yoast_head":"<!-- This site is optimized with the Yoast SEO plugin v27.5 - https:\/\/yoast.com\/product\/yoast-seo-wordpress\/ -->\n<title>THAI Sun Ritual 120 minute - THAIco SPA<\/title>\n<meta name=\"robots\" content=\"index, follow, max-snippet:-1, max-image-preview:large, max-video-preview:-1\" \/>\n<link rel=\"canonical\" href=\"https:\/\/thaicospa.ro\/en\/gift-card\/thai-sun-ritual-120-minutes\/\" \/>\n<meta property=\"og:locale\" content=\"en_US\" \/>\n<meta property=\"og:type\" content=\"article\" \/>\n<meta property=\"og:title\" content=\"THAI Sun Ritual 120 minute - THAIco SPA\" \/>\n<meta property=\"og:description\" content=\"THAI Sun Ritual este un ritual spa complet de \u00eengrijire corporal\u0103, conceput pentru preg\u0103tirea pielii pentru sezonul cald \u0219i pentru redob\u00e2ndirea st\u0103rii de echilibru \u0219i relaxare.\" \/>\n<meta property=\"og:url\" content=\"https:\/\/thaicospa.ro\/en\/gift-card\/thai-sun-ritual-120-minutes\/\" \/>\n<meta property=\"og:site_name\" content=\"THAIco SPA\" \/>\n<meta property=\"article:publisher\" content=\"https:\/\/www.facebook.com\/THAIcoSPA\/\" \/>\n<meta property=\"article:modified_time\" content=\"2026-04-29T09:03:43+00:00\" \/>\n<meta property=\"og:image\" content=\"https:\/\/thaicospa.ro\/wp-content\/uploads\/2026\/04\/THAI-Sun-Ritual-120.jpg\" \/>\n\t<meta property=\"og:image:width\" content=\"1748\" \/>\n\t<meta property=\"og:image:height\" content=\"1240\" \/>\n\t<meta property=\"og:image:type\" content=\"image\/jpeg\" \/>\n<meta name=\"twitter:card\" content=\"summary_large_image\" \/>\n<meta name=\"twitter:label1\" content=\"Est. reading time\" \/>\n\t<meta name=\"twitter:data1\" content=\"1 minute\" \/>\n<script type=\"application\/ld+json\" class=\"yoast-schema-graph\">{\"@context\":\"https:\\\/\\\/schema.org\",\"@graph\":[{\"@type\":\"WebPage\",\"@id\":\"https:\\\/\\\/thaicospa.ro\\\/gift-card\\\/thai-sun-ritual-120-minute\\\/\",\"url\":\"https:\\\/\\\/thaicospa.ro\\\/gift-card\\\/thai-sun-ritual-120-minute\\\/\",\"name\":\"THAI Sun Ritual 120 minute - THAIco SPA\",\"isPartOf\":{\"@id\":\"https:\\\/\\\/thaicospa.ro\\\/#website\"},\"primaryImageOfPage\":{\"@id\":\"https:\\\/\\\/thaicospa.ro\\\/gift-card\\\/thai-sun-ritual-120-minute\\\/#primaryimage\"},\"image\":{\"@id\":\"https:\\\/\\\/thaicospa.ro\\\/gift-card\\\/thai-sun-ritual-120-minute\\\/#primaryimage\"},\"thumbnailUrl\":\"https:\\\/\\\/thaicospa.ro\\\/wp-content\\\/uploads\\\/2026\\\/04\\\/THAI-Sun-Ritual-120.jpg\",\"datePublished\":\"2026-04-29T09:02:47+00:00\",\"dateModified\":\"2026-04-29T09:03:43+00:00\",\"breadcrumb\":{\"@id\":\"https:\\\/\\\/thaicospa.ro\\\/gift-card\\\/thai-sun-ritual-120-minute\\\/#breadcrumb\"},\"inLanguage\":\"en-US\",\"potentialAction\":[{\"@type\":\"ReadAction\",\"target\":[\"https:\\\/\\\/thaicospa.ro\\\/gift-card\\\/thai-sun-ritual-120-minute\\\/\"]}]},{\"@type\":\"ImageObject\",\"inLanguage\":\"en-US\",\"@id\":\"https:\\\/\\\/thaicospa.ro\\\/gift-card\\\/thai-sun-ritual-120-minute\\\/#primaryimage\",\"url\":\"https:\\\/\\\/thaicospa.ro\\\/wp-content\\\/uploads\\\/2026\\\/04\\\/THAI-Sun-Ritual-120.jpg\",\"contentUrl\":\"https:\\\/\\\/thaicospa.ro\\\/wp-content\\\/uploads\\\/2026\\\/04\\\/THAI-Sun-Ritual-120.jpg\",\"width\":1748,\"height\":1240},{\"@type\":\"BreadcrumbList\",\"@id\":\"https:\\\/\\\/thaicospa.ro\\\/gift-card\\\/thai-sun-ritual-120-minute\\\/#breadcrumb\",\"itemListElement\":[{\"@type\":\"ListItem\",\"position\":1,\"name\":\"Prima pagin\u0103\",\"item\":\"https:\\\/\\\/thaicospa.ro\\\/\"},{\"@type\":\"ListItem\",\"position\":2,\"name\":\"Gift Card\",\"item\":\"https:\\\/\\\/thaicospa.ro\\\/gift-card\\\/\"},{\"@type\":\"ListItem\",\"position\":3,\"name\":\"THAI Sun Ritual 120 minute\"}]},{\"@type\":\"WebSite\",\"@id\":\"https:\\\/\\\/thaicospa.ro\\\/#website\",\"url\":\"https:\\\/\\\/thaicospa.ro\\\/\",\"name\":\"THAIco SPA\",\"description\":\"\",\"potentialAction\":[{\"@type\":\"SearchAction\",\"target\":{\"@type\":\"EntryPoint\",\"urlTemplate\":\"https:\\\/\\\/thaicospa.ro\\\/?s={search_term_string}\"},\"query-input\":{\"@type\":\"PropertyValueSpecification\",\"valueRequired\":true,\"valueName\":\"search_term_string\"}}],\"inLanguage\":\"en-US\"}]}<\/script>\n<!-- \/ Yoast SEO plugin. -->","yoast_head_json":{"title":"THAI Sun Ritual 120 minutes - THAIco SPA","robots":{"index":"index","follow":"follow","max-snippet":"max-snippet:-1","max-image-preview":"max-image-preview:large","max-video-preview":"max-video-preview:-1"},"canonical":"https:\/\/thaicospa.ro\/en\/gift-card\/thai-sun-ritual-120-minutes\/","og_locale":"en_US","og_type":"article","og_title":"THAI Sun Ritual 120 minute - THAIco SPA","og_description":"THAI Sun Ritual este un ritual spa complet de \u00eengrijire corporal\u0103, conceput pentru preg\u0103tirea pielii pentru sezonul cald \u0219i pentru redob\u00e2ndirea st\u0103rii de echilibru \u0219i relaxare.","og_url":"https:\/\/thaicospa.ro\/en\/gift-card\/thai-sun-ritual-120-minutes\/","og_site_name":"THAIco SPA","article_publisher":"https:\/\/www.facebook.com\/THAIcoSPA\/","article_modified_time":"2026-04-29T09:03:43+00:00","og_image":[{"width":1748,"height":1240,"url":"https:\/\/thaicospa.ro\/wp-content\/uploads\/2026\/04\/THAI-Sun-Ritual-120.jpg","type":"image\/jpeg"}],"twitter_card":"summary_large_image","twitter_misc":{"Est. reading time":"1 minute"},"schema":{"@context":"https:\/\/schema.org","@graph":[{"@type":"WebPage","@id":"https:\/\/thaicospa.ro\/gift-card\/thai-sun-ritual-120-minute\/","url":"https:\/\/thaicospa.ro\/gift-card\/thai-sun-ritual-120-minute\/","name":"THAI Sun Ritual 120 minutes - THAIco SPA","isPartOf":{"@id":"https:\/\/thaicospa.ro\/#website"},"primaryImageOfPage":{"@id":"https:\/\/thaicospa.ro\/gift-card\/thai-sun-ritual-120-minute\/#primaryimage"},"image":{"@id":"https:\/\/thaicospa.ro\/gift-card\/thai-sun-ritual-120-minute\/#primaryimage"},"thumbnailUrl":"https:\/\/thaicospa.ro\/wp-content\/uploads\/2026\/04\/THAI-Sun-Ritual-120.jpg","datePublished":"2026-04-29T09:02:47+00:00","dateModified":"2026-04-29T09:03:43+00:00","breadcrumb":{"@id":"https:\/\/thaicospa.ro\/gift-card\/thai-sun-ritual-120-minute\/#breadcrumb"},"inLanguage":"en-US","potentialAction":[{"@type":"ReadAction","target":["https:\/\/thaicospa.ro\/gift-card\/thai-sun-ritual-120-minute\/"]}]},{"@type":"ImageObject","inLanguage":"en-US","@id":"https:\/\/thaicospa.ro\/gift-card\/thai-sun-ritual-120-minute\/#primaryimage","url":"https:\/\/thaicospa.ro\/wp-content\/uploads\/2026\/04\/THAI-Sun-Ritual-120.jpg","contentUrl":"https:\/\/thaicospa.ro\/wp-content\/uploads\/2026\/04\/THAI-Sun-Ritual-120.jpg","width":1748,"height":1240},{"@type":"BreadcrumbList","@id":"https:\/\/thaicospa.ro\/gift-card\/thai-sun-ritual-120-minute\/#breadcrumb","itemListElement":[{"@type":"ListItem","position":1,"name":"Prima pagin\u0103","item":"https:\/\/thaicospa.ro\/"},{"@type":"ListItem","position":2,"name":"Gift Card","item":"https:\/\/thaicospa.ro\/gift-card\/"},{"@type":"ListItem","position":3,"name":"THAI Sun Ritual 120 minute"}]},{"@type":"WebSite","@id":"https:\/\/thaicospa.ro\/#website","url":"https:\/\/thaicospa.ro\/","name":"THAIco SPA","description":"","potentialAction":[{"@type":"SearchAction","target":{"@type":"EntryPoint","urlTemplate":"https:\/\/thaicospa.ro\/?s={search_term_string}"},"query-input":{"@type":"PropertyValueSpecification","valueRequired":true,"valueName":"search_term_string"}}],"inLanguage":"en-US"}]}},"_links":{"self":[{"href":"https:\/\/thaicospa.ro\/en\/wp-json\/wp\/v2\/product\/80183","targetHints":{"allow":["GET"]}}],"collection":[{"href":"https:\/\/thaicospa.ro\/en\/wp-json\/wp\/v2\/product"}],"about":[{"href":"https:\/\/thaicospa.ro\/en\/wp-json\/wp\/v2\/types\/product"}],"wp:featuredmedia":[{"embeddable":true,"href":"https:\/\/thaicospa.ro\/en\/wp-json\/wp\/v2\/media\/80184"}],"wp:attachment":[{"href":"https:\/\/thaicospa.ro\/en\/wp-json\/wp\/v2\/media?parent=80183"}],"wp:term":[{"taxonomy":"product_brand","embeddable":true,"href":"https:\/\/thaicospa.ro\/en\/wp-json\/wp\/v2\/product_brand?post=80183"},{"taxonomy":"product_cat","embeddable":true,"href":"https:\/\/thaicospa.ro\/en\/wp-json\/wp\/v2\/product_cat?post=80183"},{"taxonomy":"product_tag","embeddable":true,"href":"https:\/\/thaicospa.ro\/en\/wp-json\/wp\/v2\/product_tag?post=80183"}],"curies":[{"name":"wp","href":"https:\/\/api.w.org\/{rel}","templated":true}]}}