{"id":79279,"date":"2026-03-25T16:03:38","date_gmt":"2026-03-25T13:03:38","guid":{"rendered":"https:\/\/thaicospa.ro\/?post_type=product&#038;p=79279"},"modified":"2026-03-25T16:05:44","modified_gmt":"2026-03-25T13:05:44","slug":"executive-spa-escape","status":"publish","type":"product","link":"https:\/\/thaicospa.ro\/en\/gift-card\/executive-spa-escape\/","title":{"rendered":"EXECUTIVE SPA ESCAPE"},"content":{"rendered":"<p>Designed for those who appreciate flexibility, comfort and deep balance, <strong>Executive Spa Escape<\/strong> offers the freedom to enjoy premium relaxation and recovery experiences <strong>throughout the week<\/strong>, at a pace perfectly suited to your lifestyle. The subscription is also available <strong>Family,<\/strong> so that well-being can be shared with those close to you.<\/p>\n<p>With access available <strong>Monday to Sunday from 10:00 to 22:00<\/strong>, this subscription transforms self-care into a natural regenerating ritual, supported by 90-minute massages, sauna sessions and the purifying ritual of hammam.<\/p>\n<p><strong>What it includes:<\/strong><\/p>\n<ul>\n<li>15 massage sessions (90 min)<\/li>\n<li><strong>GIFT: 2 massage sessions <\/strong>(90 min)<\/li>\n<li><strong> GIFT: 3 sauna sessions <\/strong>(30 min)<\/li>\n<li><strong> GIFT: 1 hammam session<\/strong> (30 min)<\/li>\n<\/ul>\n<p><strong>Gift benefits included:<\/strong><\/p>\n<ul>\n<li><strong>2 gift massage sessions<\/strong>, for even more relaxation and continuity<\/li>\n<li><strong>3 gift sauna sessions<\/strong>, for detoxification and deep relaxation<\/li>\n<li><strong>1 gift hammam session<\/strong>, for detoxifying, purifying and revitalizing the skin<\/li>\n<\/ul>\n<p><strong>Conditions:<\/strong><\/p>\n<ul>\n<li>validity: 10 weeks from the first meeting<\/li>\n<li>available Monday - Sunday, 10:00 - 22:00<\/li>\n<li>available family*<\/li>\n<li>massages of your choice (except Herbal and Body Contouring)<\/li>\n<\/ul>\n<p>* close family: husband\/wife, son\/daughter<\/p>","protected":false},"excerpt":{"rendered":"<p><strong>Full access to wellbeing every day of the week<\/strong><\/p>","protected":false},"featured_media":79280,"template":"","meta":{"_monsterinsights_skip_tracking":false,"_monsterinsights_sitenote_active":false,"_monsterinsights_sitenote_note":"","_monsterinsights_sitenote_category":0},"product_brand":[],"product_cat":[3],"product_tag":[],"class_list":{"0":"post-79279","1":"product","2":"type-product","3":"status-publish","4":"has-post-thumbnail","6":"product_cat-gift-card","8":"first","9":"instock","10":"downloadable","11":"virtual","12":"taxable","13":"purchasable","14":"product-type-simple"},"yoast_head":"<!-- This site is optimized with the Yoast SEO plugin v27.5 - https:\/\/yoast.com\/product\/yoast-seo-wordpress\/ -->\n<title>EXECUTIVE SPA ESCAPE - THAIco SPA<\/title>\n<meta name=\"robots\" content=\"index, follow, max-snippet:-1, max-image-preview:large, max-video-preview:-1\" \/>\n<link rel=\"canonical\" href=\"https:\/\/thaicospa.ro\/en\/gift-card\/executive-spa-escape\/\" \/>\n<meta property=\"og:locale\" content=\"en_US\" \/>\n<meta property=\"og:type\" content=\"article\" \/>\n<meta property=\"og:title\" content=\"EXECUTIVE SPA ESCAPE - THAIco SPA\" \/>\n<meta property=\"og:description\" content=\"Acces deplin la wellbeing, \u00een fiecare zi a s\u0103pt\u0103m\u00e2nii\" \/>\n<meta property=\"og:url\" content=\"https:\/\/thaicospa.ro\/en\/gift-card\/executive-spa-escape\/\" \/>\n<meta property=\"og:site_name\" content=\"THAIco SPA\" \/>\n<meta property=\"article:publisher\" content=\"https:\/\/www.facebook.com\/THAIcoSPA\/\" \/>\n<meta property=\"article:modified_time\" content=\"2026-03-25T13:05:44+00:00\" \/>\n<meta property=\"og:image\" content=\"https:\/\/thaicospa.ro\/wp-content\/uploads\/2026\/03\/Executive-Spa-Escape.jpg\" \/>\n\t<meta property=\"og:image:width\" content=\"1748\" \/>\n\t<meta property=\"og:image:height\" content=\"1240\" \/>\n\t<meta property=\"og:image:type\" content=\"image\/jpeg\" \/>\n<meta name=\"twitter:card\" content=\"summary_large_image\" \/>\n<meta name=\"twitter:label1\" content=\"Est. reading time\" \/>\n\t<meta name=\"twitter:data1\" content=\"2 minutes\" \/>\n<script type=\"application\/ld+json\" class=\"yoast-schema-graph\">{\"@context\":\"https:\\\/\\\/schema.org\",\"@graph\":[{\"@type\":\"WebPage\",\"@id\":\"https:\\\/\\\/thaicospa.ro\\\/gift-card\\\/executive-spa-escape\\\/\",\"url\":\"https:\\\/\\\/thaicospa.ro\\\/gift-card\\\/executive-spa-escape\\\/\",\"name\":\"EXECUTIVE SPA ESCAPE - THAIco SPA\",\"isPartOf\":{\"@id\":\"https:\\\/\\\/thaicospa.ro\\\/#website\"},\"primaryImageOfPage\":{\"@id\":\"https:\\\/\\\/thaicospa.ro\\\/gift-card\\\/executive-spa-escape\\\/#primaryimage\"},\"image\":{\"@id\":\"https:\\\/\\\/thaicospa.ro\\\/gift-card\\\/executive-spa-escape\\\/#primaryimage\"},\"thumbnailUrl\":\"https:\\\/\\\/thaicospa.ro\\\/wp-content\\\/uploads\\\/2026\\\/03\\\/Executive-Spa-Escape.jpg\",\"datePublished\":\"2026-03-25T13:03:38+00:00\",\"dateModified\":\"2026-03-25T13:05:44+00:00\",\"breadcrumb\":{\"@id\":\"https:\\\/\\\/thaicospa.ro\\\/gift-card\\\/executive-spa-escape\\\/#breadcrumb\"},\"inLanguage\":\"en-US\",\"potentialAction\":[{\"@type\":\"ReadAction\",\"target\":[\"https:\\\/\\\/thaicospa.ro\\\/gift-card\\\/executive-spa-escape\\\/\"]}]},{\"@type\":\"ImageObject\",\"inLanguage\":\"en-US\",\"@id\":\"https:\\\/\\\/thaicospa.ro\\\/gift-card\\\/executive-spa-escape\\\/#primaryimage\",\"url\":\"https:\\\/\\\/thaicospa.ro\\\/wp-content\\\/uploads\\\/2026\\\/03\\\/Executive-Spa-Escape.jpg\",\"contentUrl\":\"https:\\\/\\\/thaicospa.ro\\\/wp-content\\\/uploads\\\/2026\\\/03\\\/Executive-Spa-Escape.jpg\",\"width\":1748,\"height\":1240},{\"@type\":\"BreadcrumbList\",\"@id\":\"https:\\\/\\\/thaicospa.ro\\\/gift-card\\\/executive-spa-escape\\\/#breadcrumb\",\"itemListElement\":[{\"@type\":\"ListItem\",\"position\":1,\"name\":\"Prima pagin\u0103\",\"item\":\"https:\\\/\\\/thaicospa.ro\\\/\"},{\"@type\":\"ListItem\",\"position\":2,\"name\":\"Gift Card\",\"item\":\"https:\\\/\\\/thaicospa.ro\\\/gift-card\\\/\"},{\"@type\":\"ListItem\",\"position\":3,\"name\":\"EXECUTIVE SPA ESCAPE\"}]},{\"@type\":\"WebSite\",\"@id\":\"https:\\\/\\\/thaicospa.ro\\\/#website\",\"url\":\"https:\\\/\\\/thaicospa.ro\\\/\",\"name\":\"THAIco SPA\",\"description\":\"\",\"potentialAction\":[{\"@type\":\"SearchAction\",\"target\":{\"@type\":\"EntryPoint\",\"urlTemplate\":\"https:\\\/\\\/thaicospa.ro\\\/?s={search_term_string}\"},\"query-input\":{\"@type\":\"PropertyValueSpecification\",\"valueRequired\":true,\"valueName\":\"search_term_string\"}}],\"inLanguage\":\"en-US\"}]}<\/script>\n<!-- \/ Yoast SEO plugin. -->","yoast_head_json":{"title":"EXECUTIVE SPA ESCAPE - THAIco SPA","robots":{"index":"index","follow":"follow","max-snippet":"max-snippet:-1","max-image-preview":"max-image-preview:large","max-video-preview":"max-video-preview:-1"},"canonical":"https:\/\/thaicospa.ro\/en\/gift-card\/executive-spa-escape\/","og_locale":"en_US","og_type":"article","og_title":"EXECUTIVE SPA ESCAPE - THAIco SPA","og_description":"Acces deplin la wellbeing, \u00een fiecare zi a s\u0103pt\u0103m\u00e2nii","og_url":"https:\/\/thaicospa.ro\/en\/gift-card\/executive-spa-escape\/","og_site_name":"THAIco SPA","article_publisher":"https:\/\/www.facebook.com\/THAIcoSPA\/","article_modified_time":"2026-03-25T13:05:44+00:00","og_image":[{"width":1748,"height":1240,"url":"https:\/\/thaicospa.ro\/wp-content\/uploads\/2026\/03\/Executive-Spa-Escape.jpg","type":"image\/jpeg"}],"twitter_card":"summary_large_image","twitter_misc":{"Est. reading time":"2 minutes"},"schema":{"@context":"https:\/\/schema.org","@graph":[{"@type":"WebPage","@id":"https:\/\/thaicospa.ro\/gift-card\/executive-spa-escape\/","url":"https:\/\/thaicospa.ro\/gift-card\/executive-spa-escape\/","name":"EXECUTIVE SPA ESCAPE - THAIco SPA","isPartOf":{"@id":"https:\/\/thaicospa.ro\/#website"},"primaryImageOfPage":{"@id":"https:\/\/thaicospa.ro\/gift-card\/executive-spa-escape\/#primaryimage"},"image":{"@id":"https:\/\/thaicospa.ro\/gift-card\/executive-spa-escape\/#primaryimage"},"thumbnailUrl":"https:\/\/thaicospa.ro\/wp-content\/uploads\/2026\/03\/Executive-Spa-Escape.jpg","datePublished":"2026-03-25T13:03:38+00:00","dateModified":"2026-03-25T13:05:44+00:00","breadcrumb":{"@id":"https:\/\/thaicospa.ro\/gift-card\/executive-spa-escape\/#breadcrumb"},"inLanguage":"en-US","potentialAction":[{"@type":"ReadAction","target":["https:\/\/thaicospa.ro\/gift-card\/executive-spa-escape\/"]}]},{"@type":"ImageObject","inLanguage":"en-US","@id":"https:\/\/thaicospa.ro\/gift-card\/executive-spa-escape\/#primaryimage","url":"https:\/\/thaicospa.ro\/wp-content\/uploads\/2026\/03\/Executive-Spa-Escape.jpg","contentUrl":"https:\/\/thaicospa.ro\/wp-content\/uploads\/2026\/03\/Executive-Spa-Escape.jpg","width":1748,"height":1240},{"@type":"BreadcrumbList","@id":"https:\/\/thaicospa.ro\/gift-card\/executive-spa-escape\/#breadcrumb","itemListElement":[{"@type":"ListItem","position":1,"name":"Prima pagin\u0103","item":"https:\/\/thaicospa.ro\/"},{"@type":"ListItem","position":2,"name":"Gift Card","item":"https:\/\/thaicospa.ro\/gift-card\/"},{"@type":"ListItem","position":3,"name":"EXECUTIVE SPA ESCAPE"}]},{"@type":"WebSite","@id":"https:\/\/thaicospa.ro\/#website","url":"https:\/\/thaicospa.ro\/","name":"THAIco SPA","description":"","potentialAction":[{"@type":"SearchAction","target":{"@type":"EntryPoint","urlTemplate":"https:\/\/thaicospa.ro\/?s={search_term_string}"},"query-input":{"@type":"PropertyValueSpecification","valueRequired":true,"valueName":"search_term_string"}}],"inLanguage":"en-US"}]}},"_links":{"self":[{"href":"https:\/\/thaicospa.ro\/en\/wp-json\/wp\/v2\/product\/79279","targetHints":{"allow":["GET"]}}],"collection":[{"href":"https:\/\/thaicospa.ro\/en\/wp-json\/wp\/v2\/product"}],"about":[{"href":"https:\/\/thaicospa.ro\/en\/wp-json\/wp\/v2\/types\/product"}],"wp:featuredmedia":[{"embeddable":true,"href":"https:\/\/thaicospa.ro\/en\/wp-json\/wp\/v2\/media\/79280"}],"wp:attachment":[{"href":"https:\/\/thaicospa.ro\/en\/wp-json\/wp\/v2\/media?parent=79279"}],"wp:term":[{"taxonomy":"product_brand","embeddable":true,"href":"https:\/\/thaicospa.ro\/en\/wp-json\/wp\/v2\/product_brand?post=79279"},{"taxonomy":"product_cat","embeddable":true,"href":"https:\/\/thaicospa.ro\/en\/wp-json\/wp\/v2\/product_cat?post=79279"},{"taxonomy":"product_tag","embeddable":true,"href":"https:\/\/thaicospa.ro\/en\/wp-json\/wp\/v2\/product_tag?post=79279"}],"curies":[{"name":"wp","href":"https:\/\/api.w.org\/{rel}","templated":true}]}}