{"id":74447,"date":"2025-10-27T11:15:45","date_gmt":"2025-10-27T08:15:45","guid":{"rendered":"https:\/\/thaicospa.ro\/?post_type=product&#038;p=74447"},"modified":"2026-03-25T16:01:02","modified_gmt":"2026-03-25T13:01:02","slug":"body-contouring-program","status":"publish","type":"product","link":"https:\/\/thaicospa.ro\/en\/gift-card\/body-contouring-program\/","title":{"rendered":"BODY CONTOURING PROGRAM"},"content":{"rendered":"<p>It is designed to work on skin appearance, water retention and local circulation, contributing to a smoother, more toned and even appearance of the treated areas.<\/p>\n<p>In addition, the program includes gift benefits, carefully chosen to amplify the effects of detoxification, drainage and body contouring.<\/p>\n<p><strong>What it includes:<\/strong><\/p>\n<ul>\n<li><strong> 12 Body Contouring massage sessions<\/strong> (60 min)<\/li>\n<li><strong>GIFT: 2 Body Contouring massage sessions <\/strong>(60 min)<\/li>\n<li><strong>GIFT: 2 sludge wrapping sessions at thermocuverta<\/strong> (40 min)<\/li>\n<\/ul>\n<p><strong>Gift benefits included:<\/strong><\/p>\n<ul>\n<li><strong>2 Body Contouring massage sessions as a gift<\/strong><\/li>\n<li><strong>2 sludge wrapping sessions at the thermocuverta<\/strong> <strong>gift<\/strong>, for intense heating and detoxifying effect<\/li>\n<\/ul>\n<p><strong>Important<\/strong>:<\/p>\n<p>The anti-cellulite massage sessions (body contouring) included in the subscription can be performed as:<\/p>\n<ul>\n<li>exclusive manual anti-cellulite massage<\/li>\n<\/ul>\n<p>or<\/p>\n<ul>\n<li>anti-cellulite massage combined with wood therapy or bamboo sticks.<\/li>\n<\/ul>\n<p><strong>Wood therapy<\/strong> is a non-invasive massage technique, recognized for its body reshaping, lymphatic stimulation and cellulite reduction effects. Through the use of anatomical wooden instruments, the therapy helps to activate blood circulation, drain excess fluid and improve skin firmness, supporting the harmonious contouring of the silhouette.<\/p>\n<p><strong>Sludge packing at the thermocuvert<\/strong>a complements the program with an intense heating and detoxifying effect. Thermocuverta deeply warms the tissues, stimulates perspiration, supports drainage and accelerates local metabolic processes, thus helping to eliminate toxins and support fat burning processes. At the same time, the mud acts remineralizing and invigorating, leaving the skin smoother, suppler and revitalized.<\/p>\n<p><strong>Health benefits:<\/strong><\/p>\n<ul>\n<li>stimulates blood and lymphatic circulation<\/li>\n<li>supports the elimination of toxins<\/li>\n<li>activates local metabolism<\/li>\n<li>reduces water retention<\/li>\n<\/ul>\n<p><strong>Benefits for your appearance:<\/strong><\/p>\n<ul>\n<li>visibly reduces cellulite<\/li>\n<li>improves skin firmness<\/li>\n<li>helps shape the silhouette<\/li>\n<li>gives a smoother and toned appearance<\/li>\n<\/ul>\n<p><strong>Conditions:<\/strong><\/p>\n<ul>\n<li>validity: 3 months from the first meeting<\/li>\n<li>exclusive use for Body Contouring massage<\/li>\n<li>the subscription is nominal and non-transferable<\/li>\n<\/ul>","protected":false},"excerpt":{"rendered":"<p><strong>An intensive program dedicated to body contouring, cellulite reduction and visible improvement of skin firmness and appearance<\/strong><\/p>","protected":false},"featured_media":79277,"template":"","meta":{"_monsterinsights_skip_tracking":false,"_monsterinsights_sitenote_active":false,"_monsterinsights_sitenote_note":"","_monsterinsights_sitenote_category":0},"product_brand":[],"product_cat":[3],"product_tag":[],"class_list":{"0":"post-74447","1":"product","2":"type-product","3":"status-publish","4":"has-post-thumbnail","6":"product_cat-gift-card","8":"first","9":"instock","10":"downloadable","11":"virtual","12":"taxable","13":"purchasable","14":"product-type-simple"},"yoast_head":"<!-- This site is optimized with the Yoast SEO plugin v27.5 - https:\/\/yoast.com\/product\/yoast-seo-wordpress\/ -->\n<title>BODY CONTOURING PROGRAM - THAIco SPA<\/title>\n<meta name=\"robots\" content=\"index, follow, max-snippet:-1, max-image-preview:large, max-video-preview:-1\" \/>\n<link rel=\"canonical\" href=\"https:\/\/thaicospa.ro\/en\/gift-card\/body-contouring-program\/\" \/>\n<meta property=\"og:locale\" content=\"en_US\" \/>\n<meta property=\"og:type\" content=\"article\" \/>\n<meta property=\"og:title\" content=\"BODY CONTOURING PROGRAM - THAIco SPA\" \/>\n<meta property=\"og:description\" content=\"Un program intensiv dedicat remodel\u0103rii corporale, reducerii celulitei \u0219i \u00eembun\u0103t\u0103\u021birii vizibile a fermit\u0103\u021bii \u0219i aspectului pielii\" \/>\n<meta property=\"og:url\" content=\"https:\/\/thaicospa.ro\/en\/gift-card\/body-contouring-program\/\" \/>\n<meta property=\"og:site_name\" content=\"THAIco SPA\" \/>\n<meta property=\"article:publisher\" content=\"https:\/\/www.facebook.com\/THAIcoSPA\/\" \/>\n<meta property=\"article:modified_time\" content=\"2026-03-25T13:01:02+00:00\" \/>\n<meta property=\"og:image\" content=\"https:\/\/thaicospa.ro\/wp-content\/uploads\/2025\/10\/Body-Contouring-Program.jpg\" \/>\n\t<meta property=\"og:image:width\" content=\"1748\" \/>\n\t<meta property=\"og:image:height\" content=\"1240\" \/>\n\t<meta property=\"og:image:type\" content=\"image\/jpeg\" \/>\n<meta name=\"twitter:card\" content=\"summary_large_image\" \/>\n<meta name=\"twitter:label1\" content=\"Est. reading time\" \/>\n\t<meta name=\"twitter:data1\" content=\"2 minutes\" \/>\n<script type=\"application\/ld+json\" class=\"yoast-schema-graph\">{\"@context\":\"https:\\\/\\\/schema.org\",\"@graph\":[{\"@type\":\"WebPage\",\"@id\":\"https:\\\/\\\/thaicospa.ro\\\/gift-card\\\/body-contouring-program\\\/\",\"url\":\"https:\\\/\\\/thaicospa.ro\\\/gift-card\\\/body-contouring-program\\\/\",\"name\":\"BODY CONTOURING PROGRAM - THAIco SPA\",\"isPartOf\":{\"@id\":\"https:\\\/\\\/thaicospa.ro\\\/#website\"},\"primaryImageOfPage\":{\"@id\":\"https:\\\/\\\/thaicospa.ro\\\/gift-card\\\/body-contouring-program\\\/#primaryimage\"},\"image\":{\"@id\":\"https:\\\/\\\/thaicospa.ro\\\/gift-card\\\/body-contouring-program\\\/#primaryimage\"},\"thumbnailUrl\":\"https:\\\/\\\/thaicospa.ro\\\/wp-content\\\/uploads\\\/2025\\\/10\\\/Body-Contouring-Program.jpg\",\"datePublished\":\"2025-10-27T08:15:45+00:00\",\"dateModified\":\"2026-03-25T13:01:02+00:00\",\"breadcrumb\":{\"@id\":\"https:\\\/\\\/thaicospa.ro\\\/gift-card\\\/body-contouring-program\\\/#breadcrumb\"},\"inLanguage\":\"en-US\",\"potentialAction\":[{\"@type\":\"ReadAction\",\"target\":[\"https:\\\/\\\/thaicospa.ro\\\/gift-card\\\/body-contouring-program\\\/\"]}]},{\"@type\":\"ImageObject\",\"inLanguage\":\"en-US\",\"@id\":\"https:\\\/\\\/thaicospa.ro\\\/gift-card\\\/body-contouring-program\\\/#primaryimage\",\"url\":\"https:\\\/\\\/thaicospa.ro\\\/wp-content\\\/uploads\\\/2025\\\/10\\\/Body-Contouring-Program.jpg\",\"contentUrl\":\"https:\\\/\\\/thaicospa.ro\\\/wp-content\\\/uploads\\\/2025\\\/10\\\/Body-Contouring-Program.jpg\",\"width\":1748,\"height\":1240},{\"@type\":\"BreadcrumbList\",\"@id\":\"https:\\\/\\\/thaicospa.ro\\\/gift-card\\\/body-contouring-program\\\/#breadcrumb\",\"itemListElement\":[{\"@type\":\"ListItem\",\"position\":1,\"name\":\"Prima pagin\u0103\",\"item\":\"https:\\\/\\\/thaicospa.ro\\\/\"},{\"@type\":\"ListItem\",\"position\":2,\"name\":\"Gift Card\",\"item\":\"https:\\\/\\\/thaicospa.ro\\\/gift-card\\\/\"},{\"@type\":\"ListItem\",\"position\":3,\"name\":\"BODY CONTOURING PROGRAM\"}]},{\"@type\":\"WebSite\",\"@id\":\"https:\\\/\\\/thaicospa.ro\\\/#website\",\"url\":\"https:\\\/\\\/thaicospa.ro\\\/\",\"name\":\"THAIco SPA\",\"description\":\"\",\"potentialAction\":[{\"@type\":\"SearchAction\",\"target\":{\"@type\":\"EntryPoint\",\"urlTemplate\":\"https:\\\/\\\/thaicospa.ro\\\/?s={search_term_string}\"},\"query-input\":{\"@type\":\"PropertyValueSpecification\",\"valueRequired\":true,\"valueName\":\"search_term_string\"}}],\"inLanguage\":\"en-US\"}]}<\/script>\n<!-- \/ Yoast SEO plugin. -->","yoast_head_json":{"title":"BODY CONTOURING PROGRAM - THAIco SPA","robots":{"index":"index","follow":"follow","max-snippet":"max-snippet:-1","max-image-preview":"max-image-preview:large","max-video-preview":"max-video-preview:-1"},"canonical":"https:\/\/thaicospa.ro\/en\/gift-card\/body-contouring-program\/","og_locale":"en_US","og_type":"article","og_title":"BODY CONTOURING PROGRAM - THAIco SPA","og_description":"Un program intensiv dedicat remodel\u0103rii corporale, reducerii celulitei \u0219i \u00eembun\u0103t\u0103\u021birii vizibile a fermit\u0103\u021bii \u0219i aspectului pielii","og_url":"https:\/\/thaicospa.ro\/en\/gift-card\/body-contouring-program\/","og_site_name":"THAIco SPA","article_publisher":"https:\/\/www.facebook.com\/THAIcoSPA\/","article_modified_time":"2026-03-25T13:01:02+00:00","og_image":[{"width":1748,"height":1240,"url":"https:\/\/thaicospa.ro\/wp-content\/uploads\/2025\/10\/Body-Contouring-Program.jpg","type":"image\/jpeg"}],"twitter_card":"summary_large_image","twitter_misc":{"Est. reading time":"2 minutes"},"schema":{"@context":"https:\/\/schema.org","@graph":[{"@type":"WebPage","@id":"https:\/\/thaicospa.ro\/gift-card\/body-contouring-program\/","url":"https:\/\/thaicospa.ro\/gift-card\/body-contouring-program\/","name":"BODY CONTOURING PROGRAM - THAIco SPA","isPartOf":{"@id":"https:\/\/thaicospa.ro\/#website"},"primaryImageOfPage":{"@id":"https:\/\/thaicospa.ro\/gift-card\/body-contouring-program\/#primaryimage"},"image":{"@id":"https:\/\/thaicospa.ro\/gift-card\/body-contouring-program\/#primaryimage"},"thumbnailUrl":"https:\/\/thaicospa.ro\/wp-content\/uploads\/2025\/10\/Body-Contouring-Program.jpg","datePublished":"2025-10-27T08:15:45+00:00","dateModified":"2026-03-25T13:01:02+00:00","breadcrumb":{"@id":"https:\/\/thaicospa.ro\/gift-card\/body-contouring-program\/#breadcrumb"},"inLanguage":"en-US","potentialAction":[{"@type":"ReadAction","target":["https:\/\/thaicospa.ro\/gift-card\/body-contouring-program\/"]}]},{"@type":"ImageObject","inLanguage":"en-US","@id":"https:\/\/thaicospa.ro\/gift-card\/body-contouring-program\/#primaryimage","url":"https:\/\/thaicospa.ro\/wp-content\/uploads\/2025\/10\/Body-Contouring-Program.jpg","contentUrl":"https:\/\/thaicospa.ro\/wp-content\/uploads\/2025\/10\/Body-Contouring-Program.jpg","width":1748,"height":1240},{"@type":"BreadcrumbList","@id":"https:\/\/thaicospa.ro\/gift-card\/body-contouring-program\/#breadcrumb","itemListElement":[{"@type":"ListItem","position":1,"name":"Prima pagin\u0103","item":"https:\/\/thaicospa.ro\/"},{"@type":"ListItem","position":2,"name":"Gift Card","item":"https:\/\/thaicospa.ro\/gift-card\/"},{"@type":"ListItem","position":3,"name":"BODY CONTOURING PROGRAM"}]},{"@type":"WebSite","@id":"https:\/\/thaicospa.ro\/#website","url":"https:\/\/thaicospa.ro\/","name":"THAIco SPA","description":"","potentialAction":[{"@type":"SearchAction","target":{"@type":"EntryPoint","urlTemplate":"https:\/\/thaicospa.ro\/?s={search_term_string}"},"query-input":{"@type":"PropertyValueSpecification","valueRequired":true,"valueName":"search_term_string"}}],"inLanguage":"en-US"}]}},"_links":{"self":[{"href":"https:\/\/thaicospa.ro\/en\/wp-json\/wp\/v2\/product\/74447","targetHints":{"allow":["GET"]}}],"collection":[{"href":"https:\/\/thaicospa.ro\/en\/wp-json\/wp\/v2\/product"}],"about":[{"href":"https:\/\/thaicospa.ro\/en\/wp-json\/wp\/v2\/types\/product"}],"wp:featuredmedia":[{"embeddable":true,"href":"https:\/\/thaicospa.ro\/en\/wp-json\/wp\/v2\/media\/79277"}],"wp:attachment":[{"href":"https:\/\/thaicospa.ro\/en\/wp-json\/wp\/v2\/media?parent=74447"}],"wp:term":[{"taxonomy":"product_brand","embeddable":true,"href":"https:\/\/thaicospa.ro\/en\/wp-json\/wp\/v2\/product_brand?post=74447"},{"taxonomy":"product_cat","embeddable":true,"href":"https:\/\/thaicospa.ro\/en\/wp-json\/wp\/v2\/product_cat?post=74447"},{"taxonomy":"product_tag","embeddable":true,"href":"https:\/\/thaicospa.ro\/en\/wp-json\/wp\/v2\/product_tag?post=74447"}],"curies":[{"name":"wp","href":"https:\/\/api.w.org\/{rel}","templated":true}]}}