{"id":63189,"date":"2024-12-04T09:33:25","date_gmt":"2024-12-04T06:33:25","guid":{"rendered":"https:\/\/thaicospa.ro\/?post_type=product&#038;p=63189"},"modified":"2025-12-04T10:53:40","modified_gmt":"2025-12-04T07:53:40","slug":"winter-sensory-journey","status":"publish","type":"product","link":"https:\/\/thaicospa.ro\/en\/gift-card\/calatorie-senzoriala-de-iarna\/","title":{"rendered":"Winter sensory journey"},"content":{"rendered":"<p>Treatment begins with Turkish bath (Hammam) therapy and an aromatic scrub with cinnamon, ginger, organic coconut and brown sugar. It soothes muscle discomfort, soothes aching joints and softens dry skin. The ritual continues with a full-body ginger and honey mask to nourish and soften your skin. Next, your body will be pampered with a warm cinnamon and ginger oil body massage that will help you escape into a world of total relaxation.<\/p>\n<p><em>Turkish bath therapy (Hammam) ~ Body scrub with cinnamon and ginger ~ Body wrap with ginger and honey ~ Massage with aromatherapy<\/em><\/p>\n<p>Duration: 3 hours<br \/>\nHow to do it : 30 min Hammam \/ 30 min scrub \/ 30 min wrapping in the room \/ 90 min aromatherapy massage<\/p>","protected":false},"excerpt":{"rendered":"<p>Tratamentul \u00eencepe cu terapia prin baie turceasc\u0103 (Hammam) \u0219i cu un exfoliant aromatic cu scor\u021bi\u0219oar\u0103, ghimbir, nuc\u0103 de cocos organic\u0103 \u0219i zah\u0103r brun. Acesta are rolul de a calma disconfortul muscular, durerile articulare \u0219i emolierea pielii uscate. Ritualul continu\u0103 cu [&hellip;]<\/p>\n","protected":false},"featured_media":63190,"template":"","meta":{"_monsterinsights_skip_tracking":false,"_monsterinsights_sitenote_active":false,"_monsterinsights_sitenote_note":"","_monsterinsights_sitenote_category":0},"product_brand":[],"product_cat":[3],"product_tag":[],"class_list":{"0":"post-63189","1":"product","2":"type-product","3":"status-publish","4":"has-post-thumbnail","6":"product_cat-gift-card","8":"first","9":"instock","10":"downloadable","11":"virtual","12":"taxable","13":"purchasable","14":"product-type-simple"},"yoast_head":"<!-- This site is optimized with the Yoast SEO plugin v27.5 - https:\/\/yoast.com\/product\/yoast-seo-wordpress\/ -->\n<title>C\u0103l\u0103torie senzorial\u0103 de iarn\u0103 - THAIco SPA<\/title>\n<meta name=\"robots\" content=\"index, follow, max-snippet:-1, max-image-preview:large, max-video-preview:-1\" \/>\n<link rel=\"canonical\" href=\"https:\/\/thaicospa.ro\/en\/gift-card\/winter-sensory-journey\/\" \/>\n<meta property=\"og:locale\" content=\"en_US\" \/>\n<meta property=\"og:type\" content=\"article\" \/>\n<meta property=\"og:title\" content=\"C\u0103l\u0103torie senzorial\u0103 de iarn\u0103 - THAIco SPA\" \/>\n<meta property=\"og:description\" content=\"Tratamentul \u00eencepe cu terapia prin baie turceasc\u0103 (Hammam) \u0219i cu un exfoliant aromatic cu scor\u021bi\u0219oar\u0103, ghimbir, nuc\u0103 de cocos organic\u0103 \u0219i zah\u0103r brun. Acesta are rolul de a calma disconfortul muscular, durerile articulare \u0219i emolierea pielii uscate. Ritualul continu\u0103 cu [&hellip;]\" \/>\n<meta property=\"og:url\" content=\"https:\/\/thaicospa.ro\/en\/gift-card\/winter-sensory-journey\/\" \/>\n<meta property=\"og:site_name\" content=\"THAIco SPA\" \/>\n<meta property=\"article:publisher\" content=\"https:\/\/www.facebook.com\/THAIcoSPA\/\" \/>\n<meta property=\"article:modified_time\" content=\"2025-12-04T07:53:40+00:00\" \/>\n<meta property=\"og:image\" content=\"https:\/\/thaicospa.ro\/wp-content\/uploads\/2024\/12\/Calatorie-senzoriala-de-iarna.jpg\" \/>\n\t<meta property=\"og:image:width\" content=\"1748\" \/>\n\t<meta property=\"og:image:height\" content=\"1240\" \/>\n\t<meta property=\"og:image:type\" content=\"image\/jpeg\" \/>\n<meta name=\"twitter:card\" content=\"summary_large_image\" \/>\n<meta name=\"twitter:label1\" content=\"Est. reading time\" \/>\n\t<meta name=\"twitter:data1\" content=\"1 minute\" \/>\n<script type=\"application\/ld+json\" class=\"yoast-schema-graph\">{\"@context\":\"https:\\\/\\\/schema.org\",\"@graph\":[{\"@type\":\"WebPage\",\"@id\":\"https:\\\/\\\/thaicospa.ro\\\/gift-card\\\/calatorie-senzoriala-de-iarna\\\/\",\"url\":\"https:\\\/\\\/thaicospa.ro\\\/gift-card\\\/calatorie-senzoriala-de-iarna\\\/\",\"name\":\"C\u0103l\u0103torie senzorial\u0103 de iarn\u0103 - THAIco SPA\",\"isPartOf\":{\"@id\":\"https:\\\/\\\/thaicospa.ro\\\/#website\"},\"primaryImageOfPage\":{\"@id\":\"https:\\\/\\\/thaicospa.ro\\\/gift-card\\\/calatorie-senzoriala-de-iarna\\\/#primaryimage\"},\"image\":{\"@id\":\"https:\\\/\\\/thaicospa.ro\\\/gift-card\\\/calatorie-senzoriala-de-iarna\\\/#primaryimage\"},\"thumbnailUrl\":\"https:\\\/\\\/thaicospa.ro\\\/wp-content\\\/uploads\\\/2024\\\/12\\\/Calatorie-senzoriala-de-iarna.jpg\",\"datePublished\":\"2024-12-04T06:33:25+00:00\",\"dateModified\":\"2025-12-04T07:53:40+00:00\",\"breadcrumb\":{\"@id\":\"https:\\\/\\\/thaicospa.ro\\\/gift-card\\\/calatorie-senzoriala-de-iarna\\\/#breadcrumb\"},\"inLanguage\":\"en-US\",\"potentialAction\":[{\"@type\":\"ReadAction\",\"target\":[\"https:\\\/\\\/thaicospa.ro\\\/gift-card\\\/calatorie-senzoriala-de-iarna\\\/\"]}]},{\"@type\":\"ImageObject\",\"inLanguage\":\"en-US\",\"@id\":\"https:\\\/\\\/thaicospa.ro\\\/gift-card\\\/calatorie-senzoriala-de-iarna\\\/#primaryimage\",\"url\":\"https:\\\/\\\/thaicospa.ro\\\/wp-content\\\/uploads\\\/2024\\\/12\\\/Calatorie-senzoriala-de-iarna.jpg\",\"contentUrl\":\"https:\\\/\\\/thaicospa.ro\\\/wp-content\\\/uploads\\\/2024\\\/12\\\/Calatorie-senzoriala-de-iarna.jpg\",\"width\":1748,\"height\":1240},{\"@type\":\"BreadcrumbList\",\"@id\":\"https:\\\/\\\/thaicospa.ro\\\/gift-card\\\/calatorie-senzoriala-de-iarna\\\/#breadcrumb\",\"itemListElement\":[{\"@type\":\"ListItem\",\"position\":1,\"name\":\"Prima pagin\u0103\",\"item\":\"https:\\\/\\\/thaicospa.ro\\\/\"},{\"@type\":\"ListItem\",\"position\":2,\"name\":\"Gift Card\",\"item\":\"https:\\\/\\\/thaicospa.ro\\\/gift-card\\\/\"},{\"@type\":\"ListItem\",\"position\":3,\"name\":\"C\u0103l\u0103torie senzorial\u0103 de iarn\u0103\"}]},{\"@type\":\"WebSite\",\"@id\":\"https:\\\/\\\/thaicospa.ro\\\/#website\",\"url\":\"https:\\\/\\\/thaicospa.ro\\\/\",\"name\":\"THAIco SPA\",\"description\":\"\",\"potentialAction\":[{\"@type\":\"SearchAction\",\"target\":{\"@type\":\"EntryPoint\",\"urlTemplate\":\"https:\\\/\\\/thaicospa.ro\\\/?s={search_term_string}\"},\"query-input\":{\"@type\":\"PropertyValueSpecification\",\"valueRequired\":true,\"valueName\":\"search_term_string\"}}],\"inLanguage\":\"en-US\"}]}<\/script>\n<!-- \/ Yoast SEO plugin. -->","yoast_head_json":{"title":"Winter sensory journey - THAIco SPA","robots":{"index":"index","follow":"follow","max-snippet":"max-snippet:-1","max-image-preview":"max-image-preview:large","max-video-preview":"max-video-preview:-1"},"canonical":"https:\/\/thaicospa.ro\/en\/gift-card\/winter-sensory-journey\/","og_locale":"en_US","og_type":"article","og_title":"C\u0103l\u0103torie senzorial\u0103 de iarn\u0103 - THAIco SPA","og_description":"Tratamentul \u00eencepe cu terapia prin baie turceasc\u0103 (Hammam) \u0219i cu un exfoliant aromatic cu scor\u021bi\u0219oar\u0103, ghimbir, nuc\u0103 de cocos organic\u0103 \u0219i zah\u0103r brun. Acesta are rolul de a calma disconfortul muscular, durerile articulare \u0219i emolierea pielii uscate. Ritualul continu\u0103 cu [&hellip;]","og_url":"https:\/\/thaicospa.ro\/en\/gift-card\/winter-sensory-journey\/","og_site_name":"THAIco SPA","article_publisher":"https:\/\/www.facebook.com\/THAIcoSPA\/","article_modified_time":"2025-12-04T07:53:40+00:00","og_image":[{"width":1748,"height":1240,"url":"https:\/\/thaicospa.ro\/wp-content\/uploads\/2024\/12\/Calatorie-senzoriala-de-iarna.jpg","type":"image\/jpeg"}],"twitter_card":"summary_large_image","twitter_misc":{"Est. reading time":"1 minute"},"schema":{"@context":"https:\/\/schema.org","@graph":[{"@type":"WebPage","@id":"https:\/\/thaicospa.ro\/gift-card\/calatorie-senzoriala-de-iarna\/","url":"https:\/\/thaicospa.ro\/gift-card\/calatorie-senzoriala-de-iarna\/","name":"Winter sensory journey - THAIco SPA","isPartOf":{"@id":"https:\/\/thaicospa.ro\/#website"},"primaryImageOfPage":{"@id":"https:\/\/thaicospa.ro\/gift-card\/calatorie-senzoriala-de-iarna\/#primaryimage"},"image":{"@id":"https:\/\/thaicospa.ro\/gift-card\/calatorie-senzoriala-de-iarna\/#primaryimage"},"thumbnailUrl":"https:\/\/thaicospa.ro\/wp-content\/uploads\/2024\/12\/Calatorie-senzoriala-de-iarna.jpg","datePublished":"2024-12-04T06:33:25+00:00","dateModified":"2025-12-04T07:53:40+00:00","breadcrumb":{"@id":"https:\/\/thaicospa.ro\/gift-card\/calatorie-senzoriala-de-iarna\/#breadcrumb"},"inLanguage":"en-US","potentialAction":[{"@type":"ReadAction","target":["https:\/\/thaicospa.ro\/gift-card\/calatorie-senzoriala-de-iarna\/"]}]},{"@type":"ImageObject","inLanguage":"en-US","@id":"https:\/\/thaicospa.ro\/gift-card\/calatorie-senzoriala-de-iarna\/#primaryimage","url":"https:\/\/thaicospa.ro\/wp-content\/uploads\/2024\/12\/Calatorie-senzoriala-de-iarna.jpg","contentUrl":"https:\/\/thaicospa.ro\/wp-content\/uploads\/2024\/12\/Calatorie-senzoriala-de-iarna.jpg","width":1748,"height":1240},{"@type":"BreadcrumbList","@id":"https:\/\/thaicospa.ro\/gift-card\/calatorie-senzoriala-de-iarna\/#breadcrumb","itemListElement":[{"@type":"ListItem","position":1,"name":"Prima pagin\u0103","item":"https:\/\/thaicospa.ro\/"},{"@type":"ListItem","position":2,"name":"Gift Card","item":"https:\/\/thaicospa.ro\/gift-card\/"},{"@type":"ListItem","position":3,"name":"C\u0103l\u0103torie senzorial\u0103 de iarn\u0103"}]},{"@type":"WebSite","@id":"https:\/\/thaicospa.ro\/#website","url":"https:\/\/thaicospa.ro\/","name":"THAIco SPA","description":"","potentialAction":[{"@type":"SearchAction","target":{"@type":"EntryPoint","urlTemplate":"https:\/\/thaicospa.ro\/?s={search_term_string}"},"query-input":{"@type":"PropertyValueSpecification","valueRequired":true,"valueName":"search_term_string"}}],"inLanguage":"en-US"}]}},"_links":{"self":[{"href":"https:\/\/thaicospa.ro\/en\/wp-json\/wp\/v2\/product\/63189","targetHints":{"allow":["GET"]}}],"collection":[{"href":"https:\/\/thaicospa.ro\/en\/wp-json\/wp\/v2\/product"}],"about":[{"href":"https:\/\/thaicospa.ro\/en\/wp-json\/wp\/v2\/types\/product"}],"wp:featuredmedia":[{"embeddable":true,"href":"https:\/\/thaicospa.ro\/en\/wp-json\/wp\/v2\/media\/63190"}],"wp:attachment":[{"href":"https:\/\/thaicospa.ro\/en\/wp-json\/wp\/v2\/media?parent=63189"}],"wp:term":[{"taxonomy":"product_brand","embeddable":true,"href":"https:\/\/thaicospa.ro\/en\/wp-json\/wp\/v2\/product_brand?post=63189"},{"taxonomy":"product_cat","embeddable":true,"href":"https:\/\/thaicospa.ro\/en\/wp-json\/wp\/v2\/product_cat?post=63189"},{"taxonomy":"product_tag","embeddable":true,"href":"https:\/\/thaicospa.ro\/en\/wp-json\/wp\/v2\/product_tag?post=63189"}],"curies":[{"name":"wp","href":"https:\/\/api.w.org\/{rel}","templated":true}]}}