{"id":58324,"date":"2024-06-06T10:58:40","date_gmt":"2024-06-06T07:58:40","guid":{"rendered":"https:\/\/thaicospa.ro\/?post_type=product&#038;p=58324"},"modified":"2026-03-25T15:54:12","modified_gmt":"2026-03-25T12:54:12","slug":"midweek-spa-escape","status":"publish","type":"product","link":"https:\/\/thaicospa.ro\/en\/gift-card\/midweek-spa-escape\/","title":{"rendered":"MIDWEEK SPA ESCAPE"},"content":{"rendered":"<p>A subscription designed for those who can dedicate time to wellbeing during the week and want to enjoy more relaxation, more balance and more value.<\/p>\n<p>The Midweek Spa Escape combines therapeutic massage with the purifying benefits of the hammam ritual, offering a complete journey of physical and mental rejuvenation. It is the ideal choice for reducing stress, releasing tension and revitalizing the body, in a program tailored to the pace of the week.<\/p>\n<p>What's more, this subscription comes with specially designed gift benefits to complete the experience:<\/p>\n<p><strong>What it includes:<\/strong><\/p>\n<ul>\n<li><strong> 10 massage sessions <\/strong>(60 min)<\/li>\n<li><strong> GIFT: 2 massage sessions <\/strong>(60 min)<\/li>\n<li><strong> GIFT: 1 hammam session <\/strong>(30 min)<\/li>\n<\/ul>\n<p><strong>Gift benefits included:<\/strong><\/p>\n<ul>\n<li><strong>2 free massage sessions<\/strong>, for even more relaxation and continuity<\/li>\n<li><strong>1 gift hammam session<\/strong>, for detoxifying, purifying and revitalizing the skin<\/li>\n<\/ul>\n<p>The ritual of <strong>hammam<\/strong> deeply cleanses the skin, removes dead skin cells, stimulates regeneration and leaves skin smooth, clean and revitalized.<\/p>\n<p><strong>Conditions:<\/strong><\/p>\n<ul>\n<li>validity: 10 weeks from the first meeting<\/li>\n<li>available Monday - Thursday, between 10:00 - 16:00<\/li>\n<li>massages of your choice (except Herbal and Anti-cellulite)<\/li>\n<\/ul>","protected":false},"excerpt":{"rendered":"<p><strong>Ideal for people with weekday availability who want relaxation, revitalization and extra benefits<\/strong><\/p>","protected":false},"featured_media":79272,"template":"","meta":{"_monsterinsights_skip_tracking":false,"_monsterinsights_sitenote_active":false,"_monsterinsights_sitenote_note":"","_monsterinsights_sitenote_category":0},"product_brand":[],"product_cat":[3],"product_tag":[],"class_list":{"0":"post-58324","1":"product","2":"type-product","3":"status-publish","4":"has-post-thumbnail","6":"product_cat-gift-card","8":"first","9":"instock","10":"downloadable","11":"virtual","12":"taxable","13":"purchasable","14":"product-type-simple"},"yoast_head":"<!-- This site is optimized with the Yoast SEO plugin v27.5 - https:\/\/yoast.com\/product\/yoast-seo-wordpress\/ -->\n<title>MIDWEEK SPA ESCAPE - THAIco SPA<\/title>\n<meta name=\"robots\" content=\"index, follow, max-snippet:-1, max-image-preview:large, max-video-preview:-1\" \/>\n<link rel=\"canonical\" href=\"https:\/\/thaicospa.ro\/en\/gift-card\/midweek-spa-escape\/\" \/>\n<meta property=\"og:locale\" content=\"en_US\" \/>\n<meta property=\"og:type\" content=\"article\" \/>\n<meta property=\"og:title\" content=\"MIDWEEK SPA ESCAPE - THAIco SPA\" \/>\n<meta property=\"og:description\" content=\"Ideal pentru persoanele cu disponibilitate \u00een timpul s\u0103pt\u0103m\u00e2nii, care \u00ee\u0219i doresc relaxare, revitalizare \u0219i beneficii suplimentare\" \/>\n<meta property=\"og:url\" content=\"https:\/\/thaicospa.ro\/en\/gift-card\/midweek-spa-escape\/\" \/>\n<meta property=\"og:site_name\" content=\"THAIco SPA\" \/>\n<meta property=\"article:publisher\" content=\"https:\/\/www.facebook.com\/THAIcoSPA\/\" \/>\n<meta property=\"article:modified_time\" content=\"2026-03-25T12:54:12+00:00\" \/>\n<meta property=\"og:image\" content=\"https:\/\/thaicospa.ro\/wp-content\/uploads\/2024\/06\/Midweek-Spa-Escape-1.jpg\" \/>\n\t<meta property=\"og:image:width\" content=\"1748\" \/>\n\t<meta property=\"og:image:height\" content=\"1240\" \/>\n\t<meta property=\"og:image:type\" content=\"image\/jpeg\" \/>\n<meta name=\"twitter:card\" content=\"summary_large_image\" \/>\n<meta name=\"twitter:label1\" content=\"Est. reading time\" \/>\n\t<meta name=\"twitter:data1\" content=\"2 minutes\" \/>\n<script type=\"application\/ld+json\" class=\"yoast-schema-graph\">{\"@context\":\"https:\\\/\\\/schema.org\",\"@graph\":[{\"@type\":\"WebPage\",\"@id\":\"https:\\\/\\\/thaicospa.ro\\\/gift-card\\\/midweek-spa-escape\\\/\",\"url\":\"https:\\\/\\\/thaicospa.ro\\\/gift-card\\\/midweek-spa-escape\\\/\",\"name\":\"MIDWEEK SPA ESCAPE - THAIco SPA\",\"isPartOf\":{\"@id\":\"https:\\\/\\\/thaicospa.ro\\\/#website\"},\"primaryImageOfPage\":{\"@id\":\"https:\\\/\\\/thaicospa.ro\\\/gift-card\\\/midweek-spa-escape\\\/#primaryimage\"},\"image\":{\"@id\":\"https:\\\/\\\/thaicospa.ro\\\/gift-card\\\/midweek-spa-escape\\\/#primaryimage\"},\"thumbnailUrl\":\"https:\\\/\\\/thaicospa.ro\\\/wp-content\\\/uploads\\\/2024\\\/06\\\/Midweek-Spa-Escape-1.jpg\",\"datePublished\":\"2024-06-06T07:58:40+00:00\",\"dateModified\":\"2026-03-25T12:54:12+00:00\",\"breadcrumb\":{\"@id\":\"https:\\\/\\\/thaicospa.ro\\\/gift-card\\\/midweek-spa-escape\\\/#breadcrumb\"},\"inLanguage\":\"en-US\",\"potentialAction\":[{\"@type\":\"ReadAction\",\"target\":[\"https:\\\/\\\/thaicospa.ro\\\/gift-card\\\/midweek-spa-escape\\\/\"]}]},{\"@type\":\"ImageObject\",\"inLanguage\":\"en-US\",\"@id\":\"https:\\\/\\\/thaicospa.ro\\\/gift-card\\\/midweek-spa-escape\\\/#primaryimage\",\"url\":\"https:\\\/\\\/thaicospa.ro\\\/wp-content\\\/uploads\\\/2024\\\/06\\\/Midweek-Spa-Escape-1.jpg\",\"contentUrl\":\"https:\\\/\\\/thaicospa.ro\\\/wp-content\\\/uploads\\\/2024\\\/06\\\/Midweek-Spa-Escape-1.jpg\",\"width\":1748,\"height\":1240},{\"@type\":\"BreadcrumbList\",\"@id\":\"https:\\\/\\\/thaicospa.ro\\\/gift-card\\\/midweek-spa-escape\\\/#breadcrumb\",\"itemListElement\":[{\"@type\":\"ListItem\",\"position\":1,\"name\":\"Prima pagin\u0103\",\"item\":\"https:\\\/\\\/thaicospa.ro\\\/\"},{\"@type\":\"ListItem\",\"position\":2,\"name\":\"Gift Card\",\"item\":\"https:\\\/\\\/thaicospa.ro\\\/gift-card\\\/\"},{\"@type\":\"ListItem\",\"position\":3,\"name\":\"MIDWEEK SPA ESCAPE\"}]},{\"@type\":\"WebSite\",\"@id\":\"https:\\\/\\\/thaicospa.ro\\\/#website\",\"url\":\"https:\\\/\\\/thaicospa.ro\\\/\",\"name\":\"THAIco SPA\",\"description\":\"\",\"potentialAction\":[{\"@type\":\"SearchAction\",\"target\":{\"@type\":\"EntryPoint\",\"urlTemplate\":\"https:\\\/\\\/thaicospa.ro\\\/?s={search_term_string}\"},\"query-input\":{\"@type\":\"PropertyValueSpecification\",\"valueRequired\":true,\"valueName\":\"search_term_string\"}}],\"inLanguage\":\"en-US\"}]}<\/script>\n<!-- \/ Yoast SEO plugin. -->","yoast_head_json":{"title":"MIDWEEK SPA ESCAPE - THAIco SPA","robots":{"index":"index","follow":"follow","max-snippet":"max-snippet:-1","max-image-preview":"max-image-preview:large","max-video-preview":"max-video-preview:-1"},"canonical":"https:\/\/thaicospa.ro\/en\/gift-card\/midweek-spa-escape\/","og_locale":"en_US","og_type":"article","og_title":"MIDWEEK SPA ESCAPE - THAIco SPA","og_description":"Ideal pentru persoanele cu disponibilitate \u00een timpul s\u0103pt\u0103m\u00e2nii, care \u00ee\u0219i doresc relaxare, revitalizare \u0219i beneficii suplimentare","og_url":"https:\/\/thaicospa.ro\/en\/gift-card\/midweek-spa-escape\/","og_site_name":"THAIco SPA","article_publisher":"https:\/\/www.facebook.com\/THAIcoSPA\/","article_modified_time":"2026-03-25T12:54:12+00:00","og_image":[{"width":1748,"height":1240,"url":"https:\/\/thaicospa.ro\/wp-content\/uploads\/2024\/06\/Midweek-Spa-Escape-1.jpg","type":"image\/jpeg"}],"twitter_card":"summary_large_image","twitter_misc":{"Est. reading time":"2 minutes"},"schema":{"@context":"https:\/\/schema.org","@graph":[{"@type":"WebPage","@id":"https:\/\/thaicospa.ro\/gift-card\/midweek-spa-escape\/","url":"https:\/\/thaicospa.ro\/gift-card\/midweek-spa-escape\/","name":"MIDWEEK SPA ESCAPE - THAIco SPA","isPartOf":{"@id":"https:\/\/thaicospa.ro\/#website"},"primaryImageOfPage":{"@id":"https:\/\/thaicospa.ro\/gift-card\/midweek-spa-escape\/#primaryimage"},"image":{"@id":"https:\/\/thaicospa.ro\/gift-card\/midweek-spa-escape\/#primaryimage"},"thumbnailUrl":"https:\/\/thaicospa.ro\/wp-content\/uploads\/2024\/06\/Midweek-Spa-Escape-1.jpg","datePublished":"2024-06-06T07:58:40+00:00","dateModified":"2026-03-25T12:54:12+00:00","breadcrumb":{"@id":"https:\/\/thaicospa.ro\/gift-card\/midweek-spa-escape\/#breadcrumb"},"inLanguage":"en-US","potentialAction":[{"@type":"ReadAction","target":["https:\/\/thaicospa.ro\/gift-card\/midweek-spa-escape\/"]}]},{"@type":"ImageObject","inLanguage":"en-US","@id":"https:\/\/thaicospa.ro\/gift-card\/midweek-spa-escape\/#primaryimage","url":"https:\/\/thaicospa.ro\/wp-content\/uploads\/2024\/06\/Midweek-Spa-Escape-1.jpg","contentUrl":"https:\/\/thaicospa.ro\/wp-content\/uploads\/2024\/06\/Midweek-Spa-Escape-1.jpg","width":1748,"height":1240},{"@type":"BreadcrumbList","@id":"https:\/\/thaicospa.ro\/gift-card\/midweek-spa-escape\/#breadcrumb","itemListElement":[{"@type":"ListItem","position":1,"name":"Prima pagin\u0103","item":"https:\/\/thaicospa.ro\/"},{"@type":"ListItem","position":2,"name":"Gift Card","item":"https:\/\/thaicospa.ro\/gift-card\/"},{"@type":"ListItem","position":3,"name":"MIDWEEK SPA ESCAPE"}]},{"@type":"WebSite","@id":"https:\/\/thaicospa.ro\/#website","url":"https:\/\/thaicospa.ro\/","name":"THAIco SPA","description":"","potentialAction":[{"@type":"SearchAction","target":{"@type":"EntryPoint","urlTemplate":"https:\/\/thaicospa.ro\/?s={search_term_string}"},"query-input":{"@type":"PropertyValueSpecification","valueRequired":true,"valueName":"search_term_string"}}],"inLanguage":"en-US"}]}},"_links":{"self":[{"href":"https:\/\/thaicospa.ro\/en\/wp-json\/wp\/v2\/product\/58324","targetHints":{"allow":["GET"]}}],"collection":[{"href":"https:\/\/thaicospa.ro\/en\/wp-json\/wp\/v2\/product"}],"about":[{"href":"https:\/\/thaicospa.ro\/en\/wp-json\/wp\/v2\/types\/product"}],"wp:featuredmedia":[{"embeddable":true,"href":"https:\/\/thaicospa.ro\/en\/wp-json\/wp\/v2\/media\/79272"}],"wp:attachment":[{"href":"https:\/\/thaicospa.ro\/en\/wp-json\/wp\/v2\/media?parent=58324"}],"wp:term":[{"taxonomy":"product_brand","embeddable":true,"href":"https:\/\/thaicospa.ro\/en\/wp-json\/wp\/v2\/product_brand?post=58324"},{"taxonomy":"product_cat","embeddable":true,"href":"https:\/\/thaicospa.ro\/en\/wp-json\/wp\/v2\/product_cat?post=58324"},{"taxonomy":"product_tag","embeddable":true,"href":"https:\/\/thaicospa.ro\/en\/wp-json\/wp\/v2\/product_tag?post=58324"}],"curies":[{"name":"wp","href":"https:\/\/api.w.org\/{rel}","templated":true}]}}