{"id":53613,"date":"2023-12-08T11:59:34","date_gmt":"2023-12-08T08:59:34","guid":{"rendered":"https:\/\/thaicospa.ro\/?post_type=product&#038;p=53613"},"modified":"2025-12-04T11:48:22","modified_gmt":"2025-12-04T08:48:22","slug":"candle-massage","status":"publish","type":"product","link":"https:\/\/thaicospa.ro\/en\/gift-card\/candle-massage\/","title":{"rendered":"Candle Massage"},"content":{"rendered":"<p>Share moments of pampering and intimacy in a warm and relaxing setting. The ritual begins with <strong>sauna<\/strong>, which prepares the body for deep relaxation. Then, <strong>candle massage with natural oils<\/strong>, melted in butters and essential oils, envelops the skin in softness and delicate fragrance, relaxing the muscles and bringing a state of harmony and well-being. A sensory experience that <strong>combines warm touch with exotic aroma<\/strong>, perfect for connecting and pampering yourselves together.<\/p>","protected":false},"excerpt":{"rendered":"<p>\u00cemp\u0103rt\u0103\u0219i\u021bi momente de r\u0103sf\u0103\u021b \u0219i intimitate \u00eentr-un cadru cald \u0219i relaxant. Ritualul \u00eencepe cu sauna, care preg\u0103te\u0219te corpul pentru relaxare profund\u0103. Apoi, masajul cu lum\u00e2nare din uleiuri naturale, topit\u0103 \u00een unturi \u0219i uleiuri esen\u021biale, \u00eenv\u0103luie pielea \u00een catifelare \u0219i parfum [&hellip;]<\/p>\n","protected":false},"featured_media":53615,"template":"","meta":{"_monsterinsights_skip_tracking":false,"_monsterinsights_sitenote_active":false,"_monsterinsights_sitenote_note":"","_monsterinsights_sitenote_category":0},"product_brand":[],"product_cat":[3],"product_tag":[],"class_list":{"0":"post-53613","1":"product","2":"type-product","3":"status-publish","4":"has-post-thumbnail","6":"product_cat-gift-card","8":"first","9":"instock","10":"downloadable","11":"virtual","12":"taxable","13":"purchasable","14":"product-type-simple"},"yoast_head":"<!-- This site is optimized with the Yoast SEO plugin v27.5 - https:\/\/yoast.com\/product\/yoast-seo-wordpress\/ -->\n<title>Candle Massage - THAIco SPA<\/title>\n<meta name=\"robots\" content=\"index, follow, max-snippet:-1, max-image-preview:large, max-video-preview:-1\" \/>\n<link rel=\"canonical\" href=\"https:\/\/thaicospa.ro\/en\/gift-card\/candle-massage\/\" \/>\n<meta property=\"og:locale\" content=\"en_US\" \/>\n<meta property=\"og:type\" content=\"article\" \/>\n<meta property=\"og:title\" content=\"Candle Massage - THAIco SPA\" \/>\n<meta property=\"og:description\" content=\"\u00cemp\u0103rt\u0103\u0219i\u021bi momente de r\u0103sf\u0103\u021b \u0219i intimitate \u00eentr-un cadru cald \u0219i relaxant. Ritualul \u00eencepe cu sauna, care preg\u0103te\u0219te corpul pentru relaxare profund\u0103. Apoi, masajul cu lum\u00e2nare din uleiuri naturale, topit\u0103 \u00een unturi \u0219i uleiuri esen\u021biale, \u00eenv\u0103luie pielea \u00een catifelare \u0219i parfum [&hellip;]\" \/>\n<meta property=\"og:url\" content=\"https:\/\/thaicospa.ro\/en\/gift-card\/candle-massage\/\" \/>\n<meta property=\"og:site_name\" content=\"THAIco SPA\" \/>\n<meta property=\"article:publisher\" content=\"https:\/\/www.facebook.com\/THAIcoSPA\/\" \/>\n<meta property=\"article:modified_time\" content=\"2025-12-04T08:48:22+00:00\" \/>\n<meta property=\"og:image\" content=\"https:\/\/thaicospa.ro\/wp-content\/uploads\/2023\/12\/Masajul-senzorial-cu-lumanare-calda.jpg\" \/>\n\t<meta property=\"og:image:width\" content=\"1748\" \/>\n\t<meta property=\"og:image:height\" content=\"1240\" \/>\n\t<meta property=\"og:image:type\" content=\"image\/jpeg\" \/>\n<meta name=\"twitter:card\" content=\"summary_large_image\" \/>\n<meta name=\"twitter:label1\" content=\"Est. reading time\" \/>\n\t<meta name=\"twitter:data1\" content=\"1 minute\" \/>\n<script type=\"application\/ld+json\" class=\"yoast-schema-graph\">{\"@context\":\"https:\\\/\\\/schema.org\",\"@graph\":[{\"@type\":\"WebPage\",\"@id\":\"https:\\\/\\\/thaicospa.ro\\\/gift-card\\\/candle-massage\\\/\",\"url\":\"https:\\\/\\\/thaicospa.ro\\\/gift-card\\\/candle-massage\\\/\",\"name\":\"Candle Massage - THAIco SPA\",\"isPartOf\":{\"@id\":\"https:\\\/\\\/thaicospa.ro\\\/#website\"},\"primaryImageOfPage\":{\"@id\":\"https:\\\/\\\/thaicospa.ro\\\/gift-card\\\/candle-massage\\\/#primaryimage\"},\"image\":{\"@id\":\"https:\\\/\\\/thaicospa.ro\\\/gift-card\\\/candle-massage\\\/#primaryimage\"},\"thumbnailUrl\":\"https:\\\/\\\/thaicospa.ro\\\/wp-content\\\/uploads\\\/2023\\\/12\\\/Masajul-senzorial-cu-lumanare-calda.jpg\",\"datePublished\":\"2023-12-08T08:59:34+00:00\",\"dateModified\":\"2025-12-04T08:48:22+00:00\",\"breadcrumb\":{\"@id\":\"https:\\\/\\\/thaicospa.ro\\\/gift-card\\\/candle-massage\\\/#breadcrumb\"},\"inLanguage\":\"en-US\",\"potentialAction\":[{\"@type\":\"ReadAction\",\"target\":[\"https:\\\/\\\/thaicospa.ro\\\/gift-card\\\/candle-massage\\\/\"]}]},{\"@type\":\"ImageObject\",\"inLanguage\":\"en-US\",\"@id\":\"https:\\\/\\\/thaicospa.ro\\\/gift-card\\\/candle-massage\\\/#primaryimage\",\"url\":\"https:\\\/\\\/thaicospa.ro\\\/wp-content\\\/uploads\\\/2023\\\/12\\\/Masajul-senzorial-cu-lumanare-calda.jpg\",\"contentUrl\":\"https:\\\/\\\/thaicospa.ro\\\/wp-content\\\/uploads\\\/2023\\\/12\\\/Masajul-senzorial-cu-lumanare-calda.jpg\",\"width\":1748,\"height\":1240},{\"@type\":\"BreadcrumbList\",\"@id\":\"https:\\\/\\\/thaicospa.ro\\\/gift-card\\\/candle-massage\\\/#breadcrumb\",\"itemListElement\":[{\"@type\":\"ListItem\",\"position\":1,\"name\":\"Prima pagin\u0103\",\"item\":\"https:\\\/\\\/thaicospa.ro\\\/\"},{\"@type\":\"ListItem\",\"position\":2,\"name\":\"Gift Card\",\"item\":\"https:\\\/\\\/thaicospa.ro\\\/gift-card\\\/\"},{\"@type\":\"ListItem\",\"position\":3,\"name\":\"Candle Massage\"}]},{\"@type\":\"WebSite\",\"@id\":\"https:\\\/\\\/thaicospa.ro\\\/#website\",\"url\":\"https:\\\/\\\/thaicospa.ro\\\/\",\"name\":\"THAIco SPA\",\"description\":\"\",\"potentialAction\":[{\"@type\":\"SearchAction\",\"target\":{\"@type\":\"EntryPoint\",\"urlTemplate\":\"https:\\\/\\\/thaicospa.ro\\\/?s={search_term_string}\"},\"query-input\":{\"@type\":\"PropertyValueSpecification\",\"valueRequired\":true,\"valueName\":\"search_term_string\"}}],\"inLanguage\":\"en-US\"}]}<\/script>\n<!-- \/ Yoast SEO plugin. -->","yoast_head_json":{"title":"Candle Massage - THAIco SPA","robots":{"index":"index","follow":"follow","max-snippet":"max-snippet:-1","max-image-preview":"max-image-preview:large","max-video-preview":"max-video-preview:-1"},"canonical":"https:\/\/thaicospa.ro\/en\/gift-card\/candle-massage\/","og_locale":"en_US","og_type":"article","og_title":"Candle Massage - THAIco SPA","og_description":"\u00cemp\u0103rt\u0103\u0219i\u021bi momente de r\u0103sf\u0103\u021b \u0219i intimitate \u00eentr-un cadru cald \u0219i relaxant. Ritualul \u00eencepe cu sauna, care preg\u0103te\u0219te corpul pentru relaxare profund\u0103. Apoi, masajul cu lum\u00e2nare din uleiuri naturale, topit\u0103 \u00een unturi \u0219i uleiuri esen\u021biale, \u00eenv\u0103luie pielea \u00een catifelare \u0219i parfum [&hellip;]","og_url":"https:\/\/thaicospa.ro\/en\/gift-card\/candle-massage\/","og_site_name":"THAIco SPA","article_publisher":"https:\/\/www.facebook.com\/THAIcoSPA\/","article_modified_time":"2025-12-04T08:48:22+00:00","og_image":[{"width":1748,"height":1240,"url":"https:\/\/thaicospa.ro\/wp-content\/uploads\/2023\/12\/Masajul-senzorial-cu-lumanare-calda.jpg","type":"image\/jpeg"}],"twitter_card":"summary_large_image","twitter_misc":{"Est. reading time":"1 minute"},"schema":{"@context":"https:\/\/schema.org","@graph":[{"@type":"WebPage","@id":"https:\/\/thaicospa.ro\/gift-card\/candle-massage\/","url":"https:\/\/thaicospa.ro\/gift-card\/candle-massage\/","name":"Candle Massage - THAIco SPA","isPartOf":{"@id":"https:\/\/thaicospa.ro\/#website"},"primaryImageOfPage":{"@id":"https:\/\/thaicospa.ro\/gift-card\/candle-massage\/#primaryimage"},"image":{"@id":"https:\/\/thaicospa.ro\/gift-card\/candle-massage\/#primaryimage"},"thumbnailUrl":"https:\/\/thaicospa.ro\/wp-content\/uploads\/2023\/12\/Masajul-senzorial-cu-lumanare-calda.jpg","datePublished":"2023-12-08T08:59:34+00:00","dateModified":"2025-12-04T08:48:22+00:00","breadcrumb":{"@id":"https:\/\/thaicospa.ro\/gift-card\/candle-massage\/#breadcrumb"},"inLanguage":"en-US","potentialAction":[{"@type":"ReadAction","target":["https:\/\/thaicospa.ro\/gift-card\/candle-massage\/"]}]},{"@type":"ImageObject","inLanguage":"en-US","@id":"https:\/\/thaicospa.ro\/gift-card\/candle-massage\/#primaryimage","url":"https:\/\/thaicospa.ro\/wp-content\/uploads\/2023\/12\/Masajul-senzorial-cu-lumanare-calda.jpg","contentUrl":"https:\/\/thaicospa.ro\/wp-content\/uploads\/2023\/12\/Masajul-senzorial-cu-lumanare-calda.jpg","width":1748,"height":1240},{"@type":"BreadcrumbList","@id":"https:\/\/thaicospa.ro\/gift-card\/candle-massage\/#breadcrumb","itemListElement":[{"@type":"ListItem","position":1,"name":"Prima pagin\u0103","item":"https:\/\/thaicospa.ro\/"},{"@type":"ListItem","position":2,"name":"Gift Card","item":"https:\/\/thaicospa.ro\/gift-card\/"},{"@type":"ListItem","position":3,"name":"Candle Massage"}]},{"@type":"WebSite","@id":"https:\/\/thaicospa.ro\/#website","url":"https:\/\/thaicospa.ro\/","name":"THAIco SPA","description":"","potentialAction":[{"@type":"SearchAction","target":{"@type":"EntryPoint","urlTemplate":"https:\/\/thaicospa.ro\/?s={search_term_string}"},"query-input":{"@type":"PropertyValueSpecification","valueRequired":true,"valueName":"search_term_string"}}],"inLanguage":"en-US"}]}},"_links":{"self":[{"href":"https:\/\/thaicospa.ro\/en\/wp-json\/wp\/v2\/product\/53613","targetHints":{"allow":["GET"]}}],"collection":[{"href":"https:\/\/thaicospa.ro\/en\/wp-json\/wp\/v2\/product"}],"about":[{"href":"https:\/\/thaicospa.ro\/en\/wp-json\/wp\/v2\/types\/product"}],"wp:featuredmedia":[{"embeddable":true,"href":"https:\/\/thaicospa.ro\/en\/wp-json\/wp\/v2\/media\/53615"}],"wp:attachment":[{"href":"https:\/\/thaicospa.ro\/en\/wp-json\/wp\/v2\/media?parent=53613"}],"wp:term":[{"taxonomy":"product_brand","embeddable":true,"href":"https:\/\/thaicospa.ro\/en\/wp-json\/wp\/v2\/product_brand?post=53613"},{"taxonomy":"product_cat","embeddable":true,"href":"https:\/\/thaicospa.ro\/en\/wp-json\/wp\/v2\/product_cat?post=53613"},{"taxonomy":"product_tag","embeddable":true,"href":"https:\/\/thaicospa.ro\/en\/wp-json\/wp\/v2\/product_tag?post=53613"}],"curies":[{"name":"wp","href":"https:\/\/api.w.org\/{rel}","templated":true}]}}