{"id":53607,"date":"2023-12-08T11:50:56","date_gmt":"2023-12-08T08:50:56","guid":{"rendered":"https:\/\/thaicospa.ro\/?post_type=product&#038;p=53607"},"modified":"2025-12-04T11:38:33","modified_gmt":"2025-12-04T08:38:33","slug":"thai-winter-getaway","status":"publish","type":"product","link":"https:\/\/thaicospa.ro\/en\/gift-card\/escapada-de-iarna-thaico\/","title":{"rendered":"THAIco winter getaway"},"content":{"rendered":"<p>An experience that combines <strong>energy and relaxation<\/strong>. Start with <strong>sauna<\/strong>, which warms and prepares the body, then follow with <strong>cold shower<\/strong>, invigorating, and a <strong>hot floral bath<\/strong>, enveloping the senses in delicate fragrances. The ritual ends with <strong>THAIco Signature energizing massage<\/strong>, which restores vitality, harmony, and balance, leaving every fiber of the body <strong>refreshed and full of energy<\/strong>.<\/p>","protected":false},"excerpt":{"rendered":"<p>O experien\u021b\u0103 care combin\u0103 energie \u0219i relaxare. \u00cencepe\u021bi cu sauna, care \u00eenc\u0103lze\u0219te \u0219i preg\u0103te\u0219te corpul, apoi urma\u021bi cu du\u0219ul rece, revigorant, \u0219i o baie floral\u0103 fierbinte, ce \u00eenv\u0103luie sim\u021burile \u00een parfumuri delicate. Ritualul se finalizeaz\u0103 cu masajul energizant THAIco Signature, [&hellip;]<\/p>\n","protected":false},"featured_media":53608,"template":"","meta":{"_monsterinsights_skip_tracking":false,"_monsterinsights_sitenote_active":false,"_monsterinsights_sitenote_note":"","_monsterinsights_sitenote_category":0},"product_brand":[],"product_cat":[3],"product_tag":[],"class_list":{"0":"post-53607","1":"product","2":"type-product","3":"status-publish","4":"has-post-thumbnail","6":"product_cat-gift-card","8":"first","9":"instock","10":"downloadable","11":"virtual","12":"taxable","13":"purchasable","14":"product-type-simple"},"yoast_head":"<!-- This site is optimized with the Yoast SEO plugin v27.5 - https:\/\/yoast.com\/product\/yoast-seo-wordpress\/ -->\n<title>Escapad\u0103 de iarn\u0103 THAIco - THAIco SPA<\/title>\n<meta name=\"robots\" content=\"index, follow, max-snippet:-1, max-image-preview:large, max-video-preview:-1\" \/>\n<link rel=\"canonical\" href=\"https:\/\/thaicospa.ro\/en\/gift-card\/thai-winter-getaway\/\" \/>\n<meta property=\"og:locale\" content=\"en_US\" \/>\n<meta property=\"og:type\" content=\"article\" \/>\n<meta property=\"og:title\" content=\"Escapad\u0103 de iarn\u0103 THAIco - THAIco SPA\" \/>\n<meta property=\"og:description\" content=\"O experien\u021b\u0103 care combin\u0103 energie \u0219i relaxare. \u00cencepe\u021bi cu sauna, care \u00eenc\u0103lze\u0219te \u0219i preg\u0103te\u0219te corpul, apoi urma\u021bi cu du\u0219ul rece, revigorant, \u0219i o baie floral\u0103 fierbinte, ce \u00eenv\u0103luie sim\u021burile \u00een parfumuri delicate. Ritualul se finalizeaz\u0103 cu masajul energizant THAIco Signature, [&hellip;]\" \/>\n<meta property=\"og:url\" content=\"https:\/\/thaicospa.ro\/en\/gift-card\/thai-winter-getaway\/\" \/>\n<meta property=\"og:site_name\" content=\"THAIco SPA\" \/>\n<meta property=\"article:publisher\" content=\"https:\/\/www.facebook.com\/THAIcoSPA\/\" \/>\n<meta property=\"article:modified_time\" content=\"2025-12-04T08:38:33+00:00\" \/>\n<meta property=\"og:image\" content=\"https:\/\/thaicospa.ro\/wp-content\/uploads\/2023\/12\/Escapada-fierbinte-de-iarna-THAIco.jpg\" \/>\n\t<meta property=\"og:image:width\" content=\"1748\" \/>\n\t<meta property=\"og:image:height\" content=\"1240\" \/>\n\t<meta property=\"og:image:type\" content=\"image\/jpeg\" \/>\n<meta name=\"twitter:card\" content=\"summary_large_image\" \/>\n<meta name=\"twitter:label1\" content=\"Est. reading time\" \/>\n\t<meta name=\"twitter:data1\" content=\"1 minute\" \/>\n<script type=\"application\/ld+json\" class=\"yoast-schema-graph\">{\"@context\":\"https:\\\/\\\/schema.org\",\"@graph\":[{\"@type\":\"WebPage\",\"@id\":\"https:\\\/\\\/thaicospa.ro\\\/gift-card\\\/escapada-de-iarna-thaico\\\/\",\"url\":\"https:\\\/\\\/thaicospa.ro\\\/gift-card\\\/escapada-de-iarna-thaico\\\/\",\"name\":\"Escapad\u0103 de iarn\u0103 THAIco - THAIco SPA\",\"isPartOf\":{\"@id\":\"https:\\\/\\\/thaicospa.ro\\\/#website\"},\"primaryImageOfPage\":{\"@id\":\"https:\\\/\\\/thaicospa.ro\\\/gift-card\\\/escapada-de-iarna-thaico\\\/#primaryimage\"},\"image\":{\"@id\":\"https:\\\/\\\/thaicospa.ro\\\/gift-card\\\/escapada-de-iarna-thaico\\\/#primaryimage\"},\"thumbnailUrl\":\"https:\\\/\\\/thaicospa.ro\\\/wp-content\\\/uploads\\\/2023\\\/12\\\/Escapada-fierbinte-de-iarna-THAIco.jpg\",\"datePublished\":\"2023-12-08T08:50:56+00:00\",\"dateModified\":\"2025-12-04T08:38:33+00:00\",\"breadcrumb\":{\"@id\":\"https:\\\/\\\/thaicospa.ro\\\/gift-card\\\/escapada-de-iarna-thaico\\\/#breadcrumb\"},\"inLanguage\":\"en-US\",\"potentialAction\":[{\"@type\":\"ReadAction\",\"target\":[\"https:\\\/\\\/thaicospa.ro\\\/gift-card\\\/escapada-de-iarna-thaico\\\/\"]}]},{\"@type\":\"ImageObject\",\"inLanguage\":\"en-US\",\"@id\":\"https:\\\/\\\/thaicospa.ro\\\/gift-card\\\/escapada-de-iarna-thaico\\\/#primaryimage\",\"url\":\"https:\\\/\\\/thaicospa.ro\\\/wp-content\\\/uploads\\\/2023\\\/12\\\/Escapada-fierbinte-de-iarna-THAIco.jpg\",\"contentUrl\":\"https:\\\/\\\/thaicospa.ro\\\/wp-content\\\/uploads\\\/2023\\\/12\\\/Escapada-fierbinte-de-iarna-THAIco.jpg\",\"width\":1748,\"height\":1240},{\"@type\":\"BreadcrumbList\",\"@id\":\"https:\\\/\\\/thaicospa.ro\\\/gift-card\\\/escapada-de-iarna-thaico\\\/#breadcrumb\",\"itemListElement\":[{\"@type\":\"ListItem\",\"position\":1,\"name\":\"Prima pagin\u0103\",\"item\":\"https:\\\/\\\/thaicospa.ro\\\/\"},{\"@type\":\"ListItem\",\"position\":2,\"name\":\"Gift Card\",\"item\":\"https:\\\/\\\/thaicospa.ro\\\/gift-card\\\/\"},{\"@type\":\"ListItem\",\"position\":3,\"name\":\"Escapad\u0103 de iarn\u0103 THAIco\"}]},{\"@type\":\"WebSite\",\"@id\":\"https:\\\/\\\/thaicospa.ro\\\/#website\",\"url\":\"https:\\\/\\\/thaicospa.ro\\\/\",\"name\":\"THAIco SPA\",\"description\":\"\",\"potentialAction\":[{\"@type\":\"SearchAction\",\"target\":{\"@type\":\"EntryPoint\",\"urlTemplate\":\"https:\\\/\\\/thaicospa.ro\\\/?s={search_term_string}\"},\"query-input\":{\"@type\":\"PropertyValueSpecification\",\"valueRequired\":true,\"valueName\":\"search_term_string\"}}],\"inLanguage\":\"en-US\"}]}<\/script>\n<!-- \/ Yoast SEO plugin. -->","yoast_head_json":{"title":"THAIco Winter Getaway - THAIco SPA","robots":{"index":"index","follow":"follow","max-snippet":"max-snippet:-1","max-image-preview":"max-image-preview:large","max-video-preview":"max-video-preview:-1"},"canonical":"https:\/\/thaicospa.ro\/en\/gift-card\/thai-winter-getaway\/","og_locale":"en_US","og_type":"article","og_title":"Escapad\u0103 de iarn\u0103 THAIco - THAIco SPA","og_description":"O experien\u021b\u0103 care combin\u0103 energie \u0219i relaxare. \u00cencepe\u021bi cu sauna, care \u00eenc\u0103lze\u0219te \u0219i preg\u0103te\u0219te corpul, apoi urma\u021bi cu du\u0219ul rece, revigorant, \u0219i o baie floral\u0103 fierbinte, ce \u00eenv\u0103luie sim\u021burile \u00een parfumuri delicate. Ritualul se finalizeaz\u0103 cu masajul energizant THAIco Signature, [&hellip;]","og_url":"https:\/\/thaicospa.ro\/en\/gift-card\/thai-winter-getaway\/","og_site_name":"THAIco SPA","article_publisher":"https:\/\/www.facebook.com\/THAIcoSPA\/","article_modified_time":"2025-12-04T08:38:33+00:00","og_image":[{"width":1748,"height":1240,"url":"https:\/\/thaicospa.ro\/wp-content\/uploads\/2023\/12\/Escapada-fierbinte-de-iarna-THAIco.jpg","type":"image\/jpeg"}],"twitter_card":"summary_large_image","twitter_misc":{"Est. reading time":"1 minute"},"schema":{"@context":"https:\/\/schema.org","@graph":[{"@type":"WebPage","@id":"https:\/\/thaicospa.ro\/gift-card\/escapada-de-iarna-thaico\/","url":"https:\/\/thaicospa.ro\/gift-card\/escapada-de-iarna-thaico\/","name":"THAIco Winter Getaway - THAIco SPA","isPartOf":{"@id":"https:\/\/thaicospa.ro\/#website"},"primaryImageOfPage":{"@id":"https:\/\/thaicospa.ro\/gift-card\/escapada-de-iarna-thaico\/#primaryimage"},"image":{"@id":"https:\/\/thaicospa.ro\/gift-card\/escapada-de-iarna-thaico\/#primaryimage"},"thumbnailUrl":"https:\/\/thaicospa.ro\/wp-content\/uploads\/2023\/12\/Escapada-fierbinte-de-iarna-THAIco.jpg","datePublished":"2023-12-08T08:50:56+00:00","dateModified":"2025-12-04T08:38:33+00:00","breadcrumb":{"@id":"https:\/\/thaicospa.ro\/gift-card\/escapada-de-iarna-thaico\/#breadcrumb"},"inLanguage":"en-US","potentialAction":[{"@type":"ReadAction","target":["https:\/\/thaicospa.ro\/gift-card\/escapada-de-iarna-thaico\/"]}]},{"@type":"ImageObject","inLanguage":"en-US","@id":"https:\/\/thaicospa.ro\/gift-card\/escapada-de-iarna-thaico\/#primaryimage","url":"https:\/\/thaicospa.ro\/wp-content\/uploads\/2023\/12\/Escapada-fierbinte-de-iarna-THAIco.jpg","contentUrl":"https:\/\/thaicospa.ro\/wp-content\/uploads\/2023\/12\/Escapada-fierbinte-de-iarna-THAIco.jpg","width":1748,"height":1240},{"@type":"BreadcrumbList","@id":"https:\/\/thaicospa.ro\/gift-card\/escapada-de-iarna-thaico\/#breadcrumb","itemListElement":[{"@type":"ListItem","position":1,"name":"Prima pagin\u0103","item":"https:\/\/thaicospa.ro\/"},{"@type":"ListItem","position":2,"name":"Gift Card","item":"https:\/\/thaicospa.ro\/gift-card\/"},{"@type":"ListItem","position":3,"name":"Escapad\u0103 de iarn\u0103 THAIco"}]},{"@type":"WebSite","@id":"https:\/\/thaicospa.ro\/#website","url":"https:\/\/thaicospa.ro\/","name":"THAIco SPA","description":"","potentialAction":[{"@type":"SearchAction","target":{"@type":"EntryPoint","urlTemplate":"https:\/\/thaicospa.ro\/?s={search_term_string}"},"query-input":{"@type":"PropertyValueSpecification","valueRequired":true,"valueName":"search_term_string"}}],"inLanguage":"en-US"}]}},"_links":{"self":[{"href":"https:\/\/thaicospa.ro\/en\/wp-json\/wp\/v2\/product\/53607","targetHints":{"allow":["GET"]}}],"collection":[{"href":"https:\/\/thaicospa.ro\/en\/wp-json\/wp\/v2\/product"}],"about":[{"href":"https:\/\/thaicospa.ro\/en\/wp-json\/wp\/v2\/types\/product"}],"wp:featuredmedia":[{"embeddable":true,"href":"https:\/\/thaicospa.ro\/en\/wp-json\/wp\/v2\/media\/53608"}],"wp:attachment":[{"href":"https:\/\/thaicospa.ro\/en\/wp-json\/wp\/v2\/media?parent=53607"}],"wp:term":[{"taxonomy":"product_brand","embeddable":true,"href":"https:\/\/thaicospa.ro\/en\/wp-json\/wp\/v2\/product_brand?post=53607"},{"taxonomy":"product_cat","embeddable":true,"href":"https:\/\/thaicospa.ro\/en\/wp-json\/wp\/v2\/product_cat?post=53607"},{"taxonomy":"product_tag","embeddable":true,"href":"https:\/\/thaicospa.ro\/en\/wp-json\/wp\/v2\/product_tag?post=53607"}],"curies":[{"name":"wp","href":"https:\/\/api.w.org\/{rel}","templated":true}]}}