{"id":53605,"date":"2023-12-08T11:47:37","date_gmt":"2023-12-08T08:47:37","guid":{"rendered":"https:\/\/thaicospa.ro\/?post_type=product&#038;p=53605"},"modified":"2025-12-04T11:30:07","modified_gmt":"2025-12-04T08:30:07","slug":"balinese-massage-with-hot-volcanic-stones","status":"publish","type":"product","link":"https:\/\/thaicospa.ro\/en\/gift-card\/masaj-balinez-cu-pietre-vulcanice-fierbinti\/","title":{"rendered":"Balinese massage with hot volcanic stones"},"content":{"rendered":"<p>This massage is performed with long strokes that warm you and induce a state of complete calm and health. Lightly warmed aromatherapy oils are dripped onto the mid-body and massaged to absorb into the skin using long, sweeping strokes that promote deep relaxation. Hot volcanic stones are used to adjust the massage pressure to your needs and release tension. This gentle massage leaves your mind, body and spirit soothed and relaxed.<\/p>\n<p><em>Floral foot ritual ~ Balinese massage with hot volcanic stones<\/em><\/p>","protected":false},"excerpt":{"rendered":"<p>Acest masaj se realizeaz\u0103 cu mi\u0219c\u0103ri lungi care v\u0103 \u00eenc\u0103lzesc \u0219i induc o stare des\u0103v\u00e2r\u0219it\u0103 de calm \u0219i s\u0103n\u0103tate. Uleiurile de aromoterapie u\u0219or \u00eenc\u0103lzite sunt picurate pe mijlocul trupului \u0219i masate pentru a se absorbi \u00een piele folosind mi\u0219c\u0103ri prelungi, [&hellip;]<\/p>\n","protected":false},"featured_media":53606,"template":"","meta":{"_monsterinsights_skip_tracking":false,"_monsterinsights_sitenote_active":false,"_monsterinsights_sitenote_note":"","_monsterinsights_sitenote_category":0},"product_brand":[],"product_cat":[3],"product_tag":[],"class_list":{"0":"post-53605","1":"product","2":"type-product","3":"status-publish","4":"has-post-thumbnail","6":"product_cat-gift-card","8":"first","9":"instock","10":"downloadable","11":"virtual","12":"taxable","13":"purchasable","14":"product-type-simple"},"yoast_head":"<!-- This site is optimized with the Yoast SEO plugin v27.5 - https:\/\/yoast.com\/product\/yoast-seo-wordpress\/ -->\n<title>Masaj balinez cu pietre vulcanice fierbin\u021bi - THAIco SPA<\/title>\n<meta name=\"robots\" content=\"index, follow, max-snippet:-1, max-image-preview:large, max-video-preview:-1\" \/>\n<link rel=\"canonical\" href=\"https:\/\/thaicospa.ro\/en\/gift-card\/balinese-massage-with-hot-volcanic-stones\/\" \/>\n<meta property=\"og:locale\" content=\"en_US\" \/>\n<meta property=\"og:type\" content=\"article\" \/>\n<meta property=\"og:title\" content=\"Masaj balinez cu pietre vulcanice fierbin\u021bi - THAIco SPA\" \/>\n<meta property=\"og:description\" content=\"Acest masaj se realizeaz\u0103 cu mi\u0219c\u0103ri lungi care v\u0103 \u00eenc\u0103lzesc \u0219i induc o stare des\u0103v\u00e2r\u0219it\u0103 de calm \u0219i s\u0103n\u0103tate. Uleiurile de aromoterapie u\u0219or \u00eenc\u0103lzite sunt picurate pe mijlocul trupului \u0219i masate pentru a se absorbi \u00een piele folosind mi\u0219c\u0103ri prelungi, [&hellip;]\" \/>\n<meta property=\"og:url\" content=\"https:\/\/thaicospa.ro\/en\/gift-card\/balinese-massage-with-hot-volcanic-stones\/\" \/>\n<meta property=\"og:site_name\" content=\"THAIco SPA\" \/>\n<meta property=\"article:publisher\" content=\"https:\/\/www.facebook.com\/THAIcoSPA\/\" \/>\n<meta property=\"article:modified_time\" content=\"2025-12-04T08:30:07+00:00\" \/>\n<meta property=\"og:image\" content=\"https:\/\/thaicospa.ro\/wp-content\/uploads\/2023\/12\/Masaj-balinez-cu-pietre-calde-vulcanice.jpg\" \/>\n\t<meta property=\"og:image:width\" content=\"1748\" \/>\n\t<meta property=\"og:image:height\" content=\"1240\" \/>\n\t<meta property=\"og:image:type\" content=\"image\/jpeg\" \/>\n<meta name=\"twitter:card\" content=\"summary_large_image\" \/>\n<meta name=\"twitter:label1\" content=\"Est. reading time\" \/>\n\t<meta name=\"twitter:data1\" content=\"1 minute\" \/>\n<script type=\"application\/ld+json\" class=\"yoast-schema-graph\">{\"@context\":\"https:\\\/\\\/schema.org\",\"@graph\":[{\"@type\":\"WebPage\",\"@id\":\"https:\\\/\\\/thaicospa.ro\\\/gift-card\\\/masaj-balinez-cu-pietre-vulcanice-fierbinti\\\/\",\"url\":\"https:\\\/\\\/thaicospa.ro\\\/gift-card\\\/masaj-balinez-cu-pietre-vulcanice-fierbinti\\\/\",\"name\":\"Masaj balinez cu pietre vulcanice fierbin\u021bi - THAIco SPA\",\"isPartOf\":{\"@id\":\"https:\\\/\\\/thaicospa.ro\\\/#website\"},\"primaryImageOfPage\":{\"@id\":\"https:\\\/\\\/thaicospa.ro\\\/gift-card\\\/masaj-balinez-cu-pietre-vulcanice-fierbinti\\\/#primaryimage\"},\"image\":{\"@id\":\"https:\\\/\\\/thaicospa.ro\\\/gift-card\\\/masaj-balinez-cu-pietre-vulcanice-fierbinti\\\/#primaryimage\"},\"thumbnailUrl\":\"https:\\\/\\\/thaicospa.ro\\\/wp-content\\\/uploads\\\/2023\\\/12\\\/Masaj-balinez-cu-pietre-calde-vulcanice.jpg\",\"datePublished\":\"2023-12-08T08:47:37+00:00\",\"dateModified\":\"2025-12-04T08:30:07+00:00\",\"breadcrumb\":{\"@id\":\"https:\\\/\\\/thaicospa.ro\\\/gift-card\\\/masaj-balinez-cu-pietre-vulcanice-fierbinti\\\/#breadcrumb\"},\"inLanguage\":\"en-US\",\"potentialAction\":[{\"@type\":\"ReadAction\",\"target\":[\"https:\\\/\\\/thaicospa.ro\\\/gift-card\\\/masaj-balinez-cu-pietre-vulcanice-fierbinti\\\/\"]}]},{\"@type\":\"ImageObject\",\"inLanguage\":\"en-US\",\"@id\":\"https:\\\/\\\/thaicospa.ro\\\/gift-card\\\/masaj-balinez-cu-pietre-vulcanice-fierbinti\\\/#primaryimage\",\"url\":\"https:\\\/\\\/thaicospa.ro\\\/wp-content\\\/uploads\\\/2023\\\/12\\\/Masaj-balinez-cu-pietre-calde-vulcanice.jpg\",\"contentUrl\":\"https:\\\/\\\/thaicospa.ro\\\/wp-content\\\/uploads\\\/2023\\\/12\\\/Masaj-balinez-cu-pietre-calde-vulcanice.jpg\",\"width\":1748,\"height\":1240},{\"@type\":\"BreadcrumbList\",\"@id\":\"https:\\\/\\\/thaicospa.ro\\\/gift-card\\\/masaj-balinez-cu-pietre-vulcanice-fierbinti\\\/#breadcrumb\",\"itemListElement\":[{\"@type\":\"ListItem\",\"position\":1,\"name\":\"Prima pagin\u0103\",\"item\":\"https:\\\/\\\/thaicospa.ro\\\/\"},{\"@type\":\"ListItem\",\"position\":2,\"name\":\"Gift Card\",\"item\":\"https:\\\/\\\/thaicospa.ro\\\/gift-card\\\/\"},{\"@type\":\"ListItem\",\"position\":3,\"name\":\"Masaj balinez cu pietre vulcanice fierbin\u021bi\"}]},{\"@type\":\"WebSite\",\"@id\":\"https:\\\/\\\/thaicospa.ro\\\/#website\",\"url\":\"https:\\\/\\\/thaicospa.ro\\\/\",\"name\":\"THAIco SPA\",\"description\":\"\",\"potentialAction\":[{\"@type\":\"SearchAction\",\"target\":{\"@type\":\"EntryPoint\",\"urlTemplate\":\"https:\\\/\\\/thaicospa.ro\\\/?s={search_term_string}\"},\"query-input\":{\"@type\":\"PropertyValueSpecification\",\"valueRequired\":true,\"valueName\":\"search_term_string\"}}],\"inLanguage\":\"en-US\"}]}<\/script>\n<!-- \/ Yoast SEO plugin. -->","yoast_head_json":{"title":"Balinese massage with hot volcanic stones - THAIco SPA","robots":{"index":"index","follow":"follow","max-snippet":"max-snippet:-1","max-image-preview":"max-image-preview:large","max-video-preview":"max-video-preview:-1"},"canonical":"https:\/\/thaicospa.ro\/en\/gift-card\/balinese-massage-with-hot-volcanic-stones\/","og_locale":"en_US","og_type":"article","og_title":"Masaj balinez cu pietre vulcanice fierbin\u021bi - THAIco SPA","og_description":"Acest masaj se realizeaz\u0103 cu mi\u0219c\u0103ri lungi care v\u0103 \u00eenc\u0103lzesc \u0219i induc o stare des\u0103v\u00e2r\u0219it\u0103 de calm \u0219i s\u0103n\u0103tate. Uleiurile de aromoterapie u\u0219or \u00eenc\u0103lzite sunt picurate pe mijlocul trupului \u0219i masate pentru a se absorbi \u00een piele folosind mi\u0219c\u0103ri prelungi, [&hellip;]","og_url":"https:\/\/thaicospa.ro\/en\/gift-card\/balinese-massage-with-hot-volcanic-stones\/","og_site_name":"THAIco SPA","article_publisher":"https:\/\/www.facebook.com\/THAIcoSPA\/","article_modified_time":"2025-12-04T08:30:07+00:00","og_image":[{"width":1748,"height":1240,"url":"https:\/\/thaicospa.ro\/wp-content\/uploads\/2023\/12\/Masaj-balinez-cu-pietre-calde-vulcanice.jpg","type":"image\/jpeg"}],"twitter_card":"summary_large_image","twitter_misc":{"Est. reading time":"1 minute"},"schema":{"@context":"https:\/\/schema.org","@graph":[{"@type":"WebPage","@id":"https:\/\/thaicospa.ro\/gift-card\/masaj-balinez-cu-pietre-vulcanice-fierbinti\/","url":"https:\/\/thaicospa.ro\/gift-card\/masaj-balinez-cu-pietre-vulcanice-fierbinti\/","name":"Balinese massage with hot volcanic stones - THAIco SPA","isPartOf":{"@id":"https:\/\/thaicospa.ro\/#website"},"primaryImageOfPage":{"@id":"https:\/\/thaicospa.ro\/gift-card\/masaj-balinez-cu-pietre-vulcanice-fierbinti\/#primaryimage"},"image":{"@id":"https:\/\/thaicospa.ro\/gift-card\/masaj-balinez-cu-pietre-vulcanice-fierbinti\/#primaryimage"},"thumbnailUrl":"https:\/\/thaicospa.ro\/wp-content\/uploads\/2023\/12\/Masaj-balinez-cu-pietre-calde-vulcanice.jpg","datePublished":"2023-12-08T08:47:37+00:00","dateModified":"2025-12-04T08:30:07+00:00","breadcrumb":{"@id":"https:\/\/thaicospa.ro\/gift-card\/masaj-balinez-cu-pietre-vulcanice-fierbinti\/#breadcrumb"},"inLanguage":"en-US","potentialAction":[{"@type":"ReadAction","target":["https:\/\/thaicospa.ro\/gift-card\/masaj-balinez-cu-pietre-vulcanice-fierbinti\/"]}]},{"@type":"ImageObject","inLanguage":"en-US","@id":"https:\/\/thaicospa.ro\/gift-card\/masaj-balinez-cu-pietre-vulcanice-fierbinti\/#primaryimage","url":"https:\/\/thaicospa.ro\/wp-content\/uploads\/2023\/12\/Masaj-balinez-cu-pietre-calde-vulcanice.jpg","contentUrl":"https:\/\/thaicospa.ro\/wp-content\/uploads\/2023\/12\/Masaj-balinez-cu-pietre-calde-vulcanice.jpg","width":1748,"height":1240},{"@type":"BreadcrumbList","@id":"https:\/\/thaicospa.ro\/gift-card\/masaj-balinez-cu-pietre-vulcanice-fierbinti\/#breadcrumb","itemListElement":[{"@type":"ListItem","position":1,"name":"Prima pagin\u0103","item":"https:\/\/thaicospa.ro\/"},{"@type":"ListItem","position":2,"name":"Gift Card","item":"https:\/\/thaicospa.ro\/gift-card\/"},{"@type":"ListItem","position":3,"name":"Masaj balinez cu pietre vulcanice fierbin\u021bi"}]},{"@type":"WebSite","@id":"https:\/\/thaicospa.ro\/#website","url":"https:\/\/thaicospa.ro\/","name":"THAIco SPA","description":"","potentialAction":[{"@type":"SearchAction","target":{"@type":"EntryPoint","urlTemplate":"https:\/\/thaicospa.ro\/?s={search_term_string}"},"query-input":{"@type":"PropertyValueSpecification","valueRequired":true,"valueName":"search_term_string"}}],"inLanguage":"en-US"}]}},"_links":{"self":[{"href":"https:\/\/thaicospa.ro\/en\/wp-json\/wp\/v2\/product\/53605","targetHints":{"allow":["GET"]}}],"collection":[{"href":"https:\/\/thaicospa.ro\/en\/wp-json\/wp\/v2\/product"}],"about":[{"href":"https:\/\/thaicospa.ro\/en\/wp-json\/wp\/v2\/types\/product"}],"wp:featuredmedia":[{"embeddable":true,"href":"https:\/\/thaicospa.ro\/en\/wp-json\/wp\/v2\/media\/53606"}],"wp:attachment":[{"href":"https:\/\/thaicospa.ro\/en\/wp-json\/wp\/v2\/media?parent=53605"}],"wp:term":[{"taxonomy":"product_brand","embeddable":true,"href":"https:\/\/thaicospa.ro\/en\/wp-json\/wp\/v2\/product_brand?post=53605"},{"taxonomy":"product_cat","embeddable":true,"href":"https:\/\/thaicospa.ro\/en\/wp-json\/wp\/v2\/product_cat?post=53605"},{"taxonomy":"product_tag","embeddable":true,"href":"https:\/\/thaicospa.ro\/en\/wp-json\/wp\/v2\/product_tag?post=53605"}],"curies":[{"name":"wp","href":"https:\/\/api.w.org\/{rel}","templated":true}]}}