{"id":42350,"date":"2023-02-07T15:01:53","date_gmt":"2023-02-07T12:01:53","guid":{"rendered":"https:\/\/thaicospa.ro\/?post_type=product&#038;p=42350"},"modified":"2025-08-01T14:52:46","modified_gmt":"2025-08-01T11:52:46","slug":"vichy-shower-therapies","status":"publish","type":"product","link":"https:\/\/thaicospa.ro\/en\/gift-card\/vichy-shower-therapies\/","title":{"rendered":"Vichy Shower Therapies"},"content":{"rendered":"<p>Imagine being in a tropical forest, under a waterfall that relaxes you completely. We offer you a delightful collection of scrubs and wraps with the richest and most active natural ingredients, under a tropical waterfall - the Vichy shower.<\/p>","protected":false},"excerpt":{"rendered":"<p>Imagine being in a tropical forest, under a waterfall that relaxes you completely. We offer you a delightful collection of scrubs and wraps with the richest and most active natural ingredients, under a tropical waterfall - the Vichy shower.<\/p>","protected":false},"featured_media":51658,"template":"","meta":{"_monsterinsights_skip_tracking":false,"_monsterinsights_sitenote_active":false,"_monsterinsights_sitenote_note":"","_monsterinsights_sitenote_category":0},"product_brand":[],"product_cat":[3],"product_tag":[],"class_list":{"0":"post-42350","1":"product","2":"type-product","3":"status-publish","4":"has-post-thumbnail","6":"product_cat-gift-card","8":"first","9":"instock","10":"downloadable","11":"virtual","12":"taxable","13":"purchasable","14":"product-type-simple"},"yoast_head":"<!-- This site is optimized with the Yoast SEO plugin v27.4 - https:\/\/yoast.com\/product\/yoast-seo-wordpress\/ -->\n<title>Terapii Cu Du\u0219 Vichy - THAIco SPA<\/title>\n<meta name=\"robots\" content=\"index, follow, max-snippet:-1, max-image-preview:large, max-video-preview:-1\" \/>\n<link rel=\"canonical\" href=\"https:\/\/thaicospa.ro\/en\/gift-card\/vichy-shower-therapies\/\" \/>\n<meta property=\"og:locale\" content=\"en_US\" \/>\n<meta property=\"og:type\" content=\"article\" \/>\n<meta property=\"og:title\" content=\"Terapii Cu Du\u0219 Vichy - THAIco SPA\" \/>\n<meta property=\"og:description\" content=\"Imagina\u021bi-v\u0103 c\u0103 v\u0103 afla\u021bi \u00eentr-o p\u0103dure tropical\u0103, sub o cascad\u0103 care v\u0103 relaxeaz\u0103 deplin. V\u0103 oferim o colec\u021bie \u00eenc\u00e2ntatoare de gomaje \u0219i \u00eempachet\u0103ri cu cele mai bogate \u0219i mai active ingrediente naturale, sub o cascad\u0103 tropical\u0103 \u2013 du\u0219ul Vichy.\" \/>\n<meta property=\"og:url\" content=\"https:\/\/thaicospa.ro\/en\/gift-card\/vichy-shower-therapies\/\" \/>\n<meta property=\"og:site_name\" content=\"THAIco SPA\" \/>\n<meta property=\"article:publisher\" content=\"https:\/\/www.facebook.com\/THAIcoSPA\/\" \/>\n<meta property=\"article:modified_time\" content=\"2025-08-01T11:52:46+00:00\" \/>\n<meta property=\"og:image\" content=\"https:\/\/thaicospa.ro\/wp-content\/uploads\/2023\/02\/dus-vichy.png\" \/>\n\t<meta property=\"og:image:width\" content=\"1748\" \/>\n\t<meta property=\"og:image:height\" content=\"1240\" \/>\n\t<meta property=\"og:image:type\" content=\"image\/png\" \/>\n<meta name=\"twitter:card\" content=\"summary_large_image\" \/>\n<meta name=\"twitter:label1\" content=\"Est. reading time\" \/>\n\t<meta name=\"twitter:data1\" content=\"1 minute\" \/>\n<script type=\"application\/ld+json\" class=\"yoast-schema-graph\">{\"@context\":\"https:\\\/\\\/schema.org\",\"@graph\":[{\"@type\":\"WebPage\",\"@id\":\"https:\\\/\\\/thaicospa.ro\\\/gift-card\\\/terapii-cu-dus-vichy\\\/\",\"url\":\"https:\\\/\\\/thaicospa.ro\\\/gift-card\\\/terapii-cu-dus-vichy\\\/\",\"name\":\"Terapii Cu Du\u0219 Vichy - THAIco SPA\",\"isPartOf\":{\"@id\":\"https:\\\/\\\/thaicospa.ro\\\/#website\"},\"primaryImageOfPage\":{\"@id\":\"https:\\\/\\\/thaicospa.ro\\\/gift-card\\\/terapii-cu-dus-vichy\\\/#primaryimage\"},\"image\":{\"@id\":\"https:\\\/\\\/thaicospa.ro\\\/gift-card\\\/terapii-cu-dus-vichy\\\/#primaryimage\"},\"thumbnailUrl\":\"https:\\\/\\\/thaicospa.ro\\\/wp-content\\\/uploads\\\/2023\\\/02\\\/dus-vichy.png\",\"datePublished\":\"2023-02-07T12:01:53+00:00\",\"dateModified\":\"2025-08-01T11:52:46+00:00\",\"breadcrumb\":{\"@id\":\"https:\\\/\\\/thaicospa.ro\\\/gift-card\\\/terapii-cu-dus-vichy\\\/#breadcrumb\"},\"inLanguage\":\"en-US\",\"potentialAction\":[{\"@type\":\"ReadAction\",\"target\":[\"https:\\\/\\\/thaicospa.ro\\\/gift-card\\\/terapii-cu-dus-vichy\\\/\"]}]},{\"@type\":\"ImageObject\",\"inLanguage\":\"en-US\",\"@id\":\"https:\\\/\\\/thaicospa.ro\\\/gift-card\\\/terapii-cu-dus-vichy\\\/#primaryimage\",\"url\":\"https:\\\/\\\/thaicospa.ro\\\/wp-content\\\/uploads\\\/2023\\\/02\\\/dus-vichy.png\",\"contentUrl\":\"https:\\\/\\\/thaicospa.ro\\\/wp-content\\\/uploads\\\/2023\\\/02\\\/dus-vichy.png\",\"width\":1748,\"height\":1240},{\"@type\":\"BreadcrumbList\",\"@id\":\"https:\\\/\\\/thaicospa.ro\\\/gift-card\\\/terapii-cu-dus-vichy\\\/#breadcrumb\",\"itemListElement\":[{\"@type\":\"ListItem\",\"position\":1,\"name\":\"Prima pagin\u0103\",\"item\":\"https:\\\/\\\/thaicospa.ro\\\/\"},{\"@type\":\"ListItem\",\"position\":2,\"name\":\"Gift Card\",\"item\":\"https:\\\/\\\/thaicospa.ro\\\/gift-card\\\/\"},{\"@type\":\"ListItem\",\"position\":3,\"name\":\"Terapii Cu Du\u0219 Vichy\"}]},{\"@type\":\"WebSite\",\"@id\":\"https:\\\/\\\/thaicospa.ro\\\/#website\",\"url\":\"https:\\\/\\\/thaicospa.ro\\\/\",\"name\":\"THAIco SPA\",\"description\":\"\",\"potentialAction\":[{\"@type\":\"SearchAction\",\"target\":{\"@type\":\"EntryPoint\",\"urlTemplate\":\"https:\\\/\\\/thaicospa.ro\\\/?s={search_term_string}\"},\"query-input\":{\"@type\":\"PropertyValueSpecification\",\"valueRequired\":true,\"valueName\":\"search_term_string\"}}],\"inLanguage\":\"en-US\"}]}<\/script>\n<!-- \/ Yoast SEO plugin. -->","yoast_head_json":{"title":"Vichy Shower Therapies - THAIco SPA","robots":{"index":"index","follow":"follow","max-snippet":"max-snippet:-1","max-image-preview":"max-image-preview:large","max-video-preview":"max-video-preview:-1"},"canonical":"https:\/\/thaicospa.ro\/en\/gift-card\/vichy-shower-therapies\/","og_locale":"en_US","og_type":"article","og_title":"Terapii Cu Du\u0219 Vichy - THAIco SPA","og_description":"Imagina\u021bi-v\u0103 c\u0103 v\u0103 afla\u021bi \u00eentr-o p\u0103dure tropical\u0103, sub o cascad\u0103 care v\u0103 relaxeaz\u0103 deplin. V\u0103 oferim o colec\u021bie \u00eenc\u00e2ntatoare de gomaje \u0219i \u00eempachet\u0103ri cu cele mai bogate \u0219i mai active ingrediente naturale, sub o cascad\u0103 tropical\u0103 \u2013 du\u0219ul Vichy.","og_url":"https:\/\/thaicospa.ro\/en\/gift-card\/vichy-shower-therapies\/","og_site_name":"THAIco SPA","article_publisher":"https:\/\/www.facebook.com\/THAIcoSPA\/","article_modified_time":"2025-08-01T11:52:46+00:00","og_image":[{"width":1748,"height":1240,"url":"https:\/\/thaicospa.ro\/wp-content\/uploads\/2023\/02\/dus-vichy.png","type":"image\/png"}],"twitter_card":"summary_large_image","twitter_misc":{"Est. reading time":"1 minute"},"schema":{"@context":"https:\/\/schema.org","@graph":[{"@type":"WebPage","@id":"https:\/\/thaicospa.ro\/gift-card\/terapii-cu-dus-vichy\/","url":"https:\/\/thaicospa.ro\/gift-card\/terapii-cu-dus-vichy\/","name":"Vichy Shower Therapies - THAIco SPA","isPartOf":{"@id":"https:\/\/thaicospa.ro\/#website"},"primaryImageOfPage":{"@id":"https:\/\/thaicospa.ro\/gift-card\/terapii-cu-dus-vichy\/#primaryimage"},"image":{"@id":"https:\/\/thaicospa.ro\/gift-card\/terapii-cu-dus-vichy\/#primaryimage"},"thumbnailUrl":"https:\/\/thaicospa.ro\/wp-content\/uploads\/2023\/02\/dus-vichy.png","datePublished":"2023-02-07T12:01:53+00:00","dateModified":"2025-08-01T11:52:46+00:00","breadcrumb":{"@id":"https:\/\/thaicospa.ro\/gift-card\/terapii-cu-dus-vichy\/#breadcrumb"},"inLanguage":"en-US","potentialAction":[{"@type":"ReadAction","target":["https:\/\/thaicospa.ro\/gift-card\/terapii-cu-dus-vichy\/"]}]},{"@type":"ImageObject","inLanguage":"en-US","@id":"https:\/\/thaicospa.ro\/gift-card\/terapii-cu-dus-vichy\/#primaryimage","url":"https:\/\/thaicospa.ro\/wp-content\/uploads\/2023\/02\/dus-vichy.png","contentUrl":"https:\/\/thaicospa.ro\/wp-content\/uploads\/2023\/02\/dus-vichy.png","width":1748,"height":1240},{"@type":"BreadcrumbList","@id":"https:\/\/thaicospa.ro\/gift-card\/terapii-cu-dus-vichy\/#breadcrumb","itemListElement":[{"@type":"ListItem","position":1,"name":"Prima pagin\u0103","item":"https:\/\/thaicospa.ro\/"},{"@type":"ListItem","position":2,"name":"Gift Card","item":"https:\/\/thaicospa.ro\/gift-card\/"},{"@type":"ListItem","position":3,"name":"Terapii Cu Du\u0219 Vichy"}]},{"@type":"WebSite","@id":"https:\/\/thaicospa.ro\/#website","url":"https:\/\/thaicospa.ro\/","name":"THAIco SPA","description":"","potentialAction":[{"@type":"SearchAction","target":{"@type":"EntryPoint","urlTemplate":"https:\/\/thaicospa.ro\/?s={search_term_string}"},"query-input":{"@type":"PropertyValueSpecification","valueRequired":true,"valueName":"search_term_string"}}],"inLanguage":"en-US"}]}},"_links":{"self":[{"href":"https:\/\/thaicospa.ro\/en\/wp-json\/wp\/v2\/product\/42350","targetHints":{"allow":["GET"]}}],"collection":[{"href":"https:\/\/thaicospa.ro\/en\/wp-json\/wp\/v2\/product"}],"about":[{"href":"https:\/\/thaicospa.ro\/en\/wp-json\/wp\/v2\/types\/product"}],"wp:featuredmedia":[{"embeddable":true,"href":"https:\/\/thaicospa.ro\/en\/wp-json\/wp\/v2\/media\/51658"}],"wp:attachment":[{"href":"https:\/\/thaicospa.ro\/en\/wp-json\/wp\/v2\/media?parent=42350"}],"wp:term":[{"taxonomy":"product_brand","embeddable":true,"href":"https:\/\/thaicospa.ro\/en\/wp-json\/wp\/v2\/product_brand?post=42350"},{"taxonomy":"product_cat","embeddable":true,"href":"https:\/\/thaicospa.ro\/en\/wp-json\/wp\/v2\/product_cat?post=42350"},{"taxonomy":"product_tag","embeddable":true,"href":"https:\/\/thaicospa.ro\/en\/wp-json\/wp\/v2\/product_tag?post=42350"}],"curies":[{"name":"wp","href":"https:\/\/api.w.org\/{rel}","templated":true}]}}