{"id":31709,"date":"2022-03-01T15:58:47","date_gmt":"2022-03-01T12:58:47","guid":{"rendered":"https:\/\/thaicospa.ro\/?post_type=product&#038;p=31709"},"modified":"2025-08-01T14:52:46","modified_gmt":"2025-08-01T11:52:46","slug":"queen-massage-120-minute","status":"publish","type":"product","link":"https:\/\/thaicospa.ro\/en\/gift-card\/queen-massage-120-minute\/","title":{"rendered":"Gift card Queen's Massage - 120 minutes"},"content":{"rendered":"<p>The Queen's Massage or ,,Six Hands Massage\" is a full body treatment in which three Thai massage therapists combine pressure massage with linear, intensity-matched movements and gentle compression to relieve muscle pain, tension and fatigue.<\/p>","protected":false},"excerpt":{"rendered":"<p>Masajul Reginei sau ,,masajul la \u0219ase m\u00e2ini\u201d este un tratament corporal complet \u00een care trei terapeuti \u00een arta masajului thailandez combin\u0103 presopunctura cu mi\u0219c\u0103ri line \u0219i potrivite ca intensitate \u0219i de compresie bl\u00e2nd\u0103, pentru a u\u0219ura durerile musculare, tensiunea \u0219i [&hellip;]<\/p>\n","protected":false},"featured_media":51692,"template":"","meta":{"_monsterinsights_skip_tracking":false,"_monsterinsights_sitenote_active":false,"_monsterinsights_sitenote_note":"","_monsterinsights_sitenote_category":0},"product_brand":[],"product_cat":[3],"product_tag":[],"class_list":{"0":"post-31709","1":"product","2":"type-product","3":"status-publish","4":"has-post-thumbnail","6":"product_cat-gift-card","8":"first","9":"instock","10":"downloadable","11":"virtual","12":"taxable","13":"purchasable","14":"product-type-simple"},"yoast_head":"<!-- This site is optimized with the Yoast SEO plugin v27.4 - https:\/\/yoast.com\/product\/yoast-seo-wordpress\/ -->\n<title>Gift card Masajul Reginei - 120 minute - THAIco SPA<\/title>\n<meta name=\"robots\" content=\"index, follow, max-snippet:-1, max-image-preview:large, max-video-preview:-1\" \/>\n<link rel=\"canonical\" href=\"https:\/\/thaicospa.ro\/en\/gift-card\/queen-massage-120-minute\/\" \/>\n<meta property=\"og:locale\" content=\"en_US\" \/>\n<meta property=\"og:type\" content=\"article\" \/>\n<meta property=\"og:title\" content=\"Gift card Masajul Reginei - 120 minute - THAIco SPA\" \/>\n<meta property=\"og:description\" content=\"Masajul Reginei sau ,,masajul la \u0219ase m\u00e2ini\u201d este un tratament corporal complet \u00een care trei terapeuti \u00een arta masajului thailandez combin\u0103 presopunctura cu mi\u0219c\u0103ri line \u0219i potrivite ca intensitate \u0219i de compresie bl\u00e2nd\u0103, pentru a u\u0219ura durerile musculare, tensiunea \u0219i [&hellip;]\" \/>\n<meta property=\"og:url\" content=\"https:\/\/thaicospa.ro\/en\/gift-card\/queen-massage-120-minute\/\" \/>\n<meta property=\"og:site_name\" content=\"THAIco SPA\" \/>\n<meta property=\"article:publisher\" content=\"https:\/\/www.facebook.com\/THAIcoSPA\/\" \/>\n<meta property=\"article:modified_time\" content=\"2025-08-01T11:52:46+00:00\" \/>\n<meta property=\"og:image\" content=\"https:\/\/thaicospa.ro\/wp-content\/uploads\/2022\/03\/regina-120.png\" \/>\n\t<meta property=\"og:image:width\" content=\"1748\" \/>\n\t<meta property=\"og:image:height\" content=\"1240\" \/>\n\t<meta property=\"og:image:type\" content=\"image\/png\" \/>\n<meta name=\"twitter:card\" content=\"summary_large_image\" \/>\n<meta name=\"twitter:label1\" content=\"Est. reading time\" \/>\n\t<meta name=\"twitter:data1\" content=\"1 minute\" \/>\n<script type=\"application\/ld+json\" class=\"yoast-schema-graph\">{\"@context\":\"https:\\\/\\\/schema.org\",\"@graph\":[{\"@type\":\"WebPage\",\"@id\":\"https:\\\/\\\/thaicospa.ro\\\/gift-card\\\/masajul-reginei-120-minute\\\/\",\"url\":\"https:\\\/\\\/thaicospa.ro\\\/gift-card\\\/masajul-reginei-120-minute\\\/\",\"name\":\"Gift card Masajul Reginei - 120 minute - THAIco SPA\",\"isPartOf\":{\"@id\":\"https:\\\/\\\/thaicospa.ro\\\/#website\"},\"primaryImageOfPage\":{\"@id\":\"https:\\\/\\\/thaicospa.ro\\\/gift-card\\\/masajul-reginei-120-minute\\\/#primaryimage\"},\"image\":{\"@id\":\"https:\\\/\\\/thaicospa.ro\\\/gift-card\\\/masajul-reginei-120-minute\\\/#primaryimage\"},\"thumbnailUrl\":\"https:\\\/\\\/thaicospa.ro\\\/wp-content\\\/uploads\\\/2022\\\/03\\\/regina-120.png\",\"datePublished\":\"2022-03-01T12:58:47+00:00\",\"dateModified\":\"2025-08-01T11:52:46+00:00\",\"breadcrumb\":{\"@id\":\"https:\\\/\\\/thaicospa.ro\\\/gift-card\\\/masajul-reginei-120-minute\\\/#breadcrumb\"},\"inLanguage\":\"en-US\",\"potentialAction\":[{\"@type\":\"ReadAction\",\"target\":[\"https:\\\/\\\/thaicospa.ro\\\/gift-card\\\/masajul-reginei-120-minute\\\/\"]}]},{\"@type\":\"ImageObject\",\"inLanguage\":\"en-US\",\"@id\":\"https:\\\/\\\/thaicospa.ro\\\/gift-card\\\/masajul-reginei-120-minute\\\/#primaryimage\",\"url\":\"https:\\\/\\\/thaicospa.ro\\\/wp-content\\\/uploads\\\/2022\\\/03\\\/regina-120.png\",\"contentUrl\":\"https:\\\/\\\/thaicospa.ro\\\/wp-content\\\/uploads\\\/2022\\\/03\\\/regina-120.png\",\"width\":1748,\"height\":1240},{\"@type\":\"BreadcrumbList\",\"@id\":\"https:\\\/\\\/thaicospa.ro\\\/gift-card\\\/masajul-reginei-120-minute\\\/#breadcrumb\",\"itemListElement\":[{\"@type\":\"ListItem\",\"position\":1,\"name\":\"Prima pagin\u0103\",\"item\":\"https:\\\/\\\/thaicospa.ro\\\/\"},{\"@type\":\"ListItem\",\"position\":2,\"name\":\"Gift Card\",\"item\":\"https:\\\/\\\/thaicospa.ro\\\/gift-card\\\/\"},{\"@type\":\"ListItem\",\"position\":3,\"name\":\"Gift card Masajul Reginei &#8211; 120 minute\"}]},{\"@type\":\"WebSite\",\"@id\":\"https:\\\/\\\/thaicospa.ro\\\/#website\",\"url\":\"https:\\\/\\\/thaicospa.ro\\\/\",\"name\":\"THAIco SPA\",\"description\":\"\",\"potentialAction\":[{\"@type\":\"SearchAction\",\"target\":{\"@type\":\"EntryPoint\",\"urlTemplate\":\"https:\\\/\\\/thaicospa.ro\\\/?s={search_term_string}\"},\"query-input\":{\"@type\":\"PropertyValueSpecification\",\"valueRequired\":true,\"valueName\":\"search_term_string\"}}],\"inLanguage\":\"en-US\"}]}<\/script>\n<!-- \/ Yoast SEO plugin. -->","yoast_head_json":{"title":"Gift card Queen's Massage - 120 minutes - THAIco SPA","robots":{"index":"index","follow":"follow","max-snippet":"max-snippet:-1","max-image-preview":"max-image-preview:large","max-video-preview":"max-video-preview:-1"},"canonical":"https:\/\/thaicospa.ro\/en\/gift-card\/queen-massage-120-minute\/","og_locale":"en_US","og_type":"article","og_title":"Gift card Masajul Reginei - 120 minute - THAIco SPA","og_description":"Masajul Reginei sau ,,masajul la \u0219ase m\u00e2ini\u201d este un tratament corporal complet \u00een care trei terapeuti \u00een arta masajului thailandez combin\u0103 presopunctura cu mi\u0219c\u0103ri line \u0219i potrivite ca intensitate \u0219i de compresie bl\u00e2nd\u0103, pentru a u\u0219ura durerile musculare, tensiunea \u0219i [&hellip;]","og_url":"https:\/\/thaicospa.ro\/en\/gift-card\/queen-massage-120-minute\/","og_site_name":"THAIco SPA","article_publisher":"https:\/\/www.facebook.com\/THAIcoSPA\/","article_modified_time":"2025-08-01T11:52:46+00:00","og_image":[{"width":1748,"height":1240,"url":"https:\/\/thaicospa.ro\/wp-content\/uploads\/2022\/03\/regina-120.png","type":"image\/png"}],"twitter_card":"summary_large_image","twitter_misc":{"Est. reading time":"1 minute"},"schema":{"@context":"https:\/\/schema.org","@graph":[{"@type":"WebPage","@id":"https:\/\/thaicospa.ro\/gift-card\/masajul-reginei-120-minute\/","url":"https:\/\/thaicospa.ro\/gift-card\/masajul-reginei-120-minute\/","name":"Gift card Queen's Massage - 120 minutes - THAIco SPA","isPartOf":{"@id":"https:\/\/thaicospa.ro\/#website"},"primaryImageOfPage":{"@id":"https:\/\/thaicospa.ro\/gift-card\/masajul-reginei-120-minute\/#primaryimage"},"image":{"@id":"https:\/\/thaicospa.ro\/gift-card\/masajul-reginei-120-minute\/#primaryimage"},"thumbnailUrl":"https:\/\/thaicospa.ro\/wp-content\/uploads\/2022\/03\/regina-120.png","datePublished":"2022-03-01T12:58:47+00:00","dateModified":"2025-08-01T11:52:46+00:00","breadcrumb":{"@id":"https:\/\/thaicospa.ro\/gift-card\/masajul-reginei-120-minute\/#breadcrumb"},"inLanguage":"en-US","potentialAction":[{"@type":"ReadAction","target":["https:\/\/thaicospa.ro\/gift-card\/masajul-reginei-120-minute\/"]}]},{"@type":"ImageObject","inLanguage":"en-US","@id":"https:\/\/thaicospa.ro\/gift-card\/masajul-reginei-120-minute\/#primaryimage","url":"https:\/\/thaicospa.ro\/wp-content\/uploads\/2022\/03\/regina-120.png","contentUrl":"https:\/\/thaicospa.ro\/wp-content\/uploads\/2022\/03\/regina-120.png","width":1748,"height":1240},{"@type":"BreadcrumbList","@id":"https:\/\/thaicospa.ro\/gift-card\/masajul-reginei-120-minute\/#breadcrumb","itemListElement":[{"@type":"ListItem","position":1,"name":"Prima pagin\u0103","item":"https:\/\/thaicospa.ro\/"},{"@type":"ListItem","position":2,"name":"Gift Card","item":"https:\/\/thaicospa.ro\/gift-card\/"},{"@type":"ListItem","position":3,"name":"Gift card Masajul Reginei &#8211; 120 minute"}]},{"@type":"WebSite","@id":"https:\/\/thaicospa.ro\/#website","url":"https:\/\/thaicospa.ro\/","name":"THAIco SPA","description":"","potentialAction":[{"@type":"SearchAction","target":{"@type":"EntryPoint","urlTemplate":"https:\/\/thaicospa.ro\/?s={search_term_string}"},"query-input":{"@type":"PropertyValueSpecification","valueRequired":true,"valueName":"search_term_string"}}],"inLanguage":"en-US"}]}},"_links":{"self":[{"href":"https:\/\/thaicospa.ro\/en\/wp-json\/wp\/v2\/product\/31709","targetHints":{"allow":["GET"]}}],"collection":[{"href":"https:\/\/thaicospa.ro\/en\/wp-json\/wp\/v2\/product"}],"about":[{"href":"https:\/\/thaicospa.ro\/en\/wp-json\/wp\/v2\/types\/product"}],"wp:featuredmedia":[{"embeddable":true,"href":"https:\/\/thaicospa.ro\/en\/wp-json\/wp\/v2\/media\/51692"}],"wp:attachment":[{"href":"https:\/\/thaicospa.ro\/en\/wp-json\/wp\/v2\/media?parent=31709"}],"wp:term":[{"taxonomy":"product_brand","embeddable":true,"href":"https:\/\/thaicospa.ro\/en\/wp-json\/wp\/v2\/product_brand?post=31709"},{"taxonomy":"product_cat","embeddable":true,"href":"https:\/\/thaicospa.ro\/en\/wp-json\/wp\/v2\/product_cat?post=31709"},{"taxonomy":"product_tag","embeddable":true,"href":"https:\/\/thaicospa.ro\/en\/wp-json\/wp\/v2\/product_tag?post=31709"}],"curies":[{"name":"wp","href":"https:\/\/api.w.org\/{rel}","templated":true}]}}