{"id":26176,"date":"2021-07-22T13:00:54","date_gmt":"2021-07-22T10:00:54","guid":{"rendered":"https:\/\/beta.thaicospa.ro\/?post_type=product&#038;p=26176"},"modified":"2025-08-01T14:52:45","modified_gmt":"2025-08-01T11:52:45","slug":"thai-massage-90-minutes","status":"publish","type":"product","link":"https:\/\/thaicospa.ro\/en\/gift-card\/thai-massage-90-minutes\/","title":{"rendered":"THAIco Massage - 90 minutes"},"content":{"rendered":"<p>A combination of massage techniques in an explosion of sensations! Western techniques blend with Eastern philosophy, giving you extraordinary sensations and body healing. The THAIco massage is performed on a special Thai massage mat and is a unique combination of traditional Thai massage, Swedish massage, Balinese massage, and aromatherapy.<\/p>","protected":false},"excerpt":{"rendered":"<p>O combina\u021bie de tehnici de masaj \u00eentr-o explozie de senza\u0163ii! Tehnicile occidentale se \u00eembin\u0103 cu filozofia oriental\u0103, oferindu-v\u0103 senza\u021bii extraordinare \u015fi vindecarea trupului. Masajul THAIco se realizeaz\u0103 pe o saltea specifica masajului thailandez \u0219i este o combina\u021bie unic\u0103 de masaj [&hellip;]<\/p>\n","protected":false},"featured_media":51697,"template":"","meta":{"_monsterinsights_skip_tracking":false,"_monsterinsights_sitenote_active":false,"_monsterinsights_sitenote_note":"","_monsterinsights_sitenote_category":0},"product_brand":[],"product_cat":[3],"product_tag":[],"class_list":{"0":"post-26176","1":"product","2":"type-product","3":"status-publish","4":"has-post-thumbnail","6":"product_cat-gift-card","8":"first","9":"instock","10":"downloadable","11":"virtual","12":"taxable","13":"purchasable","14":"product-type-simple"},"yoast_head":"<!-- This site is optimized with the Yoast SEO plugin v27.4 - https:\/\/yoast.com\/product\/yoast-seo-wordpress\/ -->\n<title>Masaj THAIco - 90 minute - THAIco SPA<\/title>\n<meta name=\"robots\" content=\"index, follow, max-snippet:-1, max-image-preview:large, max-video-preview:-1\" \/>\n<link rel=\"canonical\" href=\"https:\/\/thaicospa.ro\/en\/gift-card\/thai-massage-90-minutes\/\" \/>\n<meta property=\"og:locale\" content=\"en_US\" \/>\n<meta property=\"og:type\" content=\"article\" \/>\n<meta property=\"og:title\" content=\"Masaj THAIco - 90 minute - THAIco SPA\" \/>\n<meta property=\"og:description\" content=\"O combina\u021bie de tehnici de masaj \u00eentr-o explozie de senza\u0163ii! Tehnicile occidentale se \u00eembin\u0103 cu filozofia oriental\u0103, oferindu-v\u0103 senza\u021bii extraordinare \u015fi vindecarea trupului. Masajul THAIco se realizeaz\u0103 pe o saltea specifica masajului thailandez \u0219i este o combina\u021bie unic\u0103 de masaj [&hellip;]\" \/>\n<meta property=\"og:url\" content=\"https:\/\/thaicospa.ro\/en\/gift-card\/thai-massage-90-minutes\/\" \/>\n<meta property=\"og:site_name\" content=\"THAIco SPA\" \/>\n<meta property=\"article:publisher\" content=\"https:\/\/www.facebook.com\/THAIcoSPA\/\" \/>\n<meta property=\"article:modified_time\" content=\"2025-08-01T11:52:45+00:00\" \/>\n<meta property=\"og:image\" content=\"https:\/\/thaicospa.ro\/wp-content\/uploads\/2021\/07\/thaico-90.png\" \/>\n\t<meta property=\"og:image:width\" content=\"1748\" \/>\n\t<meta property=\"og:image:height\" content=\"1240\" \/>\n\t<meta property=\"og:image:type\" content=\"image\/png\" \/>\n<meta name=\"twitter:card\" content=\"summary_large_image\" \/>\n<script type=\"application\/ld+json\" class=\"yoast-schema-graph\">{\"@context\":\"https:\\\/\\\/schema.org\",\"@graph\":[{\"@type\":\"WebPage\",\"@id\":\"https:\\\/\\\/thaicospa.ro\\\/gift-card\\\/masaj-thaico-90-minute\\\/\",\"url\":\"https:\\\/\\\/thaicospa.ro\\\/gift-card\\\/masaj-thaico-90-minute\\\/\",\"name\":\"Masaj THAIco - 90 minute - THAIco SPA\",\"isPartOf\":{\"@id\":\"https:\\\/\\\/thaicospa.ro\\\/#website\"},\"primaryImageOfPage\":{\"@id\":\"https:\\\/\\\/thaicospa.ro\\\/gift-card\\\/masaj-thaico-90-minute\\\/#primaryimage\"},\"image\":{\"@id\":\"https:\\\/\\\/thaicospa.ro\\\/gift-card\\\/masaj-thaico-90-minute\\\/#primaryimage\"},\"thumbnailUrl\":\"https:\\\/\\\/thaicospa.ro\\\/wp-content\\\/uploads\\\/2021\\\/07\\\/thaico-90.png\",\"datePublished\":\"2021-07-22T10:00:54+00:00\",\"dateModified\":\"2025-08-01T11:52:45+00:00\",\"breadcrumb\":{\"@id\":\"https:\\\/\\\/thaicospa.ro\\\/gift-card\\\/masaj-thaico-90-minute\\\/#breadcrumb\"},\"inLanguage\":\"en-US\",\"potentialAction\":[{\"@type\":\"ReadAction\",\"target\":[\"https:\\\/\\\/thaicospa.ro\\\/gift-card\\\/masaj-thaico-90-minute\\\/\"]}]},{\"@type\":\"ImageObject\",\"inLanguage\":\"en-US\",\"@id\":\"https:\\\/\\\/thaicospa.ro\\\/gift-card\\\/masaj-thaico-90-minute\\\/#primaryimage\",\"url\":\"https:\\\/\\\/thaicospa.ro\\\/wp-content\\\/uploads\\\/2021\\\/07\\\/thaico-90.png\",\"contentUrl\":\"https:\\\/\\\/thaicospa.ro\\\/wp-content\\\/uploads\\\/2021\\\/07\\\/thaico-90.png\",\"width\":1748,\"height\":1240},{\"@type\":\"BreadcrumbList\",\"@id\":\"https:\\\/\\\/thaicospa.ro\\\/gift-card\\\/masaj-thaico-90-minute\\\/#breadcrumb\",\"itemListElement\":[{\"@type\":\"ListItem\",\"position\":1,\"name\":\"Prima pagin\u0103\",\"item\":\"https:\\\/\\\/thaicospa.ro\\\/\"},{\"@type\":\"ListItem\",\"position\":2,\"name\":\"Gift Card\",\"item\":\"https:\\\/\\\/thaicospa.ro\\\/gift-card\\\/\"},{\"@type\":\"ListItem\",\"position\":3,\"name\":\"Masaj THAIco &#8211; 90 minute\"}]},{\"@type\":\"WebSite\",\"@id\":\"https:\\\/\\\/thaicospa.ro\\\/#website\",\"url\":\"https:\\\/\\\/thaicospa.ro\\\/\",\"name\":\"THAIco SPA\",\"description\":\"\",\"potentialAction\":[{\"@type\":\"SearchAction\",\"target\":{\"@type\":\"EntryPoint\",\"urlTemplate\":\"https:\\\/\\\/thaicospa.ro\\\/?s={search_term_string}\"},\"query-input\":{\"@type\":\"PropertyValueSpecification\",\"valueRequired\":true,\"valueName\":\"search_term_string\"}}],\"inLanguage\":\"en-US\"}]}<\/script>\n<!-- \/ Yoast SEO plugin. -->","yoast_head_json":{"title":"THAIco Massage - 90 minutes - THAIco SPA","robots":{"index":"index","follow":"follow","max-snippet":"max-snippet:-1","max-image-preview":"max-image-preview:large","max-video-preview":"max-video-preview:-1"},"canonical":"https:\/\/thaicospa.ro\/en\/gift-card\/thai-massage-90-minutes\/","og_locale":"en_US","og_type":"article","og_title":"Masaj THAIco - 90 minute - THAIco SPA","og_description":"O combina\u021bie de tehnici de masaj \u00eentr-o explozie de senza\u0163ii! Tehnicile occidentale se \u00eembin\u0103 cu filozofia oriental\u0103, oferindu-v\u0103 senza\u021bii extraordinare \u015fi vindecarea trupului. Masajul THAIco se realizeaz\u0103 pe o saltea specifica masajului thailandez \u0219i este o combina\u021bie unic\u0103 de masaj [&hellip;]","og_url":"https:\/\/thaicospa.ro\/en\/gift-card\/thai-massage-90-minutes\/","og_site_name":"THAIco SPA","article_publisher":"https:\/\/www.facebook.com\/THAIcoSPA\/","article_modified_time":"2025-08-01T11:52:45+00:00","og_image":[{"width":1748,"height":1240,"url":"https:\/\/thaicospa.ro\/wp-content\/uploads\/2021\/07\/thaico-90.png","type":"image\/png"}],"twitter_card":"summary_large_image","schema":{"@context":"https:\/\/schema.org","@graph":[{"@type":"WebPage","@id":"https:\/\/thaicospa.ro\/gift-card\/masaj-thaico-90-minute\/","url":"https:\/\/thaicospa.ro\/gift-card\/masaj-thaico-90-minute\/","name":"THAIco Massage - 90 minutes - THAIco SPA","isPartOf":{"@id":"https:\/\/thaicospa.ro\/#website"},"primaryImageOfPage":{"@id":"https:\/\/thaicospa.ro\/gift-card\/masaj-thaico-90-minute\/#primaryimage"},"image":{"@id":"https:\/\/thaicospa.ro\/gift-card\/masaj-thaico-90-minute\/#primaryimage"},"thumbnailUrl":"https:\/\/thaicospa.ro\/wp-content\/uploads\/2021\/07\/thaico-90.png","datePublished":"2021-07-22T10:00:54+00:00","dateModified":"2025-08-01T11:52:45+00:00","breadcrumb":{"@id":"https:\/\/thaicospa.ro\/gift-card\/masaj-thaico-90-minute\/#breadcrumb"},"inLanguage":"en-US","potentialAction":[{"@type":"ReadAction","target":["https:\/\/thaicospa.ro\/gift-card\/masaj-thaico-90-minute\/"]}]},{"@type":"ImageObject","inLanguage":"en-US","@id":"https:\/\/thaicospa.ro\/gift-card\/masaj-thaico-90-minute\/#primaryimage","url":"https:\/\/thaicospa.ro\/wp-content\/uploads\/2021\/07\/thaico-90.png","contentUrl":"https:\/\/thaicospa.ro\/wp-content\/uploads\/2021\/07\/thaico-90.png","width":1748,"height":1240},{"@type":"BreadcrumbList","@id":"https:\/\/thaicospa.ro\/gift-card\/masaj-thaico-90-minute\/#breadcrumb","itemListElement":[{"@type":"ListItem","position":1,"name":"Prima pagin\u0103","item":"https:\/\/thaicospa.ro\/"},{"@type":"ListItem","position":2,"name":"Gift Card","item":"https:\/\/thaicospa.ro\/gift-card\/"},{"@type":"ListItem","position":3,"name":"Masaj THAIco &#8211; 90 minute"}]},{"@type":"WebSite","@id":"https:\/\/thaicospa.ro\/#website","url":"https:\/\/thaicospa.ro\/","name":"THAIco SPA","description":"","potentialAction":[{"@type":"SearchAction","target":{"@type":"EntryPoint","urlTemplate":"https:\/\/thaicospa.ro\/?s={search_term_string}"},"query-input":{"@type":"PropertyValueSpecification","valueRequired":true,"valueName":"search_term_string"}}],"inLanguage":"en-US"}]}},"_links":{"self":[{"href":"https:\/\/thaicospa.ro\/en\/wp-json\/wp\/v2\/product\/26176","targetHints":{"allow":["GET"]}}],"collection":[{"href":"https:\/\/thaicospa.ro\/en\/wp-json\/wp\/v2\/product"}],"about":[{"href":"https:\/\/thaicospa.ro\/en\/wp-json\/wp\/v2\/types\/product"}],"wp:featuredmedia":[{"embeddable":true,"href":"https:\/\/thaicospa.ro\/en\/wp-json\/wp\/v2\/media\/51697"}],"wp:attachment":[{"href":"https:\/\/thaicospa.ro\/en\/wp-json\/wp\/v2\/media?parent=26176"}],"wp:term":[{"taxonomy":"product_brand","embeddable":true,"href":"https:\/\/thaicospa.ro\/en\/wp-json\/wp\/v2\/product_brand?post=26176"},{"taxonomy":"product_cat","embeddable":true,"href":"https:\/\/thaicospa.ro\/en\/wp-json\/wp\/v2\/product_cat?post=26176"},{"taxonomy":"product_tag","embeddable":true,"href":"https:\/\/thaicospa.ro\/en\/wp-json\/wp\/v2\/product_tag?post=26176"}],"curies":[{"name":"wp","href":"https:\/\/api.w.org\/{rel}","templated":true}]}}