{"id":26145,"date":"2021-07-22T09:54:41","date_gmt":"2021-07-22T06:54:41","guid":{"rendered":"https:\/\/beta.thaicospa.ro\/?post_type=product&#038;p=26145"},"modified":"2025-08-01T14:52:44","modified_gmt":"2025-08-01T11:52:44","slug":"hot-stone-massage-90-minutes","status":"publish","type":"product","link":"https:\/\/thaicospa.ro\/en\/gift-card\/masaj-cu-pietre-calde-90-minute\/","title":{"rendered":"Hot Stone Massage - 90 minutes"},"content":{"rendered":"<p>It is a balancing and rejuvenating massage and the stones placed on key energy points will relax and open your meridians, while the aromatherapy oil will relax you. Hot stone therapy removes tension, soothes the soul, releases toxins from the body and stimulates circulation and metabolism.<\/p>","protected":false},"excerpt":{"rendered":"<p>Este un masaj de echilibrare \u0219i \u00eentinerire, iar pietrele pozi\u021bionate pe punctele energetice cheie v\u0103 vor relaxa \u0219i v\u0103 vor deschide meridianele, \u00een timp ce uleiul pentru aromaterapie v\u0103 va relaxa. Terapia cu pietre calde \u00eendep\u0103rteaz\u0103 tensiunea, calmeaz\u0103 sufletul, elibereaz\u0103 [&hellip;]<\/p>\n","protected":false},"featured_media":51677,"template":"","meta":{"_monsterinsights_skip_tracking":false,"_monsterinsights_sitenote_active":false,"_monsterinsights_sitenote_note":"","_monsterinsights_sitenote_category":0},"product_brand":[],"product_cat":[3],"product_tag":[],"class_list":{"0":"post-26145","1":"product","2":"type-product","3":"status-publish","4":"has-post-thumbnail","6":"product_cat-gift-card","8":"first","9":"instock","10":"downloadable","11":"virtual","12":"taxable","13":"purchasable","14":"product-type-simple"},"yoast_head":"<!-- This site is optimized with the Yoast SEO plugin v27.5 - https:\/\/yoast.com\/product\/yoast-seo-wordpress\/ -->\n<title>Masaj Cu Pietre Calde - 90 minute - THAIco SPA<\/title>\n<meta name=\"robots\" content=\"index, follow, max-snippet:-1, max-image-preview:large, max-video-preview:-1\" \/>\n<link rel=\"canonical\" href=\"https:\/\/thaicospa.ro\/en\/gift-card\/hot-stone-massage-90-minutes\/\" \/>\n<meta property=\"og:locale\" content=\"en_US\" \/>\n<meta property=\"og:type\" content=\"article\" \/>\n<meta property=\"og:title\" content=\"Masaj Cu Pietre Calde - 90 minute - THAIco SPA\" \/>\n<meta property=\"og:description\" content=\"Este un masaj de echilibrare \u0219i \u00eentinerire, iar pietrele pozi\u021bionate pe punctele energetice cheie v\u0103 vor relaxa \u0219i v\u0103 vor deschide meridianele, \u00een timp ce uleiul pentru aromaterapie v\u0103 va relaxa. Terapia cu pietre calde \u00eendep\u0103rteaz\u0103 tensiunea, calmeaz\u0103 sufletul, elibereaz\u0103 [&hellip;]\" \/>\n<meta property=\"og:url\" content=\"https:\/\/thaicospa.ro\/en\/gift-card\/hot-stone-massage-90-minutes\/\" \/>\n<meta property=\"og:site_name\" content=\"THAIco SPA\" \/>\n<meta property=\"article:publisher\" content=\"https:\/\/www.facebook.com\/THAIcoSPA\/\" \/>\n<meta property=\"article:modified_time\" content=\"2025-08-01T11:52:44+00:00\" \/>\n<meta property=\"og:image\" content=\"https:\/\/thaicospa.ro\/wp-content\/uploads\/2021\/07\/pietrec-calde-90.png\" \/>\n\t<meta property=\"og:image:width\" content=\"1748\" \/>\n\t<meta property=\"og:image:height\" content=\"1240\" \/>\n\t<meta property=\"og:image:type\" content=\"image\/png\" \/>\n<meta name=\"twitter:card\" content=\"summary_large_image\" \/>\n<script type=\"application\/ld+json\" class=\"yoast-schema-graph\">{\"@context\":\"https:\\\/\\\/schema.org\",\"@graph\":[{\"@type\":\"WebPage\",\"@id\":\"https:\\\/\\\/thaicospa.ro\\\/gift-card\\\/masaj-cu-pietre-calde-90-minute\\\/\",\"url\":\"https:\\\/\\\/thaicospa.ro\\\/gift-card\\\/masaj-cu-pietre-calde-90-minute\\\/\",\"name\":\"Masaj Cu Pietre Calde - 90 minute - THAIco SPA\",\"isPartOf\":{\"@id\":\"https:\\\/\\\/thaicospa.ro\\\/#website\"},\"primaryImageOfPage\":{\"@id\":\"https:\\\/\\\/thaicospa.ro\\\/gift-card\\\/masaj-cu-pietre-calde-90-minute\\\/#primaryimage\"},\"image\":{\"@id\":\"https:\\\/\\\/thaicospa.ro\\\/gift-card\\\/masaj-cu-pietre-calde-90-minute\\\/#primaryimage\"},\"thumbnailUrl\":\"https:\\\/\\\/thaicospa.ro\\\/wp-content\\\/uploads\\\/2021\\\/07\\\/pietrec-calde-90.png\",\"datePublished\":\"2021-07-22T06:54:41+00:00\",\"dateModified\":\"2025-08-01T11:52:44+00:00\",\"breadcrumb\":{\"@id\":\"https:\\\/\\\/thaicospa.ro\\\/gift-card\\\/masaj-cu-pietre-calde-90-minute\\\/#breadcrumb\"},\"inLanguage\":\"en-US\",\"potentialAction\":[{\"@type\":\"ReadAction\",\"target\":[\"https:\\\/\\\/thaicospa.ro\\\/gift-card\\\/masaj-cu-pietre-calde-90-minute\\\/\"]}]},{\"@type\":\"ImageObject\",\"inLanguage\":\"en-US\",\"@id\":\"https:\\\/\\\/thaicospa.ro\\\/gift-card\\\/masaj-cu-pietre-calde-90-minute\\\/#primaryimage\",\"url\":\"https:\\\/\\\/thaicospa.ro\\\/wp-content\\\/uploads\\\/2021\\\/07\\\/pietrec-calde-90.png\",\"contentUrl\":\"https:\\\/\\\/thaicospa.ro\\\/wp-content\\\/uploads\\\/2021\\\/07\\\/pietrec-calde-90.png\",\"width\":1748,\"height\":1240},{\"@type\":\"BreadcrumbList\",\"@id\":\"https:\\\/\\\/thaicospa.ro\\\/gift-card\\\/masaj-cu-pietre-calde-90-minute\\\/#breadcrumb\",\"itemListElement\":[{\"@type\":\"ListItem\",\"position\":1,\"name\":\"Prima pagin\u0103\",\"item\":\"https:\\\/\\\/thaicospa.ro\\\/\"},{\"@type\":\"ListItem\",\"position\":2,\"name\":\"Gift Card\",\"item\":\"https:\\\/\\\/thaicospa.ro\\\/gift-card\\\/\"},{\"@type\":\"ListItem\",\"position\":3,\"name\":\"Masaj Cu Pietre Calde &#8211; 90 minute\"}]},{\"@type\":\"WebSite\",\"@id\":\"https:\\\/\\\/thaicospa.ro\\\/#website\",\"url\":\"https:\\\/\\\/thaicospa.ro\\\/\",\"name\":\"THAIco SPA\",\"description\":\"\",\"potentialAction\":[{\"@type\":\"SearchAction\",\"target\":{\"@type\":\"EntryPoint\",\"urlTemplate\":\"https:\\\/\\\/thaicospa.ro\\\/?s={search_term_string}\"},\"query-input\":{\"@type\":\"PropertyValueSpecification\",\"valueRequired\":true,\"valueName\":\"search_term_string\"}}],\"inLanguage\":\"en-US\"}]}<\/script>\n<!-- \/ Yoast SEO plugin. -->","yoast_head_json":{"title":"Hot Stone Massage - 90 minutes - THAIco SPA","robots":{"index":"index","follow":"follow","max-snippet":"max-snippet:-1","max-image-preview":"max-image-preview:large","max-video-preview":"max-video-preview:-1"},"canonical":"https:\/\/thaicospa.ro\/en\/gift-card\/hot-stone-massage-90-minutes\/","og_locale":"en_US","og_type":"article","og_title":"Masaj Cu Pietre Calde - 90 minute - THAIco SPA","og_description":"Este un masaj de echilibrare \u0219i \u00eentinerire, iar pietrele pozi\u021bionate pe punctele energetice cheie v\u0103 vor relaxa \u0219i v\u0103 vor deschide meridianele, \u00een timp ce uleiul pentru aromaterapie v\u0103 va relaxa. Terapia cu pietre calde \u00eendep\u0103rteaz\u0103 tensiunea, calmeaz\u0103 sufletul, elibereaz\u0103 [&hellip;]","og_url":"https:\/\/thaicospa.ro\/en\/gift-card\/hot-stone-massage-90-minutes\/","og_site_name":"THAIco SPA","article_publisher":"https:\/\/www.facebook.com\/THAIcoSPA\/","article_modified_time":"2025-08-01T11:52:44+00:00","og_image":[{"width":1748,"height":1240,"url":"https:\/\/thaicospa.ro\/wp-content\/uploads\/2021\/07\/pietrec-calde-90.png","type":"image\/png"}],"twitter_card":"summary_large_image","schema":{"@context":"https:\/\/schema.org","@graph":[{"@type":"WebPage","@id":"https:\/\/thaicospa.ro\/gift-card\/masaj-cu-pietre-calde-90-minute\/","url":"https:\/\/thaicospa.ro\/gift-card\/masaj-cu-pietre-calde-90-minute\/","name":"Hot Stone Massage - 90 minutes - THAIco SPA","isPartOf":{"@id":"https:\/\/thaicospa.ro\/#website"},"primaryImageOfPage":{"@id":"https:\/\/thaicospa.ro\/gift-card\/masaj-cu-pietre-calde-90-minute\/#primaryimage"},"image":{"@id":"https:\/\/thaicospa.ro\/gift-card\/masaj-cu-pietre-calde-90-minute\/#primaryimage"},"thumbnailUrl":"https:\/\/thaicospa.ro\/wp-content\/uploads\/2021\/07\/pietrec-calde-90.png","datePublished":"2021-07-22T06:54:41+00:00","dateModified":"2025-08-01T11:52:44+00:00","breadcrumb":{"@id":"https:\/\/thaicospa.ro\/gift-card\/masaj-cu-pietre-calde-90-minute\/#breadcrumb"},"inLanguage":"en-US","potentialAction":[{"@type":"ReadAction","target":["https:\/\/thaicospa.ro\/gift-card\/masaj-cu-pietre-calde-90-minute\/"]}]},{"@type":"ImageObject","inLanguage":"en-US","@id":"https:\/\/thaicospa.ro\/gift-card\/masaj-cu-pietre-calde-90-minute\/#primaryimage","url":"https:\/\/thaicospa.ro\/wp-content\/uploads\/2021\/07\/pietrec-calde-90.png","contentUrl":"https:\/\/thaicospa.ro\/wp-content\/uploads\/2021\/07\/pietrec-calde-90.png","width":1748,"height":1240},{"@type":"BreadcrumbList","@id":"https:\/\/thaicospa.ro\/gift-card\/masaj-cu-pietre-calde-90-minute\/#breadcrumb","itemListElement":[{"@type":"ListItem","position":1,"name":"Prima pagin\u0103","item":"https:\/\/thaicospa.ro\/"},{"@type":"ListItem","position":2,"name":"Gift Card","item":"https:\/\/thaicospa.ro\/gift-card\/"},{"@type":"ListItem","position":3,"name":"Masaj Cu Pietre Calde &#8211; 90 minute"}]},{"@type":"WebSite","@id":"https:\/\/thaicospa.ro\/#website","url":"https:\/\/thaicospa.ro\/","name":"THAIco SPA","description":"","potentialAction":[{"@type":"SearchAction","target":{"@type":"EntryPoint","urlTemplate":"https:\/\/thaicospa.ro\/?s={search_term_string}"},"query-input":{"@type":"PropertyValueSpecification","valueRequired":true,"valueName":"search_term_string"}}],"inLanguage":"en-US"}]}},"_links":{"self":[{"href":"https:\/\/thaicospa.ro\/en\/wp-json\/wp\/v2\/product\/26145","targetHints":{"allow":["GET"]}}],"collection":[{"href":"https:\/\/thaicospa.ro\/en\/wp-json\/wp\/v2\/product"}],"about":[{"href":"https:\/\/thaicospa.ro\/en\/wp-json\/wp\/v2\/types\/product"}],"wp:featuredmedia":[{"embeddable":true,"href":"https:\/\/thaicospa.ro\/en\/wp-json\/wp\/v2\/media\/51677"}],"wp:attachment":[{"href":"https:\/\/thaicospa.ro\/en\/wp-json\/wp\/v2\/media?parent=26145"}],"wp:term":[{"taxonomy":"product_brand","embeddable":true,"href":"https:\/\/thaicospa.ro\/en\/wp-json\/wp\/v2\/product_brand?post=26145"},{"taxonomy":"product_cat","embeddable":true,"href":"https:\/\/thaicospa.ro\/en\/wp-json\/wp\/v2\/product_cat?post=26145"},{"taxonomy":"product_tag","embeddable":true,"href":"https:\/\/thaicospa.ro\/en\/wp-json\/wp\/v2\/product_tag?post=26145"}],"curies":[{"name":"wp","href":"https:\/\/api.w.org\/{rel}","templated":true}]}}