{"id":26135,"date":"2021-07-21T14:26:37","date_gmt":"2021-07-21T11:26:37","guid":{"rendered":"https:\/\/beta.thaicospa.ro\/?post_type=product&#038;p=26135"},"modified":"2025-10-24T09:54:25","modified_gmt":"2025-10-24T06:54:25","slug":"massage-deep-tissue-120-minute","status":"publish","type":"product","link":"https:\/\/thaicospa.ro\/en\/gift-card\/masaj-deep-tissue-120-minute\/","title":{"rendered":"Deep Tissue Massage - 120 minutes"},"content":{"rendered":"<p>Deep Tissue Massage is a therapy that focuses on realigning the layers of muscle and connective tissue. It is helpful for chronically tense and contracted areas such as a stiff neck, tightness in the lower back, and painful shoulders.<\/p>","protected":false},"excerpt":{"rendered":"<p>Deep Tissue Massage is a therapy that focuses on realigning the layers of muscle and connective tissue. It is helpful for chronically tense and contracted areas such as a stiff neck, tightness in the lower back, and painful shoulders.<\/p>","protected":false},"featured_media":51657,"template":"","meta":{"_monsterinsights_skip_tracking":false,"_monsterinsights_sitenote_active":false,"_monsterinsights_sitenote_note":"","_monsterinsights_sitenote_category":0},"product_brand":[],"product_cat":[3],"product_tag":[],"class_list":{"0":"post-26135","1":"product","2":"type-product","3":"status-publish","4":"has-post-thumbnail","6":"product_cat-gift-card","8":"first","9":"instock","10":"downloadable","11":"virtual","12":"taxable","13":"purchasable","14":"product-type-simple"},"yoast_head":"<!-- This site is optimized with the Yoast SEO plugin v27.5 - https:\/\/yoast.com\/product\/yoast-seo-wordpress\/ -->\n<title>Masaj Deep Tissue - 120 minute - THAIco SPA<\/title>\n<meta name=\"robots\" content=\"index, follow, max-snippet:-1, max-image-preview:large, max-video-preview:-1\" \/>\n<link rel=\"canonical\" href=\"https:\/\/thaicospa.ro\/en\/gift-card\/massage-deep-tissue-120-minute\/\" \/>\n<meta property=\"og:locale\" content=\"en_US\" \/>\n<meta property=\"og:type\" content=\"article\" \/>\n<meta property=\"og:title\" content=\"Masaj Deep Tissue - 120 minute - THAIco SPA\" \/>\n<meta property=\"og:description\" content=\"Masajul Deep Tissue este o terapie care se concentreaz\u0103 pe realinierea straturilor mu\u0219chilor \u0219i a \u021besutului conjunctiv. Este de ajutor pentru zonele tensionate \u0219i contractate cronic, precum g\u00e2tul \u00een\u021bepenit, senza\u021bia de ap\u0103sare \u00een zona lombar\u0103 \u0219i umerii durero\u0219i.\" \/>\n<meta property=\"og:url\" content=\"https:\/\/thaicospa.ro\/en\/gift-card\/massage-deep-tissue-120-minute\/\" \/>\n<meta property=\"og:site_name\" content=\"THAIco SPA\" \/>\n<meta property=\"article:publisher\" content=\"https:\/\/www.facebook.com\/THAIcoSPA\/\" \/>\n<meta property=\"article:modified_time\" content=\"2025-10-24T06:54:25+00:00\" \/>\n<meta property=\"og:image\" content=\"https:\/\/thaicospa.ro\/wp-content\/uploads\/2021\/07\/deep-tissue-120.png\" \/>\n\t<meta property=\"og:image:width\" content=\"1748\" \/>\n\t<meta property=\"og:image:height\" content=\"1240\" \/>\n\t<meta property=\"og:image:type\" content=\"image\/png\" \/>\n<meta name=\"twitter:card\" content=\"summary_large_image\" \/>\n<meta name=\"twitter:label1\" content=\"Est. reading time\" \/>\n\t<meta name=\"twitter:data1\" content=\"1 minute\" \/>\n<script type=\"application\/ld+json\" class=\"yoast-schema-graph\">{\"@context\":\"https:\\\/\\\/schema.org\",\"@graph\":[{\"@type\":\"WebPage\",\"@id\":\"https:\\\/\\\/thaicospa.ro\\\/gift-card\\\/masaj-deep-tissue-120-minute\\\/\",\"url\":\"https:\\\/\\\/thaicospa.ro\\\/gift-card\\\/masaj-deep-tissue-120-minute\\\/\",\"name\":\"Masaj Deep Tissue - 120 minute - THAIco SPA\",\"isPartOf\":{\"@id\":\"https:\\\/\\\/thaicospa.ro\\\/#website\"},\"primaryImageOfPage\":{\"@id\":\"https:\\\/\\\/thaicospa.ro\\\/gift-card\\\/masaj-deep-tissue-120-minute\\\/#primaryimage\"},\"image\":{\"@id\":\"https:\\\/\\\/thaicospa.ro\\\/gift-card\\\/masaj-deep-tissue-120-minute\\\/#primaryimage\"},\"thumbnailUrl\":\"https:\\\/\\\/thaicospa.ro\\\/wp-content\\\/uploads\\\/2021\\\/07\\\/deep-tissue-120.png\",\"datePublished\":\"2021-07-21T11:26:37+00:00\",\"dateModified\":\"2025-10-24T06:54:25+00:00\",\"breadcrumb\":{\"@id\":\"https:\\\/\\\/thaicospa.ro\\\/gift-card\\\/masaj-deep-tissue-120-minute\\\/#breadcrumb\"},\"inLanguage\":\"en-US\",\"potentialAction\":[{\"@type\":\"ReadAction\",\"target\":[\"https:\\\/\\\/thaicospa.ro\\\/gift-card\\\/masaj-deep-tissue-120-minute\\\/\"]}]},{\"@type\":\"ImageObject\",\"inLanguage\":\"en-US\",\"@id\":\"https:\\\/\\\/thaicospa.ro\\\/gift-card\\\/masaj-deep-tissue-120-minute\\\/#primaryimage\",\"url\":\"https:\\\/\\\/thaicospa.ro\\\/wp-content\\\/uploads\\\/2021\\\/07\\\/deep-tissue-120.png\",\"contentUrl\":\"https:\\\/\\\/thaicospa.ro\\\/wp-content\\\/uploads\\\/2021\\\/07\\\/deep-tissue-120.png\",\"width\":1748,\"height\":1240},{\"@type\":\"BreadcrumbList\",\"@id\":\"https:\\\/\\\/thaicospa.ro\\\/gift-card\\\/masaj-deep-tissue-120-minute\\\/#breadcrumb\",\"itemListElement\":[{\"@type\":\"ListItem\",\"position\":1,\"name\":\"Prima pagin\u0103\",\"item\":\"https:\\\/\\\/thaicospa.ro\\\/\"},{\"@type\":\"ListItem\",\"position\":2,\"name\":\"Gift Card\",\"item\":\"https:\\\/\\\/thaicospa.ro\\\/gift-card\\\/\"},{\"@type\":\"ListItem\",\"position\":3,\"name\":\"Masaj Deep Tissue &#8211; 120 minute\"}]},{\"@type\":\"WebSite\",\"@id\":\"https:\\\/\\\/thaicospa.ro\\\/#website\",\"url\":\"https:\\\/\\\/thaicospa.ro\\\/\",\"name\":\"THAIco SPA\",\"description\":\"\",\"potentialAction\":[{\"@type\":\"SearchAction\",\"target\":{\"@type\":\"EntryPoint\",\"urlTemplate\":\"https:\\\/\\\/thaicospa.ro\\\/?s={search_term_string}\"},\"query-input\":{\"@type\":\"PropertyValueSpecification\",\"valueRequired\":true,\"valueName\":\"search_term_string\"}}],\"inLanguage\":\"en-US\"}]}<\/script>\n<!-- \/ Yoast SEO plugin. -->","yoast_head_json":{"title":"Deep Tissue Massage - 120 minutes - THAIco SPA","robots":{"index":"index","follow":"follow","max-snippet":"max-snippet:-1","max-image-preview":"max-image-preview:large","max-video-preview":"max-video-preview:-1"},"canonical":"https:\/\/thaicospa.ro\/en\/gift-card\/massage-deep-tissue-120-minute\/","og_locale":"en_US","og_type":"article","og_title":"Masaj Deep Tissue - 120 minute - THAIco SPA","og_description":"Masajul Deep Tissue este o terapie care se concentreaz\u0103 pe realinierea straturilor mu\u0219chilor \u0219i a \u021besutului conjunctiv. Este de ajutor pentru zonele tensionate \u0219i contractate cronic, precum g\u00e2tul \u00een\u021bepenit, senza\u021bia de ap\u0103sare \u00een zona lombar\u0103 \u0219i umerii durero\u0219i.","og_url":"https:\/\/thaicospa.ro\/en\/gift-card\/massage-deep-tissue-120-minute\/","og_site_name":"THAIco SPA","article_publisher":"https:\/\/www.facebook.com\/THAIcoSPA\/","article_modified_time":"2025-10-24T06:54:25+00:00","og_image":[{"width":1748,"height":1240,"url":"https:\/\/thaicospa.ro\/wp-content\/uploads\/2021\/07\/deep-tissue-120.png","type":"image\/png"}],"twitter_card":"summary_large_image","twitter_misc":{"Est. reading time":"1 minute"},"schema":{"@context":"https:\/\/schema.org","@graph":[{"@type":"WebPage","@id":"https:\/\/thaicospa.ro\/gift-card\/masaj-deep-tissue-120-minute\/","url":"https:\/\/thaicospa.ro\/gift-card\/masaj-deep-tissue-120-minute\/","name":"Deep Tissue Massage - 120 minutes - THAIco SPA","isPartOf":{"@id":"https:\/\/thaicospa.ro\/#website"},"primaryImageOfPage":{"@id":"https:\/\/thaicospa.ro\/gift-card\/masaj-deep-tissue-120-minute\/#primaryimage"},"image":{"@id":"https:\/\/thaicospa.ro\/gift-card\/masaj-deep-tissue-120-minute\/#primaryimage"},"thumbnailUrl":"https:\/\/thaicospa.ro\/wp-content\/uploads\/2021\/07\/deep-tissue-120.png","datePublished":"2021-07-21T11:26:37+00:00","dateModified":"2025-10-24T06:54:25+00:00","breadcrumb":{"@id":"https:\/\/thaicospa.ro\/gift-card\/masaj-deep-tissue-120-minute\/#breadcrumb"},"inLanguage":"en-US","potentialAction":[{"@type":"ReadAction","target":["https:\/\/thaicospa.ro\/gift-card\/masaj-deep-tissue-120-minute\/"]}]},{"@type":"ImageObject","inLanguage":"en-US","@id":"https:\/\/thaicospa.ro\/gift-card\/masaj-deep-tissue-120-minute\/#primaryimage","url":"https:\/\/thaicospa.ro\/wp-content\/uploads\/2021\/07\/deep-tissue-120.png","contentUrl":"https:\/\/thaicospa.ro\/wp-content\/uploads\/2021\/07\/deep-tissue-120.png","width":1748,"height":1240},{"@type":"BreadcrumbList","@id":"https:\/\/thaicospa.ro\/gift-card\/masaj-deep-tissue-120-minute\/#breadcrumb","itemListElement":[{"@type":"ListItem","position":1,"name":"Prima pagin\u0103","item":"https:\/\/thaicospa.ro\/"},{"@type":"ListItem","position":2,"name":"Gift Card","item":"https:\/\/thaicospa.ro\/gift-card\/"},{"@type":"ListItem","position":3,"name":"Masaj Deep Tissue &#8211; 120 minute"}]},{"@type":"WebSite","@id":"https:\/\/thaicospa.ro\/#website","url":"https:\/\/thaicospa.ro\/","name":"THAIco SPA","description":"","potentialAction":[{"@type":"SearchAction","target":{"@type":"EntryPoint","urlTemplate":"https:\/\/thaicospa.ro\/?s={search_term_string}"},"query-input":{"@type":"PropertyValueSpecification","valueRequired":true,"valueName":"search_term_string"}}],"inLanguage":"en-US"}]}},"_links":{"self":[{"href":"https:\/\/thaicospa.ro\/en\/wp-json\/wp\/v2\/product\/26135","targetHints":{"allow":["GET"]}}],"collection":[{"href":"https:\/\/thaicospa.ro\/en\/wp-json\/wp\/v2\/product"}],"about":[{"href":"https:\/\/thaicospa.ro\/en\/wp-json\/wp\/v2\/types\/product"}],"wp:featuredmedia":[{"embeddable":true,"href":"https:\/\/thaicospa.ro\/en\/wp-json\/wp\/v2\/media\/51657"}],"wp:attachment":[{"href":"https:\/\/thaicospa.ro\/en\/wp-json\/wp\/v2\/media?parent=26135"}],"wp:term":[{"taxonomy":"product_brand","embeddable":true,"href":"https:\/\/thaicospa.ro\/en\/wp-json\/wp\/v2\/product_brand?post=26135"},{"taxonomy":"product_cat","embeddable":true,"href":"https:\/\/thaicospa.ro\/en\/wp-json\/wp\/v2\/product_cat?post=26135"},{"taxonomy":"product_tag","embeddable":true,"href":"https:\/\/thaicospa.ro\/en\/wp-json\/wp\/v2\/product_tag?post=26135"}],"curies":[{"name":"wp","href":"https:\/\/api.w.org\/{rel}","templated":true}]}}