{"id":25523,"date":"2021-03-01T18:33:39","date_gmt":"2021-03-01T15:33:39","guid":{"rendered":"https:\/\/beta.thaicospa.ro\/produs\/import-placeholder-for-4628\/"},"modified":"2025-08-01T14:52:42","modified_gmt":"2025-08-01T11:52:42","slug":"swedish-massage","status":"publish","type":"product","link":"https:\/\/thaicospa.ro\/en\/gift-card\/swedish-massage\/","title":{"rendered":"Swedish Massage - 60 minutes"},"content":{"rendered":"<p>This is a massage treatment that warms and removes fatigue and pain in the muscles and calms the mind. The therapist uses smooth and appropriate movements during the gentle massage, which invigorates the body's natural healing system and deeply relaxes.<\/p>","protected":false},"excerpt":{"rendered":"<p>Acesta este un tratament prin masaj care \u00eenc\u0103lze\u0219te \u0219i \u00eendep\u0103rteaz\u0103 oboseala \u0219i durerea resim\u021bite la nivelul mu\u0219chilor \u0219i calmeaz\u0103 mintea. Terapeutul foloseste mi\u0219c\u0103ri line \u0219i potrivite\u00a0 \u00een timpul masajului delicat, care revigoreaz\u0103 sistemul natural de vindecare al organismului \u015fi relaxeaz\u0103 [&hellip;]<\/p>\n","protected":false},"featured_media":51719,"template":"","meta":{"_monsterinsights_skip_tracking":false,"_monsterinsights_sitenote_active":false,"_monsterinsights_sitenote_note":"","_monsterinsights_sitenote_category":0},"product_brand":[],"product_cat":[3],"product_tag":[],"class_list":{"0":"post-25523","1":"product","2":"type-product","3":"status-publish","4":"has-post-thumbnail","6":"product_cat-gift-card","8":"first","9":"instock","10":"downloadable","11":"virtual","12":"taxable","13":"purchasable","14":"product-type-simple"},"yoast_head":"<!-- This site is optimized with the Yoast SEO plugin v27.4 - https:\/\/yoast.com\/product\/yoast-seo-wordpress\/ -->\n<title>Masaj Suedez - 60 minute - THAIco SPA<\/title>\n<meta name=\"robots\" content=\"index, follow, max-snippet:-1, max-image-preview:large, max-video-preview:-1\" \/>\n<link rel=\"canonical\" href=\"https:\/\/thaicospa.ro\/en\/gift-card\/swedish-massage\/\" \/>\n<meta property=\"og:locale\" content=\"en_US\" \/>\n<meta property=\"og:type\" content=\"article\" \/>\n<meta property=\"og:title\" content=\"Masaj Suedez - 60 minute - THAIco SPA\" \/>\n<meta property=\"og:description\" content=\"Acesta este un tratament prin masaj care \u00eenc\u0103lze\u0219te \u0219i \u00eendep\u0103rteaz\u0103 oboseala \u0219i durerea resim\u021bite la nivelul mu\u0219chilor \u0219i calmeaz\u0103 mintea. Terapeutul foloseste mi\u0219c\u0103ri line \u0219i potrivite\u00a0 \u00een timpul masajului delicat, care revigoreaz\u0103 sistemul natural de vindecare al organismului \u015fi relaxeaz\u0103 [&hellip;]\" \/>\n<meta property=\"og:url\" content=\"https:\/\/thaicospa.ro\/en\/gift-card\/swedish-massage\/\" \/>\n<meta property=\"og:site_name\" content=\"THAIco SPA\" \/>\n<meta property=\"article:publisher\" content=\"https:\/\/www.facebook.com\/THAIcoSPA\/\" \/>\n<meta property=\"article:modified_time\" content=\"2025-08-01T11:52:42+00:00\" \/>\n<meta property=\"og:image\" content=\"https:\/\/thaicospa.ro\/wp-content\/uploads\/2021\/03\/suedez-60-2.png\" \/>\n\t<meta property=\"og:image:width\" content=\"1748\" \/>\n\t<meta property=\"og:image:height\" content=\"1240\" \/>\n\t<meta property=\"og:image:type\" content=\"image\/png\" \/>\n<meta name=\"twitter:card\" content=\"summary_large_image\" \/>\n<script type=\"application\/ld+json\" class=\"yoast-schema-graph\">{\"@context\":\"https:\\\/\\\/schema.org\",\"@graph\":[{\"@type\":\"WebPage\",\"@id\":\"https:\\\/\\\/thaicospa.ro\\\/gift-card\\\/masaj-suedez\\\/\",\"url\":\"https:\\\/\\\/thaicospa.ro\\\/gift-card\\\/masaj-suedez\\\/\",\"name\":\"Masaj Suedez - 60 minute - THAIco SPA\",\"isPartOf\":{\"@id\":\"https:\\\/\\\/thaicospa.ro\\\/#website\"},\"primaryImageOfPage\":{\"@id\":\"https:\\\/\\\/thaicospa.ro\\\/gift-card\\\/masaj-suedez\\\/#primaryimage\"},\"image\":{\"@id\":\"https:\\\/\\\/thaicospa.ro\\\/gift-card\\\/masaj-suedez\\\/#primaryimage\"},\"thumbnailUrl\":\"https:\\\/\\\/thaicospa.ro\\\/wp-content\\\/uploads\\\/2021\\\/03\\\/suedez-60-2.png\",\"datePublished\":\"2021-03-01T15:33:39+00:00\",\"dateModified\":\"2025-08-01T11:52:42+00:00\",\"breadcrumb\":{\"@id\":\"https:\\\/\\\/thaicospa.ro\\\/gift-card\\\/masaj-suedez\\\/#breadcrumb\"},\"inLanguage\":\"en-US\",\"potentialAction\":[{\"@type\":\"ReadAction\",\"target\":[\"https:\\\/\\\/thaicospa.ro\\\/gift-card\\\/masaj-suedez\\\/\"]}]},{\"@type\":\"ImageObject\",\"inLanguage\":\"en-US\",\"@id\":\"https:\\\/\\\/thaicospa.ro\\\/gift-card\\\/masaj-suedez\\\/#primaryimage\",\"url\":\"https:\\\/\\\/thaicospa.ro\\\/wp-content\\\/uploads\\\/2021\\\/03\\\/suedez-60-2.png\",\"contentUrl\":\"https:\\\/\\\/thaicospa.ro\\\/wp-content\\\/uploads\\\/2021\\\/03\\\/suedez-60-2.png\",\"width\":1748,\"height\":1240},{\"@type\":\"BreadcrumbList\",\"@id\":\"https:\\\/\\\/thaicospa.ro\\\/gift-card\\\/masaj-suedez\\\/#breadcrumb\",\"itemListElement\":[{\"@type\":\"ListItem\",\"position\":1,\"name\":\"Prima pagin\u0103\",\"item\":\"https:\\\/\\\/thaicospa.ro\\\/\"},{\"@type\":\"ListItem\",\"position\":2,\"name\":\"Gift Card\",\"item\":\"https:\\\/\\\/thaicospa.ro\\\/gift-card\\\/\"},{\"@type\":\"ListItem\",\"position\":3,\"name\":\"Masaj Suedez &#8211; 60 minute\"}]},{\"@type\":\"WebSite\",\"@id\":\"https:\\\/\\\/thaicospa.ro\\\/#website\",\"url\":\"https:\\\/\\\/thaicospa.ro\\\/\",\"name\":\"THAIco SPA\",\"description\":\"\",\"potentialAction\":[{\"@type\":\"SearchAction\",\"target\":{\"@type\":\"EntryPoint\",\"urlTemplate\":\"https:\\\/\\\/thaicospa.ro\\\/?s={search_term_string}\"},\"query-input\":{\"@type\":\"PropertyValueSpecification\",\"valueRequired\":true,\"valueName\":\"search_term_string\"}}],\"inLanguage\":\"en-US\"}]}<\/script>\n<!-- \/ Yoast SEO plugin. -->","yoast_head_json":{"title":"Swedish Massage - 60 minutes - THAIco SPA","robots":{"index":"index","follow":"follow","max-snippet":"max-snippet:-1","max-image-preview":"max-image-preview:large","max-video-preview":"max-video-preview:-1"},"canonical":"https:\/\/thaicospa.ro\/en\/gift-card\/swedish-massage\/","og_locale":"en_US","og_type":"article","og_title":"Masaj Suedez - 60 minute - THAIco SPA","og_description":"Acesta este un tratament prin masaj care \u00eenc\u0103lze\u0219te \u0219i \u00eendep\u0103rteaz\u0103 oboseala \u0219i durerea resim\u021bite la nivelul mu\u0219chilor \u0219i calmeaz\u0103 mintea. Terapeutul foloseste mi\u0219c\u0103ri line \u0219i potrivite\u00a0 \u00een timpul masajului delicat, care revigoreaz\u0103 sistemul natural de vindecare al organismului \u015fi relaxeaz\u0103 [&hellip;]","og_url":"https:\/\/thaicospa.ro\/en\/gift-card\/swedish-massage\/","og_site_name":"THAIco SPA","article_publisher":"https:\/\/www.facebook.com\/THAIcoSPA\/","article_modified_time":"2025-08-01T11:52:42+00:00","og_image":[{"width":1748,"height":1240,"url":"https:\/\/thaicospa.ro\/wp-content\/uploads\/2021\/03\/suedez-60-2.png","type":"image\/png"}],"twitter_card":"summary_large_image","schema":{"@context":"https:\/\/schema.org","@graph":[{"@type":"WebPage","@id":"https:\/\/thaicospa.ro\/gift-card\/masaj-suedez\/","url":"https:\/\/thaicospa.ro\/gift-card\/masaj-suedez\/","name":"Swedish Massage - 60 minutes - THAIco SPA","isPartOf":{"@id":"https:\/\/thaicospa.ro\/#website"},"primaryImageOfPage":{"@id":"https:\/\/thaicospa.ro\/gift-card\/masaj-suedez\/#primaryimage"},"image":{"@id":"https:\/\/thaicospa.ro\/gift-card\/masaj-suedez\/#primaryimage"},"thumbnailUrl":"https:\/\/thaicospa.ro\/wp-content\/uploads\/2021\/03\/suedez-60-2.png","datePublished":"2021-03-01T15:33:39+00:00","dateModified":"2025-08-01T11:52:42+00:00","breadcrumb":{"@id":"https:\/\/thaicospa.ro\/gift-card\/masaj-suedez\/#breadcrumb"},"inLanguage":"en-US","potentialAction":[{"@type":"ReadAction","target":["https:\/\/thaicospa.ro\/gift-card\/masaj-suedez\/"]}]},{"@type":"ImageObject","inLanguage":"en-US","@id":"https:\/\/thaicospa.ro\/gift-card\/masaj-suedez\/#primaryimage","url":"https:\/\/thaicospa.ro\/wp-content\/uploads\/2021\/03\/suedez-60-2.png","contentUrl":"https:\/\/thaicospa.ro\/wp-content\/uploads\/2021\/03\/suedez-60-2.png","width":1748,"height":1240},{"@type":"BreadcrumbList","@id":"https:\/\/thaicospa.ro\/gift-card\/masaj-suedez\/#breadcrumb","itemListElement":[{"@type":"ListItem","position":1,"name":"Prima pagin\u0103","item":"https:\/\/thaicospa.ro\/"},{"@type":"ListItem","position":2,"name":"Gift Card","item":"https:\/\/thaicospa.ro\/gift-card\/"},{"@type":"ListItem","position":3,"name":"Masaj Suedez &#8211; 60 minute"}]},{"@type":"WebSite","@id":"https:\/\/thaicospa.ro\/#website","url":"https:\/\/thaicospa.ro\/","name":"THAIco SPA","description":"","potentialAction":[{"@type":"SearchAction","target":{"@type":"EntryPoint","urlTemplate":"https:\/\/thaicospa.ro\/?s={search_term_string}"},"query-input":{"@type":"PropertyValueSpecification","valueRequired":true,"valueName":"search_term_string"}}],"inLanguage":"en-US"}]}},"_links":{"self":[{"href":"https:\/\/thaicospa.ro\/en\/wp-json\/wp\/v2\/product\/25523","targetHints":{"allow":["GET"]}}],"collection":[{"href":"https:\/\/thaicospa.ro\/en\/wp-json\/wp\/v2\/product"}],"about":[{"href":"https:\/\/thaicospa.ro\/en\/wp-json\/wp\/v2\/types\/product"}],"wp:featuredmedia":[{"embeddable":true,"href":"https:\/\/thaicospa.ro\/en\/wp-json\/wp\/v2\/media\/51719"}],"wp:attachment":[{"href":"https:\/\/thaicospa.ro\/en\/wp-json\/wp\/v2\/media?parent=25523"}],"wp:term":[{"taxonomy":"product_brand","embeddable":true,"href":"https:\/\/thaicospa.ro\/en\/wp-json\/wp\/v2\/product_brand?post=25523"},{"taxonomy":"product_cat","embeddable":true,"href":"https:\/\/thaicospa.ro\/en\/wp-json\/wp\/v2\/product_cat?post=25523"},{"taxonomy":"product_tag","embeddable":true,"href":"https:\/\/thaicospa.ro\/en\/wp-json\/wp\/v2\/product_tag?post=25523"}],"curies":[{"name":"wp","href":"https:\/\/api.w.org\/{rel}","templated":true}]}}