{"id":25498,"date":"2021-03-01T18:32:48","date_gmt":"2021-03-01T15:32:48","guid":{"rendered":"https:\/\/beta.thaicospa.ro\/produs\/import-placeholder-for-4474\/"},"modified":"2025-08-01T14:52:42","modified_gmt":"2025-08-01T11:52:42","slug":"treatment-ten-affected-by-rosacea-caperosis","status":"publish","type":"product","link":"https:\/\/thaicospa.ro\/en\/gift-card\/treatment-ten-affected-by-rosacea-caperosis\/","title":{"rendered":"Treatment Ten Cuprosis \/ Rosacea"},"content":{"rendered":"<p>Dilated capillaries that appear in the cheek and nose area may be caused by high blood pressure and environmental conditions or may occur as a result of excessive heat or cold. The 24\/7 couperose serum soothes and reduces redness. Cellular support molecules strengthen capillary walls.<br \/>\n2 treatments per week are recommended.<\/p>","protected":false},"excerpt":{"rendered":"<p>Capilarele dilatate care apar \u00een zona obrajilor \u0219i a nasului pot fi cauzate de de tensiunea ridicat\u0103 \u0219i de condi\u021biile de mediu sau pot ap\u0103rea ca urmare a c\u0103ldurii sau a frigului excesiv. Serul pentru cuperoz\u0103 24\/7 calmeaz\u0103 \u0219i reduce [&hellip;]<\/p>\n","protected":false},"featured_media":51726,"template":"","meta":{"_monsterinsights_skip_tracking":false,"_monsterinsights_sitenote_active":false,"_monsterinsights_sitenote_note":"","_monsterinsights_sitenote_category":0},"product_brand":[],"product_cat":[3],"product_tag":[],"class_list":{"0":"post-25498","1":"product","2":"type-product","3":"status-publish","4":"has-post-thumbnail","6":"product_cat-gift-card","8":"first","9":"instock","10":"downloadable","11":"virtual","12":"taxable","13":"purchasable","14":"product-type-simple"},"yoast_head":"<!-- This site is optimized with the Yoast SEO plugin v27.4 - https:\/\/yoast.com\/product\/yoast-seo-wordpress\/ -->\n<title>Tratament Ten Cuperoz\u0103 \/ Rozacee - THAIco SPA<\/title>\n<meta name=\"robots\" content=\"index, follow, max-snippet:-1, max-image-preview:large, max-video-preview:-1\" \/>\n<link rel=\"canonical\" href=\"https:\/\/thaicospa.ro\/en\/gift-card\/treatment-ten-affected-by-rosacea-caperosis\/\" \/>\n<meta property=\"og:locale\" content=\"en_US\" \/>\n<meta property=\"og:type\" content=\"article\" \/>\n<meta property=\"og:title\" content=\"Tratament Ten Cuperoz\u0103 \/ Rozacee - THAIco SPA\" \/>\n<meta property=\"og:description\" content=\"Capilarele dilatate care apar \u00een zona obrajilor \u0219i a nasului pot fi cauzate de de tensiunea ridicat\u0103 \u0219i de condi\u021biile de mediu sau pot ap\u0103rea ca urmare a c\u0103ldurii sau a frigului excesiv. Serul pentru cuperoz\u0103 24\/7 calmeaz\u0103 \u0219i reduce [&hellip;]\" \/>\n<meta property=\"og:url\" content=\"https:\/\/thaicospa.ro\/en\/gift-card\/treatment-ten-affected-by-rosacea-caperosis\/\" \/>\n<meta property=\"og:site_name\" content=\"THAIco SPA\" \/>\n<meta property=\"article:publisher\" content=\"https:\/\/www.facebook.com\/THAIcoSPA\/\" \/>\n<meta property=\"article:modified_time\" content=\"2025-08-01T11:52:42+00:00\" \/>\n<meta property=\"og:image\" content=\"https:\/\/thaicospa.ro\/wp-content\/uploads\/2021\/03\/tratament-cuperoza.png\" \/>\n\t<meta property=\"og:image:width\" content=\"1748\" \/>\n\t<meta property=\"og:image:height\" content=\"1240\" \/>\n\t<meta property=\"og:image:type\" content=\"image\/png\" \/>\n<meta name=\"twitter:card\" content=\"summary_large_image\" \/>\n<meta name=\"twitter:label1\" content=\"Est. reading time\" \/>\n\t<meta name=\"twitter:data1\" content=\"1 minute\" \/>\n<script type=\"application\/ld+json\" class=\"yoast-schema-graph\">{\"@context\":\"https:\\\/\\\/schema.org\",\"@graph\":[{\"@type\":\"WebPage\",\"@id\":\"https:\\\/\\\/thaicospa.ro\\\/gift-card\\\/tratament-ten-afectat-de-cuperoza-rozacee\\\/\",\"url\":\"https:\\\/\\\/thaicospa.ro\\\/gift-card\\\/tratament-ten-afectat-de-cuperoza-rozacee\\\/\",\"name\":\"Tratament Ten Cuperoz\u0103 \\\/ Rozacee - THAIco SPA\",\"isPartOf\":{\"@id\":\"https:\\\/\\\/thaicospa.ro\\\/#website\"},\"primaryImageOfPage\":{\"@id\":\"https:\\\/\\\/thaicospa.ro\\\/gift-card\\\/tratament-ten-afectat-de-cuperoza-rozacee\\\/#primaryimage\"},\"image\":{\"@id\":\"https:\\\/\\\/thaicospa.ro\\\/gift-card\\\/tratament-ten-afectat-de-cuperoza-rozacee\\\/#primaryimage\"},\"thumbnailUrl\":\"https:\\\/\\\/thaicospa.ro\\\/wp-content\\\/uploads\\\/2021\\\/03\\\/tratament-cuperoza.png\",\"datePublished\":\"2021-03-01T15:32:48+00:00\",\"dateModified\":\"2025-08-01T11:52:42+00:00\",\"breadcrumb\":{\"@id\":\"https:\\\/\\\/thaicospa.ro\\\/gift-card\\\/tratament-ten-afectat-de-cuperoza-rozacee\\\/#breadcrumb\"},\"inLanguage\":\"en-US\",\"potentialAction\":[{\"@type\":\"ReadAction\",\"target\":[\"https:\\\/\\\/thaicospa.ro\\\/gift-card\\\/tratament-ten-afectat-de-cuperoza-rozacee\\\/\"]}]},{\"@type\":\"ImageObject\",\"inLanguage\":\"en-US\",\"@id\":\"https:\\\/\\\/thaicospa.ro\\\/gift-card\\\/tratament-ten-afectat-de-cuperoza-rozacee\\\/#primaryimage\",\"url\":\"https:\\\/\\\/thaicospa.ro\\\/wp-content\\\/uploads\\\/2021\\\/03\\\/tratament-cuperoza.png\",\"contentUrl\":\"https:\\\/\\\/thaicospa.ro\\\/wp-content\\\/uploads\\\/2021\\\/03\\\/tratament-cuperoza.png\",\"width\":1748,\"height\":1240},{\"@type\":\"BreadcrumbList\",\"@id\":\"https:\\\/\\\/thaicospa.ro\\\/gift-card\\\/tratament-ten-afectat-de-cuperoza-rozacee\\\/#breadcrumb\",\"itemListElement\":[{\"@type\":\"ListItem\",\"position\":1,\"name\":\"Prima pagin\u0103\",\"item\":\"https:\\\/\\\/thaicospa.ro\\\/\"},{\"@type\":\"ListItem\",\"position\":2,\"name\":\"Gift Card\",\"item\":\"https:\\\/\\\/thaicospa.ro\\\/gift-card\\\/\"},{\"@type\":\"ListItem\",\"position\":3,\"name\":\"Tratament Ten Cuperoz\u0103 \\\/ Rozacee\"}]},{\"@type\":\"WebSite\",\"@id\":\"https:\\\/\\\/thaicospa.ro\\\/#website\",\"url\":\"https:\\\/\\\/thaicospa.ro\\\/\",\"name\":\"THAIco SPA\",\"description\":\"\",\"potentialAction\":[{\"@type\":\"SearchAction\",\"target\":{\"@type\":\"EntryPoint\",\"urlTemplate\":\"https:\\\/\\\/thaicospa.ro\\\/?s={search_term_string}\"},\"query-input\":{\"@type\":\"PropertyValueSpecification\",\"valueRequired\":true,\"valueName\":\"search_term_string\"}}],\"inLanguage\":\"en-US\"}]}<\/script>\n<!-- \/ Yoast SEO plugin. -->","yoast_head_json":{"title":"Treatment Ten Cuprosis \/ Rosacea - THAIco SPA","robots":{"index":"index","follow":"follow","max-snippet":"max-snippet:-1","max-image-preview":"max-image-preview:large","max-video-preview":"max-video-preview:-1"},"canonical":"https:\/\/thaicospa.ro\/en\/gift-card\/treatment-ten-affected-by-rosacea-caperosis\/","og_locale":"en_US","og_type":"article","og_title":"Tratament Ten Cuperoz\u0103 \/ Rozacee - THAIco SPA","og_description":"Capilarele dilatate care apar \u00een zona obrajilor \u0219i a nasului pot fi cauzate de de tensiunea ridicat\u0103 \u0219i de condi\u021biile de mediu sau pot ap\u0103rea ca urmare a c\u0103ldurii sau a frigului excesiv. Serul pentru cuperoz\u0103 24\/7 calmeaz\u0103 \u0219i reduce [&hellip;]","og_url":"https:\/\/thaicospa.ro\/en\/gift-card\/treatment-ten-affected-by-rosacea-caperosis\/","og_site_name":"THAIco SPA","article_publisher":"https:\/\/www.facebook.com\/THAIcoSPA\/","article_modified_time":"2025-08-01T11:52:42+00:00","og_image":[{"width":1748,"height":1240,"url":"https:\/\/thaicospa.ro\/wp-content\/uploads\/2021\/03\/tratament-cuperoza.png","type":"image\/png"}],"twitter_card":"summary_large_image","twitter_misc":{"Est. reading time":"1 minute"},"schema":{"@context":"https:\/\/schema.org","@graph":[{"@type":"WebPage","@id":"https:\/\/thaicospa.ro\/gift-card\/tratament-ten-afectat-de-cuperoza-rozacee\/","url":"https:\/\/thaicospa.ro\/gift-card\/tratament-ten-afectat-de-cuperoza-rozacee\/","name":"Treatment Ten Cuprosis \/ Rosacea - THAIco SPA","isPartOf":{"@id":"https:\/\/thaicospa.ro\/#website"},"primaryImageOfPage":{"@id":"https:\/\/thaicospa.ro\/gift-card\/tratament-ten-afectat-de-cuperoza-rozacee\/#primaryimage"},"image":{"@id":"https:\/\/thaicospa.ro\/gift-card\/tratament-ten-afectat-de-cuperoza-rozacee\/#primaryimage"},"thumbnailUrl":"https:\/\/thaicospa.ro\/wp-content\/uploads\/2021\/03\/tratament-cuperoza.png","datePublished":"2021-03-01T15:32:48+00:00","dateModified":"2025-08-01T11:52:42+00:00","breadcrumb":{"@id":"https:\/\/thaicospa.ro\/gift-card\/tratament-ten-afectat-de-cuperoza-rozacee\/#breadcrumb"},"inLanguage":"en-US","potentialAction":[{"@type":"ReadAction","target":["https:\/\/thaicospa.ro\/gift-card\/tratament-ten-afectat-de-cuperoza-rozacee\/"]}]},{"@type":"ImageObject","inLanguage":"en-US","@id":"https:\/\/thaicospa.ro\/gift-card\/tratament-ten-afectat-de-cuperoza-rozacee\/#primaryimage","url":"https:\/\/thaicospa.ro\/wp-content\/uploads\/2021\/03\/tratament-cuperoza.png","contentUrl":"https:\/\/thaicospa.ro\/wp-content\/uploads\/2021\/03\/tratament-cuperoza.png","width":1748,"height":1240},{"@type":"BreadcrumbList","@id":"https:\/\/thaicospa.ro\/gift-card\/tratament-ten-afectat-de-cuperoza-rozacee\/#breadcrumb","itemListElement":[{"@type":"ListItem","position":1,"name":"Prima pagin\u0103","item":"https:\/\/thaicospa.ro\/"},{"@type":"ListItem","position":2,"name":"Gift Card","item":"https:\/\/thaicospa.ro\/gift-card\/"},{"@type":"ListItem","position":3,"name":"Tratament Ten Cuperoz\u0103 \/ Rozacee"}]},{"@type":"WebSite","@id":"https:\/\/thaicospa.ro\/#website","url":"https:\/\/thaicospa.ro\/","name":"THAIco SPA","description":"","potentialAction":[{"@type":"SearchAction","target":{"@type":"EntryPoint","urlTemplate":"https:\/\/thaicospa.ro\/?s={search_term_string}"},"query-input":{"@type":"PropertyValueSpecification","valueRequired":true,"valueName":"search_term_string"}}],"inLanguage":"en-US"}]}},"_links":{"self":[{"href":"https:\/\/thaicospa.ro\/en\/wp-json\/wp\/v2\/product\/25498","targetHints":{"allow":["GET"]}}],"collection":[{"href":"https:\/\/thaicospa.ro\/en\/wp-json\/wp\/v2\/product"}],"about":[{"href":"https:\/\/thaicospa.ro\/en\/wp-json\/wp\/v2\/types\/product"}],"wp:featuredmedia":[{"embeddable":true,"href":"https:\/\/thaicospa.ro\/en\/wp-json\/wp\/v2\/media\/51726"}],"wp:attachment":[{"href":"https:\/\/thaicospa.ro\/en\/wp-json\/wp\/v2\/media?parent=25498"}],"wp:term":[{"taxonomy":"product_brand","embeddable":true,"href":"https:\/\/thaicospa.ro\/en\/wp-json\/wp\/v2\/product_brand?post=25498"},{"taxonomy":"product_cat","embeddable":true,"href":"https:\/\/thaicospa.ro\/en\/wp-json\/wp\/v2\/product_cat?post=25498"},{"taxonomy":"product_tag","embeddable":true,"href":"https:\/\/thaicospa.ro\/en\/wp-json\/wp\/v2\/product_tag?post=25498"}],"curies":[{"name":"wp","href":"https:\/\/api.w.org\/{rel}","templated":true}]}}