{"id":25494,"date":"2021-03-01T18:32:46","date_gmt":"2021-03-01T15:32:46","guid":{"rendered":"https:\/\/beta.thaicospa.ro\/produs\/import-placeholder-for-4472\/"},"modified":"2025-08-01T14:52:41","modified_gmt":"2025-08-01T11:52:41","slug":"complex-h-expression-wrinkles-treatment","status":"publish","type":"product","link":"https:\/\/thaicospa.ro\/en\/gift-card\/complex-h-expression-wrinkles-treatment\/","title":{"rendered":"Complex H Treatment for Expression Wrinkles"},"content":{"rendered":"<p>The treatment is designed for expression lines, periorbital wrinkles (crow's feet) and wrinkles around the mouth.<br \/>\nThis special complex of active ingredients helps to both relax muscles and tone them.<br \/>\nThe intense rejuvenating effect is immediately visible.<br \/>\nOnce a week treatment is recommended.<\/p>","protected":false},"excerpt":{"rendered":"<p>Tratamentul este destinat ridurilor de expresie, celor periorbitale (laba g\u00e2\u0219tii) \u015fi celor din jurul gurii. Acest complex special de ingrediente active ajut\u0103 at\u00e2t la relaxarea musculaturii, c\u00e2t \u0219i la tonificare. Efectul intens de \u00eentinerire a tenului este vizibil imediat. Se [&hellip;]<\/p>\n","protected":false},"featured_media":51646,"template":"","meta":{"_monsterinsights_skip_tracking":false,"_monsterinsights_sitenote_active":false,"_monsterinsights_sitenote_note":"","_monsterinsights_sitenote_category":0},"product_brand":[],"product_cat":[3],"product_tag":[],"class_list":{"0":"post-25494","1":"product","2":"type-product","3":"status-publish","4":"has-post-thumbnail","6":"product_cat-gift-card","8":"first","9":"instock","10":"downloadable","11":"virtual","12":"taxable","13":"purchasable","14":"product-type-simple"},"yoast_head":"<!-- This site is optimized with the Yoast SEO plugin v27.4 - https:\/\/yoast.com\/product\/yoast-seo-wordpress\/ -->\n<title>Tratament Complex H Riduri De Expresie - THAIco SPA<\/title>\n<meta name=\"robots\" content=\"index, follow, max-snippet:-1, max-image-preview:large, max-video-preview:-1\" \/>\n<link rel=\"canonical\" href=\"https:\/\/thaicospa.ro\/en\/gift-card\/complex-h-expression-wrinkles-treatment\/\" \/>\n<meta property=\"og:locale\" content=\"en_US\" \/>\n<meta property=\"og:type\" content=\"article\" \/>\n<meta property=\"og:title\" content=\"Tratament Complex H Riduri De Expresie - THAIco SPA\" \/>\n<meta property=\"og:description\" content=\"Tratamentul este destinat ridurilor de expresie, celor periorbitale (laba g\u00e2\u0219tii) \u015fi celor din jurul gurii. Acest complex special de ingrediente active ajut\u0103 at\u00e2t la relaxarea musculaturii, c\u00e2t \u0219i la tonificare. Efectul intens de \u00eentinerire a tenului este vizibil imediat. Se [&hellip;]\" \/>\n<meta property=\"og:url\" content=\"https:\/\/thaicospa.ro\/en\/gift-card\/complex-h-expression-wrinkles-treatment\/\" \/>\n<meta property=\"og:site_name\" content=\"THAIco SPA\" \/>\n<meta property=\"article:publisher\" content=\"https:\/\/www.facebook.com\/THAIcoSPA\/\" \/>\n<meta property=\"article:modified_time\" content=\"2025-08-01T11:52:41+00:00\" \/>\n<meta property=\"og:image\" content=\"https:\/\/thaicospa.ro\/wp-content\/uploads\/2021\/03\/complex-h.png\" \/>\n\t<meta property=\"og:image:width\" content=\"1748\" \/>\n\t<meta property=\"og:image:height\" content=\"1240\" \/>\n\t<meta property=\"og:image:type\" content=\"image\/png\" \/>\n<meta name=\"twitter:card\" content=\"summary_large_image\" \/>\n<script type=\"application\/ld+json\" class=\"yoast-schema-graph\">{\"@context\":\"https:\\\/\\\/schema.org\",\"@graph\":[{\"@type\":\"WebPage\",\"@id\":\"https:\\\/\\\/thaicospa.ro\\\/gift-card\\\/tratament-complex-h-riduri-de-expresie\\\/\",\"url\":\"https:\\\/\\\/thaicospa.ro\\\/gift-card\\\/tratament-complex-h-riduri-de-expresie\\\/\",\"name\":\"Tratament Complex H Riduri De Expresie - THAIco SPA\",\"isPartOf\":{\"@id\":\"https:\\\/\\\/thaicospa.ro\\\/#website\"},\"primaryImageOfPage\":{\"@id\":\"https:\\\/\\\/thaicospa.ro\\\/gift-card\\\/tratament-complex-h-riduri-de-expresie\\\/#primaryimage\"},\"image\":{\"@id\":\"https:\\\/\\\/thaicospa.ro\\\/gift-card\\\/tratament-complex-h-riduri-de-expresie\\\/#primaryimage\"},\"thumbnailUrl\":\"https:\\\/\\\/thaicospa.ro\\\/wp-content\\\/uploads\\\/2021\\\/03\\\/complex-h.png\",\"datePublished\":\"2021-03-01T15:32:46+00:00\",\"dateModified\":\"2025-08-01T11:52:41+00:00\",\"breadcrumb\":{\"@id\":\"https:\\\/\\\/thaicospa.ro\\\/gift-card\\\/tratament-complex-h-riduri-de-expresie\\\/#breadcrumb\"},\"inLanguage\":\"en-US\",\"potentialAction\":[{\"@type\":\"ReadAction\",\"target\":[\"https:\\\/\\\/thaicospa.ro\\\/gift-card\\\/tratament-complex-h-riduri-de-expresie\\\/\"]}]},{\"@type\":\"ImageObject\",\"inLanguage\":\"en-US\",\"@id\":\"https:\\\/\\\/thaicospa.ro\\\/gift-card\\\/tratament-complex-h-riduri-de-expresie\\\/#primaryimage\",\"url\":\"https:\\\/\\\/thaicospa.ro\\\/wp-content\\\/uploads\\\/2021\\\/03\\\/complex-h.png\",\"contentUrl\":\"https:\\\/\\\/thaicospa.ro\\\/wp-content\\\/uploads\\\/2021\\\/03\\\/complex-h.png\",\"width\":1748,\"height\":1240},{\"@type\":\"BreadcrumbList\",\"@id\":\"https:\\\/\\\/thaicospa.ro\\\/gift-card\\\/tratament-complex-h-riduri-de-expresie\\\/#breadcrumb\",\"itemListElement\":[{\"@type\":\"ListItem\",\"position\":1,\"name\":\"Prima pagin\u0103\",\"item\":\"https:\\\/\\\/thaicospa.ro\\\/\"},{\"@type\":\"ListItem\",\"position\":2,\"name\":\"Gift Card\",\"item\":\"https:\\\/\\\/thaicospa.ro\\\/gift-card\\\/\"},{\"@type\":\"ListItem\",\"position\":3,\"name\":\"Tratament Complex H Riduri De Expresie\"}]},{\"@type\":\"WebSite\",\"@id\":\"https:\\\/\\\/thaicospa.ro\\\/#website\",\"url\":\"https:\\\/\\\/thaicospa.ro\\\/\",\"name\":\"THAIco SPA\",\"description\":\"\",\"potentialAction\":[{\"@type\":\"SearchAction\",\"target\":{\"@type\":\"EntryPoint\",\"urlTemplate\":\"https:\\\/\\\/thaicospa.ro\\\/?s={search_term_string}\"},\"query-input\":{\"@type\":\"PropertyValueSpecification\",\"valueRequired\":true,\"valueName\":\"search_term_string\"}}],\"inLanguage\":\"en-US\"}]}<\/script>\n<!-- \/ Yoast SEO plugin. -->","yoast_head_json":{"title":"Complex Treatment H Expression Wrinkles - THAIco SPA","robots":{"index":"index","follow":"follow","max-snippet":"max-snippet:-1","max-image-preview":"max-image-preview:large","max-video-preview":"max-video-preview:-1"},"canonical":"https:\/\/thaicospa.ro\/en\/gift-card\/complex-h-expression-wrinkles-treatment\/","og_locale":"en_US","og_type":"article","og_title":"Tratament Complex H Riduri De Expresie - THAIco SPA","og_description":"Tratamentul este destinat ridurilor de expresie, celor periorbitale (laba g\u00e2\u0219tii) \u015fi celor din jurul gurii. Acest complex special de ingrediente active ajut\u0103 at\u00e2t la relaxarea musculaturii, c\u00e2t \u0219i la tonificare. Efectul intens de \u00eentinerire a tenului este vizibil imediat. Se [&hellip;]","og_url":"https:\/\/thaicospa.ro\/en\/gift-card\/complex-h-expression-wrinkles-treatment\/","og_site_name":"THAIco SPA","article_publisher":"https:\/\/www.facebook.com\/THAIcoSPA\/","article_modified_time":"2025-08-01T11:52:41+00:00","og_image":[{"width":1748,"height":1240,"url":"https:\/\/thaicospa.ro\/wp-content\/uploads\/2021\/03\/complex-h.png","type":"image\/png"}],"twitter_card":"summary_large_image","schema":{"@context":"https:\/\/schema.org","@graph":[{"@type":"WebPage","@id":"https:\/\/thaicospa.ro\/gift-card\/tratament-complex-h-riduri-de-expresie\/","url":"https:\/\/thaicospa.ro\/gift-card\/tratament-complex-h-riduri-de-expresie\/","name":"Complex Treatment H Expression Wrinkles - THAIco SPA","isPartOf":{"@id":"https:\/\/thaicospa.ro\/#website"},"primaryImageOfPage":{"@id":"https:\/\/thaicospa.ro\/gift-card\/tratament-complex-h-riduri-de-expresie\/#primaryimage"},"image":{"@id":"https:\/\/thaicospa.ro\/gift-card\/tratament-complex-h-riduri-de-expresie\/#primaryimage"},"thumbnailUrl":"https:\/\/thaicospa.ro\/wp-content\/uploads\/2021\/03\/complex-h.png","datePublished":"2021-03-01T15:32:46+00:00","dateModified":"2025-08-01T11:52:41+00:00","breadcrumb":{"@id":"https:\/\/thaicospa.ro\/gift-card\/tratament-complex-h-riduri-de-expresie\/#breadcrumb"},"inLanguage":"en-US","potentialAction":[{"@type":"ReadAction","target":["https:\/\/thaicospa.ro\/gift-card\/tratament-complex-h-riduri-de-expresie\/"]}]},{"@type":"ImageObject","inLanguage":"en-US","@id":"https:\/\/thaicospa.ro\/gift-card\/tratament-complex-h-riduri-de-expresie\/#primaryimage","url":"https:\/\/thaicospa.ro\/wp-content\/uploads\/2021\/03\/complex-h.png","contentUrl":"https:\/\/thaicospa.ro\/wp-content\/uploads\/2021\/03\/complex-h.png","width":1748,"height":1240},{"@type":"BreadcrumbList","@id":"https:\/\/thaicospa.ro\/gift-card\/tratament-complex-h-riduri-de-expresie\/#breadcrumb","itemListElement":[{"@type":"ListItem","position":1,"name":"Prima pagin\u0103","item":"https:\/\/thaicospa.ro\/"},{"@type":"ListItem","position":2,"name":"Gift Card","item":"https:\/\/thaicospa.ro\/gift-card\/"},{"@type":"ListItem","position":3,"name":"Tratament Complex H Riduri De Expresie"}]},{"@type":"WebSite","@id":"https:\/\/thaicospa.ro\/#website","url":"https:\/\/thaicospa.ro\/","name":"THAIco SPA","description":"","potentialAction":[{"@type":"SearchAction","target":{"@type":"EntryPoint","urlTemplate":"https:\/\/thaicospa.ro\/?s={search_term_string}"},"query-input":{"@type":"PropertyValueSpecification","valueRequired":true,"valueName":"search_term_string"}}],"inLanguage":"en-US"}]}},"_links":{"self":[{"href":"https:\/\/thaicospa.ro\/en\/wp-json\/wp\/v2\/product\/25494","targetHints":{"allow":["GET"]}}],"collection":[{"href":"https:\/\/thaicospa.ro\/en\/wp-json\/wp\/v2\/product"}],"about":[{"href":"https:\/\/thaicospa.ro\/en\/wp-json\/wp\/v2\/types\/product"}],"wp:featuredmedia":[{"embeddable":true,"href":"https:\/\/thaicospa.ro\/en\/wp-json\/wp\/v2\/media\/51646"}],"wp:attachment":[{"href":"https:\/\/thaicospa.ro\/en\/wp-json\/wp\/v2\/media?parent=25494"}],"wp:term":[{"taxonomy":"product_brand","embeddable":true,"href":"https:\/\/thaicospa.ro\/en\/wp-json\/wp\/v2\/product_brand?post=25494"},{"taxonomy":"product_cat","embeddable":true,"href":"https:\/\/thaicospa.ro\/en\/wp-json\/wp\/v2\/product_cat?post=25494"},{"taxonomy":"product_tag","embeddable":true,"href":"https:\/\/thaicospa.ro\/en\/wp-json\/wp\/v2\/product_tag?post=25494"}],"curies":[{"name":"wp","href":"https:\/\/api.w.org\/{rel}","templated":true}]}}