{"id":25488,"date":"2021-03-01T18:32:41","date_gmt":"2021-03-01T15:32:41","guid":{"rendered":"https:\/\/beta.thaicospa.ro\/produs\/import-placeholder-for-4408\/"},"modified":"2025-08-01T14:52:41","modified_gmt":"2025-08-01T11:52:41","slug":"ginger-blind-therapy","status":"publish","type":"product","link":"https:\/\/thaicospa.ro\/en\/gift-card\/ginger-blind-therapy\/","title":{"rendered":"Ginger cupping therapy"},"content":{"rendered":"<p>Cupping therapy is one of the many forms of alternative medicine in China; its role is to improve blood circulation and general health. The therapy consists of applying glass cups to the surface of the body, inside which a flame is applied by creating a vacuum. Ginger root improves blood circulation and tones the skin. The therapy continues with anti-cellulite massage with ginger oil.<\/p>","protected":false},"excerpt":{"rendered":"<p>Terapia cu ventuze este una dintre multele forme de medicin\u0103 alternativ\u0103 din China; rolul s\u0103u const\u0103 \u00een \u00eembun\u0103t\u0103\u021birea circula\u021biei s\u00e2ngelui \u0219i a st\u0103rii generale de s\u0103n\u0103tate. Terapia const\u0103 \u00een aplicarea pe suprafa\u021ba corpului a unor pahare din sticla \u00een interiorul [&hellip;]<\/p>\n","protected":false},"featured_media":51731,"template":"","meta":{"_monsterinsights_skip_tracking":false,"_monsterinsights_sitenote_active":false,"_monsterinsights_sitenote_note":"","_monsterinsights_sitenote_category":0},"product_brand":[],"product_cat":[3],"product_tag":[],"class_list":{"0":"post-25488","1":"product","2":"type-product","3":"status-publish","4":"has-post-thumbnail","6":"product_cat-gift-card","8":"first","9":"instock","10":"downloadable","11":"virtual","12":"taxable","13":"purchasable","14":"product-type-simple"},"yoast_head":"<!-- This site is optimized with the Yoast SEO plugin v27.4 - https:\/\/yoast.com\/product\/yoast-seo-wordpress\/ -->\n<title>Terapie ventuze cu ghimbir - THAIco SPA<\/title>\n<meta name=\"robots\" content=\"index, follow, max-snippet:-1, max-image-preview:large, max-video-preview:-1\" \/>\n<link rel=\"canonical\" href=\"https:\/\/thaicospa.ro\/en\/gift-card\/ginger-blind-therapy\/\" \/>\n<meta property=\"og:locale\" content=\"en_US\" \/>\n<meta property=\"og:type\" content=\"article\" \/>\n<meta property=\"og:title\" content=\"Terapie ventuze cu ghimbir - THAIco SPA\" \/>\n<meta property=\"og:description\" content=\"Terapia cu ventuze este una dintre multele forme de medicin\u0103 alternativ\u0103 din China; rolul s\u0103u const\u0103 \u00een \u00eembun\u0103t\u0103\u021birea circula\u021biei s\u00e2ngelui \u0219i a st\u0103rii generale de s\u0103n\u0103tate. Terapia const\u0103 \u00een aplicarea pe suprafa\u021ba corpului a unor pahare din sticla \u00een interiorul [&hellip;]\" \/>\n<meta property=\"og:url\" content=\"https:\/\/thaicospa.ro\/en\/gift-card\/ginger-blind-therapy\/\" \/>\n<meta property=\"og:site_name\" content=\"THAIco SPA\" \/>\n<meta property=\"article:publisher\" content=\"https:\/\/www.facebook.com\/THAIcoSPA\/\" \/>\n<meta property=\"article:modified_time\" content=\"2025-08-01T11:52:41+00:00\" \/>\n<meta property=\"og:image\" content=\"https:\/\/thaicospa.ro\/wp-content\/uploads\/2021\/03\/ventuze-ghimbir.png\" \/>\n\t<meta property=\"og:image:width\" content=\"1748\" \/>\n\t<meta property=\"og:image:height\" content=\"1240\" \/>\n\t<meta property=\"og:image:type\" content=\"image\/png\" \/>\n<meta name=\"twitter:card\" content=\"summary_large_image\" \/>\n<script type=\"application\/ld+json\" class=\"yoast-schema-graph\">{\"@context\":\"https:\\\/\\\/schema.org\",\"@graph\":[{\"@type\":\"WebPage\",\"@id\":\"https:\\\/\\\/thaicospa.ro\\\/gift-card\\\/terapie-ventuze-cu-ghimbir\\\/\",\"url\":\"https:\\\/\\\/thaicospa.ro\\\/gift-card\\\/terapie-ventuze-cu-ghimbir\\\/\",\"name\":\"Terapie ventuze cu ghimbir - THAIco SPA\",\"isPartOf\":{\"@id\":\"https:\\\/\\\/thaicospa.ro\\\/#website\"},\"primaryImageOfPage\":{\"@id\":\"https:\\\/\\\/thaicospa.ro\\\/gift-card\\\/terapie-ventuze-cu-ghimbir\\\/#primaryimage\"},\"image\":{\"@id\":\"https:\\\/\\\/thaicospa.ro\\\/gift-card\\\/terapie-ventuze-cu-ghimbir\\\/#primaryimage\"},\"thumbnailUrl\":\"https:\\\/\\\/thaicospa.ro\\\/wp-content\\\/uploads\\\/2021\\\/03\\\/ventuze-ghimbir.png\",\"datePublished\":\"2021-03-01T15:32:41+00:00\",\"dateModified\":\"2025-08-01T11:52:41+00:00\",\"breadcrumb\":{\"@id\":\"https:\\\/\\\/thaicospa.ro\\\/gift-card\\\/terapie-ventuze-cu-ghimbir\\\/#breadcrumb\"},\"inLanguage\":\"en-US\",\"potentialAction\":[{\"@type\":\"ReadAction\",\"target\":[\"https:\\\/\\\/thaicospa.ro\\\/gift-card\\\/terapie-ventuze-cu-ghimbir\\\/\"]}]},{\"@type\":\"ImageObject\",\"inLanguage\":\"en-US\",\"@id\":\"https:\\\/\\\/thaicospa.ro\\\/gift-card\\\/terapie-ventuze-cu-ghimbir\\\/#primaryimage\",\"url\":\"https:\\\/\\\/thaicospa.ro\\\/wp-content\\\/uploads\\\/2021\\\/03\\\/ventuze-ghimbir.png\",\"contentUrl\":\"https:\\\/\\\/thaicospa.ro\\\/wp-content\\\/uploads\\\/2021\\\/03\\\/ventuze-ghimbir.png\",\"width\":1748,\"height\":1240},{\"@type\":\"BreadcrumbList\",\"@id\":\"https:\\\/\\\/thaicospa.ro\\\/gift-card\\\/terapie-ventuze-cu-ghimbir\\\/#breadcrumb\",\"itemListElement\":[{\"@type\":\"ListItem\",\"position\":1,\"name\":\"Prima pagin\u0103\",\"item\":\"https:\\\/\\\/thaicospa.ro\\\/\"},{\"@type\":\"ListItem\",\"position\":2,\"name\":\"Gift Card\",\"item\":\"https:\\\/\\\/thaicospa.ro\\\/gift-card\\\/\"},{\"@type\":\"ListItem\",\"position\":3,\"name\":\"Terapie ventuze cu ghimbir\"}]},{\"@type\":\"WebSite\",\"@id\":\"https:\\\/\\\/thaicospa.ro\\\/#website\",\"url\":\"https:\\\/\\\/thaicospa.ro\\\/\",\"name\":\"THAIco SPA\",\"description\":\"\",\"potentialAction\":[{\"@type\":\"SearchAction\",\"target\":{\"@type\":\"EntryPoint\",\"urlTemplate\":\"https:\\\/\\\/thaicospa.ro\\\/?s={search_term_string}\"},\"query-input\":{\"@type\":\"PropertyValueSpecification\",\"valueRequired\":true,\"valueName\":\"search_term_string\"}}],\"inLanguage\":\"en-US\"}]}<\/script>\n<!-- \/ Yoast SEO plugin. -->","yoast_head_json":{"title":"Ginger Cup Therapy - THAIco SPA","robots":{"index":"index","follow":"follow","max-snippet":"max-snippet:-1","max-image-preview":"max-image-preview:large","max-video-preview":"max-video-preview:-1"},"canonical":"https:\/\/thaicospa.ro\/en\/gift-card\/ginger-blind-therapy\/","og_locale":"en_US","og_type":"article","og_title":"Terapie ventuze cu ghimbir - THAIco SPA","og_description":"Terapia cu ventuze este una dintre multele forme de medicin\u0103 alternativ\u0103 din China; rolul s\u0103u const\u0103 \u00een \u00eembun\u0103t\u0103\u021birea circula\u021biei s\u00e2ngelui \u0219i a st\u0103rii generale de s\u0103n\u0103tate. Terapia const\u0103 \u00een aplicarea pe suprafa\u021ba corpului a unor pahare din sticla \u00een interiorul [&hellip;]","og_url":"https:\/\/thaicospa.ro\/en\/gift-card\/ginger-blind-therapy\/","og_site_name":"THAIco SPA","article_publisher":"https:\/\/www.facebook.com\/THAIcoSPA\/","article_modified_time":"2025-08-01T11:52:41+00:00","og_image":[{"width":1748,"height":1240,"url":"https:\/\/thaicospa.ro\/wp-content\/uploads\/2021\/03\/ventuze-ghimbir.png","type":"image\/png"}],"twitter_card":"summary_large_image","schema":{"@context":"https:\/\/schema.org","@graph":[{"@type":"WebPage","@id":"https:\/\/thaicospa.ro\/gift-card\/terapie-ventuze-cu-ghimbir\/","url":"https:\/\/thaicospa.ro\/gift-card\/terapie-ventuze-cu-ghimbir\/","name":"Ginger Cup Therapy - THAIco SPA","isPartOf":{"@id":"https:\/\/thaicospa.ro\/#website"},"primaryImageOfPage":{"@id":"https:\/\/thaicospa.ro\/gift-card\/terapie-ventuze-cu-ghimbir\/#primaryimage"},"image":{"@id":"https:\/\/thaicospa.ro\/gift-card\/terapie-ventuze-cu-ghimbir\/#primaryimage"},"thumbnailUrl":"https:\/\/thaicospa.ro\/wp-content\/uploads\/2021\/03\/ventuze-ghimbir.png","datePublished":"2021-03-01T15:32:41+00:00","dateModified":"2025-08-01T11:52:41+00:00","breadcrumb":{"@id":"https:\/\/thaicospa.ro\/gift-card\/terapie-ventuze-cu-ghimbir\/#breadcrumb"},"inLanguage":"en-US","potentialAction":[{"@type":"ReadAction","target":["https:\/\/thaicospa.ro\/gift-card\/terapie-ventuze-cu-ghimbir\/"]}]},{"@type":"ImageObject","inLanguage":"en-US","@id":"https:\/\/thaicospa.ro\/gift-card\/terapie-ventuze-cu-ghimbir\/#primaryimage","url":"https:\/\/thaicospa.ro\/wp-content\/uploads\/2021\/03\/ventuze-ghimbir.png","contentUrl":"https:\/\/thaicospa.ro\/wp-content\/uploads\/2021\/03\/ventuze-ghimbir.png","width":1748,"height":1240},{"@type":"BreadcrumbList","@id":"https:\/\/thaicospa.ro\/gift-card\/terapie-ventuze-cu-ghimbir\/#breadcrumb","itemListElement":[{"@type":"ListItem","position":1,"name":"Prima pagin\u0103","item":"https:\/\/thaicospa.ro\/"},{"@type":"ListItem","position":2,"name":"Gift Card","item":"https:\/\/thaicospa.ro\/gift-card\/"},{"@type":"ListItem","position":3,"name":"Terapie ventuze cu ghimbir"}]},{"@type":"WebSite","@id":"https:\/\/thaicospa.ro\/#website","url":"https:\/\/thaicospa.ro\/","name":"THAIco SPA","description":"","potentialAction":[{"@type":"SearchAction","target":{"@type":"EntryPoint","urlTemplate":"https:\/\/thaicospa.ro\/?s={search_term_string}"},"query-input":{"@type":"PropertyValueSpecification","valueRequired":true,"valueName":"search_term_string"}}],"inLanguage":"en-US"}]}},"_links":{"self":[{"href":"https:\/\/thaicospa.ro\/en\/wp-json\/wp\/v2\/product\/25488","targetHints":{"allow":["GET"]}}],"collection":[{"href":"https:\/\/thaicospa.ro\/en\/wp-json\/wp\/v2\/product"}],"about":[{"href":"https:\/\/thaicospa.ro\/en\/wp-json\/wp\/v2\/types\/product"}],"wp:featuredmedia":[{"embeddable":true,"href":"https:\/\/thaicospa.ro\/en\/wp-json\/wp\/v2\/media\/51731"}],"wp:attachment":[{"href":"https:\/\/thaicospa.ro\/en\/wp-json\/wp\/v2\/media?parent=25488"}],"wp:term":[{"taxonomy":"product_brand","embeddable":true,"href":"https:\/\/thaicospa.ro\/en\/wp-json\/wp\/v2\/product_brand?post=25488"},{"taxonomy":"product_cat","embeddable":true,"href":"https:\/\/thaicospa.ro\/en\/wp-json\/wp\/v2\/product_cat?post=25488"},{"taxonomy":"product_tag","embeddable":true,"href":"https:\/\/thaicospa.ro\/en\/wp-json\/wp\/v2\/product_tag?post=25488"}],"curies":[{"name":"wp","href":"https:\/\/api.w.org\/{rel}","templated":true}]}}