{"id":25487,"date":"2021-03-01T18:32:41","date_gmt":"2021-03-01T15:32:41","guid":{"rendered":"https:\/\/beta.thaicospa.ro\/produs\/import-placeholder-for-4405\/"},"modified":"2025-08-01T14:52:41","modified_gmt":"2025-08-01T11:52:41","slug":"secret-thaico","status":"publish","type":"product","link":"https:\/\/thaicospa.ro\/en\/gift-card\/secret-thaico\/","title":{"rendered":"THAIco Secrets"},"content":{"rendered":"<p>In the Secret treatment\u00a0<strong>THAI<\/strong>co ancient techniques from northern Thailand are used to release blocked energy pathways. Energy blockage leads to fatigue and muscle discomfort. From the very beginning of the THAIco Signature Massage acupressure, you will begin to feel lighter.<\/p>","protected":false},"excerpt":{"rendered":"<p>\u00cen cadrul tratamentului Secrete\u00a0THAIco se folosesc tehnici str\u0103vechi din nordul Thailandei prin care se elibereaz\u0103 c\u0103ile blocate ale energiilor. Obstruc\u021bia energetic\u0103 duce la oboseal\u0103 \u0219i discomfort muscular. \u00cenc\u0103 de la \u00eenceputul presopuncturii din cadrul Masajului THAIco Signature, ve\u021bi \u00eencepe s\u0103 [&hellip;]<\/p>\n","protected":false},"featured_media":51729,"template":"","meta":{"_monsterinsights_skip_tracking":false,"_monsterinsights_sitenote_active":false,"_monsterinsights_sitenote_note":"","_monsterinsights_sitenote_category":0},"product_brand":[],"product_cat":[3],"product_tag":[],"class_list":{"0":"post-25487","1":"product","2":"type-product","3":"status-publish","4":"has-post-thumbnail","6":"product_cat-gift-card","8":"first","9":"instock","10":"downloadable","11":"virtual","12":"taxable","13":"purchasable","14":"product-type-simple"},"yoast_head":"<!-- This site is optimized with the Yoast SEO plugin v27.4 - https:\/\/yoast.com\/product\/yoast-seo-wordpress\/ -->\n<title>Secrete THAIco - THAIco SPA<\/title>\n<meta name=\"robots\" content=\"index, follow, max-snippet:-1, max-image-preview:large, max-video-preview:-1\" \/>\n<link rel=\"canonical\" href=\"https:\/\/thaicospa.ro\/en\/gift-card\/secret-thaico\/\" \/>\n<meta property=\"og:locale\" content=\"en_US\" \/>\n<meta property=\"og:type\" content=\"article\" \/>\n<meta property=\"og:title\" content=\"Secrete THAIco - THAIco SPA\" \/>\n<meta property=\"og:description\" content=\"\u00cen cadrul tratamentului Secrete\u00a0THAIco se folosesc tehnici str\u0103vechi din nordul Thailandei prin care se elibereaz\u0103 c\u0103ile blocate ale energiilor. Obstruc\u021bia energetic\u0103 duce la oboseal\u0103 \u0219i discomfort muscular. \u00cenc\u0103 de la \u00eenceputul presopuncturii din cadrul Masajului THAIco Signature, ve\u021bi \u00eencepe s\u0103 [&hellip;]\" \/>\n<meta property=\"og:url\" content=\"https:\/\/thaicospa.ro\/en\/gift-card\/secret-thaico\/\" \/>\n<meta property=\"og:site_name\" content=\"THAIco SPA\" \/>\n<meta property=\"article:publisher\" content=\"https:\/\/www.facebook.com\/THAIcoSPA\/\" \/>\n<meta property=\"article:modified_time\" content=\"2025-08-01T11:52:41+00:00\" \/>\n<meta property=\"og:image\" content=\"https:\/\/thaicospa.ro\/wp-content\/uploads\/2021\/03\/secrete-thaico-2.png\" \/>\n\t<meta property=\"og:image:width\" content=\"1748\" \/>\n\t<meta property=\"og:image:height\" content=\"1240\" \/>\n\t<meta property=\"og:image:type\" content=\"image\/png\" \/>\n<meta name=\"twitter:card\" content=\"summary_large_image\" \/>\n<script type=\"application\/ld+json\" class=\"yoast-schema-graph\">{\"@context\":\"https:\\\/\\\/schema.org\",\"@graph\":[{\"@type\":\"WebPage\",\"@id\":\"https:\\\/\\\/thaicospa.ro\\\/gift-card\\\/secrete-thaico\\\/\",\"url\":\"https:\\\/\\\/thaicospa.ro\\\/gift-card\\\/secrete-thaico\\\/\",\"name\":\"Secrete THAIco - THAIco SPA\",\"isPartOf\":{\"@id\":\"https:\\\/\\\/thaicospa.ro\\\/#website\"},\"primaryImageOfPage\":{\"@id\":\"https:\\\/\\\/thaicospa.ro\\\/gift-card\\\/secrete-thaico\\\/#primaryimage\"},\"image\":{\"@id\":\"https:\\\/\\\/thaicospa.ro\\\/gift-card\\\/secrete-thaico\\\/#primaryimage\"},\"thumbnailUrl\":\"https:\\\/\\\/thaicospa.ro\\\/wp-content\\\/uploads\\\/2021\\\/03\\\/secrete-thaico-2.png\",\"datePublished\":\"2021-03-01T15:32:41+00:00\",\"dateModified\":\"2025-08-01T11:52:41+00:00\",\"breadcrumb\":{\"@id\":\"https:\\\/\\\/thaicospa.ro\\\/gift-card\\\/secrete-thaico\\\/#breadcrumb\"},\"inLanguage\":\"en-US\",\"potentialAction\":[{\"@type\":\"ReadAction\",\"target\":[\"https:\\\/\\\/thaicospa.ro\\\/gift-card\\\/secrete-thaico\\\/\"]}]},{\"@type\":\"ImageObject\",\"inLanguage\":\"en-US\",\"@id\":\"https:\\\/\\\/thaicospa.ro\\\/gift-card\\\/secrete-thaico\\\/#primaryimage\",\"url\":\"https:\\\/\\\/thaicospa.ro\\\/wp-content\\\/uploads\\\/2021\\\/03\\\/secrete-thaico-2.png\",\"contentUrl\":\"https:\\\/\\\/thaicospa.ro\\\/wp-content\\\/uploads\\\/2021\\\/03\\\/secrete-thaico-2.png\",\"width\":1748,\"height\":1240},{\"@type\":\"BreadcrumbList\",\"@id\":\"https:\\\/\\\/thaicospa.ro\\\/gift-card\\\/secrete-thaico\\\/#breadcrumb\",\"itemListElement\":[{\"@type\":\"ListItem\",\"position\":1,\"name\":\"Prima pagin\u0103\",\"item\":\"https:\\\/\\\/thaicospa.ro\\\/\"},{\"@type\":\"ListItem\",\"position\":2,\"name\":\"Gift Card\",\"item\":\"https:\\\/\\\/thaicospa.ro\\\/gift-card\\\/\"},{\"@type\":\"ListItem\",\"position\":3,\"name\":\"Secrete THAIco\"}]},{\"@type\":\"WebSite\",\"@id\":\"https:\\\/\\\/thaicospa.ro\\\/#website\",\"url\":\"https:\\\/\\\/thaicospa.ro\\\/\",\"name\":\"THAIco SPA\",\"description\":\"\",\"potentialAction\":[{\"@type\":\"SearchAction\",\"target\":{\"@type\":\"EntryPoint\",\"urlTemplate\":\"https:\\\/\\\/thaicospa.ro\\\/?s={search_term_string}\"},\"query-input\":{\"@type\":\"PropertyValueSpecification\",\"valueRequired\":true,\"valueName\":\"search_term_string\"}}],\"inLanguage\":\"en-US\"}]}<\/script>\n<!-- \/ Yoast SEO plugin. -->","yoast_head_json":{"title":"THAIco Secrets - THAIco SPA","robots":{"index":"index","follow":"follow","max-snippet":"max-snippet:-1","max-image-preview":"max-image-preview:large","max-video-preview":"max-video-preview:-1"},"canonical":"https:\/\/thaicospa.ro\/en\/gift-card\/secret-thaico\/","og_locale":"en_US","og_type":"article","og_title":"Secrete THAIco - THAIco SPA","og_description":"\u00cen cadrul tratamentului Secrete\u00a0THAIco se folosesc tehnici str\u0103vechi din nordul Thailandei prin care se elibereaz\u0103 c\u0103ile blocate ale energiilor. Obstruc\u021bia energetic\u0103 duce la oboseal\u0103 \u0219i discomfort muscular. \u00cenc\u0103 de la \u00eenceputul presopuncturii din cadrul Masajului THAIco Signature, ve\u021bi \u00eencepe s\u0103 [&hellip;]","og_url":"https:\/\/thaicospa.ro\/en\/gift-card\/secret-thaico\/","og_site_name":"THAIco SPA","article_publisher":"https:\/\/www.facebook.com\/THAIcoSPA\/","article_modified_time":"2025-08-01T11:52:41+00:00","og_image":[{"width":1748,"height":1240,"url":"https:\/\/thaicospa.ro\/wp-content\/uploads\/2021\/03\/secrete-thaico-2.png","type":"image\/png"}],"twitter_card":"summary_large_image","schema":{"@context":"https:\/\/schema.org","@graph":[{"@type":"WebPage","@id":"https:\/\/thaicospa.ro\/gift-card\/secrete-thaico\/","url":"https:\/\/thaicospa.ro\/gift-card\/secrete-thaico\/","name":"THAIco Secrets - THAIco SPA","isPartOf":{"@id":"https:\/\/thaicospa.ro\/#website"},"primaryImageOfPage":{"@id":"https:\/\/thaicospa.ro\/gift-card\/secrete-thaico\/#primaryimage"},"image":{"@id":"https:\/\/thaicospa.ro\/gift-card\/secrete-thaico\/#primaryimage"},"thumbnailUrl":"https:\/\/thaicospa.ro\/wp-content\/uploads\/2021\/03\/secrete-thaico-2.png","datePublished":"2021-03-01T15:32:41+00:00","dateModified":"2025-08-01T11:52:41+00:00","breadcrumb":{"@id":"https:\/\/thaicospa.ro\/gift-card\/secrete-thaico\/#breadcrumb"},"inLanguage":"en-US","potentialAction":[{"@type":"ReadAction","target":["https:\/\/thaicospa.ro\/gift-card\/secrete-thaico\/"]}]},{"@type":"ImageObject","inLanguage":"en-US","@id":"https:\/\/thaicospa.ro\/gift-card\/secrete-thaico\/#primaryimage","url":"https:\/\/thaicospa.ro\/wp-content\/uploads\/2021\/03\/secrete-thaico-2.png","contentUrl":"https:\/\/thaicospa.ro\/wp-content\/uploads\/2021\/03\/secrete-thaico-2.png","width":1748,"height":1240},{"@type":"BreadcrumbList","@id":"https:\/\/thaicospa.ro\/gift-card\/secrete-thaico\/#breadcrumb","itemListElement":[{"@type":"ListItem","position":1,"name":"Prima pagin\u0103","item":"https:\/\/thaicospa.ro\/"},{"@type":"ListItem","position":2,"name":"Gift Card","item":"https:\/\/thaicospa.ro\/gift-card\/"},{"@type":"ListItem","position":3,"name":"Secrete THAIco"}]},{"@type":"WebSite","@id":"https:\/\/thaicospa.ro\/#website","url":"https:\/\/thaicospa.ro\/","name":"THAIco SPA","description":"","potentialAction":[{"@type":"SearchAction","target":{"@type":"EntryPoint","urlTemplate":"https:\/\/thaicospa.ro\/?s={search_term_string}"},"query-input":{"@type":"PropertyValueSpecification","valueRequired":true,"valueName":"search_term_string"}}],"inLanguage":"en-US"}]}},"_links":{"self":[{"href":"https:\/\/thaicospa.ro\/en\/wp-json\/wp\/v2\/product\/25487","targetHints":{"allow":["GET"]}}],"collection":[{"href":"https:\/\/thaicospa.ro\/en\/wp-json\/wp\/v2\/product"}],"about":[{"href":"https:\/\/thaicospa.ro\/en\/wp-json\/wp\/v2\/types\/product"}],"wp:featuredmedia":[{"embeddable":true,"href":"https:\/\/thaicospa.ro\/en\/wp-json\/wp\/v2\/media\/51729"}],"wp:attachment":[{"href":"https:\/\/thaicospa.ro\/en\/wp-json\/wp\/v2\/media?parent=25487"}],"wp:term":[{"taxonomy":"product_brand","embeddable":true,"href":"https:\/\/thaicospa.ro\/en\/wp-json\/wp\/v2\/product_brand?post=25487"},{"taxonomy":"product_cat","embeddable":true,"href":"https:\/\/thaicospa.ro\/en\/wp-json\/wp\/v2\/product_cat?post=25487"},{"taxonomy":"product_tag","embeddable":true,"href":"https:\/\/thaicospa.ro\/en\/wp-json\/wp\/v2\/product_tag?post=25487"}],"curies":[{"name":"wp","href":"https:\/\/api.w.org\/{rel}","templated":true}]}}