{"id":25485,"date":"2021-03-01T18:32:40","date_gmt":"2021-03-01T15:32:40","guid":{"rendered":"https:\/\/beta.thaicospa.ro\/produs\/import-placeholder-for-4403\/"},"modified":"2025-08-01T14:52:41","modified_gmt":"2025-08-01T11:52:41","slug":"complete-renewal","status":"publish","type":"product","link":"https:\/\/thaicospa.ro\/en\/gift-card\/complete-renewal\/","title":{"rendered":"Complete Renewal"},"content":{"rendered":"<p>The therapy starts with an exfoliation of dead skin cells. Deep massage then stimulates blood circulation and removes toxin build-up from the tissues. A full body mask is then applied to collect toxins as they are removed from the body. This helps tone, firm and balance your body. Next, you are pampered with a Vichy shower therapy to leave your skin velvety soft and deeply nourished. Finally, pamper your body with an aromatic massage with essential oils, and finally you can choose between an ear cleansing treatment or a mini-facial from Dr Kleanthous.<\/p>","protected":false},"excerpt":{"rendered":"<p>Terapia \u00eencepe cu o exfoliere a celulelor moarte ale pielii. Apoi, masajul profund stimuleaz\u0103 circula\u021bia s\u00e2ngelui \u0219i elimin\u0103 acumul\u0103rile de toxine din \u021besuturi. O masc\u0103 complet\u0103 corporal\u0103 este apoi aplicat\u0103 pentru a colecta toxinele, pe m\u0103sur\u0103 ce sunt eliminate din [&hellip;]<\/p>\n","protected":false},"featured_media":51693,"template":"","meta":{"_monsterinsights_skip_tracking":false,"_monsterinsights_sitenote_active":false,"_monsterinsights_sitenote_note":"","_monsterinsights_sitenote_category":0},"product_brand":[],"product_cat":[3],"product_tag":[],"class_list":{"0":"post-25485","1":"product","2":"type-product","3":"status-publish","4":"has-post-thumbnail","6":"product_cat-gift-card","8":"first","9":"instock","10":"downloadable","11":"virtual","12":"taxable","13":"purchasable","14":"product-type-simple"},"yoast_head":"<!-- This site is optimized with the Yoast SEO plugin v27.4 - https:\/\/yoast.com\/product\/yoast-seo-wordpress\/ -->\n<title>Reinnoire Completa - THAIco SPA<\/title>\n<meta name=\"robots\" content=\"index, follow, max-snippet:-1, max-image-preview:large, max-video-preview:-1\" \/>\n<link rel=\"canonical\" href=\"https:\/\/thaicospa.ro\/en\/gift-card\/complete-renewal\/\" \/>\n<meta property=\"og:locale\" content=\"en_US\" \/>\n<meta property=\"og:type\" content=\"article\" \/>\n<meta property=\"og:title\" content=\"Reinnoire Completa - THAIco SPA\" \/>\n<meta property=\"og:description\" content=\"Terapia \u00eencepe cu o exfoliere a celulelor moarte ale pielii. Apoi, masajul profund stimuleaz\u0103 circula\u021bia s\u00e2ngelui \u0219i elimin\u0103 acumul\u0103rile de toxine din \u021besuturi. O masc\u0103 complet\u0103 corporal\u0103 este apoi aplicat\u0103 pentru a colecta toxinele, pe m\u0103sur\u0103 ce sunt eliminate din [&hellip;]\" \/>\n<meta property=\"og:url\" content=\"https:\/\/thaicospa.ro\/en\/gift-card\/complete-renewal\/\" \/>\n<meta property=\"og:site_name\" content=\"THAIco SPA\" \/>\n<meta property=\"article:publisher\" content=\"https:\/\/www.facebook.com\/THAIcoSPA\/\" \/>\n<meta property=\"article:modified_time\" content=\"2025-08-01T11:52:41+00:00\" \/>\n<meta property=\"og:image\" content=\"https:\/\/thaicospa.ro\/wp-content\/uploads\/2021\/03\/reinnoire-completa.png\" \/>\n\t<meta property=\"og:image:width\" content=\"1748\" \/>\n\t<meta property=\"og:image:height\" content=\"1240\" \/>\n\t<meta property=\"og:image:type\" content=\"image\/png\" \/>\n<meta name=\"twitter:card\" content=\"summary_large_image\" \/>\n<script type=\"application\/ld+json\" class=\"yoast-schema-graph\">{\"@context\":\"https:\\\/\\\/schema.org\",\"@graph\":[{\"@type\":\"WebPage\",\"@id\":\"https:\\\/\\\/thaicospa.ro\\\/gift-card\\\/reinnoire-completa\\\/\",\"url\":\"https:\\\/\\\/thaicospa.ro\\\/gift-card\\\/reinnoire-completa\\\/\",\"name\":\"Reinnoire Completa - THAIco SPA\",\"isPartOf\":{\"@id\":\"https:\\\/\\\/thaicospa.ro\\\/#website\"},\"primaryImageOfPage\":{\"@id\":\"https:\\\/\\\/thaicospa.ro\\\/gift-card\\\/reinnoire-completa\\\/#primaryimage\"},\"image\":{\"@id\":\"https:\\\/\\\/thaicospa.ro\\\/gift-card\\\/reinnoire-completa\\\/#primaryimage\"},\"thumbnailUrl\":\"https:\\\/\\\/thaicospa.ro\\\/wp-content\\\/uploads\\\/2021\\\/03\\\/reinnoire-completa.png\",\"datePublished\":\"2021-03-01T15:32:40+00:00\",\"dateModified\":\"2025-08-01T11:52:41+00:00\",\"breadcrumb\":{\"@id\":\"https:\\\/\\\/thaicospa.ro\\\/gift-card\\\/reinnoire-completa\\\/#breadcrumb\"},\"inLanguage\":\"en-US\",\"potentialAction\":[{\"@type\":\"ReadAction\",\"target\":[\"https:\\\/\\\/thaicospa.ro\\\/gift-card\\\/reinnoire-completa\\\/\"]}]},{\"@type\":\"ImageObject\",\"inLanguage\":\"en-US\",\"@id\":\"https:\\\/\\\/thaicospa.ro\\\/gift-card\\\/reinnoire-completa\\\/#primaryimage\",\"url\":\"https:\\\/\\\/thaicospa.ro\\\/wp-content\\\/uploads\\\/2021\\\/03\\\/reinnoire-completa.png\",\"contentUrl\":\"https:\\\/\\\/thaicospa.ro\\\/wp-content\\\/uploads\\\/2021\\\/03\\\/reinnoire-completa.png\",\"width\":1748,\"height\":1240},{\"@type\":\"BreadcrumbList\",\"@id\":\"https:\\\/\\\/thaicospa.ro\\\/gift-card\\\/reinnoire-completa\\\/#breadcrumb\",\"itemListElement\":[{\"@type\":\"ListItem\",\"position\":1,\"name\":\"Prima pagin\u0103\",\"item\":\"https:\\\/\\\/thaicospa.ro\\\/\"},{\"@type\":\"ListItem\",\"position\":2,\"name\":\"Gift Card\",\"item\":\"https:\\\/\\\/thaicospa.ro\\\/gift-card\\\/\"},{\"@type\":\"ListItem\",\"position\":3,\"name\":\"Reinnoire Completa\"}]},{\"@type\":\"WebSite\",\"@id\":\"https:\\\/\\\/thaicospa.ro\\\/#website\",\"url\":\"https:\\\/\\\/thaicospa.ro\\\/\",\"name\":\"THAIco SPA\",\"description\":\"\",\"potentialAction\":[{\"@type\":\"SearchAction\",\"target\":{\"@type\":\"EntryPoint\",\"urlTemplate\":\"https:\\\/\\\/thaicospa.ro\\\/?s={search_term_string}\"},\"query-input\":{\"@type\":\"PropertyValueSpecification\",\"valueRequired\":true,\"valueName\":\"search_term_string\"}}],\"inLanguage\":\"en-US\"}]}<\/script>\n<!-- \/ Yoast SEO plugin. -->","yoast_head_json":{"title":"Complete Renewal - THAIco SPA","robots":{"index":"index","follow":"follow","max-snippet":"max-snippet:-1","max-image-preview":"max-image-preview:large","max-video-preview":"max-video-preview:-1"},"canonical":"https:\/\/thaicospa.ro\/en\/gift-card\/complete-renewal\/","og_locale":"en_US","og_type":"article","og_title":"Reinnoire Completa - THAIco SPA","og_description":"Terapia \u00eencepe cu o exfoliere a celulelor moarte ale pielii. Apoi, masajul profund stimuleaz\u0103 circula\u021bia s\u00e2ngelui \u0219i elimin\u0103 acumul\u0103rile de toxine din \u021besuturi. O masc\u0103 complet\u0103 corporal\u0103 este apoi aplicat\u0103 pentru a colecta toxinele, pe m\u0103sur\u0103 ce sunt eliminate din [&hellip;]","og_url":"https:\/\/thaicospa.ro\/en\/gift-card\/complete-renewal\/","og_site_name":"THAIco SPA","article_publisher":"https:\/\/www.facebook.com\/THAIcoSPA\/","article_modified_time":"2025-08-01T11:52:41+00:00","og_image":[{"width":1748,"height":1240,"url":"https:\/\/thaicospa.ro\/wp-content\/uploads\/2021\/03\/reinnoire-completa.png","type":"image\/png"}],"twitter_card":"summary_large_image","schema":{"@context":"https:\/\/schema.org","@graph":[{"@type":"WebPage","@id":"https:\/\/thaicospa.ro\/gift-card\/reinnoire-completa\/","url":"https:\/\/thaicospa.ro\/gift-card\/reinnoire-completa\/","name":"Complete Renewal - THAIco SPA","isPartOf":{"@id":"https:\/\/thaicospa.ro\/#website"},"primaryImageOfPage":{"@id":"https:\/\/thaicospa.ro\/gift-card\/reinnoire-completa\/#primaryimage"},"image":{"@id":"https:\/\/thaicospa.ro\/gift-card\/reinnoire-completa\/#primaryimage"},"thumbnailUrl":"https:\/\/thaicospa.ro\/wp-content\/uploads\/2021\/03\/reinnoire-completa.png","datePublished":"2021-03-01T15:32:40+00:00","dateModified":"2025-08-01T11:52:41+00:00","breadcrumb":{"@id":"https:\/\/thaicospa.ro\/gift-card\/reinnoire-completa\/#breadcrumb"},"inLanguage":"en-US","potentialAction":[{"@type":"ReadAction","target":["https:\/\/thaicospa.ro\/gift-card\/reinnoire-completa\/"]}]},{"@type":"ImageObject","inLanguage":"en-US","@id":"https:\/\/thaicospa.ro\/gift-card\/reinnoire-completa\/#primaryimage","url":"https:\/\/thaicospa.ro\/wp-content\/uploads\/2021\/03\/reinnoire-completa.png","contentUrl":"https:\/\/thaicospa.ro\/wp-content\/uploads\/2021\/03\/reinnoire-completa.png","width":1748,"height":1240},{"@type":"BreadcrumbList","@id":"https:\/\/thaicospa.ro\/gift-card\/reinnoire-completa\/#breadcrumb","itemListElement":[{"@type":"ListItem","position":1,"name":"Prima pagin\u0103","item":"https:\/\/thaicospa.ro\/"},{"@type":"ListItem","position":2,"name":"Gift Card","item":"https:\/\/thaicospa.ro\/gift-card\/"},{"@type":"ListItem","position":3,"name":"Reinnoire Completa"}]},{"@type":"WebSite","@id":"https:\/\/thaicospa.ro\/#website","url":"https:\/\/thaicospa.ro\/","name":"THAIco SPA","description":"","potentialAction":[{"@type":"SearchAction","target":{"@type":"EntryPoint","urlTemplate":"https:\/\/thaicospa.ro\/?s={search_term_string}"},"query-input":{"@type":"PropertyValueSpecification","valueRequired":true,"valueName":"search_term_string"}}],"inLanguage":"en-US"}]}},"_links":{"self":[{"href":"https:\/\/thaicospa.ro\/en\/wp-json\/wp\/v2\/product\/25485","targetHints":{"allow":["GET"]}}],"collection":[{"href":"https:\/\/thaicospa.ro\/en\/wp-json\/wp\/v2\/product"}],"about":[{"href":"https:\/\/thaicospa.ro\/en\/wp-json\/wp\/v2\/types\/product"}],"wp:featuredmedia":[{"embeddable":true,"href":"https:\/\/thaicospa.ro\/en\/wp-json\/wp\/v2\/media\/51693"}],"wp:attachment":[{"href":"https:\/\/thaicospa.ro\/en\/wp-json\/wp\/v2\/media?parent=25485"}],"wp:term":[{"taxonomy":"product_brand","embeddable":true,"href":"https:\/\/thaicospa.ro\/en\/wp-json\/wp\/v2\/product_brand?post=25485"},{"taxonomy":"product_cat","embeddable":true,"href":"https:\/\/thaicospa.ro\/en\/wp-json\/wp\/v2\/product_cat?post=25485"},{"taxonomy":"product_tag","embeddable":true,"href":"https:\/\/thaicospa.ro\/en\/wp-json\/wp\/v2\/product_tag?post=25485"}],"curies":[{"name":"wp","href":"https:\/\/api.w.org\/{rel}","templated":true}]}}