{"id":25474,"date":"2021-03-01T18:32:40","date_gmt":"2021-03-01T15:32:40","guid":{"rendered":"https:\/\/beta.thaicospa.ro\/produs\/import-placeholder-for-4350\/"},"modified":"2025-08-01T14:52:40","modified_gmt":"2025-08-01T11:52:40","slug":"ear-cleaning-treatment","status":"publish","type":"product","link":"https:\/\/thaicospa.ro\/en\/gift-card\/tratament-de-curatare-pentru-urechi\/","title":{"rendered":"Ear cleaning treatment"},"content":{"rendered":"<p>The tradition of using these candles in the modern world comes from the Hoppy Indians of North America. The heat and vibration of the candle helps to soften and remove earwax from the ears through the lymphatic system. It's a kind of detoxification that lasts another 48 hours after the candle treatment is applied. The composition of the candle includes beeswax, honey and essential oils. Hoppy is a hollow candle inside, which is inserted from the outside into the ear canal.<\/p>","protected":false},"excerpt":{"rendered":"<p>Tradi\u021bia folosirii acestor lum\u00e2n\u0103ri \u00een lumea modern\u0103 vine de la indienii Hoppy din America de Nord. C\u0103ldura \u0219i vibra\u021bia lum\u00e2n\u0103rii ajut\u0103 s\u0103 se \u00eenmoaie \u0219i s\u0103 se \u00eendep\u0103rteze cerumenul din urechi prin sistemul limfatic. Este un fel de dezintoxicare care [&hellip;]<\/p>\n","protected":false},"featured_media":51652,"template":"","meta":{"_monsterinsights_skip_tracking":false,"_monsterinsights_sitenote_active":false,"_monsterinsights_sitenote_note":"","_monsterinsights_sitenote_category":0},"product_brand":[],"product_cat":[3],"product_tag":[],"class_list":{"0":"post-25474","1":"product","2":"type-product","3":"status-publish","4":"has-post-thumbnail","6":"product_cat-gift-card","8":"first","9":"instock","10":"downloadable","11":"virtual","12":"taxable","13":"purchasable","14":"product-type-simple"},"yoast_head":"<!-- This site is optimized with the Yoast SEO plugin v27.5 - https:\/\/yoast.com\/product\/yoast-seo-wordpress\/ -->\n<title>Tratament de curatare pentru urechi - THAIco SPA<\/title>\n<meta name=\"robots\" content=\"index, follow, max-snippet:-1, max-image-preview:large, max-video-preview:-1\" \/>\n<link rel=\"canonical\" href=\"https:\/\/thaicospa.ro\/en\/gift-card\/ear-cleaning-treatment\/\" \/>\n<meta property=\"og:locale\" content=\"en_US\" \/>\n<meta property=\"og:type\" content=\"article\" \/>\n<meta property=\"og:title\" content=\"Tratament de curatare pentru urechi - THAIco SPA\" \/>\n<meta property=\"og:description\" content=\"Tradi\u021bia folosirii acestor lum\u00e2n\u0103ri \u00een lumea modern\u0103 vine de la indienii Hoppy din America de Nord. C\u0103ldura \u0219i vibra\u021bia lum\u00e2n\u0103rii ajut\u0103 s\u0103 se \u00eenmoaie \u0219i s\u0103 se \u00eendep\u0103rteze cerumenul din urechi prin sistemul limfatic. Este un fel de dezintoxicare care [&hellip;]\" \/>\n<meta property=\"og:url\" content=\"https:\/\/thaicospa.ro\/en\/gift-card\/ear-cleaning-treatment\/\" \/>\n<meta property=\"og:site_name\" content=\"THAIco SPA\" \/>\n<meta property=\"article:publisher\" content=\"https:\/\/www.facebook.com\/THAIcoSPA\/\" \/>\n<meta property=\"article:modified_time\" content=\"2025-08-01T11:52:40+00:00\" \/>\n<meta property=\"og:image\" content=\"https:\/\/thaicospa.ro\/wp-content\/uploads\/2021\/03\/curatare-urechi.png\" \/>\n\t<meta property=\"og:image:width\" content=\"1748\" \/>\n\t<meta property=\"og:image:height\" content=\"1240\" \/>\n\t<meta property=\"og:image:type\" content=\"image\/png\" \/>\n<meta name=\"twitter:card\" content=\"summary_large_image\" \/>\n<script type=\"application\/ld+json\" class=\"yoast-schema-graph\">{\"@context\":\"https:\\\/\\\/schema.org\",\"@graph\":[{\"@type\":\"WebPage\",\"@id\":\"https:\\\/\\\/thaicospa.ro\\\/gift-card\\\/tratament-de-curatare-pentru-urechi\\\/\",\"url\":\"https:\\\/\\\/thaicospa.ro\\\/gift-card\\\/tratament-de-curatare-pentru-urechi\\\/\",\"name\":\"Tratament de curatare pentru urechi - THAIco SPA\",\"isPartOf\":{\"@id\":\"https:\\\/\\\/thaicospa.ro\\\/#website\"},\"primaryImageOfPage\":{\"@id\":\"https:\\\/\\\/thaicospa.ro\\\/gift-card\\\/tratament-de-curatare-pentru-urechi\\\/#primaryimage\"},\"image\":{\"@id\":\"https:\\\/\\\/thaicospa.ro\\\/gift-card\\\/tratament-de-curatare-pentru-urechi\\\/#primaryimage\"},\"thumbnailUrl\":\"https:\\\/\\\/thaicospa.ro\\\/wp-content\\\/uploads\\\/2021\\\/03\\\/curatare-urechi.png\",\"datePublished\":\"2021-03-01T15:32:40+00:00\",\"dateModified\":\"2025-08-01T11:52:40+00:00\",\"breadcrumb\":{\"@id\":\"https:\\\/\\\/thaicospa.ro\\\/gift-card\\\/tratament-de-curatare-pentru-urechi\\\/#breadcrumb\"},\"inLanguage\":\"en-US\",\"potentialAction\":[{\"@type\":\"ReadAction\",\"target\":[\"https:\\\/\\\/thaicospa.ro\\\/gift-card\\\/tratament-de-curatare-pentru-urechi\\\/\"]}]},{\"@type\":\"ImageObject\",\"inLanguage\":\"en-US\",\"@id\":\"https:\\\/\\\/thaicospa.ro\\\/gift-card\\\/tratament-de-curatare-pentru-urechi\\\/#primaryimage\",\"url\":\"https:\\\/\\\/thaicospa.ro\\\/wp-content\\\/uploads\\\/2021\\\/03\\\/curatare-urechi.png\",\"contentUrl\":\"https:\\\/\\\/thaicospa.ro\\\/wp-content\\\/uploads\\\/2021\\\/03\\\/curatare-urechi.png\",\"width\":1748,\"height\":1240},{\"@type\":\"BreadcrumbList\",\"@id\":\"https:\\\/\\\/thaicospa.ro\\\/gift-card\\\/tratament-de-curatare-pentru-urechi\\\/#breadcrumb\",\"itemListElement\":[{\"@type\":\"ListItem\",\"position\":1,\"name\":\"Prima pagin\u0103\",\"item\":\"https:\\\/\\\/thaicospa.ro\\\/\"},{\"@type\":\"ListItem\",\"position\":2,\"name\":\"Gift Card\",\"item\":\"https:\\\/\\\/thaicospa.ro\\\/gift-card\\\/\"},{\"@type\":\"ListItem\",\"position\":3,\"name\":\"Tratament de curatare pentru urechi\"}]},{\"@type\":\"WebSite\",\"@id\":\"https:\\\/\\\/thaicospa.ro\\\/#website\",\"url\":\"https:\\\/\\\/thaicospa.ro\\\/\",\"name\":\"THAIco SPA\",\"description\":\"\",\"potentialAction\":[{\"@type\":\"SearchAction\",\"target\":{\"@type\":\"EntryPoint\",\"urlTemplate\":\"https:\\\/\\\/thaicospa.ro\\\/?s={search_term_string}\"},\"query-input\":{\"@type\":\"PropertyValueSpecification\",\"valueRequired\":true,\"valueName\":\"search_term_string\"}}],\"inLanguage\":\"en-US\"}]}<\/script>\n<!-- \/ Yoast SEO plugin. -->","yoast_head_json":{"title":"Ear cleaning treatment - THAIco SPA","robots":{"index":"index","follow":"follow","max-snippet":"max-snippet:-1","max-image-preview":"max-image-preview:large","max-video-preview":"max-video-preview:-1"},"canonical":"https:\/\/thaicospa.ro\/en\/gift-card\/ear-cleaning-treatment\/","og_locale":"en_US","og_type":"article","og_title":"Tratament de curatare pentru urechi - THAIco SPA","og_description":"Tradi\u021bia folosirii acestor lum\u00e2n\u0103ri \u00een lumea modern\u0103 vine de la indienii Hoppy din America de Nord. C\u0103ldura \u0219i vibra\u021bia lum\u00e2n\u0103rii ajut\u0103 s\u0103 se \u00eenmoaie \u0219i s\u0103 se \u00eendep\u0103rteze cerumenul din urechi prin sistemul limfatic. Este un fel de dezintoxicare care [&hellip;]","og_url":"https:\/\/thaicospa.ro\/en\/gift-card\/ear-cleaning-treatment\/","og_site_name":"THAIco SPA","article_publisher":"https:\/\/www.facebook.com\/THAIcoSPA\/","article_modified_time":"2025-08-01T11:52:40+00:00","og_image":[{"width":1748,"height":1240,"url":"https:\/\/thaicospa.ro\/wp-content\/uploads\/2021\/03\/curatare-urechi.png","type":"image\/png"}],"twitter_card":"summary_large_image","schema":{"@context":"https:\/\/schema.org","@graph":[{"@type":"WebPage","@id":"https:\/\/thaicospa.ro\/gift-card\/tratament-de-curatare-pentru-urechi\/","url":"https:\/\/thaicospa.ro\/gift-card\/tratament-de-curatare-pentru-urechi\/","name":"Ear cleaning treatment - THAIco SPA","isPartOf":{"@id":"https:\/\/thaicospa.ro\/#website"},"primaryImageOfPage":{"@id":"https:\/\/thaicospa.ro\/gift-card\/tratament-de-curatare-pentru-urechi\/#primaryimage"},"image":{"@id":"https:\/\/thaicospa.ro\/gift-card\/tratament-de-curatare-pentru-urechi\/#primaryimage"},"thumbnailUrl":"https:\/\/thaicospa.ro\/wp-content\/uploads\/2021\/03\/curatare-urechi.png","datePublished":"2021-03-01T15:32:40+00:00","dateModified":"2025-08-01T11:52:40+00:00","breadcrumb":{"@id":"https:\/\/thaicospa.ro\/gift-card\/tratament-de-curatare-pentru-urechi\/#breadcrumb"},"inLanguage":"en-US","potentialAction":[{"@type":"ReadAction","target":["https:\/\/thaicospa.ro\/gift-card\/tratament-de-curatare-pentru-urechi\/"]}]},{"@type":"ImageObject","inLanguage":"en-US","@id":"https:\/\/thaicospa.ro\/gift-card\/tratament-de-curatare-pentru-urechi\/#primaryimage","url":"https:\/\/thaicospa.ro\/wp-content\/uploads\/2021\/03\/curatare-urechi.png","contentUrl":"https:\/\/thaicospa.ro\/wp-content\/uploads\/2021\/03\/curatare-urechi.png","width":1748,"height":1240},{"@type":"BreadcrumbList","@id":"https:\/\/thaicospa.ro\/gift-card\/tratament-de-curatare-pentru-urechi\/#breadcrumb","itemListElement":[{"@type":"ListItem","position":1,"name":"Prima pagin\u0103","item":"https:\/\/thaicospa.ro\/"},{"@type":"ListItem","position":2,"name":"Gift Card","item":"https:\/\/thaicospa.ro\/gift-card\/"},{"@type":"ListItem","position":3,"name":"Tratament de curatare pentru urechi"}]},{"@type":"WebSite","@id":"https:\/\/thaicospa.ro\/#website","url":"https:\/\/thaicospa.ro\/","name":"THAIco SPA","description":"","potentialAction":[{"@type":"SearchAction","target":{"@type":"EntryPoint","urlTemplate":"https:\/\/thaicospa.ro\/?s={search_term_string}"},"query-input":{"@type":"PropertyValueSpecification","valueRequired":true,"valueName":"search_term_string"}}],"inLanguage":"en-US"}]}},"_links":{"self":[{"href":"https:\/\/thaicospa.ro\/en\/wp-json\/wp\/v2\/product\/25474","targetHints":{"allow":["GET"]}}],"collection":[{"href":"https:\/\/thaicospa.ro\/en\/wp-json\/wp\/v2\/product"}],"about":[{"href":"https:\/\/thaicospa.ro\/en\/wp-json\/wp\/v2\/types\/product"}],"wp:featuredmedia":[{"embeddable":true,"href":"https:\/\/thaicospa.ro\/en\/wp-json\/wp\/v2\/media\/51652"}],"wp:attachment":[{"href":"https:\/\/thaicospa.ro\/en\/wp-json\/wp\/v2\/media?parent=25474"}],"wp:term":[{"taxonomy":"product_brand","embeddable":true,"href":"https:\/\/thaicospa.ro\/en\/wp-json\/wp\/v2\/product_brand?post=25474"},{"taxonomy":"product_cat","embeddable":true,"href":"https:\/\/thaicospa.ro\/en\/wp-json\/wp\/v2\/product_cat?post=25474"},{"taxonomy":"product_tag","embeddable":true,"href":"https:\/\/thaicospa.ro\/en\/wp-json\/wp\/v2\/product_tag?post=25474"}],"curies":[{"name":"wp","href":"https:\/\/api.w.org\/{rel}","templated":true}]}}