{"id":25471,"date":"2021-03-01T18:32:40","date_gmt":"2021-03-01T15:32:40","guid":{"rendered":"https:\/\/beta.thaicospa.ro\/produs\/import-placeholder-for-4346\/"},"modified":"2025-08-01T14:52:40","modified_gmt":"2025-08-01T11:52:40","slug":"bali-boreh","status":"publish","type":"product","link":"https:\/\/thaicospa.ro\/en\/gift-card\/bali-boreh\/","title":{"rendered":"Bali Boreh"},"content":{"rendered":"<p>Boreh is a traditional remedy that has been passed down through generations of Balinese farming families; it is used for healing and stimulates blood circulation. Healing Boreh is made up of a combination of spices such as cinnamon, cloves and ginger that warm the skin. The Boreh ceremony begins with a traditional massage and then a paste made of Boreh powder and essential oils is spread all over the body.<\/p>","protected":false},"excerpt":{"rendered":"<p>Boreh este un remediu traditional, care a fost transmis din genera\u021bie \u00een familiile de fermieri balinezi; acesta este folosit pentru vindecare \u0219i stimuleaz\u0103 circula\u021bia s\u00e2ngelui. Borehul vindec\u0103tor este alc\u0103tuit dintr-o combina\u021bie de mirodenii precum scor\u021bi\u0219oara, cui\u0219oarele \u0219i ghimbirul care \u00eenc\u0103lzesc [&hellip;]<\/p>\n","protected":false},"featured_media":51636,"template":"","meta":{"_monsterinsights_skip_tracking":false,"_monsterinsights_sitenote_active":false,"_monsterinsights_sitenote_note":"","_monsterinsights_sitenote_category":0},"product_brand":[],"product_cat":[3],"product_tag":[],"class_list":{"0":"post-25471","1":"product","2":"type-product","3":"status-publish","4":"has-post-thumbnail","6":"product_cat-gift-card","8":"first","9":"instock","10":"downloadable","11":"virtual","12":"taxable","13":"purchasable","14":"product-type-simple"},"yoast_head":"<!-- This site is optimized with the Yoast SEO plugin v27.5 - https:\/\/yoast.com\/product\/yoast-seo-wordpress\/ -->\n<title>Bali Boreh - THAIco SPA<\/title>\n<meta name=\"robots\" content=\"index, follow, max-snippet:-1, max-image-preview:large, max-video-preview:-1\" \/>\n<link rel=\"canonical\" href=\"https:\/\/thaicospa.ro\/en\/gift-card\/bali-boreh\/\" \/>\n<meta property=\"og:locale\" content=\"en_US\" \/>\n<meta property=\"og:type\" content=\"article\" \/>\n<meta property=\"og:title\" content=\"Bali Boreh - THAIco SPA\" \/>\n<meta property=\"og:description\" content=\"Boreh este un remediu traditional, care a fost transmis din genera\u021bie \u00een familiile de fermieri balinezi; acesta este folosit pentru vindecare \u0219i stimuleaz\u0103 circula\u021bia s\u00e2ngelui. Borehul vindec\u0103tor este alc\u0103tuit dintr-o combina\u021bie de mirodenii precum scor\u021bi\u0219oara, cui\u0219oarele \u0219i ghimbirul care \u00eenc\u0103lzesc [&hellip;]\" \/>\n<meta property=\"og:url\" content=\"https:\/\/thaicospa.ro\/en\/gift-card\/bali-boreh\/\" \/>\n<meta property=\"og:site_name\" content=\"THAIco SPA\" \/>\n<meta property=\"article:publisher\" content=\"https:\/\/www.facebook.com\/THAIcoSPA\/\" \/>\n<meta property=\"article:modified_time\" content=\"2025-08-01T11:52:40+00:00\" \/>\n<meta property=\"og:image\" content=\"https:\/\/thaicospa.ro\/wp-content\/uploads\/2021\/03\/bali-boreh.png\" \/>\n\t<meta property=\"og:image:width\" content=\"1748\" \/>\n\t<meta property=\"og:image:height\" content=\"1240\" \/>\n\t<meta property=\"og:image:type\" content=\"image\/png\" \/>\n<meta name=\"twitter:card\" content=\"summary_large_image\" \/>\n<script type=\"application\/ld+json\" class=\"yoast-schema-graph\">{\"@context\":\"https:\\\/\\\/schema.org\",\"@graph\":[{\"@type\":\"WebPage\",\"@id\":\"https:\\\/\\\/thaicospa.ro\\\/gift-card\\\/bali-boreh\\\/\",\"url\":\"https:\\\/\\\/thaicospa.ro\\\/gift-card\\\/bali-boreh\\\/\",\"name\":\"Bali Boreh - THAIco SPA\",\"isPartOf\":{\"@id\":\"https:\\\/\\\/thaicospa.ro\\\/#website\"},\"primaryImageOfPage\":{\"@id\":\"https:\\\/\\\/thaicospa.ro\\\/gift-card\\\/bali-boreh\\\/#primaryimage\"},\"image\":{\"@id\":\"https:\\\/\\\/thaicospa.ro\\\/gift-card\\\/bali-boreh\\\/#primaryimage\"},\"thumbnailUrl\":\"https:\\\/\\\/thaicospa.ro\\\/wp-content\\\/uploads\\\/2021\\\/03\\\/bali-boreh.png\",\"datePublished\":\"2021-03-01T15:32:40+00:00\",\"dateModified\":\"2025-08-01T11:52:40+00:00\",\"breadcrumb\":{\"@id\":\"https:\\\/\\\/thaicospa.ro\\\/gift-card\\\/bali-boreh\\\/#breadcrumb\"},\"inLanguage\":\"en-US\",\"potentialAction\":[{\"@type\":\"ReadAction\",\"target\":[\"https:\\\/\\\/thaicospa.ro\\\/gift-card\\\/bali-boreh\\\/\"]}]},{\"@type\":\"ImageObject\",\"inLanguage\":\"en-US\",\"@id\":\"https:\\\/\\\/thaicospa.ro\\\/gift-card\\\/bali-boreh\\\/#primaryimage\",\"url\":\"https:\\\/\\\/thaicospa.ro\\\/wp-content\\\/uploads\\\/2021\\\/03\\\/bali-boreh.png\",\"contentUrl\":\"https:\\\/\\\/thaicospa.ro\\\/wp-content\\\/uploads\\\/2021\\\/03\\\/bali-boreh.png\",\"width\":1748,\"height\":1240},{\"@type\":\"BreadcrumbList\",\"@id\":\"https:\\\/\\\/thaicospa.ro\\\/gift-card\\\/bali-boreh\\\/#breadcrumb\",\"itemListElement\":[{\"@type\":\"ListItem\",\"position\":1,\"name\":\"Prima pagin\u0103\",\"item\":\"https:\\\/\\\/thaicospa.ro\\\/\"},{\"@type\":\"ListItem\",\"position\":2,\"name\":\"Gift Card\",\"item\":\"https:\\\/\\\/thaicospa.ro\\\/gift-card\\\/\"},{\"@type\":\"ListItem\",\"position\":3,\"name\":\"Bali Boreh\"}]},{\"@type\":\"WebSite\",\"@id\":\"https:\\\/\\\/thaicospa.ro\\\/#website\",\"url\":\"https:\\\/\\\/thaicospa.ro\\\/\",\"name\":\"THAIco SPA\",\"description\":\"\",\"potentialAction\":[{\"@type\":\"SearchAction\",\"target\":{\"@type\":\"EntryPoint\",\"urlTemplate\":\"https:\\\/\\\/thaicospa.ro\\\/?s={search_term_string}\"},\"query-input\":{\"@type\":\"PropertyValueSpecification\",\"valueRequired\":true,\"valueName\":\"search_term_string\"}}],\"inLanguage\":\"en-US\"}]}<\/script>\n<!-- \/ Yoast SEO plugin. -->","yoast_head_json":{"title":"Bali Boreh - THAIco SPA","robots":{"index":"index","follow":"follow","max-snippet":"max-snippet:-1","max-image-preview":"max-image-preview:large","max-video-preview":"max-video-preview:-1"},"canonical":"https:\/\/thaicospa.ro\/en\/gift-card\/bali-boreh\/","og_locale":"en_US","og_type":"article","og_title":"Bali Boreh - THAIco SPA","og_description":"Boreh este un remediu traditional, care a fost transmis din genera\u021bie \u00een familiile de fermieri balinezi; acesta este folosit pentru vindecare \u0219i stimuleaz\u0103 circula\u021bia s\u00e2ngelui. Borehul vindec\u0103tor este alc\u0103tuit dintr-o combina\u021bie de mirodenii precum scor\u021bi\u0219oara, cui\u0219oarele \u0219i ghimbirul care \u00eenc\u0103lzesc [&hellip;]","og_url":"https:\/\/thaicospa.ro\/en\/gift-card\/bali-boreh\/","og_site_name":"THAIco SPA","article_publisher":"https:\/\/www.facebook.com\/THAIcoSPA\/","article_modified_time":"2025-08-01T11:52:40+00:00","og_image":[{"width":1748,"height":1240,"url":"https:\/\/thaicospa.ro\/wp-content\/uploads\/2021\/03\/bali-boreh.png","type":"image\/png"}],"twitter_card":"summary_large_image","schema":{"@context":"https:\/\/schema.org","@graph":[{"@type":"WebPage","@id":"https:\/\/thaicospa.ro\/gift-card\/bali-boreh\/","url":"https:\/\/thaicospa.ro\/gift-card\/bali-boreh\/","name":"Bali Boreh - THAIco SPA","isPartOf":{"@id":"https:\/\/thaicospa.ro\/#website"},"primaryImageOfPage":{"@id":"https:\/\/thaicospa.ro\/gift-card\/bali-boreh\/#primaryimage"},"image":{"@id":"https:\/\/thaicospa.ro\/gift-card\/bali-boreh\/#primaryimage"},"thumbnailUrl":"https:\/\/thaicospa.ro\/wp-content\/uploads\/2021\/03\/bali-boreh.png","datePublished":"2021-03-01T15:32:40+00:00","dateModified":"2025-08-01T11:52:40+00:00","breadcrumb":{"@id":"https:\/\/thaicospa.ro\/gift-card\/bali-boreh\/#breadcrumb"},"inLanguage":"en-US","potentialAction":[{"@type":"ReadAction","target":["https:\/\/thaicospa.ro\/gift-card\/bali-boreh\/"]}]},{"@type":"ImageObject","inLanguage":"en-US","@id":"https:\/\/thaicospa.ro\/gift-card\/bali-boreh\/#primaryimage","url":"https:\/\/thaicospa.ro\/wp-content\/uploads\/2021\/03\/bali-boreh.png","contentUrl":"https:\/\/thaicospa.ro\/wp-content\/uploads\/2021\/03\/bali-boreh.png","width":1748,"height":1240},{"@type":"BreadcrumbList","@id":"https:\/\/thaicospa.ro\/gift-card\/bali-boreh\/#breadcrumb","itemListElement":[{"@type":"ListItem","position":1,"name":"Prima pagin\u0103","item":"https:\/\/thaicospa.ro\/"},{"@type":"ListItem","position":2,"name":"Gift Card","item":"https:\/\/thaicospa.ro\/gift-card\/"},{"@type":"ListItem","position":3,"name":"Bali Boreh"}]},{"@type":"WebSite","@id":"https:\/\/thaicospa.ro\/#website","url":"https:\/\/thaicospa.ro\/","name":"THAIco SPA","description":"","potentialAction":[{"@type":"SearchAction","target":{"@type":"EntryPoint","urlTemplate":"https:\/\/thaicospa.ro\/?s={search_term_string}"},"query-input":{"@type":"PropertyValueSpecification","valueRequired":true,"valueName":"search_term_string"}}],"inLanguage":"en-US"}]}},"_links":{"self":[{"href":"https:\/\/thaicospa.ro\/en\/wp-json\/wp\/v2\/product\/25471","targetHints":{"allow":["GET"]}}],"collection":[{"href":"https:\/\/thaicospa.ro\/en\/wp-json\/wp\/v2\/product"}],"about":[{"href":"https:\/\/thaicospa.ro\/en\/wp-json\/wp\/v2\/types\/product"}],"wp:featuredmedia":[{"embeddable":true,"href":"https:\/\/thaicospa.ro\/en\/wp-json\/wp\/v2\/media\/51636"}],"wp:attachment":[{"href":"https:\/\/thaicospa.ro\/en\/wp-json\/wp\/v2\/media?parent=25471"}],"wp:term":[{"taxonomy":"product_brand","embeddable":true,"href":"https:\/\/thaicospa.ro\/en\/wp-json\/wp\/v2\/product_brand?post=25471"},{"taxonomy":"product_cat","embeddable":true,"href":"https:\/\/thaicospa.ro\/en\/wp-json\/wp\/v2\/product_cat?post=25471"},{"taxonomy":"product_tag","embeddable":true,"href":"https:\/\/thaicospa.ro\/en\/wp-json\/wp\/v2\/product_tag?post=25471"}],"curies":[{"name":"wp","href":"https:\/\/api.w.org\/{rel}","templated":true}]}}