{"id":25468,"date":"2021-03-01T18:32:39","date_gmt":"2021-03-01T15:32:39","guid":{"rendered":"https:\/\/beta.thaicospa.ro\/produs\/import-placeholder-for-4336\/"},"modified":"2025-08-01T14:52:40","modified_gmt":"2025-08-01T11:52:40","slug":"tropical-coconut-treatment","status":"publish","type":"product","link":"https:\/\/thaicospa.ro\/en\/gift-card\/tratament-tropical-cu-cocos\/","title":{"rendered":"Tropical coconut treatment"},"content":{"rendered":"<p>This sweet and savoury treat is the way to tropical paradise. It begins with a coconut body scrub, followed by a warm bath with tropical flowers and coconut milk, accompanied by head massage. Then, we'll delight you with Hawaiian massage with virgin coconut oil and facial massage. Floral foot ritual ~ Coconut body scrub ~ Tropical flower bath ~ Hair massage ~ Hawaiian massage ~ Facial massage<\/p>","protected":false},"excerpt":{"rendered":"<p>Acest tratament dulce \u0219i savuros este calea spre paradisul tropical. El \u00eencepe cu o exfoliere corporal\u0103 cu cocos, urmat de o baie cald\u0103 cu flori tropicale \u0219i lapte de cocos, \u00eenso\u021bit\u0103 de masajul capului. Apoi, v\u0103 vom \u00eenc\u00e2nta cu masaj [&hellip;]<\/p>\n","protected":false},"featured_media":51738,"template":"","meta":{"_monsterinsights_skip_tracking":false,"_monsterinsights_sitenote_active":false,"_monsterinsights_sitenote_note":"","_monsterinsights_sitenote_category":0},"product_brand":[],"product_cat":[3],"product_tag":[],"class_list":{"0":"post-25468","1":"product","2":"type-product","3":"status-publish","4":"has-post-thumbnail","6":"product_cat-gift-card","8":"first","9":"instock","10":"downloadable","11":"virtual","12":"taxable","13":"purchasable","14":"product-type-simple"},"yoast_head":"<!-- This site is optimized with the Yoast SEO plugin v27.5 - https:\/\/yoast.com\/product\/yoast-seo-wordpress\/ -->\n<title>Tratament tropical cu cocos - THAIco SPA<\/title>\n<meta name=\"robots\" content=\"index, follow, max-snippet:-1, max-image-preview:large, max-video-preview:-1\" \/>\n<link rel=\"canonical\" href=\"https:\/\/thaicospa.ro\/en\/gift-card\/tropical-coconut-treatment\/\" \/>\n<meta property=\"og:locale\" content=\"en_US\" \/>\n<meta property=\"og:type\" content=\"article\" \/>\n<meta property=\"og:title\" content=\"Tratament tropical cu cocos - THAIco SPA\" \/>\n<meta property=\"og:description\" content=\"Acest tratament dulce \u0219i savuros este calea spre paradisul tropical. El \u00eencepe cu o exfoliere corporal\u0103 cu cocos, urmat de o baie cald\u0103 cu flori tropicale \u0219i lapte de cocos, \u00eenso\u021bit\u0103 de masajul capului. Apoi, v\u0103 vom \u00eenc\u00e2nta cu masaj [&hellip;]\" \/>\n<meta property=\"og:url\" content=\"https:\/\/thaicospa.ro\/en\/gift-card\/tropical-coconut-treatment\/\" \/>\n<meta property=\"og:site_name\" content=\"THAIco SPA\" \/>\n<meta property=\"article:publisher\" content=\"https:\/\/www.facebook.com\/THAIcoSPA\/\" \/>\n<meta property=\"article:modified_time\" content=\"2025-08-01T11:52:40+00:00\" \/>\n<meta property=\"og:image\" content=\"https:\/\/thaicospa.ro\/wp-content\/uploads\/2021\/03\/tropical-cocos.png\" \/>\n\t<meta property=\"og:image:width\" content=\"1748\" \/>\n\t<meta property=\"og:image:height\" content=\"1240\" \/>\n\t<meta property=\"og:image:type\" content=\"image\/png\" \/>\n<meta name=\"twitter:card\" content=\"summary_large_image\" \/>\n<meta name=\"twitter:label1\" content=\"Est. reading time\" \/>\n\t<meta name=\"twitter:data1\" content=\"1 minute\" \/>\n<script type=\"application\/ld+json\" class=\"yoast-schema-graph\">{\"@context\":\"https:\\\/\\\/schema.org\",\"@graph\":[{\"@type\":\"WebPage\",\"@id\":\"https:\\\/\\\/thaicospa.ro\\\/gift-card\\\/tratament-tropical-cu-cocos\\\/\",\"url\":\"https:\\\/\\\/thaicospa.ro\\\/gift-card\\\/tratament-tropical-cu-cocos\\\/\",\"name\":\"Tratament tropical cu cocos - THAIco SPA\",\"isPartOf\":{\"@id\":\"https:\\\/\\\/thaicospa.ro\\\/#website\"},\"primaryImageOfPage\":{\"@id\":\"https:\\\/\\\/thaicospa.ro\\\/gift-card\\\/tratament-tropical-cu-cocos\\\/#primaryimage\"},\"image\":{\"@id\":\"https:\\\/\\\/thaicospa.ro\\\/gift-card\\\/tratament-tropical-cu-cocos\\\/#primaryimage\"},\"thumbnailUrl\":\"https:\\\/\\\/thaicospa.ro\\\/wp-content\\\/uploads\\\/2021\\\/03\\\/tropical-cocos.png\",\"datePublished\":\"2021-03-01T15:32:39+00:00\",\"dateModified\":\"2025-08-01T11:52:40+00:00\",\"breadcrumb\":{\"@id\":\"https:\\\/\\\/thaicospa.ro\\\/gift-card\\\/tratament-tropical-cu-cocos\\\/#breadcrumb\"},\"inLanguage\":\"en-US\",\"potentialAction\":[{\"@type\":\"ReadAction\",\"target\":[\"https:\\\/\\\/thaicospa.ro\\\/gift-card\\\/tratament-tropical-cu-cocos\\\/\"]}]},{\"@type\":\"ImageObject\",\"inLanguage\":\"en-US\",\"@id\":\"https:\\\/\\\/thaicospa.ro\\\/gift-card\\\/tratament-tropical-cu-cocos\\\/#primaryimage\",\"url\":\"https:\\\/\\\/thaicospa.ro\\\/wp-content\\\/uploads\\\/2021\\\/03\\\/tropical-cocos.png\",\"contentUrl\":\"https:\\\/\\\/thaicospa.ro\\\/wp-content\\\/uploads\\\/2021\\\/03\\\/tropical-cocos.png\",\"width\":1748,\"height\":1240},{\"@type\":\"BreadcrumbList\",\"@id\":\"https:\\\/\\\/thaicospa.ro\\\/gift-card\\\/tratament-tropical-cu-cocos\\\/#breadcrumb\",\"itemListElement\":[{\"@type\":\"ListItem\",\"position\":1,\"name\":\"Prima pagin\u0103\",\"item\":\"https:\\\/\\\/thaicospa.ro\\\/\"},{\"@type\":\"ListItem\",\"position\":2,\"name\":\"Gift Card\",\"item\":\"https:\\\/\\\/thaicospa.ro\\\/gift-card\\\/\"},{\"@type\":\"ListItem\",\"position\":3,\"name\":\"Tratament tropical cu cocos\"}]},{\"@type\":\"WebSite\",\"@id\":\"https:\\\/\\\/thaicospa.ro\\\/#website\",\"url\":\"https:\\\/\\\/thaicospa.ro\\\/\",\"name\":\"THAIco SPA\",\"description\":\"\",\"potentialAction\":[{\"@type\":\"SearchAction\",\"target\":{\"@type\":\"EntryPoint\",\"urlTemplate\":\"https:\\\/\\\/thaicospa.ro\\\/?s={search_term_string}\"},\"query-input\":{\"@type\":\"PropertyValueSpecification\",\"valueRequired\":true,\"valueName\":\"search_term_string\"}}],\"inLanguage\":\"en-US\"}]}<\/script>\n<!-- \/ Yoast SEO plugin. -->","yoast_head_json":{"title":"Tropical coconut treatment - THAIco SPA","robots":{"index":"index","follow":"follow","max-snippet":"max-snippet:-1","max-image-preview":"max-image-preview:large","max-video-preview":"max-video-preview:-1"},"canonical":"https:\/\/thaicospa.ro\/en\/gift-card\/tropical-coconut-treatment\/","og_locale":"en_US","og_type":"article","og_title":"Tratament tropical cu cocos - THAIco SPA","og_description":"Acest tratament dulce \u0219i savuros este calea spre paradisul tropical. El \u00eencepe cu o exfoliere corporal\u0103 cu cocos, urmat de o baie cald\u0103 cu flori tropicale \u0219i lapte de cocos, \u00eenso\u021bit\u0103 de masajul capului. Apoi, v\u0103 vom \u00eenc\u00e2nta cu masaj [&hellip;]","og_url":"https:\/\/thaicospa.ro\/en\/gift-card\/tropical-coconut-treatment\/","og_site_name":"THAIco SPA","article_publisher":"https:\/\/www.facebook.com\/THAIcoSPA\/","article_modified_time":"2025-08-01T11:52:40+00:00","og_image":[{"width":1748,"height":1240,"url":"https:\/\/thaicospa.ro\/wp-content\/uploads\/2021\/03\/tropical-cocos.png","type":"image\/png"}],"twitter_card":"summary_large_image","twitter_misc":{"Est. reading time":"1 minute"},"schema":{"@context":"https:\/\/schema.org","@graph":[{"@type":"WebPage","@id":"https:\/\/thaicospa.ro\/gift-card\/tratament-tropical-cu-cocos\/","url":"https:\/\/thaicospa.ro\/gift-card\/tratament-tropical-cu-cocos\/","name":"Tropical coconut treatment - THAIco SPA","isPartOf":{"@id":"https:\/\/thaicospa.ro\/#website"},"primaryImageOfPage":{"@id":"https:\/\/thaicospa.ro\/gift-card\/tratament-tropical-cu-cocos\/#primaryimage"},"image":{"@id":"https:\/\/thaicospa.ro\/gift-card\/tratament-tropical-cu-cocos\/#primaryimage"},"thumbnailUrl":"https:\/\/thaicospa.ro\/wp-content\/uploads\/2021\/03\/tropical-cocos.png","datePublished":"2021-03-01T15:32:39+00:00","dateModified":"2025-08-01T11:52:40+00:00","breadcrumb":{"@id":"https:\/\/thaicospa.ro\/gift-card\/tratament-tropical-cu-cocos\/#breadcrumb"},"inLanguage":"en-US","potentialAction":[{"@type":"ReadAction","target":["https:\/\/thaicospa.ro\/gift-card\/tratament-tropical-cu-cocos\/"]}]},{"@type":"ImageObject","inLanguage":"en-US","@id":"https:\/\/thaicospa.ro\/gift-card\/tratament-tropical-cu-cocos\/#primaryimage","url":"https:\/\/thaicospa.ro\/wp-content\/uploads\/2021\/03\/tropical-cocos.png","contentUrl":"https:\/\/thaicospa.ro\/wp-content\/uploads\/2021\/03\/tropical-cocos.png","width":1748,"height":1240},{"@type":"BreadcrumbList","@id":"https:\/\/thaicospa.ro\/gift-card\/tratament-tropical-cu-cocos\/#breadcrumb","itemListElement":[{"@type":"ListItem","position":1,"name":"Prima pagin\u0103","item":"https:\/\/thaicospa.ro\/"},{"@type":"ListItem","position":2,"name":"Gift Card","item":"https:\/\/thaicospa.ro\/gift-card\/"},{"@type":"ListItem","position":3,"name":"Tratament tropical cu cocos"}]},{"@type":"WebSite","@id":"https:\/\/thaicospa.ro\/#website","url":"https:\/\/thaicospa.ro\/","name":"THAIco SPA","description":"","potentialAction":[{"@type":"SearchAction","target":{"@type":"EntryPoint","urlTemplate":"https:\/\/thaicospa.ro\/?s={search_term_string}"},"query-input":{"@type":"PropertyValueSpecification","valueRequired":true,"valueName":"search_term_string"}}],"inLanguage":"en-US"}]}},"_links":{"self":[{"href":"https:\/\/thaicospa.ro\/en\/wp-json\/wp\/v2\/product\/25468","targetHints":{"allow":["GET"]}}],"collection":[{"href":"https:\/\/thaicospa.ro\/en\/wp-json\/wp\/v2\/product"}],"about":[{"href":"https:\/\/thaicospa.ro\/en\/wp-json\/wp\/v2\/types\/product"}],"wp:featuredmedia":[{"embeddable":true,"href":"https:\/\/thaicospa.ro\/en\/wp-json\/wp\/v2\/media\/51738"}],"wp:attachment":[{"href":"https:\/\/thaicospa.ro\/en\/wp-json\/wp\/v2\/media?parent=25468"}],"wp:term":[{"taxonomy":"product_brand","embeddable":true,"href":"https:\/\/thaicospa.ro\/en\/wp-json\/wp\/v2\/product_brand?post=25468"},{"taxonomy":"product_cat","embeddable":true,"href":"https:\/\/thaicospa.ro\/en\/wp-json\/wp\/v2\/product_cat?post=25468"},{"taxonomy":"product_tag","embeddable":true,"href":"https:\/\/thaicospa.ro\/en\/wp-json\/wp\/v2\/product_tag?post=25468"}],"curies":[{"name":"wp","href":"https:\/\/api.w.org\/{rel}","templated":true}]}}