{"id":25467,"date":"2021-03-01T18:32:39","date_gmt":"2021-03-01T15:32:39","guid":{"rendered":"https:\/\/beta.thaicospa.ro\/produs\/import-placeholder-for-4323\/"},"modified":"2025-08-01T16:07:11","modified_gmt":"2025-08-01T13:07:11","slug":"spa-fruit-treatment","status":"publish","type":"product","link":"https:\/\/thaicospa.ro\/en\/gift-card\/spa-fruit-treatment\/","title":{"rendered":"Fruit spa treatment"},"content":{"rendered":"<p>The therapy begins with a facial and body exfoliation with kiwi, followed by a relaxing bath with precious milk and a hair massage. This exotic experience continues with full-body aromatherapy and facial massage with essential oils enriched with fruit extracts to remove muscle tension, while the treatment improves blood circulation and helps detoxify the body and relax the mind, giving you an unparalleled sense of well-being.<\/p>","protected":false},"excerpt":{"rendered":"<p>Terapia \u00eencepe cu o exfoliere facial\u0103 \u0219i corporal\u0103 cu kiwi, urmat\u0103 de o baie relaxant\u0103 cu lapte pre\u021bios \u0219i un masaj capilar. Aceast\u0103 experien\u021b\u0103 exotic\u0103 continu\u0103 cu aromaterapie pentru tot corpul \u0219i masaj facial cu uleiuri esen\u021biale \u00eembog\u0103\u021bite cu extracte [&hellip;]<\/p>\n","protected":false},"featured_media":51736,"template":"","meta":{"_monsterinsights_skip_tracking":false,"_monsterinsights_sitenote_active":false,"_monsterinsights_sitenote_note":"","_monsterinsights_sitenote_category":0},"product_brand":[],"product_cat":[3],"product_tag":[],"class_list":{"0":"post-25467","1":"product","2":"type-product","3":"status-publish","4":"has-post-thumbnail","6":"product_cat-gift-card","8":"first","9":"instock","10":"downloadable","11":"virtual","12":"taxable","13":"purchasable","14":"product-type-simple"},"yoast_head":"<!-- This site is optimized with the Yoast SEO plugin v27.4 - https:\/\/yoast.com\/product\/yoast-seo-wordpress\/ -->\n<title>Tratament spa cu fructe - THAIco SPA<\/title>\n<meta name=\"robots\" content=\"index, follow, max-snippet:-1, max-image-preview:large, max-video-preview:-1\" \/>\n<link rel=\"canonical\" href=\"https:\/\/thaicospa.ro\/en\/gift-card\/spa-fruit-treatment\/\" \/>\n<meta property=\"og:locale\" content=\"en_US\" \/>\n<meta property=\"og:type\" content=\"article\" \/>\n<meta property=\"og:title\" content=\"Tratament spa cu fructe - THAIco SPA\" \/>\n<meta property=\"og:description\" content=\"Terapia \u00eencepe cu o exfoliere facial\u0103 \u0219i corporal\u0103 cu kiwi, urmat\u0103 de o baie relaxant\u0103 cu lapte pre\u021bios \u0219i un masaj capilar. Aceast\u0103 experien\u021b\u0103 exotic\u0103 continu\u0103 cu aromaterapie pentru tot corpul \u0219i masaj facial cu uleiuri esen\u021biale \u00eembog\u0103\u021bite cu extracte [&hellip;]\" \/>\n<meta property=\"og:url\" content=\"https:\/\/thaicospa.ro\/en\/gift-card\/spa-fruit-treatment\/\" \/>\n<meta property=\"og:site_name\" content=\"THAIco SPA\" \/>\n<meta property=\"article:publisher\" content=\"https:\/\/www.facebook.com\/THAIcoSPA\/\" \/>\n<meta property=\"article:modified_time\" content=\"2025-08-01T13:07:11+00:00\" \/>\n<meta property=\"og:image\" content=\"https:\/\/thaicospa.ro\/wp-content\/uploads\/2021\/03\/ritual-fructe.png\" \/>\n\t<meta property=\"og:image:width\" content=\"1748\" \/>\n\t<meta property=\"og:image:height\" content=\"1240\" \/>\n\t<meta property=\"og:image:type\" content=\"image\/png\" \/>\n<meta name=\"twitter:card\" content=\"summary_large_image\" \/>\n<meta name=\"twitter:label1\" content=\"Est. reading time\" \/>\n\t<meta name=\"twitter:data1\" content=\"1 minute\" \/>\n<script type=\"application\/ld+json\" class=\"yoast-schema-graph\">{\"@context\":\"https:\\\/\\\/schema.org\",\"@graph\":[{\"@type\":\"WebPage\",\"@id\":\"https:\\\/\\\/thaicospa.ro\\\/gift-card\\\/tratament-spa-cu-fructe\\\/\",\"url\":\"https:\\\/\\\/thaicospa.ro\\\/gift-card\\\/tratament-spa-cu-fructe\\\/\",\"name\":\"Tratament spa cu fructe - THAIco SPA\",\"isPartOf\":{\"@id\":\"https:\\\/\\\/thaicospa.ro\\\/#website\"},\"primaryImageOfPage\":{\"@id\":\"https:\\\/\\\/thaicospa.ro\\\/gift-card\\\/tratament-spa-cu-fructe\\\/#primaryimage\"},\"image\":{\"@id\":\"https:\\\/\\\/thaicospa.ro\\\/gift-card\\\/tratament-spa-cu-fructe\\\/#primaryimage\"},\"thumbnailUrl\":\"https:\\\/\\\/thaicospa.ro\\\/wp-content\\\/uploads\\\/2021\\\/03\\\/ritual-fructe.png\",\"datePublished\":\"2021-03-01T15:32:39+00:00\",\"dateModified\":\"2025-08-01T13:07:11+00:00\",\"breadcrumb\":{\"@id\":\"https:\\\/\\\/thaicospa.ro\\\/gift-card\\\/tratament-spa-cu-fructe\\\/#breadcrumb\"},\"inLanguage\":\"en-US\",\"potentialAction\":[{\"@type\":\"ReadAction\",\"target\":[\"https:\\\/\\\/thaicospa.ro\\\/gift-card\\\/tratament-spa-cu-fructe\\\/\"]}]},{\"@type\":\"ImageObject\",\"inLanguage\":\"en-US\",\"@id\":\"https:\\\/\\\/thaicospa.ro\\\/gift-card\\\/tratament-spa-cu-fructe\\\/#primaryimage\",\"url\":\"https:\\\/\\\/thaicospa.ro\\\/wp-content\\\/uploads\\\/2021\\\/03\\\/ritual-fructe.png\",\"contentUrl\":\"https:\\\/\\\/thaicospa.ro\\\/wp-content\\\/uploads\\\/2021\\\/03\\\/ritual-fructe.png\",\"width\":1748,\"height\":1240},{\"@type\":\"BreadcrumbList\",\"@id\":\"https:\\\/\\\/thaicospa.ro\\\/gift-card\\\/tratament-spa-cu-fructe\\\/#breadcrumb\",\"itemListElement\":[{\"@type\":\"ListItem\",\"position\":1,\"name\":\"Prima pagin\u0103\",\"item\":\"https:\\\/\\\/thaicospa.ro\\\/\"},{\"@type\":\"ListItem\",\"position\":2,\"name\":\"Gift Card\",\"item\":\"https:\\\/\\\/thaicospa.ro\\\/gift-card\\\/\"},{\"@type\":\"ListItem\",\"position\":3,\"name\":\"Tratament spa cu fructe\"}]},{\"@type\":\"WebSite\",\"@id\":\"https:\\\/\\\/thaicospa.ro\\\/#website\",\"url\":\"https:\\\/\\\/thaicospa.ro\\\/\",\"name\":\"THAIco SPA\",\"description\":\"\",\"potentialAction\":[{\"@type\":\"SearchAction\",\"target\":{\"@type\":\"EntryPoint\",\"urlTemplate\":\"https:\\\/\\\/thaicospa.ro\\\/?s={search_term_string}\"},\"query-input\":{\"@type\":\"PropertyValueSpecification\",\"valueRequired\":true,\"valueName\":\"search_term_string\"}}],\"inLanguage\":\"en-US\"}]}<\/script>\n<!-- \/ Yoast SEO plugin. -->","yoast_head_json":{"title":"Fruit spa treatment - THAIco SPA","robots":{"index":"index","follow":"follow","max-snippet":"max-snippet:-1","max-image-preview":"max-image-preview:large","max-video-preview":"max-video-preview:-1"},"canonical":"https:\/\/thaicospa.ro\/en\/gift-card\/spa-fruit-treatment\/","og_locale":"en_US","og_type":"article","og_title":"Tratament spa cu fructe - THAIco SPA","og_description":"Terapia \u00eencepe cu o exfoliere facial\u0103 \u0219i corporal\u0103 cu kiwi, urmat\u0103 de o baie relaxant\u0103 cu lapte pre\u021bios \u0219i un masaj capilar. Aceast\u0103 experien\u021b\u0103 exotic\u0103 continu\u0103 cu aromaterapie pentru tot corpul \u0219i masaj facial cu uleiuri esen\u021biale \u00eembog\u0103\u021bite cu extracte [&hellip;]","og_url":"https:\/\/thaicospa.ro\/en\/gift-card\/spa-fruit-treatment\/","og_site_name":"THAIco SPA","article_publisher":"https:\/\/www.facebook.com\/THAIcoSPA\/","article_modified_time":"2025-08-01T13:07:11+00:00","og_image":[{"width":1748,"height":1240,"url":"https:\/\/thaicospa.ro\/wp-content\/uploads\/2021\/03\/ritual-fructe.png","type":"image\/png"}],"twitter_card":"summary_large_image","twitter_misc":{"Est. reading time":"1 minute"},"schema":{"@context":"https:\/\/schema.org","@graph":[{"@type":"WebPage","@id":"https:\/\/thaicospa.ro\/gift-card\/tratament-spa-cu-fructe\/","url":"https:\/\/thaicospa.ro\/gift-card\/tratament-spa-cu-fructe\/","name":"Fruit spa treatment - THAIco SPA","isPartOf":{"@id":"https:\/\/thaicospa.ro\/#website"},"primaryImageOfPage":{"@id":"https:\/\/thaicospa.ro\/gift-card\/tratament-spa-cu-fructe\/#primaryimage"},"image":{"@id":"https:\/\/thaicospa.ro\/gift-card\/tratament-spa-cu-fructe\/#primaryimage"},"thumbnailUrl":"https:\/\/thaicospa.ro\/wp-content\/uploads\/2021\/03\/ritual-fructe.png","datePublished":"2021-03-01T15:32:39+00:00","dateModified":"2025-08-01T13:07:11+00:00","breadcrumb":{"@id":"https:\/\/thaicospa.ro\/gift-card\/tratament-spa-cu-fructe\/#breadcrumb"},"inLanguage":"en-US","potentialAction":[{"@type":"ReadAction","target":["https:\/\/thaicospa.ro\/gift-card\/tratament-spa-cu-fructe\/"]}]},{"@type":"ImageObject","inLanguage":"en-US","@id":"https:\/\/thaicospa.ro\/gift-card\/tratament-spa-cu-fructe\/#primaryimage","url":"https:\/\/thaicospa.ro\/wp-content\/uploads\/2021\/03\/ritual-fructe.png","contentUrl":"https:\/\/thaicospa.ro\/wp-content\/uploads\/2021\/03\/ritual-fructe.png","width":1748,"height":1240},{"@type":"BreadcrumbList","@id":"https:\/\/thaicospa.ro\/gift-card\/tratament-spa-cu-fructe\/#breadcrumb","itemListElement":[{"@type":"ListItem","position":1,"name":"Prima pagin\u0103","item":"https:\/\/thaicospa.ro\/"},{"@type":"ListItem","position":2,"name":"Gift Card","item":"https:\/\/thaicospa.ro\/gift-card\/"},{"@type":"ListItem","position":3,"name":"Tratament spa cu fructe"}]},{"@type":"WebSite","@id":"https:\/\/thaicospa.ro\/#website","url":"https:\/\/thaicospa.ro\/","name":"THAIco SPA","description":"","potentialAction":[{"@type":"SearchAction","target":{"@type":"EntryPoint","urlTemplate":"https:\/\/thaicospa.ro\/?s={search_term_string}"},"query-input":{"@type":"PropertyValueSpecification","valueRequired":true,"valueName":"search_term_string"}}],"inLanguage":"en-US"}]}},"_links":{"self":[{"href":"https:\/\/thaicospa.ro\/en\/wp-json\/wp\/v2\/product\/25467","targetHints":{"allow":["GET"]}}],"collection":[{"href":"https:\/\/thaicospa.ro\/en\/wp-json\/wp\/v2\/product"}],"about":[{"href":"https:\/\/thaicospa.ro\/en\/wp-json\/wp\/v2\/types\/product"}],"wp:featuredmedia":[{"embeddable":true,"href":"https:\/\/thaicospa.ro\/en\/wp-json\/wp\/v2\/media\/51736"}],"wp:attachment":[{"href":"https:\/\/thaicospa.ro\/en\/wp-json\/wp\/v2\/media?parent=25467"}],"wp:term":[{"taxonomy":"product_brand","embeddable":true,"href":"https:\/\/thaicospa.ro\/en\/wp-json\/wp\/v2\/product_brand?post=25467"},{"taxonomy":"product_cat","embeddable":true,"href":"https:\/\/thaicospa.ro\/en\/wp-json\/wp\/v2\/product_cat?post=25467"},{"taxonomy":"product_tag","embeddable":true,"href":"https:\/\/thaicospa.ro\/en\/wp-json\/wp\/v2\/product_tag?post=25467"}],"curies":[{"name":"wp","href":"https:\/\/api.w.org\/{rel}","templated":true}]}}