{"id":25466,"date":"2021-03-01T18:32:39","date_gmt":"2021-03-01T15:32:39","guid":{"rendered":"https:\/\/beta.thaicospa.ro\/produs\/import-placeholder-for-3698\/"},"modified":"2025-08-01T16:05:16","modified_gmt":"2025-08-01T13:05:16","slug":"body-treatment-with-aloe-vera","status":"publish","type":"product","link":"https:\/\/thaicospa.ro\/en\/gift-card\/tratament-corporal-cu-aloe-vera\/","title":{"rendered":"Aloe Vera Body Treatment"},"content":{"rendered":"<p>Especially for sensitive or sunburned skin. Aloe Vera is a natural way of healing with amazing effects on the body and skin.\u00a0<strong>THAI<\/strong>co<strong>\u00a0Spa<\/strong>\u00a0processes this fresh product in such a way that the treatment obtained is beneficial to the health of the human body; it also moisturises and rejuvenates the skin. The treatment increases the intake of vitamins (A, C, E, folic acid, choline, B1, B2, B3 (niacin), B6, B12), as well as minerals, amino acids and enzymes; it also improves blood flow by dilating the capillaries.<\/p>","protected":false},"excerpt":{"rendered":"<p>Special pentru pielea sensibil\u0103 sau ars\u0103 de soare. Aloe Vera reprezint\u0103 o modalitate natural\u0103 de vindecare, cu efecte uimitoare asupra corpului \u0219i pielii.\u00a0THAIco\u00a0Spa\u00a0prelucreaz\u0103 acest produs proasp\u0103t \u00een a\u0219a fel \u00eenc\u00e2t tratamentul ob\u021binut s\u0103 fie benefic pentru s\u0103n\u0103tatea organismului uman; de [&hellip;]<\/p>\n","protected":false},"featured_media":51622,"template":"","meta":{"_monsterinsights_skip_tracking":false,"_monsterinsights_sitenote_active":false,"_monsterinsights_sitenote_note":"","_monsterinsights_sitenote_category":0},"product_brand":[],"product_cat":[3],"product_tag":[],"class_list":{"0":"post-25466","1":"product","2":"type-product","3":"status-publish","4":"has-post-thumbnail","6":"product_cat-gift-card","8":"first","9":"instock","10":"downloadable","11":"virtual","12":"taxable","13":"purchasable","14":"product-type-simple"},"yoast_head":"<!-- This site is optimized with the Yoast SEO plugin v27.5 - https:\/\/yoast.com\/product\/yoast-seo-wordpress\/ -->\n<title>Tratament Corporal Cu Aloe-Vera - THAIco SPA<\/title>\n<meta name=\"robots\" content=\"index, follow, max-snippet:-1, max-image-preview:large, max-video-preview:-1\" \/>\n<link rel=\"canonical\" href=\"https:\/\/thaicospa.ro\/en\/gift-card\/body-treatment-with-aloe-vera\/\" \/>\n<meta property=\"og:locale\" content=\"en_US\" \/>\n<meta property=\"og:type\" content=\"article\" \/>\n<meta property=\"og:title\" content=\"Tratament Corporal Cu Aloe-Vera - THAIco SPA\" \/>\n<meta property=\"og:description\" content=\"Special pentru pielea sensibil\u0103 sau ars\u0103 de soare. Aloe Vera reprezint\u0103 o modalitate natural\u0103 de vindecare, cu efecte uimitoare asupra corpului \u0219i pielii.\u00a0THAIco\u00a0Spa\u00a0prelucreaz\u0103 acest produs proasp\u0103t \u00een a\u0219a fel \u00eenc\u00e2t tratamentul ob\u021binut s\u0103 fie benefic pentru s\u0103n\u0103tatea organismului uman; de [&hellip;]\" \/>\n<meta property=\"og:url\" content=\"https:\/\/thaicospa.ro\/en\/gift-card\/body-treatment-with-aloe-vera\/\" \/>\n<meta property=\"og:site_name\" content=\"THAIco SPA\" \/>\n<meta property=\"article:publisher\" content=\"https:\/\/www.facebook.com\/THAIcoSPA\/\" \/>\n<meta property=\"article:modified_time\" content=\"2025-08-01T13:05:16+00:00\" \/>\n<meta property=\"og:image\" content=\"https:\/\/thaicospa.ro\/wp-content\/uploads\/2021\/03\/aloe-vera-ritual.png\" \/>\n\t<meta property=\"og:image:width\" content=\"1748\" \/>\n\t<meta property=\"og:image:height\" content=\"1240\" \/>\n\t<meta property=\"og:image:type\" content=\"image\/png\" \/>\n<meta name=\"twitter:card\" content=\"summary_large_image\" \/>\n<meta name=\"twitter:label1\" content=\"Est. reading time\" \/>\n\t<meta name=\"twitter:data1\" content=\"1 minute\" \/>\n<script type=\"application\/ld+json\" class=\"yoast-schema-graph\">{\"@context\":\"https:\\\/\\\/schema.org\",\"@graph\":[{\"@type\":\"WebPage\",\"@id\":\"https:\\\/\\\/thaicospa.ro\\\/gift-card\\\/tratament-corporal-cu-aloe-vera\\\/\",\"url\":\"https:\\\/\\\/thaicospa.ro\\\/gift-card\\\/tratament-corporal-cu-aloe-vera\\\/\",\"name\":\"Tratament Corporal Cu Aloe-Vera - THAIco SPA\",\"isPartOf\":{\"@id\":\"https:\\\/\\\/thaicospa.ro\\\/#website\"},\"primaryImageOfPage\":{\"@id\":\"https:\\\/\\\/thaicospa.ro\\\/gift-card\\\/tratament-corporal-cu-aloe-vera\\\/#primaryimage\"},\"image\":{\"@id\":\"https:\\\/\\\/thaicospa.ro\\\/gift-card\\\/tratament-corporal-cu-aloe-vera\\\/#primaryimage\"},\"thumbnailUrl\":\"https:\\\/\\\/thaicospa.ro\\\/wp-content\\\/uploads\\\/2021\\\/03\\\/aloe-vera-ritual.png\",\"datePublished\":\"2021-03-01T15:32:39+00:00\",\"dateModified\":\"2025-08-01T13:05:16+00:00\",\"breadcrumb\":{\"@id\":\"https:\\\/\\\/thaicospa.ro\\\/gift-card\\\/tratament-corporal-cu-aloe-vera\\\/#breadcrumb\"},\"inLanguage\":\"en-US\",\"potentialAction\":[{\"@type\":\"ReadAction\",\"target\":[\"https:\\\/\\\/thaicospa.ro\\\/gift-card\\\/tratament-corporal-cu-aloe-vera\\\/\"]}]},{\"@type\":\"ImageObject\",\"inLanguage\":\"en-US\",\"@id\":\"https:\\\/\\\/thaicospa.ro\\\/gift-card\\\/tratament-corporal-cu-aloe-vera\\\/#primaryimage\",\"url\":\"https:\\\/\\\/thaicospa.ro\\\/wp-content\\\/uploads\\\/2021\\\/03\\\/aloe-vera-ritual.png\",\"contentUrl\":\"https:\\\/\\\/thaicospa.ro\\\/wp-content\\\/uploads\\\/2021\\\/03\\\/aloe-vera-ritual.png\",\"width\":1748,\"height\":1240},{\"@type\":\"BreadcrumbList\",\"@id\":\"https:\\\/\\\/thaicospa.ro\\\/gift-card\\\/tratament-corporal-cu-aloe-vera\\\/#breadcrumb\",\"itemListElement\":[{\"@type\":\"ListItem\",\"position\":1,\"name\":\"Prima pagin\u0103\",\"item\":\"https:\\\/\\\/thaicospa.ro\\\/\"},{\"@type\":\"ListItem\",\"position\":2,\"name\":\"Gift Card\",\"item\":\"https:\\\/\\\/thaicospa.ro\\\/gift-card\\\/\"},{\"@type\":\"ListItem\",\"position\":3,\"name\":\"Tratament Corporal Cu Aloe-Vera\"}]},{\"@type\":\"WebSite\",\"@id\":\"https:\\\/\\\/thaicospa.ro\\\/#website\",\"url\":\"https:\\\/\\\/thaicospa.ro\\\/\",\"name\":\"THAIco SPA\",\"description\":\"\",\"potentialAction\":[{\"@type\":\"SearchAction\",\"target\":{\"@type\":\"EntryPoint\",\"urlTemplate\":\"https:\\\/\\\/thaicospa.ro\\\/?s={search_term_string}\"},\"query-input\":{\"@type\":\"PropertyValueSpecification\",\"valueRequired\":true,\"valueName\":\"search_term_string\"}}],\"inLanguage\":\"en-US\"}]}<\/script>\n<!-- \/ Yoast SEO plugin. -->","yoast_head_json":{"title":"Aloe Vera Body Treatment - THAIco SPA","robots":{"index":"index","follow":"follow","max-snippet":"max-snippet:-1","max-image-preview":"max-image-preview:large","max-video-preview":"max-video-preview:-1"},"canonical":"https:\/\/thaicospa.ro\/en\/gift-card\/body-treatment-with-aloe-vera\/","og_locale":"en_US","og_type":"article","og_title":"Tratament Corporal Cu Aloe-Vera - THAIco SPA","og_description":"Special pentru pielea sensibil\u0103 sau ars\u0103 de soare. Aloe Vera reprezint\u0103 o modalitate natural\u0103 de vindecare, cu efecte uimitoare asupra corpului \u0219i pielii.\u00a0THAIco\u00a0Spa\u00a0prelucreaz\u0103 acest produs proasp\u0103t \u00een a\u0219a fel \u00eenc\u00e2t tratamentul ob\u021binut s\u0103 fie benefic pentru s\u0103n\u0103tatea organismului uman; de [&hellip;]","og_url":"https:\/\/thaicospa.ro\/en\/gift-card\/body-treatment-with-aloe-vera\/","og_site_name":"THAIco SPA","article_publisher":"https:\/\/www.facebook.com\/THAIcoSPA\/","article_modified_time":"2025-08-01T13:05:16+00:00","og_image":[{"width":1748,"height":1240,"url":"https:\/\/thaicospa.ro\/wp-content\/uploads\/2021\/03\/aloe-vera-ritual.png","type":"image\/png"}],"twitter_card":"summary_large_image","twitter_misc":{"Est. reading time":"1 minute"},"schema":{"@context":"https:\/\/schema.org","@graph":[{"@type":"WebPage","@id":"https:\/\/thaicospa.ro\/gift-card\/tratament-corporal-cu-aloe-vera\/","url":"https:\/\/thaicospa.ro\/gift-card\/tratament-corporal-cu-aloe-vera\/","name":"Aloe Vera Body Treatment - THAIco SPA","isPartOf":{"@id":"https:\/\/thaicospa.ro\/#website"},"primaryImageOfPage":{"@id":"https:\/\/thaicospa.ro\/gift-card\/tratament-corporal-cu-aloe-vera\/#primaryimage"},"image":{"@id":"https:\/\/thaicospa.ro\/gift-card\/tratament-corporal-cu-aloe-vera\/#primaryimage"},"thumbnailUrl":"https:\/\/thaicospa.ro\/wp-content\/uploads\/2021\/03\/aloe-vera-ritual.png","datePublished":"2021-03-01T15:32:39+00:00","dateModified":"2025-08-01T13:05:16+00:00","breadcrumb":{"@id":"https:\/\/thaicospa.ro\/gift-card\/tratament-corporal-cu-aloe-vera\/#breadcrumb"},"inLanguage":"en-US","potentialAction":[{"@type":"ReadAction","target":["https:\/\/thaicospa.ro\/gift-card\/tratament-corporal-cu-aloe-vera\/"]}]},{"@type":"ImageObject","inLanguage":"en-US","@id":"https:\/\/thaicospa.ro\/gift-card\/tratament-corporal-cu-aloe-vera\/#primaryimage","url":"https:\/\/thaicospa.ro\/wp-content\/uploads\/2021\/03\/aloe-vera-ritual.png","contentUrl":"https:\/\/thaicospa.ro\/wp-content\/uploads\/2021\/03\/aloe-vera-ritual.png","width":1748,"height":1240},{"@type":"BreadcrumbList","@id":"https:\/\/thaicospa.ro\/gift-card\/tratament-corporal-cu-aloe-vera\/#breadcrumb","itemListElement":[{"@type":"ListItem","position":1,"name":"Prima pagin\u0103","item":"https:\/\/thaicospa.ro\/"},{"@type":"ListItem","position":2,"name":"Gift Card","item":"https:\/\/thaicospa.ro\/gift-card\/"},{"@type":"ListItem","position":3,"name":"Tratament Corporal Cu Aloe-Vera"}]},{"@type":"WebSite","@id":"https:\/\/thaicospa.ro\/#website","url":"https:\/\/thaicospa.ro\/","name":"THAIco SPA","description":"","potentialAction":[{"@type":"SearchAction","target":{"@type":"EntryPoint","urlTemplate":"https:\/\/thaicospa.ro\/?s={search_term_string}"},"query-input":{"@type":"PropertyValueSpecification","valueRequired":true,"valueName":"search_term_string"}}],"inLanguage":"en-US"}]}},"_links":{"self":[{"href":"https:\/\/thaicospa.ro\/en\/wp-json\/wp\/v2\/product\/25466","targetHints":{"allow":["GET"]}}],"collection":[{"href":"https:\/\/thaicospa.ro\/en\/wp-json\/wp\/v2\/product"}],"about":[{"href":"https:\/\/thaicospa.ro\/en\/wp-json\/wp\/v2\/types\/product"}],"wp:featuredmedia":[{"embeddable":true,"href":"https:\/\/thaicospa.ro\/en\/wp-json\/wp\/v2\/media\/51622"}],"wp:attachment":[{"href":"https:\/\/thaicospa.ro\/en\/wp-json\/wp\/v2\/media?parent=25466"}],"wp:term":[{"taxonomy":"product_brand","embeddable":true,"href":"https:\/\/thaicospa.ro\/en\/wp-json\/wp\/v2\/product_brand?post=25466"},{"taxonomy":"product_cat","embeddable":true,"href":"https:\/\/thaicospa.ro\/en\/wp-json\/wp\/v2\/product_cat?post=25466"},{"taxonomy":"product_tag","embeddable":true,"href":"https:\/\/thaicospa.ro\/en\/wp-json\/wp\/v2\/product_tag?post=25466"}],"curies":[{"name":"wp","href":"https:\/\/api.w.org\/{rel}","templated":true}]}}