{"id":80178,"date":"2026-04-29T12:09:12","date_gmt":"2026-04-29T09:09:12","guid":{"rendered":"https:\/\/thaicospa.ro\/?page_id=80178"},"modified":"2026-04-29T12:33:46","modified_gmt":"2026-04-29T09:33:46","slug":"thai-sun-ritual","status":"publish","type":"page","link":"https:\/\/thaicospa.ro\/en\/thai-sun-ritual\/","title":{"rendered":"THAI Sun Ritual"},"content":{"rendered":"<div class=\"wpb-content-wrapper\"><div class=\"one withsmallpadding ppb_text\" style=\"text-align: left; padding: 40px 0 40px 0;\">\n<div class=\"standard_wrapper\">\n<div class=\"page_content_wrapper wide\">\n<div class=\"inner\">\n<div style=\"margin: auto; width: 65%;\">\n<h3 style=\"text-align: center;\"><strong>Preturi &amp; Programare<\/strong><\/h3>\n<p style=\"text-align: center;\">The magical journey to inner balance and harmony!<\/p>\n<div class=\"vc_row wpb_row vc_row-fluid\">\n<div class=\"wpb_column vc_column_container vc_col-sm-6\">\n<div class=\"vc_column-inner\">\n<div class=\"wpb_wrapper\">\n<div class=\"vc_tta-container\" data-vc-action=\"collapse\">\n<div class=\"vc_general vc_tta vc_tta-accordion vc_tta-color-white vc_tta-style-outline vc_tta-shape-square vc_tta-o-shape-group vc_tta-controls-align-default\">\n<div class=\"vc_tta-panels-container\">\n<div class=\"vc_tta-panels\">\n<div id=\"1669191340232-9b82b701-320a\" class=\"vc_tta-panel vc_active\" data-vc-content=\".vc_tta-panel-body\">\n<div class=\"vc_tta-panel-heading\">\n<h4 class=\"vc_tta-panel-title vc_tta-controls-icon-position-left\"><a href=\"#1669191340232-9b82b701-320a\" data-vc-accordion=\"\" data-vc-container=\".vc_tta-container\"><span class=\"vc_tta-title-text\">90 minutes<\/span><i class=\"vc_tta-controls-icon vc_tta-controls-icon-triangle\"><\/i><\/a><\/h4>\n<\/div>\n<div class=\"vc_tta-panel-body\">\n<div class=\"wpb_text_column wpb_content_element\">\n<div class=\"wpb_wrapper\">\n<h3 style=\"text-align: center;\">495 lei<\/h3>\n<\/div>\n<\/div>\n<div class=\"vc_row wpb_row vc_inner vc_row-fluid vc_column-gap-10 vc_row-o-equal-height vc_row-flex\">\n<div class=\"wpb_column vc_column_container vc_col-sm-12\">\n<div class=\"vc_column-inner\">\n<div class=\"wpb_wrapper\">\n<div class=\"vc_btn3-container vc_btn3-inline vc_do_btn\"><a class=\"vc_general vc_btn3 vc_btn3-size-md vc_btn3-shape-square vc_btn3-style-outline-custom\" style=\"border-color: #d4b153; color: #d4b153;\" title=\"\" href=\"\/en\/programming\/\">Schedule<\/a><\/div>\n<div class=\"vc_btn3-container vc_btn3-inline vc_do_btn\"><a class=\"vc_general vc_btn3 vc_btn3-size-md vc_btn3-shape-square vc_btn3-style-outline-custom\" style=\"border-color: #d4b153; color: #d4b153;\" title=\"\" href=\"\/en\/gift-card\/thai-sun-ritual-90-minutes\/\">Buy Gift Card<\/a><\/div>\n<\/div>\n<\/div>\n<\/div>\n<\/div>\n<\/div>\n<\/div>\n<\/div>\n<\/div>\n<\/div>\n<\/div>\n<\/div>\n<\/div>\n<\/div>\n<div class=\"wpb_column vc_column_container vc_col-sm-6\">\n<div class=\"vc_column-inner\">\n<div class=\"wpb_wrapper\">\n<div class=\"vc_tta-container\" data-vc-action=\"collapseAll\">\n<div class=\"vc_general vc_tta vc_tta-accordion vc_tta-color-white vc_tta-style-outline vc_tta-shape-square vc_tta-o-shape-group vc_tta-controls-align-default vc_tta-o-all-clickable\">\n<div class=\"vc_tta-panels-container\">\n<div class=\"vc_tta-panels\">\n<div id=\"1686518100118-6478388b-2d84\" class=\"vc_tta-panel vc_active\" data-vc-content=\".vc_tta-panel-body\">\n<div class=\"vc_tta-panel-heading\">\n<h4 class=\"vc_tta-panel-title vc_tta-controls-icon-position-left\"><a href=\"#1686518100118-6478388b-2d84\" data-vc-accordion=\"\" data-vc-container=\".vc_tta-container\"><span class=\"vc_tta-title-text\">120 minutes<\/span><i class=\"vc_tta-controls-icon vc_tta-controls-icon-triangle\"><\/i><\/a><\/h4>\n<\/div>\n<div class=\"vc_tta-panel-body\">\n<div class=\"wpb_text_column wpb_content_element\">\n<div class=\"wpb_wrapper\">\n<h3 style=\"text-align: center;\">595 lei<\/h3>\n<\/div>\n<\/div>\n<div class=\"vc_row wpb_row vc_inner vc_row-fluid vc_column-gap-10 vc_row-o-equal-height vc_row-flex\">\n<div class=\"wpb_column vc_column_container vc_col-sm-12\">\n<div class=\"vc_column-inner\">\n<div class=\"wpb_wrapper\">\n<div class=\"vc_btn3-container vc_btn3-inline vc_do_btn\"><a class=\"vc_general vc_btn3 vc_btn3-size-md vc_btn3-shape-square vc_btn3-style-outline-custom\" style=\"border-color: #d4b153; color: #d4b153;\" title=\"\" href=\"\/en\/programming\/\">Schedule<\/a><\/div>\n<div class=\"vc_btn3-container vc_btn3-inline vc_do_btn\"><a class=\"vc_general vc_btn3 vc_btn3-size-md vc_btn3-shape-square vc_btn3-style-outline-custom\" style=\"border-color: #d4b153; color: #d4b153;\" title=\"\" href=\"\/en\/gift-card\/thai-sun-ritual-120-minutes\/\">Buy Gift Card<\/a><\/div>\n<\/div>\n<\/div>\n<\/div>\n<\/div>\n<\/div>\n<\/div>\n<\/div>\n<\/div>\n<\/div>\n<\/div>\n<\/div>\n<\/div>\n<\/div>\n<\/div>\n<\/div>\n<\/div>\n<\/div>\n<\/div>\n<\/div>\n<div class=\"one\">\n<div class=\"one_half_bg parallax\" style=\"background-image: url('https:\/\/thaicospa.ro\/wp-content\/uploads\/2026\/04\/P_RA2045-Edit-scaled.jpg'); height: 500px;\"><\/div>\n<div class=\"one_half_bg\" style=\"padding: 80px;\">\n<h2 class=\"ppb_title\">What is THAI Sun Ritual<\/h2>\n<div class=\"ppb_header_content\">\n<p><strong>THAI Sun Ritual <\/strong>is a complete body care spa ritual, designed to prepare the skin for the warm season and restore balance and relaxation.<\/p>\n<p>Inspired by authentic Asian wellness traditions, this treatment combines sauna, body exfoliation and massage, offering a holistic experience of purification and revitalization.<\/p>\n<p>The ritual begins with a sauna detoxifying phase, continues with a gentle body exfoliation to remove dead skin cells and stimulate skin regeneration, and ends with a relaxing body massage to release tension and support circulation.<\/p>\n<p>Ideal before the summer season, this spa ritual helps to leave skin smooth, velvety soft and radiant, ready for the sun.<\/p>\n<\/div>\n<\/div>\n<p>&nbsp;<\/p>\n<\/div>\n<div class=\"one\">\n<div class=\"one_half_bg textright\" style=\"padding: 80px;\">\n<h2 class=\"ppb_title\">Features of THAI Sun Ritual<\/h2>\n<div class=\"ppb_header_content\">\n<ul>\n<li>The ritual starts with 10 minutes of <strong>sauna<\/strong>, a warming and purifying moment that opens the pores and prepares the skin for the next steps.<\/li>\n<li>The 20 minutes of <strong>body exfoliation<\/strong>, The scrubs, made with a scrub of your choice, are designed to smooth and revitalize the skin.<\/li>\n<li>The experience is complemented by a <strong>body massage<\/strong> (60 or 90 minutes - depending on the therapy purchased), massage of your choice, which deeply relaxes the muscles and supports the balance of the whole body.<\/li>\n<li>Three-step protocol designed for detoxifying and regenerating effect.<\/li>\n<li>Adaptable intensity according to the customer's needs and comfort level.<\/li>\n<\/ul>\n<\/div>\n<\/div>\n<div class=\"one_half_bg parallax\" style=\"background-image: url('https:\/\/thaicospa.ro\/wp-content\/uploads\/2026\/04\/P_RA2025-Edit-Edit-scaled.jpg'); height: 605px;\"><\/div>\n<p>&nbsp;<\/p>\n<\/div>\n<div class=\"one withsmallpadding ppb_content_center_bg withbg parallax\" style=\"background-image: url('https:\/\/thaicospa.ro\/wp-content\/uploads\/2026\/04\/P_RA2040-Edit-Edit-scaled.jpg'); background-position: center top; height: 805px;\">\n<div class=\"one_third parallax_text\" style=\"background: rgba(0,0,0,0.6); ;padding: 10px;\" data-stellar-ratio=\"1.3\">\n<h2 class=\"ppb_title\">Benefits of THAI Sun Ritual<\/h2>\n<div class=\"ppb_header_content\">\n<p>This ritual offers visible benefits for your skin and overall well-being.<\/p>\n<p>Body exfoliation helps remove dead skin cells, improves skin texture and supports the skin's natural regeneration process, leaving skin smoother and brighter.<\/p>\n<p>The massage helps relax muscles, reduce stress and stimulate circulation, while the combined effect of the whole ritual helps prepare the skin for the warm season.<\/p>\n<p>Through this experience, skin care blends harmoniously with deep relaxation, providing a state of balance and revitalization that is felt throughout the body.<\/p>\n<\/div>\n<\/div>\n<\/div>\n<\/div>","protected":false},"excerpt":{"rendered":"<p>Preturi &amp; Programare C\u0103l\u0103toria magic\u0103 c\u0103tre echilibrul \u0219i armonia interioar\u0103! 90 minute 495 lei Programeaz\u0103-te Cump\u0103r\u0103 Gift Card 120 minute 595 lei Programeaz\u0103-te Cump\u0103r\u0103 Gift Card Ce este THAI Sun Ritual THAI Sun Ritual este un ritual spa complet de [&hellip;]<\/p>\n","protected":false},"author":73,"featured_media":53061,"parent":0,"menu_order":0,"comment_status":"closed","ping_status":"closed","template":"","meta":{"_monsterinsights_skip_tracking":false,"_monsterinsights_sitenote_active":false,"_monsterinsights_sitenote_note":"","_monsterinsights_sitenote_category":0,"footnotes":""},"class_list":["post-80178","page","type-page","status-publish","has-post-thumbnail","hentry"],"yoast_head":"<!-- This site is optimized with the Yoast SEO plugin v27.5 - https:\/\/yoast.com\/product\/yoast-seo-wordpress\/ -->\n<title>THAI Sun Ritual - THAIco SPA<\/title>\n<meta name=\"robots\" content=\"index, follow, max-snippet:-1, max-image-preview:large, max-video-preview:-1\" \/>\n<link rel=\"canonical\" href=\"https:\/\/thaicospa.ro\/en\/thai-sun-ritual\/\" \/>\n<meta property=\"og:locale\" content=\"en_US\" \/>\n<meta property=\"og:type\" content=\"article\" \/>\n<meta property=\"og:title\" content=\"THAI Sun Ritual - THAIco SPA\" \/>\n<meta property=\"og:description\" content=\"Preturi &amp; Programare C\u0103l\u0103toria magic\u0103 c\u0103tre echilibrul \u0219i armonia interioar\u0103! 90 minute 495 lei Programeaz\u0103-te Cump\u0103r\u0103 Gift Card 120 minute 595 lei Programeaz\u0103-te Cump\u0103r\u0103 Gift Card Ce este THAI Sun Ritual THAI Sun Ritual este un ritual spa complet de [&hellip;]\" \/>\n<meta property=\"og:url\" content=\"https:\/\/thaicospa.ro\/en\/thai-sun-ritual\/\" \/>\n<meta property=\"og:site_name\" content=\"THAIco SPA\" \/>\n<meta property=\"article:publisher\" content=\"https:\/\/www.facebook.com\/THAIcoSPA\/\" \/>\n<meta property=\"article:modified_time\" content=\"2026-04-29T09:33:46+00:00\" \/>\n<meta property=\"og:image\" content=\"https:\/\/thaicospa.ro\/wp-content\/uploads\/2023\/11\/Thaico-SPA-c-razvanfotograv-218-scaled.jpg\" \/>\n\t<meta property=\"og:image:width\" content=\"2560\" \/>\n\t<meta property=\"og:image:height\" content=\"1708\" \/>\n\t<meta property=\"og:image:type\" content=\"image\/jpeg\" \/>\n<meta name=\"twitter:card\" content=\"summary_large_image\" \/>\n<meta name=\"twitter:label1\" content=\"Est. reading time\" \/>\n\t<meta name=\"twitter:data1\" content=\"4 minutes\" \/>\n<script type=\"application\/ld+json\" class=\"yoast-schema-graph\">{\"@context\":\"https:\\\/\\\/schema.org\",\"@graph\":[{\"@type\":\"WebPage\",\"@id\":\"https:\\\/\\\/thaicospa.ro\\\/thai-sun-ritual\\\/\",\"url\":\"https:\\\/\\\/thaicospa.ro\\\/thai-sun-ritual\\\/\",\"name\":\"THAI Sun Ritual - THAIco SPA\",\"isPartOf\":{\"@id\":\"https:\\\/\\\/thaicospa.ro\\\/#website\"},\"primaryImageOfPage\":{\"@id\":\"https:\\\/\\\/thaicospa.ro\\\/thai-sun-ritual\\\/#primaryimage\"},\"image\":{\"@id\":\"https:\\\/\\\/thaicospa.ro\\\/thai-sun-ritual\\\/#primaryimage\"},\"thumbnailUrl\":\"https:\\\/\\\/thaicospa.ro\\\/wp-content\\\/uploads\\\/2023\\\/11\\\/Thaico-SPA-c-razvanfotograv-218-scaled.jpg\",\"datePublished\":\"2026-04-29T09:09:12+00:00\",\"dateModified\":\"2026-04-29T09:33:46+00:00\",\"breadcrumb\":{\"@id\":\"https:\\\/\\\/thaicospa.ro\\\/thai-sun-ritual\\\/#breadcrumb\"},\"inLanguage\":\"en-US\",\"potentialAction\":[{\"@type\":\"ReadAction\",\"target\":[\"https:\\\/\\\/thaicospa.ro\\\/thai-sun-ritual\\\/\"]}]},{\"@type\":\"ImageObject\",\"inLanguage\":\"en-US\",\"@id\":\"https:\\\/\\\/thaicospa.ro\\\/thai-sun-ritual\\\/#primaryimage\",\"url\":\"https:\\\/\\\/thaicospa.ro\\\/wp-content\\\/uploads\\\/2023\\\/11\\\/Thaico-SPA-c-razvanfotograv-218-scaled.jpg\",\"contentUrl\":\"https:\\\/\\\/thaicospa.ro\\\/wp-content\\\/uploads\\\/2023\\\/11\\\/Thaico-SPA-c-razvanfotograv-218-scaled.jpg\",\"width\":2560,\"height\":1708},{\"@type\":\"BreadcrumbList\",\"@id\":\"https:\\\/\\\/thaicospa.ro\\\/thai-sun-ritual\\\/#breadcrumb\",\"itemListElement\":[{\"@type\":\"ListItem\",\"position\":1,\"name\":\"Prima pagin\u0103\",\"item\":\"https:\\\/\\\/thaicospa.ro\\\/\"},{\"@type\":\"ListItem\",\"position\":2,\"name\":\"THAI Sun Ritual\"}]},{\"@type\":\"WebSite\",\"@id\":\"https:\\\/\\\/thaicospa.ro\\\/#website\",\"url\":\"https:\\\/\\\/thaicospa.ro\\\/\",\"name\":\"THAIco SPA\",\"description\":\"\",\"potentialAction\":[{\"@type\":\"SearchAction\",\"target\":{\"@type\":\"EntryPoint\",\"urlTemplate\":\"https:\\\/\\\/thaicospa.ro\\\/?s={search_term_string}\"},\"query-input\":{\"@type\":\"PropertyValueSpecification\",\"valueRequired\":true,\"valueName\":\"search_term_string\"}}],\"inLanguage\":\"en-US\"}]}<\/script>\n<!-- \/ Yoast SEO plugin. -->","yoast_head_json":{"title":"THAI Sun Ritual - THAIco SPA","robots":{"index":"index","follow":"follow","max-snippet":"max-snippet:-1","max-image-preview":"max-image-preview:large","max-video-preview":"max-video-preview:-1"},"canonical":"https:\/\/thaicospa.ro\/en\/thai-sun-ritual\/","og_locale":"en_US","og_type":"article","og_title":"THAI Sun Ritual - THAIco SPA","og_description":"Preturi &amp; Programare C\u0103l\u0103toria magic\u0103 c\u0103tre echilibrul \u0219i armonia interioar\u0103! 90 minute 495 lei Programeaz\u0103-te Cump\u0103r\u0103 Gift Card 120 minute 595 lei Programeaz\u0103-te Cump\u0103r\u0103 Gift Card Ce este THAI Sun Ritual THAI Sun Ritual este un ritual spa complet de [&hellip;]","og_url":"https:\/\/thaicospa.ro\/en\/thai-sun-ritual\/","og_site_name":"THAIco SPA","article_publisher":"https:\/\/www.facebook.com\/THAIcoSPA\/","article_modified_time":"2026-04-29T09:33:46+00:00","og_image":[{"width":2560,"height":1708,"url":"https:\/\/thaicospa.ro\/wp-content\/uploads\/2023\/11\/Thaico-SPA-c-razvanfotograv-218-scaled.jpg","type":"image\/jpeg"}],"twitter_card":"summary_large_image","twitter_misc":{"Est. reading time":"4 minutes"},"schema":{"@context":"https:\/\/schema.org","@graph":[{"@type":"WebPage","@id":"https:\/\/thaicospa.ro\/thai-sun-ritual\/","url":"https:\/\/thaicospa.ro\/thai-sun-ritual\/","name":"THAI Sun Ritual - THAIco SPA","isPartOf":{"@id":"https:\/\/thaicospa.ro\/#website"},"primaryImageOfPage":{"@id":"https:\/\/thaicospa.ro\/thai-sun-ritual\/#primaryimage"},"image":{"@id":"https:\/\/thaicospa.ro\/thai-sun-ritual\/#primaryimage"},"thumbnailUrl":"https:\/\/thaicospa.ro\/wp-content\/uploads\/2023\/11\/Thaico-SPA-c-razvanfotograv-218-scaled.jpg","datePublished":"2026-04-29T09:09:12+00:00","dateModified":"2026-04-29T09:33:46+00:00","breadcrumb":{"@id":"https:\/\/thaicospa.ro\/thai-sun-ritual\/#breadcrumb"},"inLanguage":"en-US","potentialAction":[{"@type":"ReadAction","target":["https:\/\/thaicospa.ro\/thai-sun-ritual\/"]}]},{"@type":"ImageObject","inLanguage":"en-US","@id":"https:\/\/thaicospa.ro\/thai-sun-ritual\/#primaryimage","url":"https:\/\/thaicospa.ro\/wp-content\/uploads\/2023\/11\/Thaico-SPA-c-razvanfotograv-218-scaled.jpg","contentUrl":"https:\/\/thaicospa.ro\/wp-content\/uploads\/2023\/11\/Thaico-SPA-c-razvanfotograv-218-scaled.jpg","width":2560,"height":1708},{"@type":"BreadcrumbList","@id":"https:\/\/thaicospa.ro\/thai-sun-ritual\/#breadcrumb","itemListElement":[{"@type":"ListItem","position":1,"name":"Prima pagin\u0103","item":"https:\/\/thaicospa.ro\/"},{"@type":"ListItem","position":2,"name":"THAI Sun Ritual"}]},{"@type":"WebSite","@id":"https:\/\/thaicospa.ro\/#website","url":"https:\/\/thaicospa.ro\/","name":"THAIco SPA","description":"","potentialAction":[{"@type":"SearchAction","target":{"@type":"EntryPoint","urlTemplate":"https:\/\/thaicospa.ro\/?s={search_term_string}"},"query-input":{"@type":"PropertyValueSpecification","valueRequired":true,"valueName":"search_term_string"}}],"inLanguage":"en-US"}]}},"_links":{"self":[{"href":"https:\/\/thaicospa.ro\/en\/wp-json\/wp\/v2\/pages\/80178","targetHints":{"allow":["GET"]}}],"collection":[{"href":"https:\/\/thaicospa.ro\/en\/wp-json\/wp\/v2\/pages"}],"about":[{"href":"https:\/\/thaicospa.ro\/en\/wp-json\/wp\/v2\/types\/page"}],"author":[{"embeddable":true,"href":"https:\/\/thaicospa.ro\/en\/wp-json\/wp\/v2\/users\/73"}],"replies":[{"embeddable":true,"href":"https:\/\/thaicospa.ro\/en\/wp-json\/wp\/v2\/comments?post=80178"}],"version-history":[{"count":1,"href":"https:\/\/thaicospa.ro\/en\/wp-json\/wp\/v2\/pages\/80178\/revisions"}],"predecessor-version":[{"id":80189,"href":"https:\/\/thaicospa.ro\/en\/wp-json\/wp\/v2\/pages\/80178\/revisions\/80189"}],"wp:featuredmedia":[{"embeddable":true,"href":"https:\/\/thaicospa.ro\/en\/wp-json\/wp\/v2\/media\/53061"}],"wp:attachment":[{"href":"https:\/\/thaicospa.ro\/en\/wp-json\/wp\/v2\/media?parent=80178"}],"curies":[{"name":"wp","href":"https:\/\/api.w.org\/{rel}","templated":true}]}}