{"id":68157,"date":"2025-03-28T08:29:08","date_gmt":"2025-03-28T05:29:08","guid":{"rendered":"https:\/\/thaicospa.ro\/?page_id=68157"},"modified":"2025-08-01T17:31:26","modified_gmt":"2025-08-01T14:31:26","slug":"pamper-day-at-thaico-spa","status":"publish","type":"page","link":"https:\/\/thaicospa.ro\/en\/ziua-de-rasfat-la-thaico-spa\/","title":{"rendered":"RELAX DAY at THAIco SPA"},"content":{"rendered":"<div class=\"wpb-content-wrapper\"><div class=\"vc_row wpb_row vc_row-fluid\"><div class=\"wpb_column vc_column_container vc_col-sm-12\"><div class=\"vc_column-inner\"><div class=\"wpb_wrapper\">\n\t<div class=\"wpb_text_column wpb_content_element\" >\n\t\t<div class=\"wpb_wrapper\">\n\t\t\t<h3 style=\"text-align: center;\"><em>Get energized for the whole week!<\/em><\/h3>\n\n\t\t<\/div>\n\t<\/div>\n<\/div><\/div><\/div><\/div><div class=\"vc_row wpb_row vc_row-fluid vc_custom_1743139834712 vc_row-has-fill\"><div class=\"wpb_column vc_column_container vc_col-sm-6\"><div class=\"vc_column-inner\"><div class=\"wpb_wrapper\">\n\t<div class=\"wpb_text_column wpb_content_element\" >\n\t\t<div class=\"wpb_wrapper\">\n\t\t\t<p>A day of pampering begins with a sauna, a vitality boost that's followed by a tropical coconut cream massage under the Vichy* shower to exfoliate your skin.<\/p>\n<p>Then a seaweed body wrap extracts accumulated toxins. After a traditional Balinese healing bath with refreshing aromas that replenish your body, a four-hand massage brings complete relaxation.<\/p>\n<ul>\n<li>Thai Private Steam<\/li>\n<li>Tropical Coconut Cream Vichy Shower Vichy* Scrub<\/li>\n<li>Seaweed body wrap<\/li>\n<li>Traditional Balinese bath<\/li>\n<li>Four hands massage<\/li>\n<li>Luxury facial treatment<\/li>\n<li>Champagne and fruit included<\/li>\n<\/ul>\n<h6><em>*this treatment is available in THAIco SPA Victoriei, Radisson or Continental locations.<\/em><\/h6>\n\n\t\t<\/div>\n\t<\/div>\n<\/div><\/div><\/div><div class=\"wpb_column vc_column_container vc_col-sm-6\"><div class=\"vc_column-inner\"><div class=\"wpb_wrapper\">\n\t<div  class=\"wpb_single_image wpb_content_element vc_align_left wpb_content_element\">\n\t\t\n\t\t<figure class=\"wpb_wrapper vc_figure\">\n\t\t\t<div class=\"vc_single_image-wrapper   vc_box_border_grey\"><img loading=\"lazy\" decoding=\"async\" width=\"2560\" height=\"1708\" src=\"https:\/\/thaicospa.ro\/wp-content\/uploads\/2023\/11\/Thaico-SPA-c-razvanfotograv-644-scaled.jpg\" class=\"vc_single_image-img attachment-full\" alt=\"\" title=\"Thaico SPA (c) razvanfotograv--644\" \/><\/div>\n\t\t<\/figure>\n\t<\/div>\n<\/div><\/div><\/div><\/div><div class=\"vc_row wpb_row vc_row-fluid\"><div class=\"wpb_column vc_column_container vc_col-sm-4\"><div class=\"vc_column-inner\"><div class=\"wpb_wrapper\"><\/div><\/div><\/div><div class=\"wpb_column vc_column_container vc_col-sm-4\"><div class=\"vc_column-inner\"><div class=\"wpb_wrapper\"><div class=\"vc_tta-container\" data-vc-action=\"collapseAll\"><div class=\"vc_general vc_tta vc_tta-accordion vc_tta-color-white vc_tta-style-outline vc_tta-shape-square vc_tta-o-shape-group vc_tta-controls-align-default vc_tta-o-all-clickable\"><div class=\"vc_tta-panels-container\"><div class=\"vc_tta-panels\"><div class=\"vc_tta-panel vc_active\" id=\"1686518100118-6478388b-2d84\" data-vc-content=\".vc_tta-panel-body\"><div class=\"vc_tta-panel-heading\"><h4 class=\"vc_tta-panel-title vc_tta-controls-icon-position-left\"><a href=\"#1686518100118-6478388b-2d84\" data-vc-accordion data-vc-container=\".vc_tta-container\"><span class=\"vc_tta-title-text\">5 hours<\/span><i class=\"vc_tta-controls-icon vc_tta-controls-icon-triangle\"><\/i><\/a><\/h4><\/div><div class=\"vc_tta-panel-body\">\n\t<div class=\"wpb_text_column wpb_content_element\" >\n\t\t<div class=\"wpb_wrapper\">\n\t\t\t<h3 style=\"text-align: center;\">3100 lei<\/h3>\n\n\t\t<\/div>\n\t<\/div>\n<div class=\"vc_row wpb_row vc_inner vc_row-fluid vc_column-gap-10 vc_row-o-equal-height vc_row-flex\"><div class=\"wpb_column vc_column_container vc_col-sm-12\"><div class=\"vc_column-inner\"><div class=\"wpb_wrapper\"><div class=\"vc_btn3-container vc_btn3-inline vc_do_btn\" ><a onmouseleave=\"this.style.borderColor='#d4b153'; this.style.backgroundColor='transparent'; this.style.color='#d4b153'\" onmouseenter=\"this.style.borderColor='#d4b153'; this.style.backgroundColor='#d4b153'; this.style.color='#000000';\" style=\"border-color:#d4b153; color:#d4b153;\" class=\"vc_general vc_btn3 vc_btn3-size-md vc_btn3-shape-square vc_btn3-style-outline-custom\" href=\"\/en\/programming\/\" title=\"\">Schedule<\/a><\/div><div class=\"vc_btn3-container vc_btn3-inline vc_do_btn\" ><a onmouseleave=\"this.style.borderColor='#d4b153'; this.style.backgroundColor='transparent'; this.style.color='#d4b153'\" onmouseenter=\"this.style.borderColor='#d4b153'; this.style.backgroundColor='#d4b153'; this.style.color='#000000';\" style=\"border-color:#d4b153; color:#d4b153;\" class=\"vc_general vc_btn3 vc_btn3-size-md vc_btn3-shape-square vc_btn3-style-outline-custom\" href=\"\/en\/gift-card\/pamper-day-at-thaico-spa\/\" title=\"\">Buy Gift Card<\/a><\/div><\/div><\/div><\/div><\/div><\/div><\/div><\/div><\/div><\/div><\/div><\/div><\/div><\/div><div class=\"wpb_column vc_column_container vc_col-sm-4\"><div class=\"vc_column-inner\"><div class=\"wpb_wrapper\"><\/div><\/div><\/div><\/div><div class=\"vc_row wpb_row vc_row-fluid\"><div class=\"wpb_column vc_column_container vc_col-sm-12\"><div class=\"vc_column-inner\"><div class=\"wpb_wrapper\">\n\t<div class=\"wpb_text_column wpb_content_element\" >\n\t\t<div class=\"wpb_wrapper\">\n\t\t\t<p style=\"text-align: center;\">Timing:<\/p>\n<p style=\"text-align: center;\"><strong>Sauna:<\/strong> 30 min, <strong>Scrub:<\/strong> 40 min, <strong>Packaging:<\/strong> 40 min, <strong>Bathroom with flowers:<\/strong> 40 min, <strong>Massage 4 hands:<\/strong> 90 min, <strong>Facial treatment:<\/strong> 60 min.<\/p>\n\n\t\t<\/div>\n\t<\/div>\n<\/div><\/div><\/div><\/div>\n<\/div>","protected":false},"excerpt":{"rendered":"Ob\u021bine\u021bi energia pentru \u00eentreaga s\u0103pt\u0103m\u00e2n\u0103! ZIUA de r\u0103sf\u0103\u021b \u00eencepe cu o saun\u0103, un stimulent de vitalitate care este urmat de un masaj cu crem\u0103 de cocos tropical sub du\u0219ul Vichy* pentru a-\u021bi exfolia pielea. Apoi, un \u00eenveli\u0219 corporal cu alge [...]","protected":false},"author":73,"featured_media":0,"parent":0,"menu_order":0,"comment_status":"closed","ping_status":"closed","template":"","meta":{"_monsterinsights_skip_tracking":false,"_monsterinsights_sitenote_active":false,"_monsterinsights_sitenote_note":"","_monsterinsights_sitenote_category":0,"footnotes":""},"class_list":["post-68157","page","type-page","status-publish","hentry"],"yoast_head":"<!-- This site is optimized with the Yoast SEO plugin v27.5 - https:\/\/yoast.com\/product\/yoast-seo-wordpress\/ -->\n<title>ZIUA de R\u0102SF\u0102\u021a la THAIco SPA - THAIco SPA<\/title>\n<meta name=\"robots\" content=\"index, follow, max-snippet:-1, max-image-preview:large, max-video-preview:-1\" \/>\n<link rel=\"canonical\" href=\"https:\/\/thaicospa.ro\/en\/pamper-day-at-thaico-spa\/\" \/>\n<meta property=\"og:locale\" content=\"en_US\" \/>\n<meta property=\"og:type\" content=\"article\" \/>\n<meta property=\"og:title\" content=\"ZIUA de R\u0102SF\u0102\u021a la THAIco SPA - THAIco SPA\" \/>\n<meta property=\"og:url\" content=\"https:\/\/thaicospa.ro\/en\/pamper-day-at-thaico-spa\/\" \/>\n<meta property=\"og:site_name\" content=\"THAIco SPA\" \/>\n<meta property=\"article:publisher\" content=\"https:\/\/www.facebook.com\/THAIcoSPA\/\" \/>\n<meta property=\"article:modified_time\" content=\"2025-08-01T14:31:26+00:00\" \/>\n<meta name=\"twitter:card\" content=\"summary_large_image\" \/>\n<meta name=\"twitter:label1\" content=\"Est. reading time\" \/>\n\t<meta name=\"twitter:data1\" content=\"2 minutes\" \/>\n<script type=\"application\/ld+json\" class=\"yoast-schema-graph\">{\"@context\":\"https:\\\/\\\/schema.org\",\"@graph\":[{\"@type\":\"WebPage\",\"@id\":\"https:\\\/\\\/thaicospa.ro\\\/ziua-de-rasfat-la-thaico-spa\\\/\",\"url\":\"https:\\\/\\\/thaicospa.ro\\\/ziua-de-rasfat-la-thaico-spa\\\/\",\"name\":\"ZIUA de R\u0102SF\u0102\u021a la THAIco SPA - THAIco SPA\",\"isPartOf\":{\"@id\":\"https:\\\/\\\/thaicospa.ro\\\/#website\"},\"datePublished\":\"2025-03-28T05:29:08+00:00\",\"dateModified\":\"2025-08-01T14:31:26+00:00\",\"breadcrumb\":{\"@id\":\"https:\\\/\\\/thaicospa.ro\\\/ziua-de-rasfat-la-thaico-spa\\\/#breadcrumb\"},\"inLanguage\":\"en-US\",\"potentialAction\":[{\"@type\":\"ReadAction\",\"target\":[\"https:\\\/\\\/thaicospa.ro\\\/ziua-de-rasfat-la-thaico-spa\\\/\"]}]},{\"@type\":\"BreadcrumbList\",\"@id\":\"https:\\\/\\\/thaicospa.ro\\\/ziua-de-rasfat-la-thaico-spa\\\/#breadcrumb\",\"itemListElement\":[{\"@type\":\"ListItem\",\"position\":1,\"name\":\"Prima pagin\u0103\",\"item\":\"https:\\\/\\\/thaicospa.ro\\\/\"},{\"@type\":\"ListItem\",\"position\":2,\"name\":\"ZIUA de R\u0102SF\u0102\u021a la THAIco SPA\"}]},{\"@type\":\"WebSite\",\"@id\":\"https:\\\/\\\/thaicospa.ro\\\/#website\",\"url\":\"https:\\\/\\\/thaicospa.ro\\\/\",\"name\":\"THAIco SPA\",\"description\":\"\",\"potentialAction\":[{\"@type\":\"SearchAction\",\"target\":{\"@type\":\"EntryPoint\",\"urlTemplate\":\"https:\\\/\\\/thaicospa.ro\\\/?s={search_term_string}\"},\"query-input\":{\"@type\":\"PropertyValueSpecification\",\"valueRequired\":true,\"valueName\":\"search_term_string\"}}],\"inLanguage\":\"en-US\"}]}<\/script>\n<!-- \/ Yoast SEO plugin. -->","yoast_head_json":{"title":"RELAX DAY at THAIco SPA - THAIco SPA","robots":{"index":"index","follow":"follow","max-snippet":"max-snippet:-1","max-image-preview":"max-image-preview:large","max-video-preview":"max-video-preview:-1"},"canonical":"https:\/\/thaicospa.ro\/en\/pamper-day-at-thaico-spa\/","og_locale":"en_US","og_type":"article","og_title":"ZIUA de R\u0102SF\u0102\u021a la THAIco SPA - THAIco SPA","og_url":"https:\/\/thaicospa.ro\/en\/pamper-day-at-thaico-spa\/","og_site_name":"THAIco SPA","article_publisher":"https:\/\/www.facebook.com\/THAIcoSPA\/","article_modified_time":"2025-08-01T14:31:26+00:00","twitter_card":"summary_large_image","twitter_misc":{"Est. reading time":"2 minutes"},"schema":{"@context":"https:\/\/schema.org","@graph":[{"@type":"WebPage","@id":"https:\/\/thaicospa.ro\/ziua-de-rasfat-la-thaico-spa\/","url":"https:\/\/thaicospa.ro\/ziua-de-rasfat-la-thaico-spa\/","name":"RELAX DAY at THAIco SPA - THAIco SPA","isPartOf":{"@id":"https:\/\/thaicospa.ro\/#website"},"datePublished":"2025-03-28T05:29:08+00:00","dateModified":"2025-08-01T14:31:26+00:00","breadcrumb":{"@id":"https:\/\/thaicospa.ro\/ziua-de-rasfat-la-thaico-spa\/#breadcrumb"},"inLanguage":"en-US","potentialAction":[{"@type":"ReadAction","target":["https:\/\/thaicospa.ro\/ziua-de-rasfat-la-thaico-spa\/"]}]},{"@type":"BreadcrumbList","@id":"https:\/\/thaicospa.ro\/ziua-de-rasfat-la-thaico-spa\/#breadcrumb","itemListElement":[{"@type":"ListItem","position":1,"name":"Prima pagin\u0103","item":"https:\/\/thaicospa.ro\/"},{"@type":"ListItem","position":2,"name":"ZIUA de R\u0102SF\u0102\u021a la THAIco SPA"}]},{"@type":"WebSite","@id":"https:\/\/thaicospa.ro\/#website","url":"https:\/\/thaicospa.ro\/","name":"THAIco SPA","description":"","potentialAction":[{"@type":"SearchAction","target":{"@type":"EntryPoint","urlTemplate":"https:\/\/thaicospa.ro\/?s={search_term_string}"},"query-input":{"@type":"PropertyValueSpecification","valueRequired":true,"valueName":"search_term_string"}}],"inLanguage":"en-US"}]}},"_links":{"self":[{"href":"https:\/\/thaicospa.ro\/en\/wp-json\/wp\/v2\/pages\/68157","targetHints":{"allow":["GET"]}}],"collection":[{"href":"https:\/\/thaicospa.ro\/en\/wp-json\/wp\/v2\/pages"}],"about":[{"href":"https:\/\/thaicospa.ro\/en\/wp-json\/wp\/v2\/types\/page"}],"author":[{"embeddable":true,"href":"https:\/\/thaicospa.ro\/en\/wp-json\/wp\/v2\/users\/73"}],"replies":[{"embeddable":true,"href":"https:\/\/thaicospa.ro\/en\/wp-json\/wp\/v2\/comments?post=68157"}],"version-history":[{"count":6,"href":"https:\/\/thaicospa.ro\/en\/wp-json\/wp\/v2\/pages\/68157\/revisions"}],"predecessor-version":[{"id":72075,"href":"https:\/\/thaicospa.ro\/en\/wp-json\/wp\/v2\/pages\/68157\/revisions\/72075"}],"wp:attachment":[{"href":"https:\/\/thaicospa.ro\/en\/wp-json\/wp\/v2\/media?parent=68157"}],"curies":[{"name":"wp","href":"https:\/\/api.w.org\/{rel}","templated":true}]}}