{"id":58333,"date":"2024-06-06T11:15:42","date_gmt":"2024-06-06T08:15:42","guid":{"rendered":"https:\/\/thaicospa.ro\/?page_id=58333"},"modified":"2025-08-07T16:19:55","modified_gmt":"2025-08-07T13:19:55","slug":"hammam-keyf-i-party","status":"publish","type":"page","link":"https:\/\/thaicospa.ro\/en\/hammam-keyf-i-party\/","title":{"rendered":"Hammam Keyf-I Party"},"content":{"rendered":"<div class=\"wpb-content-wrapper\"><div data-vc-full-width=\"true\" data-vc-full-width-temp=\"true\" data-vc-full-width-init=\"false\" data-vc-stretch-content=\"true\" class=\"vc_row wpb_row vc_row-fluid vc_row-no-padding\"><div class=\"wpb_column vc_column_container vc_col-sm-12\"><div class=\"vc_column-inner\"><div class=\"wpb_wrapper\">\n\t<div  class=\"wpb_single_image wpb_content_element vc_align_center wpb_content_element\">\n\t\t\n\t\t<figure class=\"wpb_wrapper vc_figure\">\n\t\t\t<div class=\"vc_single_image-wrapper   vc_box_border_grey\"><img loading=\"lazy\" decoding=\"async\" width=\"2000\" height=\"1005\" src=\"https:\/\/thaicospa.ro\/wp-content\/uploads\/2024\/12\/Hammam-Keyf-Ip.jpg\" class=\"vc_single_image-img attachment-full\" alt=\"\" title=\"Keyf-Ip Hammam\" \/><\/div>\n\t\t<\/figure>\n\t<\/div>\n<\/div><\/div><\/div><\/div><div class=\"vc_row-full-width vc_clearfix\"><\/div><div class=\"vc_row wpb_row vc_row-fluid\"><div class=\"wpb_column vc_column_container vc_col-sm-12\"><div class=\"vc_column-inner\"><div class=\"wpb_wrapper\"><h1 style=\"text-align: center\" class=\"vc_custom_heading vc_do_custom_heading\" >Hammam Keyf-I Party<\/h1><\/div><\/div><\/div><\/div><div class=\"vc_row wpb_row vc_row-fluid\"><div class=\"wpb_column vc_column_container vc_col-sm-6\"><div class=\"vc_column-inner\"><div class=\"wpb_wrapper\">\n\t<div  class=\"wpb_single_image wpb_content_element vc_align_left wpb_content_element\">\n\t\t\n\t\t<figure class=\"wpb_wrapper vc_figure\">\n\t\t\t<div class=\"vc_single_image-wrapper   vc_box_border_grey\"><img loading=\"lazy\" decoding=\"async\" width=\"1920\" height=\"2560\" src=\"https:\/\/thaicospa.ro\/wp-content\/uploads\/2024\/12\/Imagine-Keyf_I-scaled.jpg\" class=\"vc_single_image-img attachment-full\" alt=\"\" title=\"Imagine Keyf_I\" \/><\/div>\n\t\t<\/figure>\n\t<\/div>\n<\/div><\/div><\/div><div class=\"wpb_column vc_column_container vc_col-sm-6\"><div class=\"vc_column-inner\"><div class=\"wpb_wrapper\">\n\t<div class=\"wpb_text_column wpb_content_element vc_custom_1735395462244\" >\n\t\t<div class=\"wpb_wrapper\">\n\t\t\t<p>The Keyfi Hammam Party is perfect for bachelorette and\/or bachelor parties, parties with loved ones or a unique get-together with friends. This experience invites you to immerse yourself in the warmth and tradition of a Turkish bath. Relax together for 4 hours in a gorgeous marble room as the soothing heat soothes away stress. Let our skilled therapists give you an invigorating kese exfoliating scrub, cleansing your skin to perfection, followed by a luxurious and fun cloud of frothy soap massage - equal parts pampering and delight. The authentic hammam, sauna, whirlpool and body, facial and hair massage therapies create an unparalleled sensory journey inspired by Asian traditions.<\/p>\n<p>But the pampering doesn't stop there! In between treatments, savor chilled champagne, chocolates, a vibrant feast of fresh fruit and crunchy vegetables, beautifully presented to refresh your senses and keep your energy light and cheerful. Create lasting memories as you indulge in this ancient ritual reimagined for modern celebrations. The Keyfi Hammam Party is more than a spa treatment - it's an experience of connection, laughter and pure bliss.<br \/>\n<strong>Plan your perfect party with us! \ud83e\udd42\ud83d\udc86\u200d\u2640\ufe0f<\/strong><\/p>\n\n\t\t<\/div>\n\t<\/div>\n\n\t<div class=\"wpb_text_column wpb_content_element vc_custom_1754572794770\" >\n\t\t<div class=\"wpb_wrapper\">\n\t\t\t<ul>\n<li>Whirlpool &amp; Sauna = 60 min.<\/li>\n<li>Hammam = 30 min.<\/li>\n<li>Signature Thai Massage = 60 min.<\/li>\n<li>Capillary = 30 min<\/li>\n<li>Facial = 30 min.<\/li>\n<li>Fruit, Vegetables, Champagne, Chocolates = 30 min.<\/li>\n<\/ul>\n<p><strong>Number of participants: min. 3 - max. 6<\/strong><br \/>\n<strong>Duration: 4 hours<\/strong><br \/>\n<strong>Price: 1330 lei \/ guest (participant)<\/strong><\/p>\n\n\t\t<\/div>\n\t<\/div>\n<\/div><\/div><\/div><\/div>\n<\/div>","protected":false},"excerpt":{"rendered":"Hammam Keyf-I Party Petrecerea Hammam Keyfi este perfect\u0103 pentru petreceri de burl\u0103ci\u021be \u0219i\/sau burlaci, pentru petreceri cu cei apropia\u021bi sau o \u00eent\u00e2lnire unic\u0103 cu prietenii. Aceast\u0103 experien\u021b\u0103 te invit\u0103 s\u0103 te cufunzi \u00een c\u0103ldura \u0219i tradi\u021bia unei b\u0103i turce\u0219ti. Relaxa\u021bi-v\u0103 [...]","protected":false},"author":73,"featured_media":0,"parent":0,"menu_order":0,"comment_status":"closed","ping_status":"closed","template":"","meta":{"_monsterinsights_skip_tracking":false,"_monsterinsights_sitenote_active":false,"_monsterinsights_sitenote_note":"","_monsterinsights_sitenote_category":0,"footnotes":""},"class_list":["post-58333","page","type-page","status-publish","hentry"],"yoast_head":"<!-- This site is optimized with the Yoast SEO plugin v27.5 - https:\/\/yoast.com\/product\/yoast-seo-wordpress\/ -->\n<title>Hammam Keyf-I Party - THAIco SPA<\/title>\n<meta name=\"robots\" content=\"index, follow, max-snippet:-1, max-image-preview:large, max-video-preview:-1\" \/>\n<link rel=\"canonical\" href=\"https:\/\/thaicospa.ro\/en\/hammam-keyf-i-party\/\" \/>\n<meta property=\"og:locale\" content=\"en_US\" \/>\n<meta property=\"og:type\" content=\"article\" \/>\n<meta property=\"og:title\" content=\"Hammam Keyf-I Party - THAIco SPA\" \/>\n<meta property=\"og:url\" content=\"https:\/\/thaicospa.ro\/en\/hammam-keyf-i-party\/\" \/>\n<meta property=\"og:site_name\" content=\"THAIco SPA\" \/>\n<meta property=\"article:publisher\" content=\"https:\/\/www.facebook.com\/THAIcoSPA\/\" \/>\n<meta property=\"article:modified_time\" content=\"2025-08-07T13:19:55+00:00\" \/>\n<meta name=\"twitter:card\" content=\"summary_large_image\" \/>\n<meta name=\"twitter:label1\" content=\"Est. reading time\" \/>\n\t<meta name=\"twitter:data1\" content=\"2 minutes\" \/>\n<script type=\"application\/ld+json\" class=\"yoast-schema-graph\">{\"@context\":\"https:\\\/\\\/schema.org\",\"@graph\":[{\"@type\":\"WebPage\",\"@id\":\"https:\\\/\\\/thaicospa.ro\\\/hammam-keyf-i-party\\\/\",\"url\":\"https:\\\/\\\/thaicospa.ro\\\/hammam-keyf-i-party\\\/\",\"name\":\"Hammam Keyf-I Party - THAIco SPA\",\"isPartOf\":{\"@id\":\"https:\\\/\\\/thaicospa.ro\\\/#website\"},\"datePublished\":\"2024-06-06T08:15:42+00:00\",\"dateModified\":\"2025-08-07T13:19:55+00:00\",\"breadcrumb\":{\"@id\":\"https:\\\/\\\/thaicospa.ro\\\/hammam-keyf-i-party\\\/#breadcrumb\"},\"inLanguage\":\"en-US\",\"potentialAction\":[{\"@type\":\"ReadAction\",\"target\":[\"https:\\\/\\\/thaicospa.ro\\\/hammam-keyf-i-party\\\/\"]}]},{\"@type\":\"BreadcrumbList\",\"@id\":\"https:\\\/\\\/thaicospa.ro\\\/hammam-keyf-i-party\\\/#breadcrumb\",\"itemListElement\":[{\"@type\":\"ListItem\",\"position\":1,\"name\":\"Prima pagin\u0103\",\"item\":\"https:\\\/\\\/thaicospa.ro\\\/\"},{\"@type\":\"ListItem\",\"position\":2,\"name\":\"Hammam Keyf-I Party\"}]},{\"@type\":\"WebSite\",\"@id\":\"https:\\\/\\\/thaicospa.ro\\\/#website\",\"url\":\"https:\\\/\\\/thaicospa.ro\\\/\",\"name\":\"THAIco SPA\",\"description\":\"\",\"potentialAction\":[{\"@type\":\"SearchAction\",\"target\":{\"@type\":\"EntryPoint\",\"urlTemplate\":\"https:\\\/\\\/thaicospa.ro\\\/?s={search_term_string}\"},\"query-input\":{\"@type\":\"PropertyValueSpecification\",\"valueRequired\":true,\"valueName\":\"search_term_string\"}}],\"inLanguage\":\"en-US\"}]}<\/script>\n<!-- \/ Yoast SEO plugin. -->","yoast_head_json":{"title":"Hammam Keyf-I Party - THAIco SPA","robots":{"index":"index","follow":"follow","max-snippet":"max-snippet:-1","max-image-preview":"max-image-preview:large","max-video-preview":"max-video-preview:-1"},"canonical":"https:\/\/thaicospa.ro\/en\/hammam-keyf-i-party\/","og_locale":"en_US","og_type":"article","og_title":"Hammam Keyf-I Party - THAIco SPA","og_url":"https:\/\/thaicospa.ro\/en\/hammam-keyf-i-party\/","og_site_name":"THAIco SPA","article_publisher":"https:\/\/www.facebook.com\/THAIcoSPA\/","article_modified_time":"2025-08-07T13:19:55+00:00","twitter_card":"summary_large_image","twitter_misc":{"Est. reading time":"2 minutes"},"schema":{"@context":"https:\/\/schema.org","@graph":[{"@type":"WebPage","@id":"https:\/\/thaicospa.ro\/hammam-keyf-i-party\/","url":"https:\/\/thaicospa.ro\/hammam-keyf-i-party\/","name":"Hammam Keyf-I Party - THAIco SPA","isPartOf":{"@id":"https:\/\/thaicospa.ro\/#website"},"datePublished":"2024-06-06T08:15:42+00:00","dateModified":"2025-08-07T13:19:55+00:00","breadcrumb":{"@id":"https:\/\/thaicospa.ro\/hammam-keyf-i-party\/#breadcrumb"},"inLanguage":"en-US","potentialAction":[{"@type":"ReadAction","target":["https:\/\/thaicospa.ro\/hammam-keyf-i-party\/"]}]},{"@type":"BreadcrumbList","@id":"https:\/\/thaicospa.ro\/hammam-keyf-i-party\/#breadcrumb","itemListElement":[{"@type":"ListItem","position":1,"name":"Prima pagin\u0103","item":"https:\/\/thaicospa.ro\/"},{"@type":"ListItem","position":2,"name":"Hammam Keyf-I Party"}]},{"@type":"WebSite","@id":"https:\/\/thaicospa.ro\/#website","url":"https:\/\/thaicospa.ro\/","name":"THAIco SPA","description":"","potentialAction":[{"@type":"SearchAction","target":{"@type":"EntryPoint","urlTemplate":"https:\/\/thaicospa.ro\/?s={search_term_string}"},"query-input":{"@type":"PropertyValueSpecification","valueRequired":true,"valueName":"search_term_string"}}],"inLanguage":"en-US"}]}},"_links":{"self":[{"href":"https:\/\/thaicospa.ro\/en\/wp-json\/wp\/v2\/pages\/58333","targetHints":{"allow":["GET"]}}],"collection":[{"href":"https:\/\/thaicospa.ro\/en\/wp-json\/wp\/v2\/pages"}],"about":[{"href":"https:\/\/thaicospa.ro\/en\/wp-json\/wp\/v2\/types\/page"}],"author":[{"embeddable":true,"href":"https:\/\/thaicospa.ro\/en\/wp-json\/wp\/v2\/users\/73"}],"replies":[{"embeddable":true,"href":"https:\/\/thaicospa.ro\/en\/wp-json\/wp\/v2\/comments?post=58333"}],"version-history":[{"count":2,"href":"https:\/\/thaicospa.ro\/en\/wp-json\/wp\/v2\/pages\/58333\/revisions"}],"predecessor-version":[{"id":72224,"href":"https:\/\/thaicospa.ro\/en\/wp-json\/wp\/v2\/pages\/58333\/revisions\/72224"}],"wp:attachment":[{"href":"https:\/\/thaicospa.ro\/en\/wp-json\/wp\/v2\/media?parent=58333"}],"curies":[{"name":"wp","href":"https:\/\/api.w.org\/{rel}","templated":true}]}}