{"id":51230,"date":"2023-10-03T08:58:33","date_gmt":"2023-10-03T05:58:33","guid":{"rendered":"https:\/\/thaicospa.ro\/?page_id=51230"},"modified":"2025-08-01T15:20:42","modified_gmt":"2025-08-01T12:20:42","slug":"hair-massage","status":"publish","type":"page","link":"https:\/\/thaicospa.ro\/en\/masaj-capilar\/","title":{"rendered":"Hair Massage"},"content":{"rendered":"<div class=\"wpb-content-wrapper\"><div  class=\"one withsmallpadding ppb_text\" style=\"text-align:left;padding:40px 0 40px 0;\" >\n<div class=\"standard_wrapper\">\n<div class=\"page_content_wrapper wide\">\n<div class=\"inner\">\n<div style=\"margin:auto;width:65%\">\n<h3 style=\"text-align: center;\">Pricing &amp; Programming<\/h3>\n<p style=\"text-align: center;\">Rejuvenation and Relaxation for Soul and Mind: THAIco Hair Massage - Wellness starts with you!<\/p>\n<p style=\"text-align: center;\">\n<div class=\"vc_row wpb_row vc_row-fluid\">\n<div class=\"wpb_column vc_column_container vc_col-sm-6\">\n<div class=\"vc_column-inner\">\n<div class=\"wpb_wrapper\">\n<div class=\"vc_tta-container\" data-vc-action=\"collapse\">\n<div class=\"vc_general vc_tta vc_tta-accordion vc_tta-color-white vc_tta-style-outline vc_tta-shape-square vc_tta-o-shape-group vc_tta-controls-align-default\">\n<div class=\"vc_tta-panels-container\">\n<div class=\"vc_tta-panels\">\n<div class=\"vc_tta-panel vc_active\" id=\"1669191340232-9b82b701-320a\" data-vc-content=\".vc_tta-panel-body\">\n<div class=\"vc_tta-panel-heading\">\n<h4 class=\"vc_tta-panel-title vc_tta-controls-icon-position-left\"><a href=\"#1669191340232-9b82b701-320a\" data-vc-accordion data-vc-container=\".vc_tta-container\"><span class=\"vc_tta-title-text\">30 minutes<\/span><i class=\"vc_tta-controls-icon vc_tta-controls-icon-triangle\"><\/i><\/a><\/h4>\n<\/div>\n<div class=\"vc_tta-panel-body\">\n<div class=\"wpb_text_column wpb_content_element\" >\n<div class=\"wpb_wrapper\">\n<h3 style=\"text-align: center;\"><strong>190 lei<\/strong><\/h3>\n<p style=\"text-align: center;\"><\/div><\/div>\n<div class=\"vc_row wpb_row vc_inner vc_row-fluid vc_column-gap-10 vc_row-o-equal-height vc_row-flex\">\n<div class=\"wpb_column vc_column_container vc_col-sm-12\">\n<div class=\"vc_column-inner\">\n<div class=\"wpb_wrapper\">\n<div class=\"vc_btn3-container vc_btn3-inline vc_do_btn\" ><a onmouseleave=\"this.style.borderColor='#d4b153'; this.style.backgroundColor='transparent'; this.style.color='#d4b153'\" onmouseenter=\"this.style.borderColor='#d4b153'; this.style.backgroundColor='#d4b153'; this.style.color='#000000';\" style=\"border-color:#d4b153; color:#d4b153;\" class=\"vc_general vc_btn3 vc_btn3-size-md vc_btn3-shape-square vc_btn3-style-outline-custom\" href=\"\/en\/programming\/\" title=\"\">Schedule<\/a><\/div>\n<div class=\"vc_btn3-container vc_btn3-inline vc_do_btn\" ><a onmouseleave=\"this.style.borderColor='#d4b153'; this.style.backgroundColor='transparent'; this.style.color='#d4b153'\" onmouseenter=\"this.style.borderColor='#d4b153'; this.style.backgroundColor='#d4b153'; this.style.color='#000000';\" style=\"border-color:#d4b153; color:#d4b153;\" class=\"vc_general vc_btn3 vc_btn3-size-md vc_btn3-shape-square vc_btn3-style-outline-custom\" href=\"\/en\/product\/hair-massage\/\" title=\"\">Buy Gift Card<\/a><\/div>\n<\/div>\n<\/div>\n<\/div>\n<\/div>\n<\/div>\n<\/div>\n<\/div>\n<\/div>\n<\/div>\n<\/div>\n<\/div>\n<\/div>\n<\/div>\n<div class=\"wpb_column vc_column_container vc_col-sm-6\">\n<div class=\"vc_column-inner\">\n<div class=\"wpb_wrapper\">\n<div class=\"vc_tta-container\" data-vc-action=\"collapseAll\">\n<div class=\"vc_general vc_tta vc_tta-accordion vc_tta-color-white vc_tta-style-outline vc_tta-shape-square vc_tta-o-shape-group vc_tta-controls-align-default vc_tta-o-all-clickable\">\n<div class=\"vc_tta-panels-container\">\n<div class=\"vc_tta-panels\">\n<div class=\"vc_tta-panel vc_active\" id=\"1686518100118-6478388b-2d84\" data-vc-content=\".vc_tta-panel-body\">\n<div class=\"vc_tta-panel-heading\">\n<h4 class=\"vc_tta-panel-title vc_tta-controls-icon-position-left\"><a href=\"#1686518100118-6478388b-2d84\" data-vc-accordion data-vc-container=\".vc_tta-container\"><span class=\"vc_tta-title-text\">60 minutes<\/span><i class=\"vc_tta-controls-icon vc_tta-controls-icon-triangle\"><\/i><\/a><\/h4>\n<\/div>\n<div class=\"vc_tta-panel-body\">\n<div class=\"wpb_text_column wpb_content_element\" >\n<div class=\"wpb_wrapper\">\n<h3 style=\"text-align: center;\"><strong>310 lei<\/strong><\/h3>\n<p style=\"text-align: center;\"><\/div><\/div>\n<div class=\"vc_row wpb_row vc_inner vc_row-fluid vc_column-gap-10 vc_row-o-equal-height vc_row-flex\">\n<div class=\"wpb_column vc_column_container vc_col-sm-12\">\n<div class=\"vc_column-inner\">\n<div class=\"wpb_wrapper\">\n<div class=\"vc_btn3-container vc_btn3-inline vc_do_btn\" ><a onmouseleave=\"this.style.borderColor='#d4b153'; this.style.backgroundColor='transparent'; this.style.color='#d4b153'\" onmouseenter=\"this.style.borderColor='#d4b153'; this.style.backgroundColor='#d4b153'; this.style.color='#000000';\" style=\"border-color:#d4b153; color:#d4b153;\" class=\"vc_general vc_btn3 vc_btn3-size-md vc_btn3-shape-square vc_btn3-style-outline-custom\" href=\"\/en\/programming\/\" title=\"\">Schedule<\/a><\/div>\n<div class=\"vc_btn3-container vc_btn3-inline vc_do_btn\" ><a onmouseleave=\"this.style.borderColor='#d4b153'; this.style.backgroundColor='transparent'; this.style.color='#d4b153'\" onmouseenter=\"this.style.borderColor='#d4b153'; this.style.backgroundColor='#d4b153'; this.style.color='#000000';\" style=\"border-color:#d4b153; color:#d4b153;\" class=\"vc_general vc_btn3 vc_btn3-size-md vc_btn3-shape-square vc_btn3-style-outline-custom\" href=\"\/en\/product\/head-massage-60-minute\/\" title=\"\">Buy Gift Card<\/a><\/div>\n<\/div>\n<\/div>\n<\/div>\n<\/div>\n<\/div>\n<\/div>\n<\/div>\n<\/div>\n<\/div>\n<\/div>\n<\/div>\n<\/div>\n<\/div>\n<\/div>\n<\/div>\n<\/div>\n<\/div>\n<\/div>\n<\/div>\n<div  class=\"one\" >\n<div class=\"one_half_bg parallax\" style=\"background-image:url(https:\/\/thaicospa.ro\/wp-content\/uploads\/2023\/11\/Thaico-SPA-c-razvanfotograv-484-scaled.jpg);height:585px;\"><\/div>\n<div class=\"one_half_bg\" style=\"padding:80px;\">\n<h2 class=\"ppb_title\" style=\"\">What is Hair Massage <\/h2>\n<div class=\"ppb_header_content\">\n<p>Capillary Massage is an emotional uplifting therapy that focuses on relieving upper body tension.<\/p>\n<p>We'll start with an invigorating massage that stimulates circulation, making the movements gentler and slower.<\/p>\n<p>This is followed by a relaxing neck, shoulder and upper back massage to remove any remaining tension and release toxins.<\/p>\n<\/div>\n<\/div>\n<p><br class=\"clear\"\/><\/div>\n<div  class=\"one\" >\n<div class=\"one_half_bg textright\" style=\"padding:80px;\">\n<h2 class=\"ppb_title\" style=\"\">Features of Hair Massage <\/h2>\n<div class=\"ppb_header_content\">\n<p><strong>Emotional upliftment therapy:<\/strong> Capillary massage focuses on relaxing and relieving tension in the upper body, helping to improve emotional well-being.<\/p>\n<p><strong>Stimulating circulation:<\/strong> The massage begins by stimulating blood circulation, helping to bring oxygen and nutrients to the head area.<\/p>\n<p><strong>Gentle and refreshing movements:<\/strong> The techniques used in hair massage combine invigorating and gentle movements to promote relaxation and release tension.<\/p>\n<p><strong>Neck, shoulder and upper back massage:<\/strong> The therapy covers the neck, shoulders and upper back area, effectively removing any remaining tension and helping to eliminate toxins.<\/p>\n<\/div>\n<\/div>\n<div class=\"one_half_bg parallax\" style=\"background-image:url(https:\/\/thaicospa.ro\/wp-content\/uploads\/2023\/11\/Thaico-SPA-c-razvanfotograv-221-scaled.jpg);height:705px;\"><\/div>\n<p><br class=\"clear\"\/><\/div>\n<div class=\"divider one\">&nbsp;<\/div>\n<div  class=\"ppb_gallery_grid one\" style=\"\">\n<div class=\"standard_wrapper\">\n<div id=\"17540508421142620319\" class=\"portfolio_filter_wrapper gallery four_cols contain\" data-columns=\"4\">\n<div class=\"element grid  classic4_cols\">\n<div class=\"one_fourth gallery4 static filterable gallery_type animated1\"><a class=\"fancy-gallery\" href=\"https:\/\/thaicospa.ro\/wp-content\/uploads\/2023\/11\/Thaico-SPA-c-razvanfotograv-206-scaled.jpg\" data-caption=\"\" ><img decoding=\"async\" src=\"https:\/\/thaicospa.ro\/wp-content\/uploads\/2023\/11\/Thaico-SPA-c-razvanfotograv-206-610x610.jpg\" alt=\"\"\/><\/a><\/div>\n<\/div>\n<div class=\"element grid  classic4_cols\">\n<div class=\"one_fourth gallery4 static filterable gallery_type animated2\"><a class=\"fancy-gallery\" href=\"https:\/\/thaicospa.ro\/wp-content\/uploads\/2023\/11\/Thaico-SPA-c-razvanfotograv-221-scaled.jpg\" data-caption=\"\" ><img decoding=\"async\" src=\"https:\/\/thaicospa.ro\/wp-content\/uploads\/2023\/11\/Thaico-SPA-c-razvanfotograv-221-610x610.jpg\" alt=\"\"\/><\/a><\/div>\n<\/div>\n<div class=\"element grid  classic4_cols\">\n<div class=\"one_fourth gallery4 static filterable gallery_type animated3\"><a class=\"fancy-gallery\" href=\"https:\/\/thaicospa.ro\/wp-content\/uploads\/2023\/11\/Thaico-SPA-c-razvanfotograv-485-scaled.jpg\" data-caption=\"\" ><img decoding=\"async\" src=\"https:\/\/thaicospa.ro\/wp-content\/uploads\/2023\/11\/Thaico-SPA-c-razvanfotograv-485-610x610.jpg\" alt=\"\"\/><\/a><\/div>\n<\/div>\n<div class=\"element grid  classic4_cols\">\n<div class=\"one_fourth gallery4 static filterable gallery_type animated4\"><a class=\"fancy-gallery\" href=\"https:\/\/thaicospa.ro\/wp-content\/uploads\/2023\/11\/Thaico-SPA-c-razvanfotograv-480-scaled.jpg\" data-caption=\"\" ><img decoding=\"async\" src=\"https:\/\/thaicospa.ro\/wp-content\/uploads\/2023\/11\/Thaico-SPA-c-razvanfotograv-480-610x610.jpg\" alt=\"\"\/><\/a><\/div>\n<\/div>\n<div class=\"element grid  classic4_cols\">\n<div class=\"one_fourth gallery4 static filterable gallery_type animated5\"><a class=\"fancy-gallery\" href=\"https:\/\/thaicospa.ro\/wp-content\/uploads\/2023\/11\/Thaico-SPA-c-razvanfotograv-484-scaled.jpg\" data-caption=\"\" ><img decoding=\"async\" src=\"https:\/\/thaicospa.ro\/wp-content\/uploads\/2023\/11\/Thaico-SPA-c-razvanfotograv-484-610x610.jpg\" alt=\"\"\/><\/a><\/div>\n<\/div>\n<div class=\"element grid  classic4_cols\">\n<div class=\"one_fourth gallery4 static filterable gallery_type animated6\"><a class=\"fancy-gallery\" href=\"https:\/\/thaicospa.ro\/wp-content\/uploads\/2023\/11\/Thaico-SPA-c-razvanfotograv-234-scaled.jpg\" data-caption=\"\" ><img decoding=\"async\" src=\"https:\/\/thaicospa.ro\/wp-content\/uploads\/2023\/11\/Thaico-SPA-c-razvanfotograv-234-610x610.jpg\" alt=\"\"\/><\/a><\/div>\n<\/div>\n<div class=\"element grid  classic4_cols\">\n<div class=\"one_fourth gallery4 static filterable gallery_type animated7\"><a class=\"fancy-gallery\" href=\"https:\/\/thaicospa.ro\/wp-content\/uploads\/2023\/11\/Thaico-SPA-c-razvanfotograv-222-scaled.jpg\" data-caption=\"\" ><img decoding=\"async\" src=\"https:\/\/thaicospa.ro\/wp-content\/uploads\/2023\/11\/Thaico-SPA-c-razvanfotograv-222-610x610.jpg\" alt=\"\"\/><\/a><\/div>\n<\/div>\n<div class=\"element grid  classic4_cols\">\n<div class=\"one_fourth gallery4 static filterable gallery_type animated8\"><a class=\"fancy-gallery\" href=\"https:\/\/thaicospa.ro\/wp-content\/uploads\/2023\/11\/Thaico-SPA-c-razvanfotograv-474-scaled.jpg\" data-caption=\"\" ><img decoding=\"async\" src=\"https:\/\/thaicospa.ro\/wp-content\/uploads\/2023\/11\/Thaico-SPA-c-razvanfotograv-474-610x610.jpg\" alt=\"\"\/><\/a><\/div>\n<\/div>\n<div class=\"element grid  classic4_cols\">\n<div class=\"one_fourth gallery4 static filterable gallery_type animated9\"><a class=\"fancy-gallery\" href=\"https:\/\/thaicospa.ro\/wp-content\/uploads\/2023\/11\/Thaico-SPA-c-razvanfotograv-478-scaled.jpg\" data-caption=\"\" ><img decoding=\"async\" src=\"https:\/\/thaicospa.ro\/wp-content\/uploads\/2023\/11\/Thaico-SPA-c-razvanfotograv-478-610x610.jpg\" alt=\"\"\/><\/a><\/div>\n<\/div>\n<div class=\"element grid  classic4_cols\">\n<div class=\"one_fourth gallery4 static filterable gallery_type animated10\"><a class=\"fancy-gallery\" href=\"https:\/\/thaicospa.ro\/wp-content\/uploads\/2023\/11\/Thaico-SPA-c-razvanfotograv-228-scaled.jpg\" data-caption=\"\" ><img decoding=\"async\" src=\"https:\/\/thaicospa.ro\/wp-content\/uploads\/2023\/11\/Thaico-SPA-c-razvanfotograv-228-610x610.jpg\" alt=\"\"\/><\/a><\/div>\n<\/div>\n<div class=\"element grid  classic4_cols\">\n<div class=\"one_fourth gallery4 static filterable gallery_type animated11\"><a class=\"fancy-gallery\" href=\"https:\/\/thaicospa.ro\/wp-content\/uploads\/2023\/11\/Thaico-SPA-c-razvanfotograv-236-scaled.jpg\" data-caption=\"\" ><img decoding=\"async\" src=\"https:\/\/thaicospa.ro\/wp-content\/uploads\/2023\/11\/Thaico-SPA-c-razvanfotograv-236-610x610.jpg\" alt=\"\"\/><\/a><\/div>\n<\/div>\n<div class=\"element grid  classic4_cols\">\n<div class=\"one_fourth gallery4 static filterable gallery_type animated12\"><a class=\"fancy-gallery\" href=\"https:\/\/thaicospa.ro\/wp-content\/uploads\/2023\/11\/Thaico-SPA-c-razvanfotograv-223-scaled.jpg\" data-caption=\"\" ><img decoding=\"async\" src=\"https:\/\/thaicospa.ro\/wp-content\/uploads\/2023\/11\/Thaico-SPA-c-razvanfotograv-223-610x610.jpg\" alt=\"\"\/><\/a><\/div>\n<\/div>\n<\/div>\n<\/div>\n<\/div>\n<\/div>","protected":false},"excerpt":{"rendered":"<p>Pre\u021buri &#038; Programare Revigorare \u0219i Relaxare pentru Suflet \u0219i Minte: Masajul Capilar THAIco \u2013 Starea de bine \u00eencepe cu tine! 30 minute 190 lei Programeaz\u0103-te Cump\u0103r\u0103 Gift Card 60 minute 310 lei Programeaz\u0103-te Cump\u0103r\u0103 Gift Card Ce este Masajul Capilar [&hellip;]<\/p>\n","protected":false},"author":73,"featured_media":52809,"parent":0,"menu_order":0,"comment_status":"closed","ping_status":"closed","template":"","meta":{"_monsterinsights_skip_tracking":false,"_monsterinsights_sitenote_active":false,"_monsterinsights_sitenote_note":"","_monsterinsights_sitenote_category":0,"footnotes":""},"class_list":["post-51230","page","type-page","status-publish","has-post-thumbnail","hentry"],"yoast_head":"<!-- This site is optimized with the Yoast SEO plugin v27.5 - https:\/\/yoast.com\/product\/yoast-seo-wordpress\/ -->\n<title>Masaj Capilar - THAIco SPA<\/title>\n<meta name=\"description\" content=\"Masaj Thailandez la THAIco SPA. Descoper\u0103 cum tehnicile unice pot cre\u0219te for\u021ba, flexibilitatea \u0219i alina tensiunea muscular\" \/>\n<meta name=\"robots\" content=\"index, follow, max-snippet:-1, max-image-preview:large, max-video-preview:-1\" \/>\n<link rel=\"canonical\" href=\"https:\/\/thaicospa.ro\/en\/hair-massage\/\" \/>\n<meta property=\"og:locale\" content=\"en_US\" \/>\n<meta property=\"og:type\" content=\"article\" \/>\n<meta property=\"og:title\" content=\"Masaj Capilar - THAIco SPA\" \/>\n<meta property=\"og:description\" content=\"Masaj Thailandez la THAIco SPA. Descoper\u0103 cum tehnicile unice pot cre\u0219te for\u021ba, flexibilitatea \u0219i alina tensiunea muscular\" \/>\n<meta property=\"og:url\" content=\"https:\/\/thaicospa.ro\/en\/hair-massage\/\" \/>\n<meta property=\"og:site_name\" content=\"THAIco SPA\" \/>\n<meta property=\"article:publisher\" content=\"https:\/\/www.facebook.com\/THAIcoSPA\/\" \/>\n<meta property=\"article:modified_time\" content=\"2025-08-01T12:20:42+00:00\" \/>\n<meta property=\"og:image\" content=\"https:\/\/thaicospa.ro\/wp-content\/uploads\/2023\/11\/Thaico-SPA-c-razvanfotograv-484-scaled.jpg\" \/>\n\t<meta property=\"og:image:width\" content=\"2560\" \/>\n\t<meta property=\"og:image:height\" content=\"1708\" \/>\n\t<meta property=\"og:image:type\" content=\"image\/jpeg\" \/>\n<meta name=\"twitter:card\" content=\"summary_large_image\" \/>\n<meta name=\"twitter:label1\" content=\"Est. reading time\" \/>\n\t<meta name=\"twitter:data1\" content=\"4 minutes\" \/>\n<script type=\"application\/ld+json\" class=\"yoast-schema-graph\">{\"@context\":\"https:\\\/\\\/schema.org\",\"@graph\":[{\"@type\":\"WebPage\",\"@id\":\"https:\\\/\\\/thaicospa.ro\\\/masaj-capilar\\\/\",\"url\":\"https:\\\/\\\/thaicospa.ro\\\/masaj-capilar\\\/\",\"name\":\"Masaj Capilar - THAIco SPA\",\"isPartOf\":{\"@id\":\"https:\\\/\\\/thaicospa.ro\\\/#website\"},\"primaryImageOfPage\":{\"@id\":\"https:\\\/\\\/thaicospa.ro\\\/masaj-capilar\\\/#primaryimage\"},\"image\":{\"@id\":\"https:\\\/\\\/thaicospa.ro\\\/masaj-capilar\\\/#primaryimage\"},\"thumbnailUrl\":\"https:\\\/\\\/thaicospa.ro\\\/wp-content\\\/uploads\\\/2023\\\/11\\\/Thaico-SPA-c-razvanfotograv-484-scaled.jpg\",\"datePublished\":\"2023-10-03T05:58:33+00:00\",\"dateModified\":\"2025-08-01T12:20:42+00:00\",\"description\":\"Masaj Thailandez la THAIco SPA. Descoper\u0103 cum tehnicile unice pot cre\u0219te for\u021ba, flexibilitatea \u0219i alina tensiunea muscular\",\"breadcrumb\":{\"@id\":\"https:\\\/\\\/thaicospa.ro\\\/masaj-capilar\\\/#breadcrumb\"},\"inLanguage\":\"en-US\",\"potentialAction\":[{\"@type\":\"ReadAction\",\"target\":[\"https:\\\/\\\/thaicospa.ro\\\/masaj-capilar\\\/\"]}]},{\"@type\":\"ImageObject\",\"inLanguage\":\"en-US\",\"@id\":\"https:\\\/\\\/thaicospa.ro\\\/masaj-capilar\\\/#primaryimage\",\"url\":\"https:\\\/\\\/thaicospa.ro\\\/wp-content\\\/uploads\\\/2023\\\/11\\\/Thaico-SPA-c-razvanfotograv-484-scaled.jpg\",\"contentUrl\":\"https:\\\/\\\/thaicospa.ro\\\/wp-content\\\/uploads\\\/2023\\\/11\\\/Thaico-SPA-c-razvanfotograv-484-scaled.jpg\",\"width\":2560,\"height\":1708},{\"@type\":\"BreadcrumbList\",\"@id\":\"https:\\\/\\\/thaicospa.ro\\\/masaj-capilar\\\/#breadcrumb\",\"itemListElement\":[{\"@type\":\"ListItem\",\"position\":1,\"name\":\"Prima pagin\u0103\",\"item\":\"https:\\\/\\\/thaicospa.ro\\\/\"},{\"@type\":\"ListItem\",\"position\":2,\"name\":\"Masaj Capilar\"}]},{\"@type\":\"WebSite\",\"@id\":\"https:\\\/\\\/thaicospa.ro\\\/#website\",\"url\":\"https:\\\/\\\/thaicospa.ro\\\/\",\"name\":\"THAIco SPA\",\"description\":\"\",\"potentialAction\":[{\"@type\":\"SearchAction\",\"target\":{\"@type\":\"EntryPoint\",\"urlTemplate\":\"https:\\\/\\\/thaicospa.ro\\\/?s={search_term_string}\"},\"query-input\":{\"@type\":\"PropertyValueSpecification\",\"valueRequired\":true,\"valueName\":\"search_term_string\"}}],\"inLanguage\":\"en-US\"}]}<\/script>\n<!-- \/ Yoast SEO plugin. -->","yoast_head_json":{"title":"Hair Massage - THAIco SPA","description":"Thai massage at THAIco SPA. Discover how unique techniques can increase strength, flexibility and relieve muscle tension","robots":{"index":"index","follow":"follow","max-snippet":"max-snippet:-1","max-image-preview":"max-image-preview:large","max-video-preview":"max-video-preview:-1"},"canonical":"https:\/\/thaicospa.ro\/en\/hair-massage\/","og_locale":"en_US","og_type":"article","og_title":"Masaj Capilar - THAIco SPA","og_description":"Masaj Thailandez la THAIco SPA. Descoper\u0103 cum tehnicile unice pot cre\u0219te for\u021ba, flexibilitatea \u0219i alina tensiunea muscular","og_url":"https:\/\/thaicospa.ro\/en\/hair-massage\/","og_site_name":"THAIco SPA","article_publisher":"https:\/\/www.facebook.com\/THAIcoSPA\/","article_modified_time":"2025-08-01T12:20:42+00:00","og_image":[{"width":2560,"height":1708,"url":"https:\/\/thaicospa.ro\/wp-content\/uploads\/2023\/11\/Thaico-SPA-c-razvanfotograv-484-scaled.jpg","type":"image\/jpeg"}],"twitter_card":"summary_large_image","twitter_misc":{"Est. reading time":"4 minutes"},"schema":{"@context":"https:\/\/schema.org","@graph":[{"@type":"WebPage","@id":"https:\/\/thaicospa.ro\/masaj-capilar\/","url":"https:\/\/thaicospa.ro\/masaj-capilar\/","name":"Hair Massage - THAIco SPA","isPartOf":{"@id":"https:\/\/thaicospa.ro\/#website"},"primaryImageOfPage":{"@id":"https:\/\/thaicospa.ro\/masaj-capilar\/#primaryimage"},"image":{"@id":"https:\/\/thaicospa.ro\/masaj-capilar\/#primaryimage"},"thumbnailUrl":"https:\/\/thaicospa.ro\/wp-content\/uploads\/2023\/11\/Thaico-SPA-c-razvanfotograv-484-scaled.jpg","datePublished":"2023-10-03T05:58:33+00:00","dateModified":"2025-08-01T12:20:42+00:00","description":"Thai massage at THAIco SPA. Discover how unique techniques can increase strength, flexibility and relieve muscle tension","breadcrumb":{"@id":"https:\/\/thaicospa.ro\/masaj-capilar\/#breadcrumb"},"inLanguage":"en-US","potentialAction":[{"@type":"ReadAction","target":["https:\/\/thaicospa.ro\/masaj-capilar\/"]}]},{"@type":"ImageObject","inLanguage":"en-US","@id":"https:\/\/thaicospa.ro\/masaj-capilar\/#primaryimage","url":"https:\/\/thaicospa.ro\/wp-content\/uploads\/2023\/11\/Thaico-SPA-c-razvanfotograv-484-scaled.jpg","contentUrl":"https:\/\/thaicospa.ro\/wp-content\/uploads\/2023\/11\/Thaico-SPA-c-razvanfotograv-484-scaled.jpg","width":2560,"height":1708},{"@type":"BreadcrumbList","@id":"https:\/\/thaicospa.ro\/masaj-capilar\/#breadcrumb","itemListElement":[{"@type":"ListItem","position":1,"name":"Prima pagin\u0103","item":"https:\/\/thaicospa.ro\/"},{"@type":"ListItem","position":2,"name":"Masaj Capilar"}]},{"@type":"WebSite","@id":"https:\/\/thaicospa.ro\/#website","url":"https:\/\/thaicospa.ro\/","name":"THAIco SPA","description":"","potentialAction":[{"@type":"SearchAction","target":{"@type":"EntryPoint","urlTemplate":"https:\/\/thaicospa.ro\/?s={search_term_string}"},"query-input":{"@type":"PropertyValueSpecification","valueRequired":true,"valueName":"search_term_string"}}],"inLanguage":"en-US"}]}},"_links":{"self":[{"href":"https:\/\/thaicospa.ro\/en\/wp-json\/wp\/v2\/pages\/51230","targetHints":{"allow":["GET"]}}],"collection":[{"href":"https:\/\/thaicospa.ro\/en\/wp-json\/wp\/v2\/pages"}],"about":[{"href":"https:\/\/thaicospa.ro\/en\/wp-json\/wp\/v2\/types\/page"}],"author":[{"embeddable":true,"href":"https:\/\/thaicospa.ro\/en\/wp-json\/wp\/v2\/users\/73"}],"replies":[{"embeddable":true,"href":"https:\/\/thaicospa.ro\/en\/wp-json\/wp\/v2\/comments?post=51230"}],"version-history":[{"count":3,"href":"https:\/\/thaicospa.ro\/en\/wp-json\/wp\/v2\/pages\/51230\/revisions"}],"predecessor-version":[{"id":72024,"href":"https:\/\/thaicospa.ro\/en\/wp-json\/wp\/v2\/pages\/51230\/revisions\/72024"}],"wp:featuredmedia":[{"embeddable":true,"href":"https:\/\/thaicospa.ro\/en\/wp-json\/wp\/v2\/media\/52809"}],"wp:attachment":[{"href":"https:\/\/thaicospa.ro\/en\/wp-json\/wp\/v2\/media?parent=51230"}],"curies":[{"name":"wp","href":"https:\/\/api.w.org\/{rel}","templated":true}]}}