{"id":51141,"date":"2023-09-29T14:50:07","date_gmt":"2023-09-29T11:50:07","guid":{"rendered":"https:\/\/thaicospa.ro\/?page_id=51141"},"modified":"2025-08-01T16:07:03","modified_gmt":"2025-08-01T13:07:03","slug":"fruit-spa-ritual","status":"publish","type":"page","link":"https:\/\/thaicospa.ro\/en\/fruit-spa-ritual\/","title":{"rendered":"Fruit Spa Ritual"},"content":{"rendered":"<div class=\"wpb-content-wrapper\"><div  class=\"one withsmallpadding ppb_text\" style=\"text-align:left;padding:40px 0 40px 0;\" >\n<div class=\"standard_wrapper\">\n<div class=\"page_content_wrapper wide\">\n<div class=\"inner\">\n<div style=\"margin:auto;width:95%\">\n<h3 style=\"text-align: center;\">Pricing &amp; Programming<\/h3>\n<p style=\"text-align: center;\">Recharge yourself with the freshness of THAIco SPA branded fruits!<\/p>\n<div class=\"vc_row wpb_row vc_row-fluid\">\n<div class=\"wpb_column vc_column_container vc_col-sm-4\">\n<div class=\"vc_column-inner\">\n<div class=\"wpb_wrapper\"><\/div>\n<\/div>\n<\/div>\n<div class=\"wpb_column vc_column_container vc_col-sm-4\">\n<div class=\"vc_column-inner\">\n<div class=\"wpb_wrapper\">\n<div class=\"vc_tta-container\" data-vc-action=\"collapseAll\">\n<div class=\"vc_general vc_tta vc_tta-accordion vc_tta-color-white vc_tta-style-outline vc_tta-shape-square vc_tta-o-shape-group vc_tta-controls-align-default vc_tta-o-all-clickable\">\n<div class=\"vc_tta-panels-container\">\n<div class=\"vc_tta-panels\">\n<div class=\"vc_tta-panel vc_active\" id=\"1686518100118-6478388b-2d84\" data-vc-content=\".vc_tta-panel-body\">\n<div class=\"vc_tta-panel-heading\">\n<h4 class=\"vc_tta-panel-title vc_tta-controls-icon-position-left\"><a href=\"#1686518100118-6478388b-2d84\" data-vc-accordion data-vc-container=\".vc_tta-container\"><span class=\"vc_tta-title-text\">2h<\/span><i class=\"vc_tta-controls-icon vc_tta-controls-icon-triangle\"><\/i><\/a><\/h4>\n<\/div>\n<div class=\"vc_tta-panel-body\">\n<div class=\"wpb_text_column wpb_content_element\" >\n<div class=\"wpb_wrapper\">\n<h3 style=\"text-align: center;\">650 lei<\/h3>\n<\/p><\/div><\/div>\n<div class=\"vc_row wpb_row vc_inner vc_row-fluid vc_column-gap-10 vc_row-o-equal-height vc_row-flex\">\n<div class=\"wpb_column vc_column_container vc_col-sm-12\">\n<div class=\"vc_column-inner\">\n<div class=\"wpb_wrapper\">\n<div class=\"vc_btn3-container vc_btn3-inline vc_do_btn\" ><a onmouseleave=\"this.style.borderColor='#d4b153'; this.style.backgroundColor='transparent'; this.style.color='#d4b153'\" onmouseenter=\"this.style.borderColor='#d4b153'; this.style.backgroundColor='#d4b153'; this.style.color='#000000';\" style=\"border-color:#d4b153; color:#d4b153;\" class=\"vc_general vc_btn3 vc_btn3-size-md vc_btn3-shape-square vc_btn3-style-outline-custom\" href=\"\/en\/programming\/\" title=\"\">Schedule<\/a><\/div>\n<div class=\"vc_btn3-container vc_btn3-inline vc_do_btn\" ><a onmouseleave=\"this.style.borderColor='#d4b153'; this.style.backgroundColor='transparent'; this.style.color='#d4b153'\" onmouseenter=\"this.style.borderColor='#d4b153'; this.style.backgroundColor='#d4b153'; this.style.color='#000000';\" style=\"border-color:#d4b153; color:#d4b153;\" class=\"vc_general vc_btn3 vc_btn3-size-md vc_btn3-shape-square vc_btn3-style-outline-custom\" href=\"\/en\/product\/spa-fruit-treatment\/\" title=\"\">Buy Gift Card<\/a><\/div>\n<\/div>\n<\/div>\n<\/div>\n<\/div>\n<\/div>\n<\/div>\n<\/div>\n<\/div>\n<\/div>\n<\/div>\n<\/div>\n<\/div>\n<\/div>\n<div class=\"wpb_column vc_column_container vc_col-sm-4\">\n<div class=\"vc_column-inner\">\n<div class=\"wpb_wrapper\"><\/div>\n<\/div>\n<\/div>\n<\/div>\n<\/div>\n<\/div>\n<\/div>\n<\/div>\n<\/div>\n<div  class=\"one\" >\n<div class=\"one_half_bg parallax\" style=\"background-image:url(https:\/\/thaicospa.ro\/wp-content\/uploads\/2023\/09\/ThaicoSpa_9iunie2022_163.jpg);height:700px;\"><\/div>\n<div class=\"one_half_bg\" style=\"padding:80px;\">\n<h2 class=\"ppb_title\" style=\"\">What is the Fruit Spa Ritual<\/h2>\n<div class=\"ppb_header_content\">\n<p>The spa ritual with fucte starts with a kiwi facial and body exfoliation, followed by a relaxing bath with precious milk and a hair massage.<\/p>\n<p>The exotic experience continues with full-body aromatherapy and facial massage with essential oils enriched with fruit extracts to remove muscle tension, improving blood circulation, helping to detoxify the body and relax the mind, giving you an unparalleled state of well-being.<\/p>\n<\/div>\n<\/div>\n<p><br class=\"clear\"\/><\/div>\n<div  class=\"one\" >\n<div class=\"one_half_bg textright\" style=\"padding:80px;\">\n<h2 class=\"ppb_title\" style=\"\">Characteristics of the Fruit Spa Ritual<\/h2>\n<div class=\"ppb_header_content\">\n<p><strong>Exfoliating Invigorating: <\/strong>The ritual begins with a gentle exfoliation of the face and body with kiwi, removing dead skin cells and preparing the skin for the benefits to follow.<\/p>\n<p><strong>Exotic Enrichment: <\/strong>Natural fruit extracts, such as kiwi and other exotic flavours, are used to enrich the treatment, adding freshness and vitality to the skin.<\/p>\n<p><strong>Relaxing Bath with Precious Milk: <\/strong>The relaxing bath in precious milk helps to moisturise and soften the skin, giving you a deeply relaxing feeling.<\/p>\n<p><strong>Soothing Hair Massage: <\/strong>Hair massage helps to release accumulated tension in the head area, giving a feeling of relaxation and relaxation.<\/p>\n<p><strong>Exotic Aromatherapy: <\/strong>Aromatherapy with essential oils rich in fruit extracts provides a pleasant olfactory experience and helps relieve stress and tension.<\/p>\n<p><strong>Revitalizing Facial Massage<\/strong>Facial massage with essential oils enriched with fruit extracts helps improve blood circulation, thus stimulating the skin's natural glow.<\/p>\n<\/div>\n<\/div>\n<div class=\"one_half_bg parallax\" style=\"background-image:url(https:\/\/thaicospa.ro\/wp-content\/uploads\/2023\/09\/ThaicoSpa_9iunie2022_160.jpg);height:705px;\"><\/div>\n<p><br class=\"clear\"\/><\/div>\n<div  class=\"one withsmallpadding ppb_content_center_bg withbg parallax\" style=\"background-image:url(https:\/\/thaicospa.ro\/wp-content\/uploads\/2023\/09\/ThaicoSpa_9iunie2022_037-1.jpg);background-position: center top;height:1000px;\" >\n<div class=\"one_third parallax_text\" style=\"background:#000000;background:rgb(0,0,0,0.6);background:rgba(0,0,0,0.6);;padding:10px;\" data-stellar-ratio=\"1.3\">\n<h2 class=\"ppb_title\" style=\"\">Benefits of the Fruit Spa Ritual<\/h2>\n<div class=\"ppb_header_content\">\n<p><strong>Revitalized Skin:<\/strong> Exfoliation and care with fruit extracts revitalises the skin, giving it a smoother and brighter texture.<\/p>\n<p><strong>Deep Relaxation:<\/strong> Relaxing baths and massages help release muscle tension and relax the mind, giving you an overall feeling of well-being.<\/p>\n<p><strong>Detoxification and Improved Circulation:<\/strong> Massage and aromatherapy stimulate blood circulation, helping to detoxify the body and improve metabolism.<\/p>\n<p><strong>Moisturising and Revitalising:<\/strong> The precious milk bath and essential oils nourish and moisturise the skin, leaving it feeling soft and supple.<\/p>\n<p><strong>Natural Glow:<\/strong> Facial massage and care with essential oils restore a natural glow and healthy look to the skin.<\/p>\n<p><strong>State of Good:<\/strong> The combination of exfoliation, massage and aromatherapy provides a relaxing and invigorating experience, helping to improve your mood and well-being.<\/p>\n<p>Included in the SPA Ritual with Fructure: Floral Foot Ritual ~ Facial &amp; Body Exfoliation ~ Precious Milk Bath ~ Hair Massage ~ Aromatherapy<\/p>\n<\/div>\n<\/div>\n<\/div>\n<\/div>","protected":false},"excerpt":{"rendered":"<p>Pre\u021buri &#038; Programare Re\u00eencarc\u0103-te cu prospe\u021bimea Fructelor marca THAIco SPA! 2h 650 lei Programeaz\u0103-te Cump\u0103r\u0103 Gift Card Ce este Ritualul Spa Cu Fructe Ritualul SPA cu fucte debuteaz\u0103 cu o exfoliere facial\u0103 \u0219i corporal\u0103 cu kiwi, urmat\u0103 de o baie [&hellip;]<\/p>\n","protected":false},"author":73,"featured_media":0,"parent":0,"menu_order":0,"comment_status":"closed","ping_status":"closed","template":"","meta":{"_monsterinsights_skip_tracking":false,"_monsterinsights_sitenote_active":false,"_monsterinsights_sitenote_note":"","_monsterinsights_sitenote_category":0,"footnotes":""},"class_list":["post-51141","page","type-page","status-publish","hentry"],"yoast_head":"<!-- This site is optimized with the Yoast SEO plugin v27.4 - https:\/\/yoast.com\/product\/yoast-seo-wordpress\/ -->\n<title>Ritual Spa Cu Fructe - THAIco SPA<\/title>\n<meta name=\"description\" content=\"Masaj Thailandez la THAIco SPA. Descoper\u0103 cum tehnicile unice pot cre\u0219te for\u021ba, flexibilitatea \u0219i alina tensiunea muscular\" \/>\n<meta name=\"robots\" content=\"index, follow, max-snippet:-1, max-image-preview:large, max-video-preview:-1\" \/>\n<link rel=\"canonical\" href=\"https:\/\/thaicospa.ro\/en\/fruit-spa-ritual\/\" \/>\n<meta property=\"og:locale\" content=\"en_US\" \/>\n<meta property=\"og:type\" content=\"article\" \/>\n<meta property=\"og:title\" content=\"Ritual Spa Cu Fructe - THAIco SPA\" \/>\n<meta property=\"og:description\" content=\"Masaj Thailandez la THAIco SPA. Descoper\u0103 cum tehnicile unice pot cre\u0219te for\u021ba, flexibilitatea \u0219i alina tensiunea muscular\" \/>\n<meta property=\"og:url\" content=\"https:\/\/thaicospa.ro\/en\/fruit-spa-ritual\/\" \/>\n<meta property=\"og:site_name\" content=\"THAIco SPA\" \/>\n<meta property=\"article:publisher\" content=\"https:\/\/www.facebook.com\/THAIcoSPA\/\" \/>\n<meta property=\"article:modified_time\" content=\"2025-08-01T13:07:03+00:00\" \/>\n<meta name=\"twitter:card\" content=\"summary_large_image\" \/>\n<meta name=\"twitter:label1\" content=\"Est. reading time\" \/>\n\t<meta name=\"twitter:data1\" content=\"3 minutes\" \/>\n<script type=\"application\/ld+json\" class=\"yoast-schema-graph\">{\"@context\":\"https:\\\/\\\/schema.org\",\"@graph\":[{\"@type\":\"WebPage\",\"@id\":\"https:\\\/\\\/thaicospa.ro\\\/ritual-spa-cu-fructe\\\/\",\"url\":\"https:\\\/\\\/thaicospa.ro\\\/ritual-spa-cu-fructe\\\/\",\"name\":\"Ritual Spa Cu Fructe - THAIco SPA\",\"isPartOf\":{\"@id\":\"https:\\\/\\\/thaicospa.ro\\\/#website\"},\"datePublished\":\"2023-09-29T11:50:07+00:00\",\"dateModified\":\"2025-08-01T13:07:03+00:00\",\"description\":\"Masaj Thailandez la THAIco SPA. Descoper\u0103 cum tehnicile unice pot cre\u0219te for\u021ba, flexibilitatea \u0219i alina tensiunea muscular\",\"breadcrumb\":{\"@id\":\"https:\\\/\\\/thaicospa.ro\\\/ritual-spa-cu-fructe\\\/#breadcrumb\"},\"inLanguage\":\"en-US\",\"potentialAction\":[{\"@type\":\"ReadAction\",\"target\":[\"https:\\\/\\\/thaicospa.ro\\\/ritual-spa-cu-fructe\\\/\"]}]},{\"@type\":\"BreadcrumbList\",\"@id\":\"https:\\\/\\\/thaicospa.ro\\\/ritual-spa-cu-fructe\\\/#breadcrumb\",\"itemListElement\":[{\"@type\":\"ListItem\",\"position\":1,\"name\":\"Prima pagin\u0103\",\"item\":\"https:\\\/\\\/thaicospa.ro\\\/\"},{\"@type\":\"ListItem\",\"position\":2,\"name\":\"Ritual Spa Cu Fructe\"}]},{\"@type\":\"WebSite\",\"@id\":\"https:\\\/\\\/thaicospa.ro\\\/#website\",\"url\":\"https:\\\/\\\/thaicospa.ro\\\/\",\"name\":\"THAIco SPA\",\"description\":\"\",\"potentialAction\":[{\"@type\":\"SearchAction\",\"target\":{\"@type\":\"EntryPoint\",\"urlTemplate\":\"https:\\\/\\\/thaicospa.ro\\\/?s={search_term_string}\"},\"query-input\":{\"@type\":\"PropertyValueSpecification\",\"valueRequired\":true,\"valueName\":\"search_term_string\"}}],\"inLanguage\":\"en-US\"}]}<\/script>\n<!-- \/ Yoast SEO plugin. -->","yoast_head_json":{"title":"Fruit Spa Ritual - THAIco SPA","description":"Thai massage at THAIco SPA. Discover how unique techniques can increase strength, flexibility and relieve muscle tension","robots":{"index":"index","follow":"follow","max-snippet":"max-snippet:-1","max-image-preview":"max-image-preview:large","max-video-preview":"max-video-preview:-1"},"canonical":"https:\/\/thaicospa.ro\/en\/fruit-spa-ritual\/","og_locale":"en_US","og_type":"article","og_title":"Ritual Spa Cu Fructe - THAIco SPA","og_description":"Masaj Thailandez la THAIco SPA. Descoper\u0103 cum tehnicile unice pot cre\u0219te for\u021ba, flexibilitatea \u0219i alina tensiunea muscular","og_url":"https:\/\/thaicospa.ro\/en\/fruit-spa-ritual\/","og_site_name":"THAIco SPA","article_publisher":"https:\/\/www.facebook.com\/THAIcoSPA\/","article_modified_time":"2025-08-01T13:07:03+00:00","twitter_card":"summary_large_image","twitter_misc":{"Est. reading time":"3 minutes"},"schema":{"@context":"https:\/\/schema.org","@graph":[{"@type":"WebPage","@id":"https:\/\/thaicospa.ro\/ritual-spa-cu-fructe\/","url":"https:\/\/thaicospa.ro\/ritual-spa-cu-fructe\/","name":"Fruit Spa Ritual - THAIco SPA","isPartOf":{"@id":"https:\/\/thaicospa.ro\/#website"},"datePublished":"2023-09-29T11:50:07+00:00","dateModified":"2025-08-01T13:07:03+00:00","description":"Thai massage at THAIco SPA. Discover how unique techniques can increase strength, flexibility and relieve muscle tension","breadcrumb":{"@id":"https:\/\/thaicospa.ro\/ritual-spa-cu-fructe\/#breadcrumb"},"inLanguage":"en-US","potentialAction":[{"@type":"ReadAction","target":["https:\/\/thaicospa.ro\/ritual-spa-cu-fructe\/"]}]},{"@type":"BreadcrumbList","@id":"https:\/\/thaicospa.ro\/ritual-spa-cu-fructe\/#breadcrumb","itemListElement":[{"@type":"ListItem","position":1,"name":"Prima pagin\u0103","item":"https:\/\/thaicospa.ro\/"},{"@type":"ListItem","position":2,"name":"Ritual Spa Cu Fructe"}]},{"@type":"WebSite","@id":"https:\/\/thaicospa.ro\/#website","url":"https:\/\/thaicospa.ro\/","name":"THAIco SPA","description":"","potentialAction":[{"@type":"SearchAction","target":{"@type":"EntryPoint","urlTemplate":"https:\/\/thaicospa.ro\/?s={search_term_string}"},"query-input":{"@type":"PropertyValueSpecification","valueRequired":true,"valueName":"search_term_string"}}],"inLanguage":"en-US"}]}},"_links":{"self":[{"href":"https:\/\/thaicospa.ro\/en\/wp-json\/wp\/v2\/pages\/51141","targetHints":{"allow":["GET"]}}],"collection":[{"href":"https:\/\/thaicospa.ro\/en\/wp-json\/wp\/v2\/pages"}],"about":[{"href":"https:\/\/thaicospa.ro\/en\/wp-json\/wp\/v2\/types\/page"}],"author":[{"embeddable":true,"href":"https:\/\/thaicospa.ro\/en\/wp-json\/wp\/v2\/users\/73"}],"replies":[{"embeddable":true,"href":"https:\/\/thaicospa.ro\/en\/wp-json\/wp\/v2\/comments?post=51141"}],"version-history":[{"count":1,"href":"https:\/\/thaicospa.ro\/en\/wp-json\/wp\/v2\/pages\/51141\/revisions"}],"predecessor-version":[{"id":72049,"href":"https:\/\/thaicospa.ro\/en\/wp-json\/wp\/v2\/pages\/51141\/revisions\/72049"}],"wp:attachment":[{"href":"https:\/\/thaicospa.ro\/en\/wp-json\/wp\/v2\/media?parent=51141"}],"curies":[{"name":"wp","href":"https:\/\/api.w.org\/{rel}","templated":true}]}}