{"id":51134,"date":"2023-09-29T14:40:54","date_gmt":"2023-09-29T11:40:54","guid":{"rendered":"https:\/\/thaicospa.ro\/?page_id=51134"},"modified":"2025-08-01T16:00:17","modified_gmt":"2025-08-01T13:00:17","slug":"thai-secret-ritual","status":"publish","type":"page","link":"https:\/\/thaicospa.ro\/en\/thai-secret-ritual\/","title":{"rendered":"THAIco Secret Ritual"},"content":{"rendered":"<div class=\"wpb-content-wrapper\"><div  class=\"one withsmallpadding ppb_text\" style=\"text-align:left;padding:40px 0 40px 0;\" >\n<div class=\"standard_wrapper\">\n<div class=\"page_content_wrapper wide\">\n<div class=\"inner\">\n<div style=\"margin:auto;width:95%\">\n<h3 style=\"text-align: center;\">Pricing &amp; Programming<\/h3>\n<p style=\"text-align: center;\">Discover THAIco Secrets: Balance and Relaxation in Northern Thailand!<\/p>\n<div class=\"vc_row wpb_row vc_row-fluid\">\n<div class=\"wpb_column vc_column_container vc_col-sm-4\">\n<div class=\"vc_column-inner\">\n<div class=\"wpb_wrapper\"><\/div>\n<\/div>\n<\/div>\n<div class=\"wpb_column vc_column_container vc_col-sm-4\">\n<div class=\"vc_column-inner\">\n<div class=\"wpb_wrapper\">\n<div class=\"vc_tta-container\" data-vc-action=\"collapseAll\">\n<div class=\"vc_general vc_tta vc_tta-accordion vc_tta-color-white vc_tta-style-outline vc_tta-shape-square vc_tta-o-shape-group vc_tta-controls-align-default vc_tta-o-all-clickable\">\n<div class=\"vc_tta-panels-container\">\n<div class=\"vc_tta-panels\">\n<div class=\"vc_tta-panel vc_active\" id=\"1686518100118-6478388b-2d84\" data-vc-content=\".vc_tta-panel-body\">\n<div class=\"vc_tta-panel-heading\">\n<h4 class=\"vc_tta-panel-title vc_tta-controls-icon-position-left\"><a href=\"#1686518100118-6478388b-2d84\" data-vc-accordion data-vc-container=\".vc_tta-container\"><span class=\"vc_tta-title-text\">2h<\/span><i class=\"vc_tta-controls-icon vc_tta-controls-icon-triangle\"><\/i><\/a><\/h4>\n<\/div>\n<div class=\"vc_tta-panel-body\">\n<div class=\"wpb_text_column wpb_content_element\" >\n<div class=\"wpb_wrapper\">\n<h3 style=\"text-align: center;\">650 lei<\/h3>\n<\/p><\/div><\/div>\n<div class=\"vc_row wpb_row vc_inner vc_row-fluid vc_column-gap-10 vc_row-o-equal-height vc_row-flex\">\n<div class=\"wpb_column vc_column_container vc_col-sm-12\">\n<div class=\"vc_column-inner\">\n<div class=\"wpb_wrapper\">\n<div class=\"vc_btn3-container vc_btn3-inline vc_do_btn\" ><a onmouseleave=\"this.style.borderColor='#d4b153'; this.style.backgroundColor='transparent'; this.style.color='#d4b153'\" onmouseenter=\"this.style.borderColor='#d4b153'; this.style.backgroundColor='#d4b153'; this.style.color='#000000';\" style=\"border-color:#d4b153; color:#d4b153;\" class=\"vc_general vc_btn3 vc_btn3-size-md vc_btn3-shape-square vc_btn3-style-outline-custom\" href=\"\/en\/programming\/\" title=\"\">Schedule<\/a><\/div>\n<div class=\"vc_btn3-container vc_btn3-inline vc_do_btn\" ><a onmouseleave=\"this.style.borderColor='#d4b153'; this.style.backgroundColor='transparent'; this.style.color='#d4b153'\" onmouseenter=\"this.style.borderColor='#d4b153'; this.style.backgroundColor='#d4b153'; this.style.color='#000000';\" style=\"border-color:#d4b153; color:#d4b153;\" class=\"vc_general vc_btn3 vc_btn3-size-md vc_btn3-shape-square vc_btn3-style-outline-custom\" href=\"\/en\/product\/secret-thaico\/\" title=\"\">Buy Gift Card<\/a><\/div>\n<\/div>\n<\/div>\n<\/div>\n<\/div>\n<\/div>\n<\/div>\n<\/div>\n<\/div>\n<\/div>\n<\/div>\n<\/div>\n<\/div>\n<\/div>\n<div class=\"wpb_column vc_column_container vc_col-sm-4\">\n<div class=\"vc_column-inner\">\n<div class=\"wpb_wrapper\"><\/div>\n<\/div>\n<\/div>\n<\/div>\n<\/div>\n<\/div>\n<\/div>\n<\/div>\n<\/div>\n<div  class=\"one\" >\n<div class=\"one_half_bg parallax\" style=\"background-image:url(https:\/\/thaicospa.ro\/wp-content\/uploads\/2023\/09\/Foto-387-1-scaled.jpg);height:700px;\"><\/div>\n<div class=\"one_half_bg\" style=\"padding:80px;\">\n<h2 class=\"ppb_title\" style=\"\">What is the THAIco Secrets Ritual<\/h2>\n<div class=\"ppb_header_content\">\n<p>The \"THAIco Secrets\" treatment uses ancient techniques from northern Thailand to release blocked energy pathways.<\/p>\n<p>Energy obstruction leads to fatigue and muscle discomfort. Right from the start of your THAIco Signature Massage acupressure practice, you will begin to feel lighter.<\/p>\n<p>The hot herbal treatment soothes pain and allows energy to circulate through the body. Aromatherapy hot massage will relax you completely, allowing you to reach a new level of relaxation.<\/p>\n<\/div>\n<\/div>\n<p><br class=\"clear\"\/><\/div>\n<div  class=\"one\" >\n<div class=\"one_half_bg textright\" style=\"padding:80px;\">\n<h2 class=\"ppb_title\" style=\"\">Features of the THAIco Secret Ritual<\/h2>\n<div class=\"ppb_header_content\">\n<p><strong>Ancient Techniques:<\/strong> Using ancient practices from northern Thailand, THAIco SPA therapists clear blocked energy pathways in your body.<\/p>\n<p><strong>Beneficial acupressure:<\/strong> THAIco Signature Massage integrates the practice of acupressure to give you relaxation by reducing inflammation and pain.<\/p>\n<p><strong>Hot Herbs Treatment:<\/strong> Hot herbs soothe pain, promoting energy circulation in the body.<\/p>\n<p><strong>Calm Aromatherapy:<\/strong> Aromatherapy massage envelops you in warmth and relaxation, bringing you to a new level of well-being.<\/p>\n<\/div>\n<\/div>\n<div class=\"one_half_bg parallax\" style=\"background-image:url(https:\/\/thaicospa.ro\/wp-content\/uploads\/2021\/03\/Deed-tissue-suedez-e1524820382173.jpg);height:705px;\"><\/div>\n<p><br class=\"clear\"\/><\/div>\n<div  class=\"one withsmallpadding ppb_content_center_bg withbg parallax\" style=\"background-image:url(https:\/\/thaicospa.ro\/wp-content\/uploads\/2023\/09\/ThaicoSpa_9iunie2022_030-1.jpg);background-position: center top;height:1000px;\" >\n<div class=\"one_third parallax_text\" style=\"background:#000000;background:rgb(0,0,0,0.6);background:rgba(0,0,0,0.6);;padding:10px;\" data-stellar-ratio=\"1.3\">\n<h2 class=\"ppb_title\" style=\"\">Benefits of THAIco Secret Ritual<\/h2>\n<div class=\"ppb_header_content\">\n<p><strong>Energy Balance: <\/strong>Ancient techniques from northern Thailand are applied to restore the flow of energy in the body, releasing blockages and restoring inner balance. By releasing these stagnant energies, you can regain balance and vitality.<\/p>\n<p><strong>Discomfort Reduction: <\/strong>Fatigue and muscle discomfort are reduced by the invigorating effects of the ritual. The THAIco Signature massage and hot herb treatment works on tense areas, eliminating feelings of fatigue and helping to improve overall well-being.<\/p>\n<p><strong>Deep Relaxation: <\/strong>Pressotherapy and warm massage guide you on a journey to deep relaxation. The THAIco SPA Secrets Ritual leads you into a state of inner tranquility, leaving behind the stress and bustle of everyday life. The result is a deep relaxation that is felt in every tissue of the body.<\/p>\n<p><strong>Improved circulation: <\/strong>The hot herb treatment stimulates energy circulation in the body. By applying herbs, a constant flow of energy through the body is encouraged, ensuring a supply of nutrients and oxygen to all tissues. This contributes to overall health and skin vitality.<\/p>\n<p><strong>General Well-being: <\/strong>The comforting aromas envelop your senses, creating an atmosphere of total relaxation. Olfactory stimulation has a positive effect on your mood, bringing you a pleasant feeling of well-being and tranquillity.<\/p>\n<p>Included in the THAIco Secrets Ritual: Floral Foot Ritual ~ THAIco Signature Massage ~ Herbal Massage ~ Aromatherapy<\/p>\n<\/div>\n<\/div>\n<\/div>\n<\/div>","protected":false},"excerpt":{"rendered":"<p>Pre\u021buri &#038; Programare Descoperi\u021bi Secretele THAIco: Echilibru \u0219i Relaxare din Nordul Thailandei! 2h 650 lei Programeaz\u0103-te Cump\u0103r\u0103 Gift Card Ce este Ritualul Secretele THAIco \u00cen cadrul tratamentului \u201cSecrete THAIco\u201d se folosesc tehnici str\u0103vechi din nordul Thailandei, prin care se elibereaz\u0103 [&hellip;]<\/p>\n","protected":false},"author":73,"featured_media":0,"parent":0,"menu_order":0,"comment_status":"closed","ping_status":"closed","template":"","meta":{"_monsterinsights_skip_tracking":false,"_monsterinsights_sitenote_active":false,"_monsterinsights_sitenote_note":"","_monsterinsights_sitenote_category":0,"footnotes":""},"class_list":["post-51134","page","type-page","status-publish","hentry"],"yoast_head":"<!-- This site is optimized with the Yoast SEO plugin v27.4 - https:\/\/yoast.com\/product\/yoast-seo-wordpress\/ -->\n<title>Ritual Secrete THAIco - THAIco SPA<\/title>\n<meta name=\"description\" content=\"Masaj Thailandez la THAIco SPA. Descoper\u0103 cum tehnicile unice pot cre\u0219te for\u021ba, flexibilitatea \u0219i alina tensiunea muscular\" \/>\n<meta name=\"robots\" content=\"index, follow, max-snippet:-1, max-image-preview:large, max-video-preview:-1\" \/>\n<link rel=\"canonical\" href=\"https:\/\/thaicospa.ro\/en\/thai-secret-ritual\/\" \/>\n<meta property=\"og:locale\" content=\"en_US\" \/>\n<meta property=\"og:type\" content=\"article\" \/>\n<meta property=\"og:title\" content=\"Ritual Secrete THAIco - THAIco SPA\" \/>\n<meta property=\"og:description\" content=\"Masaj Thailandez la THAIco SPA. Descoper\u0103 cum tehnicile unice pot cre\u0219te for\u021ba, flexibilitatea \u0219i alina tensiunea muscular\" \/>\n<meta property=\"og:url\" content=\"https:\/\/thaicospa.ro\/en\/thai-secret-ritual\/\" \/>\n<meta property=\"og:site_name\" content=\"THAIco SPA\" \/>\n<meta property=\"article:publisher\" content=\"https:\/\/www.facebook.com\/THAIcoSPA\/\" \/>\n<meta property=\"article:modified_time\" content=\"2025-08-01T13:00:17+00:00\" \/>\n<meta name=\"twitter:card\" content=\"summary_large_image\" \/>\n<meta name=\"twitter:label1\" content=\"Est. reading time\" \/>\n\t<meta name=\"twitter:data1\" content=\"3 minutes\" \/>\n<script type=\"application\/ld+json\" class=\"yoast-schema-graph\">{\"@context\":\"https:\\\/\\\/schema.org\",\"@graph\":[{\"@type\":\"WebPage\",\"@id\":\"https:\\\/\\\/thaicospa.ro\\\/ritual-secrete-thaico\\\/\",\"url\":\"https:\\\/\\\/thaicospa.ro\\\/ritual-secrete-thaico\\\/\",\"name\":\"Ritual Secrete THAIco - THAIco SPA\",\"isPartOf\":{\"@id\":\"https:\\\/\\\/thaicospa.ro\\\/#website\"},\"datePublished\":\"2023-09-29T11:40:54+00:00\",\"dateModified\":\"2025-08-01T13:00:17+00:00\",\"description\":\"Masaj Thailandez la THAIco SPA. Descoper\u0103 cum tehnicile unice pot cre\u0219te for\u021ba, flexibilitatea \u0219i alina tensiunea muscular\",\"breadcrumb\":{\"@id\":\"https:\\\/\\\/thaicospa.ro\\\/ritual-secrete-thaico\\\/#breadcrumb\"},\"inLanguage\":\"en-US\",\"potentialAction\":[{\"@type\":\"ReadAction\",\"target\":[\"https:\\\/\\\/thaicospa.ro\\\/ritual-secrete-thaico\\\/\"]}]},{\"@type\":\"BreadcrumbList\",\"@id\":\"https:\\\/\\\/thaicospa.ro\\\/ritual-secrete-thaico\\\/#breadcrumb\",\"itemListElement\":[{\"@type\":\"ListItem\",\"position\":1,\"name\":\"Prima pagin\u0103\",\"item\":\"https:\\\/\\\/thaicospa.ro\\\/\"},{\"@type\":\"ListItem\",\"position\":2,\"name\":\"Ritual Secrete THAIco\"}]},{\"@type\":\"WebSite\",\"@id\":\"https:\\\/\\\/thaicospa.ro\\\/#website\",\"url\":\"https:\\\/\\\/thaicospa.ro\\\/\",\"name\":\"THAIco SPA\",\"description\":\"\",\"potentialAction\":[{\"@type\":\"SearchAction\",\"target\":{\"@type\":\"EntryPoint\",\"urlTemplate\":\"https:\\\/\\\/thaicospa.ro\\\/?s={search_term_string}\"},\"query-input\":{\"@type\":\"PropertyValueSpecification\",\"valueRequired\":true,\"valueName\":\"search_term_string\"}}],\"inLanguage\":\"en-US\"}]}<\/script>\n<!-- \/ Yoast SEO plugin. -->","yoast_head_json":{"title":"THAIco Secret Ritual - THAIco SPA","description":"Thai massage at THAIco SPA. Discover how unique techniques can increase strength, flexibility and relieve muscle tension","robots":{"index":"index","follow":"follow","max-snippet":"max-snippet:-1","max-image-preview":"max-image-preview:large","max-video-preview":"max-video-preview:-1"},"canonical":"https:\/\/thaicospa.ro\/en\/thai-secret-ritual\/","og_locale":"en_US","og_type":"article","og_title":"Ritual Secrete THAIco - THAIco SPA","og_description":"Masaj Thailandez la THAIco SPA. Descoper\u0103 cum tehnicile unice pot cre\u0219te for\u021ba, flexibilitatea \u0219i alina tensiunea muscular","og_url":"https:\/\/thaicospa.ro\/en\/thai-secret-ritual\/","og_site_name":"THAIco SPA","article_publisher":"https:\/\/www.facebook.com\/THAIcoSPA\/","article_modified_time":"2025-08-01T13:00:17+00:00","twitter_card":"summary_large_image","twitter_misc":{"Est. reading time":"3 minutes"},"schema":{"@context":"https:\/\/schema.org","@graph":[{"@type":"WebPage","@id":"https:\/\/thaicospa.ro\/ritual-secrete-thaico\/","url":"https:\/\/thaicospa.ro\/ritual-secrete-thaico\/","name":"THAIco Secret Ritual - THAIco SPA","isPartOf":{"@id":"https:\/\/thaicospa.ro\/#website"},"datePublished":"2023-09-29T11:40:54+00:00","dateModified":"2025-08-01T13:00:17+00:00","description":"Thai massage at THAIco SPA. Discover how unique techniques can increase strength, flexibility and relieve muscle tension","breadcrumb":{"@id":"https:\/\/thaicospa.ro\/ritual-secrete-thaico\/#breadcrumb"},"inLanguage":"en-US","potentialAction":[{"@type":"ReadAction","target":["https:\/\/thaicospa.ro\/ritual-secrete-thaico\/"]}]},{"@type":"BreadcrumbList","@id":"https:\/\/thaicospa.ro\/ritual-secrete-thaico\/#breadcrumb","itemListElement":[{"@type":"ListItem","position":1,"name":"Prima pagin\u0103","item":"https:\/\/thaicospa.ro\/"},{"@type":"ListItem","position":2,"name":"Ritual Secrete THAIco"}]},{"@type":"WebSite","@id":"https:\/\/thaicospa.ro\/#website","url":"https:\/\/thaicospa.ro\/","name":"THAIco SPA","description":"","potentialAction":[{"@type":"SearchAction","target":{"@type":"EntryPoint","urlTemplate":"https:\/\/thaicospa.ro\/?s={search_term_string}"},"query-input":{"@type":"PropertyValueSpecification","valueRequired":true,"valueName":"search_term_string"}}],"inLanguage":"en-US"}]}},"_links":{"self":[{"href":"https:\/\/thaicospa.ro\/en\/wp-json\/wp\/v2\/pages\/51134","targetHints":{"allow":["GET"]}}],"collection":[{"href":"https:\/\/thaicospa.ro\/en\/wp-json\/wp\/v2\/pages"}],"about":[{"href":"https:\/\/thaicospa.ro\/en\/wp-json\/wp\/v2\/types\/page"}],"author":[{"embeddable":true,"href":"https:\/\/thaicospa.ro\/en\/wp-json\/wp\/v2\/users\/73"}],"replies":[{"embeddable":true,"href":"https:\/\/thaicospa.ro\/en\/wp-json\/wp\/v2\/comments?post=51134"}],"version-history":[{"count":1,"href":"https:\/\/thaicospa.ro\/en\/wp-json\/wp\/v2\/pages\/51134\/revisions"}],"predecessor-version":[{"id":72041,"href":"https:\/\/thaicospa.ro\/en\/wp-json\/wp\/v2\/pages\/51134\/revisions\/72041"}],"wp:attachment":[{"href":"https:\/\/thaicospa.ro\/en\/wp-json\/wp\/v2\/media?parent=51134"}],"curies":[{"name":"wp","href":"https:\/\/api.w.org\/{rel}","templated":true}]}}