{"id":51124,"date":"2023-09-29T14:29:42","date_gmt":"2023-09-29T11:29:42","guid":{"rendered":"https:\/\/thaicospa.ro\/?page_id=51124"},"modified":"2025-08-01T16:00:54","modified_gmt":"2025-08-01T13:00:54","slug":"complete-renewal-ritual","status":"publish","type":"page","link":"https:\/\/thaicospa.ro\/en\/complete-renewal-ritual\/","title":{"rendered":"Complete Renewal Ritual"},"content":{"rendered":"<div class=\"wpb-content-wrapper\"><div  class=\"one withsmallpadding ppb_text\" style=\"text-align:left;padding:40px 0 40px 0;\" >\n<div class=\"standard_wrapper\">\n<div class=\"page_content_wrapper wide\">\n<div class=\"inner\">\n<div style=\"margin:auto;width:95%\">\n<h3 style=\"text-align: center;\">Pricing &amp; Programming<\/h3>\n<p style=\"text-align: center;\">We restore tone, firmness and balance to your body!<\/p>\n<div class=\"vc_row wpb_row vc_row-fluid\">\n<div class=\"wpb_column vc_column_container vc_col-sm-4\">\n<div class=\"vc_column-inner\">\n<div class=\"wpb_wrapper\"><\/div>\n<\/div>\n<\/div>\n<div class=\"wpb_column vc_column_container vc_col-sm-4\">\n<div class=\"vc_column-inner\">\n<div class=\"wpb_wrapper\">\n<div class=\"vc_tta-container\" data-vc-action=\"collapseAll\">\n<div class=\"vc_general vc_tta vc_tta-accordion vc_tta-color-white vc_tta-style-outline vc_tta-shape-square vc_tta-o-shape-group vc_tta-controls-align-default vc_tta-o-all-clickable\">\n<div class=\"vc_tta-panels-container\">\n<div class=\"vc_tta-panels\">\n<div class=\"vc_tta-panel vc_active\" id=\"1686518100118-6478388b-2d84\" data-vc-content=\".vc_tta-panel-body\">\n<div class=\"vc_tta-panel-heading\">\n<h4 class=\"vc_tta-panel-title vc_tta-controls-icon-position-left\"><a href=\"#1686518100118-6478388b-2d84\" data-vc-accordion data-vc-container=\".vc_tta-container\"><span class=\"vc_tta-title-text\">3h<\/span><i class=\"vc_tta-controls-icon vc_tta-controls-icon-triangle\"><\/i><\/a><\/h4>\n<\/div>\n<div class=\"vc_tta-panel-body\">\n<div class=\"wpb_text_column wpb_content_element\" >\n<div class=\"wpb_wrapper\">\n<h3 style=\"text-align: center;\">1050 lei<\/h3>\n<\/p><\/div><\/div>\n<div class=\"vc_row wpb_row vc_inner vc_row-fluid vc_column-gap-10 vc_row-o-equal-height vc_row-flex\">\n<div class=\"wpb_column vc_column_container vc_col-sm-12\">\n<div class=\"vc_column-inner\">\n<div class=\"wpb_wrapper\">\n<div class=\"vc_btn3-container vc_btn3-inline vc_do_btn\" ><a onmouseleave=\"this.style.borderColor='#d4b153'; this.style.backgroundColor='transparent'; this.style.color='#d4b153'\" onmouseenter=\"this.style.borderColor='#d4b153'; this.style.backgroundColor='#d4b153'; this.style.color='#000000';\" style=\"border-color:#d4b153; color:#d4b153;\" class=\"vc_general vc_btn3 vc_btn3-size-md vc_btn3-shape-square vc_btn3-style-outline-custom\" href=\"\/en\/programming\/\" title=\"\">Schedule<\/a><\/div>\n<div class=\"vc_btn3-container vc_btn3-inline vc_do_btn\" ><a onmouseleave=\"this.style.borderColor='#d4b153'; this.style.backgroundColor='transparent'; this.style.color='#d4b153'\" onmouseenter=\"this.style.borderColor='#d4b153'; this.style.backgroundColor='#d4b153'; this.style.color='#000000';\" style=\"border-color:#d4b153; color:#d4b153;\" class=\"vc_general vc_btn3 vc_btn3-size-md vc_btn3-shape-square vc_btn3-style-outline-custom\" href=\"\/en\/product\/complete-renewal\/\" title=\"\">Buy Gift Card<\/a><\/div>\n<\/div>\n<\/div>\n<\/div>\n<\/div>\n<\/div>\n<\/div>\n<\/div>\n<\/div>\n<\/div>\n<\/div>\n<\/div>\n<\/div>\n<\/div>\n<div class=\"wpb_column vc_column_container vc_col-sm-4\">\n<div class=\"vc_column-inner\">\n<div class=\"wpb_wrapper\"><\/div>\n<\/div>\n<\/div>\n<\/div>\n<\/div>\n<\/div>\n<\/div>\n<\/div>\n<\/div>\n<div  class=\"one\" >\n<div class=\"one_half_bg parallax\" style=\"background-image:url(https:\/\/thaicospa.ro\/wp-content\/uploads\/2023\/09\/Foto-12-scaled.jpg);height:700px;\"><\/div>\n<div class=\"one_half_bg\" style=\"padding:80px;\">\n<h2 class=\"ppb_title\" style=\"\">What is the Complete Renewal Ritual<\/h2>\n<div class=\"ppb_header_content\">\n<p>The ritual begins with an exfoliation of dead skin cells. Step number two is the deep massage which stimulates blood circulation and removes toxin build-up from the tissues.<\/p>\n<p>A full body mask is then applied to collect toxins as they are eliminated from the body. The pampering Vichy shower therapy leaves your skin velvety soft and deeply nourished.<\/p>\n<p>Finally, pamper your body with an aromatic massage with essential oils and then choose between an ear cleansing treatment or a mini-facial treatment by Dr Kleanthous.<\/p>\n<\/div>\n<\/div>\n<p><br class=\"clear\"\/><\/div>\n<div  class=\"one\" >\n<div class=\"one_half_bg textright\" style=\"padding:80px;\">\n<h2 class=\"ppb_title\" style=\"\">Characteristics of the Complete Renewal Ritual<\/h2>\n<div class=\"ppb_header_content\">\n<p><strong>Deep Exfoliation:<\/strong> Removing dead skin cells prepares the skin for regeneration and hydration.<\/p>\n<p><strong>Detoxifying Massage:<\/strong> Stimulates blood circulation and eliminates toxins for healthy, glowing skin.<\/p>\n<p><strong>Detoxifying Body Mask:<\/strong> A special mask collects toxins and removes them from the body, restoring tone, firmness and balance.<\/p>\n<p><strong>Vichy Shower Therapy:<\/strong> Improves blood and lymphatic circulation, exfoliates dead skin cells, moisturises the skin.<\/p>\n<p><strong>Custom Options:<\/strong> Choose between an ear cleansing treatment or a mini-facial treatment, branded by Dr. Kleanthous.<\/p>\n<\/div>\n<\/div>\n<div class=\"one_half_bg parallax\" style=\"background-image:url(https:\/\/thaicospa.ro\/wp-content\/uploads\/2023\/09\/IMG_2595-1-scaled.jpg);height:705px;\"><\/div>\n<p><br class=\"clear\"\/><\/div>\n<div  class=\"one withsmallpadding ppb_content_center_bg withbg parallax\" style=\"background-image:url(https:\/\/thaicospa.ro\/wp-content\/uploads\/2023\/09\/Foto-82-scaled.jpg);background-position: center top;height:705px;\" >\n<div class=\"one_third parallax_text\" style=\"background:#000000;background:rgb(0,0,0,0.6);background:rgba(0,0,0,0.6);;padding:10px;\" data-stellar-ratio=\"1.3\">\n<h2 class=\"ppb_title\" style=\"\">Benefits of the Complete Renewal Ritual<\/h2>\n<div class=\"ppb_header_content\">\n<p><strong>Revitalized Skin:<\/strong> Exfoliation and deep massage bring life to the skin, restoring its natural glow and health.<\/p>\n<p><strong>Detoxify Effective:<\/strong> The massage, together with the unique Dr. Kleanthous body mask thanks to its cell-supporting molecules, removes accumulated toxins, supporting the health and hydrated appearance of the skin.<\/p>\n<p><strong>Toning and Firming:<\/strong> The effects of the techniques and procedures combined in the Complete Renewal Ritual help maintain skin tone and firmness.<\/p>\n<p><strong>Intense Hydration:<\/strong> Vichy shower therapy deeply nourishes, leaving skin moisturised and velvety soft.<\/p>\n<p><strong>Deep Relaxation:<\/strong> Aromatic massage with essential oils provides relaxation and revitalisation.<\/p>\n<\/div>\n<\/div>\n<\/div>\n<div class=\"divider one\">&nbsp;<\/div>\n<div  class=\"parallax\" data-jarallax-video=\"https:\/\/www.youtube.com\/watch?v=fb9lJnBXMCs\" style=\"height:75vh; \"><\/div>\n<div class=\"ppb_image_caption\">Title<\/div>\n<\/div>","protected":false},"excerpt":{"rendered":"<p>Pre\u021buri &#038; Programare Readucem tonusul, fermitatea \u0219i echilibrul corpului dumneavoastr\u0103! 3h 1050 lei Programeaz\u0103-te Cump\u0103r\u0103 Gift Card Ce este Ritualul Re\u00eennoire Complet\u0103 Ritualul \u00eencepe cu o exfoliere a celulelor moarte ale pielii. Pasul num\u0103rul doi este masajul profund care stimuleaz\u0103 [&hellip;]<\/p>\n","protected":false},"author":73,"featured_media":0,"parent":0,"menu_order":0,"comment_status":"closed","ping_status":"closed","template":"","meta":{"_monsterinsights_skip_tracking":false,"_monsterinsights_sitenote_active":false,"_monsterinsights_sitenote_note":"","_monsterinsights_sitenote_category":0,"footnotes":""},"class_list":["post-51124","page","type-page","status-publish","hentry"],"yoast_head":"<!-- This site is optimized with the Yoast SEO plugin v27.4 - https:\/\/yoast.com\/product\/yoast-seo-wordpress\/ -->\n<title>Ritual Re\u00eennoire Complet\u0103 - THAIco SPA<\/title>\n<meta name=\"description\" content=\"Masaj Thailandez la THAIco SPA. Descoper\u0103 cum tehnicile unice pot cre\u0219te for\u021ba, flexibilitatea \u0219i alina tensiunea muscular\" \/>\n<meta name=\"robots\" content=\"index, follow, max-snippet:-1, max-image-preview:large, max-video-preview:-1\" \/>\n<link rel=\"canonical\" href=\"https:\/\/thaicospa.ro\/en\/complete-renewal-ritual\/\" \/>\n<meta property=\"og:locale\" content=\"en_US\" \/>\n<meta property=\"og:type\" content=\"article\" \/>\n<meta property=\"og:title\" content=\"Ritual Re\u00eennoire Complet\u0103 - THAIco SPA\" \/>\n<meta property=\"og:description\" content=\"Masaj Thailandez la THAIco SPA. Descoper\u0103 cum tehnicile unice pot cre\u0219te for\u021ba, flexibilitatea \u0219i alina tensiunea muscular\" \/>\n<meta property=\"og:url\" content=\"https:\/\/thaicospa.ro\/en\/complete-renewal-ritual\/\" \/>\n<meta property=\"og:site_name\" content=\"THAIco SPA\" \/>\n<meta property=\"article:publisher\" content=\"https:\/\/www.facebook.com\/THAIcoSPA\/\" \/>\n<meta property=\"article:modified_time\" content=\"2025-08-01T13:00:54+00:00\" \/>\n<meta name=\"twitter:card\" content=\"summary_large_image\" \/>\n<meta name=\"twitter:label1\" content=\"Est. reading time\" \/>\n\t<meta name=\"twitter:data1\" content=\"2 minutes\" \/>\n<script type=\"application\/ld+json\" class=\"yoast-schema-graph\">{\"@context\":\"https:\\\/\\\/schema.org\",\"@graph\":[{\"@type\":\"WebPage\",\"@id\":\"https:\\\/\\\/thaicospa.ro\\\/ritual-reinnoire-completa\\\/\",\"url\":\"https:\\\/\\\/thaicospa.ro\\\/ritual-reinnoire-completa\\\/\",\"name\":\"Ritual Re\u00eennoire Complet\u0103 - THAIco SPA\",\"isPartOf\":{\"@id\":\"https:\\\/\\\/thaicospa.ro\\\/#website\"},\"datePublished\":\"2023-09-29T11:29:42+00:00\",\"dateModified\":\"2025-08-01T13:00:54+00:00\",\"description\":\"Masaj Thailandez la THAIco SPA. Descoper\u0103 cum tehnicile unice pot cre\u0219te for\u021ba, flexibilitatea \u0219i alina tensiunea muscular\",\"breadcrumb\":{\"@id\":\"https:\\\/\\\/thaicospa.ro\\\/ritual-reinnoire-completa\\\/#breadcrumb\"},\"inLanguage\":\"en-US\",\"potentialAction\":[{\"@type\":\"ReadAction\",\"target\":[\"https:\\\/\\\/thaicospa.ro\\\/ritual-reinnoire-completa\\\/\"]}]},{\"@type\":\"BreadcrumbList\",\"@id\":\"https:\\\/\\\/thaicospa.ro\\\/ritual-reinnoire-completa\\\/#breadcrumb\",\"itemListElement\":[{\"@type\":\"ListItem\",\"position\":1,\"name\":\"Prima pagin\u0103\",\"item\":\"https:\\\/\\\/thaicospa.ro\\\/\"},{\"@type\":\"ListItem\",\"position\":2,\"name\":\"Ritual Re\u00eennoire Complet\u0103\"}]},{\"@type\":\"WebSite\",\"@id\":\"https:\\\/\\\/thaicospa.ro\\\/#website\",\"url\":\"https:\\\/\\\/thaicospa.ro\\\/\",\"name\":\"THAIco SPA\",\"description\":\"\",\"potentialAction\":[{\"@type\":\"SearchAction\",\"target\":{\"@type\":\"EntryPoint\",\"urlTemplate\":\"https:\\\/\\\/thaicospa.ro\\\/?s={search_term_string}\"},\"query-input\":{\"@type\":\"PropertyValueSpecification\",\"valueRequired\":true,\"valueName\":\"search_term_string\"}}],\"inLanguage\":\"en-US\"}]}<\/script>\n<!-- \/ Yoast SEO plugin. -->","yoast_head_json":{"title":"Complete Renewal Ritual - THAIco SPA","description":"Thai massage at THAIco SPA. Discover how unique techniques can increase strength, flexibility and relieve muscle tension","robots":{"index":"index","follow":"follow","max-snippet":"max-snippet:-1","max-image-preview":"max-image-preview:large","max-video-preview":"max-video-preview:-1"},"canonical":"https:\/\/thaicospa.ro\/en\/complete-renewal-ritual\/","og_locale":"en_US","og_type":"article","og_title":"Ritual Re\u00eennoire Complet\u0103 - THAIco SPA","og_description":"Masaj Thailandez la THAIco SPA. Descoper\u0103 cum tehnicile unice pot cre\u0219te for\u021ba, flexibilitatea \u0219i alina tensiunea muscular","og_url":"https:\/\/thaicospa.ro\/en\/complete-renewal-ritual\/","og_site_name":"THAIco SPA","article_publisher":"https:\/\/www.facebook.com\/THAIcoSPA\/","article_modified_time":"2025-08-01T13:00:54+00:00","twitter_card":"summary_large_image","twitter_misc":{"Est. reading time":"2 minutes"},"schema":{"@context":"https:\/\/schema.org","@graph":[{"@type":"WebPage","@id":"https:\/\/thaicospa.ro\/ritual-reinnoire-completa\/","url":"https:\/\/thaicospa.ro\/ritual-reinnoire-completa\/","name":"Complete Renewal Ritual - THAIco SPA","isPartOf":{"@id":"https:\/\/thaicospa.ro\/#website"},"datePublished":"2023-09-29T11:29:42+00:00","dateModified":"2025-08-01T13:00:54+00:00","description":"Thai massage at THAIco SPA. Discover how unique techniques can increase strength, flexibility and relieve muscle tension","breadcrumb":{"@id":"https:\/\/thaicospa.ro\/ritual-reinnoire-completa\/#breadcrumb"},"inLanguage":"en-US","potentialAction":[{"@type":"ReadAction","target":["https:\/\/thaicospa.ro\/ritual-reinnoire-completa\/"]}]},{"@type":"BreadcrumbList","@id":"https:\/\/thaicospa.ro\/ritual-reinnoire-completa\/#breadcrumb","itemListElement":[{"@type":"ListItem","position":1,"name":"Prima pagin\u0103","item":"https:\/\/thaicospa.ro\/"},{"@type":"ListItem","position":2,"name":"Ritual Re\u00eennoire Complet\u0103"}]},{"@type":"WebSite","@id":"https:\/\/thaicospa.ro\/#website","url":"https:\/\/thaicospa.ro\/","name":"THAIco SPA","description":"","potentialAction":[{"@type":"SearchAction","target":{"@type":"EntryPoint","urlTemplate":"https:\/\/thaicospa.ro\/?s={search_term_string}"},"query-input":{"@type":"PropertyValueSpecification","valueRequired":true,"valueName":"search_term_string"}}],"inLanguage":"en-US"}]}},"_links":{"self":[{"href":"https:\/\/thaicospa.ro\/en\/wp-json\/wp\/v2\/pages\/51124","targetHints":{"allow":["GET"]}}],"collection":[{"href":"https:\/\/thaicospa.ro\/en\/wp-json\/wp\/v2\/pages"}],"about":[{"href":"https:\/\/thaicospa.ro\/en\/wp-json\/wp\/v2\/types\/page"}],"author":[{"embeddable":true,"href":"https:\/\/thaicospa.ro\/en\/wp-json\/wp\/v2\/users\/73"}],"replies":[{"embeddable":true,"href":"https:\/\/thaicospa.ro\/en\/wp-json\/wp\/v2\/comments?post=51124"}],"version-history":[{"count":1,"href":"https:\/\/thaicospa.ro\/en\/wp-json\/wp\/v2\/pages\/51124\/revisions"}],"predecessor-version":[{"id":72042,"href":"https:\/\/thaicospa.ro\/en\/wp-json\/wp\/v2\/pages\/51124\/revisions\/72042"}],"wp:attachment":[{"href":"https:\/\/thaicospa.ro\/en\/wp-json\/wp\/v2\/media?parent=51124"}],"curies":[{"name":"wp","href":"https:\/\/api.w.org\/{rel}","templated":true}]}}