{"id":51051,"date":"2023-09-29T13:29:33","date_gmt":"2023-09-29T10:29:33","guid":{"rendered":"https:\/\/thaicospa.ro\/?page_id=51051"},"modified":"2025-08-01T16:18:49","modified_gmt":"2025-08-01T13:18:49","slug":"vichy-shower-therapies","status":"publish","type":"page","link":"https:\/\/thaicospa.ro\/en\/terapii-cu-dus-vichy\/","title":{"rendered":"Vichy Shower Therapies"},"content":{"rendered":"<div class=\"wpb-content-wrapper\"><div  class=\"one withsmallpadding ppb_text\" style=\"text-align:left;padding:40px 0 40px 0;\" >\n<div class=\"standard_wrapper\">\n<div class=\"page_content_wrapper wide\">\n<div class=\"inner\">\n<div style=\"margin:auto;width:95%\">\n<h3 style=\"text-align: center;\">Pricing &amp; Programming<\/h3>\n<div class=\"vc_row wpb_row vc_row-fluid\">\n<div class=\"wpb_column vc_column_container vc_col-sm-4\">\n<div class=\"vc_column-inner\">\n<div class=\"wpb_wrapper\"><\/div>\n<\/div>\n<\/div>\n<div class=\"wpb_column vc_column_container vc_col-sm-4\">\n<div class=\"vc_column-inner\">\n<div class=\"wpb_wrapper\">\n<div class=\"vc_tta-container\" data-vc-action=\"collapseAll\">\n<div class=\"vc_general vc_tta vc_tta-accordion vc_tta-color-white vc_tta-style-outline vc_tta-shape-square vc_tta-o-shape-group vc_tta-controls-align-default vc_tta-o-all-clickable\">\n<div class=\"vc_tta-panels-container\">\n<div class=\"vc_tta-panels\">\n<div class=\"vc_tta-panel vc_active\" id=\"1686518100118-6478388b-2d84\" data-vc-content=\".vc_tta-panel-body\">\n<div class=\"vc_tta-panel-heading\">\n<h4 class=\"vc_tta-panel-title vc_tta-controls-icon-position-left\"><a href=\"#1686518100118-6478388b-2d84\" data-vc-accordion data-vc-container=\".vc_tta-container\"><span class=\"vc_tta-title-text\">40 minutes<\/span><i class=\"vc_tta-controls-icon vc_tta-controls-icon-triangle\"><\/i><\/a><\/h4>\n<\/div>\n<div class=\"vc_tta-panel-body\">\n<div class=\"wpb_text_column wpb_content_element\" >\n<div class=\"wpb_wrapper\">\n<h3 style=\"text-align: center;\">290 lei<\/h3>\n<\/p><\/div><\/div>\n<div class=\"vc_row wpb_row vc_inner vc_row-fluid vc_column-gap-10 vc_row-o-equal-height vc_row-flex\">\n<div class=\"wpb_column vc_column_container vc_col-sm-12\">\n<div class=\"vc_column-inner\">\n<div class=\"wpb_wrapper\">\n<div class=\"vc_btn3-container vc_btn3-inline vc_do_btn\" ><a onmouseleave=\"this.style.borderColor='#d4b153'; this.style.backgroundColor='transparent'; this.style.color='#d4b153'\" onmouseenter=\"this.style.borderColor='#d4b153'; this.style.backgroundColor='#d4b153'; this.style.color='#000000';\" style=\"border-color:#d4b153; color:#d4b153;\" class=\"vc_general vc_btn3 vc_btn3-size-md vc_btn3-shape-square vc_btn3-style-outline-custom\" href=\"\/en\/programming\/\" title=\"\">Schedule<\/a><\/div>\n<div class=\"vc_btn3-container vc_btn3-inline vc_do_btn\" ><a onmouseleave=\"this.style.borderColor='#d4b153'; this.style.backgroundColor='transparent'; this.style.color='#d4b153'\" onmouseenter=\"this.style.borderColor='#d4b153'; this.style.backgroundColor='#d4b153'; this.style.color='#000000';\" style=\"border-color:#d4b153; color:#d4b153;\" class=\"vc_general vc_btn3 vc_btn3-size-md vc_btn3-shape-square vc_btn3-style-outline-custom\" href=\"\/en\/product\/vichy-shower-therapies\/\" title=\"\">Buy Gift Card<\/a><\/div>\n<\/div>\n<\/div>\n<\/div>\n<\/div>\n<\/div>\n<\/div>\n<\/div>\n<\/div>\n<\/div>\n<\/div>\n<\/div>\n<\/div>\n<\/div>\n<div class=\"wpb_column vc_column_container vc_col-sm-4\">\n<div class=\"vc_column-inner\">\n<div class=\"wpb_wrapper\"><\/div>\n<\/div>\n<\/div>\n<\/div>\n<\/div>\n<\/div>\n<\/div>\n<\/div>\n<\/div>\n<div  class=\"one\" >\n<div class=\"one_half_bg parallax\" style=\"background-image:url(https:\/\/thaicospa.ro\/wp-content\/uploads\/2023\/09\/ThaicoSpa_9iunie2022_244.jpg);height:700px;\"><\/div>\n<div class=\"one_half_bg\" style=\"padding:80px;\">\n<h2 class=\"ppb_title\" style=\"\">What are Vichy Shower Therapies<\/h2>\n<div class=\"ppb_header_content\">\n<p>Vichy Shower Therapies (also known as Vichy Rain Shower) is a form of spa therapy that involves the use of a special massage table with multiple showers flowing over the patient during the treatment. This therapy was named after the town of Vichy in France, famous for its thermal spas.<\/p>\n<p>Imagine being in a tropical forest, under a waterfall that relaxes you completely.<\/p>\n<p>We offer a delightful collection of scrubs and wraps with the richest and most active natural ingredients, under a tropical waterfall - the Vichy shower.<\/p>\n<\/div>\n<\/div>\n<p><br class=\"clear\"\/><\/div>\n<div  class=\"one\" >\n<div class=\"one_half_bg textright\" style=\"padding:80px;\">\n<h2 class=\"ppb_title\" style=\"\">Features of Vichy Shower Therapies<\/h2>\n<div class=\"ppb_header_content\">\n<p>Key features of Vichy Shower therapies include:<\/p>\n<p><strong>Special massage table:<\/strong> Vichy Shower Therapy takes place on a specially designed massage table with horizontal showers mounted on top. The table is equipped with several water jets that can be adjusted according to the patient's preferences and the body area to be treated.<\/p>\n<p><strong>Multiple water flows:<\/strong> Multiple showers flowing over the patient are used to apply pressure and massage to different parts of the body at the same time. They can vary in intensity and water flow patterns, providing a personalised experience.<\/p>\n<\/div>\n<\/div>\n<div class=\"one_half_bg parallax\" style=\"background-image:url(https:\/\/thaicospa.ro\/wp-content\/uploads\/2023\/09\/edit_3_valiivan.art-4543-scaled.jpg);height:705px;\"><\/div>\n<p><br class=\"clear\"\/><\/div>\n<div  class=\"one withsmallpadding ppb_content_center_bg withbg parallax\" style=\"background-image:url(https:\/\/thaicospa.ro\/wp-content\/uploads\/2023\/09\/2_THAICO_SPA_valiivan.art-IVNL4480-2-scaled.jpg);background-position: center top;height:1000px;\" >\n<div class=\"one_third parallax_text\" style=\"background:#000000;background:rgb(0,0,0,0.6);background:rgba(0,0,0,0.6);;padding:10px;\" data-stellar-ratio=\"1.3\">\n<h2 class=\"ppb_title\" style=\"\">Benefits of Vichy Shower Therapies<\/h2>\n<div class=\"ppb_header_content\">\n<p><strong>Relaxing and invigorating effects:<\/strong> Provides a relaxing and invigorating experience. Continuous jets of warm water falling on the patient's body help relax muscles, release tension and induce a general state of relaxation and well-being.<\/p>\n<p><strong>Therapeutic effects:<\/strong> Relieves muscle tension, reduces back and neck pain, stimulates blood circulation and detoxifies the body. The pressure and warmth of the water can help relieve discomfort and improve overall health and well-being.<\/p>\n<p><strong>Exfoliating and moisturising the skin: <\/strong>The water jets in Vichy Shower Therapy are combined with exfoliation and moisturising of the skin using special products such as salts, oils or cleansers chosen by the therapist. This can help improve the texture and appearance of the skin.<\/p>\n<p><strong>Detoxify and remove impurities:<\/strong> Vichy Shower Therapies help detoxify the body by removing toxins and impurities. Powerful jets of water help open pores and effectively remove residues and impurities accumulated on the skin.<\/p>\n<\/div>\n<\/div>\n<\/div>\n<div class=\"standard_wrapper\">\n<div  class=\"ppb_three_cols_images one\" style=\"padding:40px 0 40px 0;\" >\n<div class=\"page_content_wrapper wide\">\n<div class=\"inner\">\n<div class=\"one_third\">\n<div class=\"image_classic_frame expand\">\n<div class=\"image_wrapper\"><a href=\"https:\/\/thaicospa.ro\/wp-content\/uploads\/2023\/09\/ThaicoSpa_9iunie2022_282.jpg\" class=\"img_frame\"><img decoding=\"async\" src=\"https:\/\/thaicospa.ro\/wp-content\/uploads\/2023\/09\/ThaicoSpa_9iunie2022_282.jpg\" alt=\"\" class=\"portfolio_img\"\/><\/a><\/div>\n<\/div>\n<\/div>\n<div class=\"one_third\">\n<div class=\"image_classic_frame expand\">\n<div class=\"image_wrapper\"><a href=\"https:\/\/thaicospa.ro\/wp-content\/uploads\/2023\/09\/ThaicoSpa_9iunie2022_272.jpg\" class=\"img_frame\"><img decoding=\"async\" src=\"https:\/\/thaicospa.ro\/wp-content\/uploads\/2023\/09\/ThaicoSpa_9iunie2022_272.jpg\" alt=\"\" class=\"portfolio_img\"\/><\/a><\/div>\n<\/div>\n<\/div>\n<div class=\"one_third last\">\n<div class=\"image_classic_frame\">\n<div class=\"image_wrapper\"><a href=\"https:\/\/thaicospa.ro\/wp-content\/uploads\/2023\/09\/ThaicoSpa_9iunie2022_256.jpg\" class=\"img_frame\"><img decoding=\"async\" src=\"https:\/\/thaicospa.ro\/wp-content\/uploads\/2023\/09\/ThaicoSpa_9iunie2022_256.jpg\" alt=\"\" class=\"portfolio_img\"\/><\/a><\/div>\n<\/div>\n<\/div>\n<\/div>\n<\/div>\n<\/div>\n<\/div>\n<div class=\"standard_wrapper\">\n<div  class=\"ppb_three_cols_images one\" style=\"padding:40px 0 40px 0;\" >\n<div class=\"page_content_wrapper wide\">\n<div class=\"inner\">\n<div class=\"one_third\">\n<div class=\"image_classic_frame expand\">\n<div class=\"image_wrapper\"><a href=\"https:\/\/thaicospa.ro\/wp-content\/uploads\/2023\/09\/ThaicoSpa_9iunie2022_251.jpg\" class=\"img_frame\"><img decoding=\"async\" src=\"https:\/\/thaicospa.ro\/wp-content\/uploads\/2023\/09\/ThaicoSpa_9iunie2022_251.jpg\" alt=\"\" class=\"portfolio_img\"\/><\/a><\/div>\n<\/div>\n<\/div>\n<div class=\"one_third\">\n<div class=\"image_classic_frame expand\">\n<div class=\"image_wrapper\"><a href=\"https:\/\/thaicospa.ro\/wp-content\/uploads\/2023\/09\/ThaicoSpa_9iunie2022_243.jpg\" class=\"img_frame\"><img decoding=\"async\" src=\"https:\/\/thaicospa.ro\/wp-content\/uploads\/2023\/09\/ThaicoSpa_9iunie2022_243.jpg\" alt=\"\" class=\"portfolio_img\"\/><\/a><\/div>\n<\/div>\n<\/div>\n<div class=\"one_third last\">\n<div class=\"image_classic_frame\">\n<div class=\"image_wrapper\"><a href=\"https:\/\/thaicospa.ro\/wp-content\/uploads\/2023\/09\/ThaicoSpa_9iunie2022_260.jpg\" class=\"img_frame\"><img decoding=\"async\" src=\"https:\/\/thaicospa.ro\/wp-content\/uploads\/2023\/09\/ThaicoSpa_9iunie2022_260.jpg\" alt=\"\" class=\"portfolio_img\"\/><\/a><\/div>\n<\/div>\n<\/div>\n<\/div>\n<\/div>\n<\/div>\n<\/div>\n<div class=\"divider one\">&nbsp;<\/div>\n<div  class=\"parallax\" data-jarallax-video=\"https:\/\/www.youtube.com\/watch?v=xAyajSy-pwc\" style=\"height:75vh; \"><\/div>\n<\/div>","protected":false},"excerpt":{"rendered":"<p>Pre\u021buri &#038; Programare 40 minute 290 lei Programeaz\u0103-te Cump\u0103r\u0103 Gift Card Ce sunt terapiile cu Du\u0219 Vichy Terapiile cu Du\u0219 Vichy (cunoscut\u0103 \u0219i sub numele de du\u0219 de ploaie Vichy) reprezint\u0103 o form\u0103 de terapie spa care implic\u0103 utilizarea unei [&hellip;]<\/p>\n","protected":false},"author":73,"featured_media":0,"parent":0,"menu_order":0,"comment_status":"closed","ping_status":"closed","template":"","meta":{"_monsterinsights_skip_tracking":false,"_monsterinsights_sitenote_active":false,"_monsterinsights_sitenote_note":"","_monsterinsights_sitenote_category":0,"footnotes":""},"class_list":["post-51051","page","type-page","status-publish","hentry"],"yoast_head":"<!-- This site is optimized with the Yoast SEO plugin v27.5 - https:\/\/yoast.com\/product\/yoast-seo-wordpress\/ -->\n<title>Terapii Cu Du\u0219 Vichy - THAIco SPA<\/title>\n<meta name=\"description\" content=\"Masaj Thailandez la THAIco SPA. Descoper\u0103 cum tehnicile unice pot cre\u0219te for\u021ba, flexibilitatea \u0219i alina tensiunea muscular\" \/>\n<meta name=\"robots\" content=\"index, follow, max-snippet:-1, max-image-preview:large, max-video-preview:-1\" \/>\n<link rel=\"canonical\" href=\"https:\/\/thaicospa.ro\/en\/vichy-shower-therapies\/\" \/>\n<meta property=\"og:locale\" content=\"en_US\" \/>\n<meta property=\"og:type\" content=\"article\" \/>\n<meta property=\"og:title\" content=\"Terapii Cu Du\u0219 Vichy - THAIco SPA\" \/>\n<meta property=\"og:description\" content=\"Masaj Thailandez la THAIco SPA. Descoper\u0103 cum tehnicile unice pot cre\u0219te for\u021ba, flexibilitatea \u0219i alina tensiunea muscular\" \/>\n<meta property=\"og:url\" content=\"https:\/\/thaicospa.ro\/en\/vichy-shower-therapies\/\" \/>\n<meta property=\"og:site_name\" content=\"THAIco SPA\" \/>\n<meta property=\"article:publisher\" content=\"https:\/\/www.facebook.com\/THAIcoSPA\/\" \/>\n<meta property=\"article:modified_time\" content=\"2025-08-01T13:18:49+00:00\" \/>\n<meta property=\"og:image\" content=\"https:\/\/thaicospa.ro\/wp-content\/uploads\/2023\/09\/ThaicoSpa_9iunie2022_282.jpg\" \/>\n<meta name=\"twitter:card\" content=\"summary_large_image\" \/>\n<meta name=\"twitter:label1\" content=\"Est. reading time\" \/>\n\t<meta name=\"twitter:data1\" content=\"4 minutes\" \/>\n<script type=\"application\/ld+json\" class=\"yoast-schema-graph\">{\"@context\":\"https:\\\/\\\/schema.org\",\"@graph\":[{\"@type\":\"WebPage\",\"@id\":\"https:\\\/\\\/thaicospa.ro\\\/terapii-cu-dus-vichy\\\/\",\"url\":\"https:\\\/\\\/thaicospa.ro\\\/terapii-cu-dus-vichy\\\/\",\"name\":\"Terapii Cu Du\u0219 Vichy - THAIco SPA\",\"isPartOf\":{\"@id\":\"https:\\\/\\\/thaicospa.ro\\\/#website\"},\"primaryImageOfPage\":{\"@id\":\"https:\\\/\\\/thaicospa.ro\\\/terapii-cu-dus-vichy\\\/#primaryimage\"},\"image\":{\"@id\":\"https:\\\/\\\/thaicospa.ro\\\/terapii-cu-dus-vichy\\\/#primaryimage\"},\"thumbnailUrl\":\"https:\\\/\\\/thaicospa.ro\\\/wp-content\\\/uploads\\\/2023\\\/09\\\/ThaicoSpa_9iunie2022_282.jpg\",\"datePublished\":\"2023-09-29T10:29:33+00:00\",\"dateModified\":\"2025-08-01T13:18:49+00:00\",\"description\":\"Masaj Thailandez la THAIco SPA. Descoper\u0103 cum tehnicile unice pot cre\u0219te for\u021ba, flexibilitatea \u0219i alina tensiunea muscular\",\"breadcrumb\":{\"@id\":\"https:\\\/\\\/thaicospa.ro\\\/terapii-cu-dus-vichy\\\/#breadcrumb\"},\"inLanguage\":\"en-US\",\"potentialAction\":[{\"@type\":\"ReadAction\",\"target\":[\"https:\\\/\\\/thaicospa.ro\\\/terapii-cu-dus-vichy\\\/\"]}]},{\"@type\":\"ImageObject\",\"inLanguage\":\"en-US\",\"@id\":\"https:\\\/\\\/thaicospa.ro\\\/terapii-cu-dus-vichy\\\/#primaryimage\",\"url\":\"https:\\\/\\\/thaicospa.ro\\\/wp-content\\\/uploads\\\/2023\\\/09\\\/ThaicoSpa_9iunie2022_282.jpg\",\"contentUrl\":\"https:\\\/\\\/thaicospa.ro\\\/wp-content\\\/uploads\\\/2023\\\/09\\\/ThaicoSpa_9iunie2022_282.jpg\"},{\"@type\":\"BreadcrumbList\",\"@id\":\"https:\\\/\\\/thaicospa.ro\\\/terapii-cu-dus-vichy\\\/#breadcrumb\",\"itemListElement\":[{\"@type\":\"ListItem\",\"position\":1,\"name\":\"Prima pagin\u0103\",\"item\":\"https:\\\/\\\/thaicospa.ro\\\/\"},{\"@type\":\"ListItem\",\"position\":2,\"name\":\"Terapii Cu Du\u0219 Vichy\"}]},{\"@type\":\"WebSite\",\"@id\":\"https:\\\/\\\/thaicospa.ro\\\/#website\",\"url\":\"https:\\\/\\\/thaicospa.ro\\\/\",\"name\":\"THAIco SPA\",\"description\":\"\",\"potentialAction\":[{\"@type\":\"SearchAction\",\"target\":{\"@type\":\"EntryPoint\",\"urlTemplate\":\"https:\\\/\\\/thaicospa.ro\\\/?s={search_term_string}\"},\"query-input\":{\"@type\":\"PropertyValueSpecification\",\"valueRequired\":true,\"valueName\":\"search_term_string\"}}],\"inLanguage\":\"en-US\"}]}<\/script>\n<!-- \/ Yoast SEO plugin. -->","yoast_head_json":{"title":"Vichy Shower Therapies - THAIco SPA","description":"Thai massage at THAIco SPA. Discover how unique techniques can increase strength, flexibility and relieve muscle tension","robots":{"index":"index","follow":"follow","max-snippet":"max-snippet:-1","max-image-preview":"max-image-preview:large","max-video-preview":"max-video-preview:-1"},"canonical":"https:\/\/thaicospa.ro\/en\/vichy-shower-therapies\/","og_locale":"en_US","og_type":"article","og_title":"Terapii Cu Du\u0219 Vichy - THAIco SPA","og_description":"Masaj Thailandez la THAIco SPA. Descoper\u0103 cum tehnicile unice pot cre\u0219te for\u021ba, flexibilitatea \u0219i alina tensiunea muscular","og_url":"https:\/\/thaicospa.ro\/en\/vichy-shower-therapies\/","og_site_name":"THAIco SPA","article_publisher":"https:\/\/www.facebook.com\/THAIcoSPA\/","article_modified_time":"2025-08-01T13:18:49+00:00","og_image":[{"url":"https:\/\/thaicospa.ro\/wp-content\/uploads\/2023\/09\/ThaicoSpa_9iunie2022_282.jpg","type":"","width":"","height":""}],"twitter_card":"summary_large_image","twitter_misc":{"Est. reading time":"4 minutes"},"schema":{"@context":"https:\/\/schema.org","@graph":[{"@type":"WebPage","@id":"https:\/\/thaicospa.ro\/terapii-cu-dus-vichy\/","url":"https:\/\/thaicospa.ro\/terapii-cu-dus-vichy\/","name":"Vichy Shower Therapies - THAIco SPA","isPartOf":{"@id":"https:\/\/thaicospa.ro\/#website"},"primaryImageOfPage":{"@id":"https:\/\/thaicospa.ro\/terapii-cu-dus-vichy\/#primaryimage"},"image":{"@id":"https:\/\/thaicospa.ro\/terapii-cu-dus-vichy\/#primaryimage"},"thumbnailUrl":"https:\/\/thaicospa.ro\/wp-content\/uploads\/2023\/09\/ThaicoSpa_9iunie2022_282.jpg","datePublished":"2023-09-29T10:29:33+00:00","dateModified":"2025-08-01T13:18:49+00:00","description":"Thai massage at THAIco SPA. Discover how unique techniques can increase strength, flexibility and relieve muscle tension","breadcrumb":{"@id":"https:\/\/thaicospa.ro\/terapii-cu-dus-vichy\/#breadcrumb"},"inLanguage":"en-US","potentialAction":[{"@type":"ReadAction","target":["https:\/\/thaicospa.ro\/terapii-cu-dus-vichy\/"]}]},{"@type":"ImageObject","inLanguage":"en-US","@id":"https:\/\/thaicospa.ro\/terapii-cu-dus-vichy\/#primaryimage","url":"https:\/\/thaicospa.ro\/wp-content\/uploads\/2023\/09\/ThaicoSpa_9iunie2022_282.jpg","contentUrl":"https:\/\/thaicospa.ro\/wp-content\/uploads\/2023\/09\/ThaicoSpa_9iunie2022_282.jpg"},{"@type":"BreadcrumbList","@id":"https:\/\/thaicospa.ro\/terapii-cu-dus-vichy\/#breadcrumb","itemListElement":[{"@type":"ListItem","position":1,"name":"Prima pagin\u0103","item":"https:\/\/thaicospa.ro\/"},{"@type":"ListItem","position":2,"name":"Terapii Cu Du\u0219 Vichy"}]},{"@type":"WebSite","@id":"https:\/\/thaicospa.ro\/#website","url":"https:\/\/thaicospa.ro\/","name":"THAIco SPA","description":"","potentialAction":[{"@type":"SearchAction","target":{"@type":"EntryPoint","urlTemplate":"https:\/\/thaicospa.ro\/?s={search_term_string}"},"query-input":{"@type":"PropertyValueSpecification","valueRequired":true,"valueName":"search_term_string"}}],"inLanguage":"en-US"}]}},"_links":{"self":[{"href":"https:\/\/thaicospa.ro\/en\/wp-json\/wp\/v2\/pages\/51051","targetHints":{"allow":["GET"]}}],"collection":[{"href":"https:\/\/thaicospa.ro\/en\/wp-json\/wp\/v2\/pages"}],"about":[{"href":"https:\/\/thaicospa.ro\/en\/wp-json\/wp\/v2\/types\/page"}],"author":[{"embeddable":true,"href":"https:\/\/thaicospa.ro\/en\/wp-json\/wp\/v2\/users\/73"}],"replies":[{"embeddable":true,"href":"https:\/\/thaicospa.ro\/en\/wp-json\/wp\/v2\/comments?post=51051"}],"version-history":[{"count":1,"href":"https:\/\/thaicospa.ro\/en\/wp-json\/wp\/v2\/pages\/51051\/revisions"}],"predecessor-version":[{"id":72058,"href":"https:\/\/thaicospa.ro\/en\/wp-json\/wp\/v2\/pages\/51051\/revisions\/72058"}],"wp:attachment":[{"href":"https:\/\/thaicospa.ro\/en\/wp-json\/wp\/v2\/media?parent=51051"}],"curies":[{"name":"wp","href":"https:\/\/api.w.org\/{rel}","templated":true}]}}