{"id":51018,"date":"2023-09-29T12:45:06","date_gmt":"2023-09-29T09:45:06","guid":{"rendered":"https:\/\/thaicospa.ro\/?page_id=51018"},"modified":"2025-08-01T17:43:44","modified_gmt":"2025-08-01T14:43:44","slug":"wet-sauna","status":"publish","type":"page","link":"https:\/\/thaicospa.ro\/en\/sauna-umeda\/","title":{"rendered":"Wet sauna"},"content":{"rendered":"<div class=\"wpb-content-wrapper\"><div  class=\"one withsmallpadding ppb_text\" style=\"text-align:left;padding:40px 0 40px 0;\" >\n<div class=\"standard_wrapper\">\n<div class=\"page_content_wrapper wide\">\n<div class=\"inner\">\n<div style=\"margin:auto;width:95%\">\n<h3 style=\"text-align: center;\">Pricing &amp; Programming<\/h3>\n<div class=\"vc_row wpb_row vc_row-fluid\">\n<div class=\"wpb_column vc_column_container vc_col-sm-4\">\n<div class=\"vc_column-inner\">\n<div class=\"wpb_wrapper\"><\/div>\n<\/div>\n<\/div>\n<div class=\"wpb_column vc_column_container vc_col-sm-4\">\n<div class=\"vc_column-inner\">\n<div class=\"wpb_wrapper\">\n<div class=\"vc_tta-container\" data-vc-action=\"collapseAll\">\n<div class=\"vc_general vc_tta vc_tta-accordion vc_tta-color-white vc_tta-style-outline vc_tta-shape-square vc_tta-o-shape-group vc_tta-controls-align-default vc_tta-o-all-clickable\">\n<div class=\"vc_tta-panels-container\">\n<div class=\"vc_tta-panels\">\n<div class=\"vc_tta-panel vc_active\" id=\"1686518100118-6478388b-2d84\" data-vc-content=\".vc_tta-panel-body\">\n<div class=\"vc_tta-panel-heading\">\n<h4 class=\"vc_tta-panel-title vc_tta-controls-icon-position-left\"><a href=\"#1686518100118-6478388b-2d84\" data-vc-accordion data-vc-container=\".vc_tta-container\"><span class=\"vc_tta-title-text\">30 minutes<\/span><i class=\"vc_tta-controls-icon vc_tta-controls-icon-triangle\"><\/i><\/a><\/h4>\n<\/div>\n<div class=\"vc_tta-panel-body\">\n<div class=\"wpb_text_column wpb_content_element\" >\n<div class=\"wpb_wrapper\">\n<h3 style=\"text-align: center;\">110 lei<\/h3>\n<\/p><\/div><\/div>\n<div class=\"vc_row wpb_row vc_inner vc_row-fluid vc_column-gap-10 vc_row-o-equal-height vc_row-flex\">\n<div class=\"wpb_column vc_column_container vc_col-sm-12\">\n<div class=\"vc_column-inner\">\n<div class=\"wpb_wrapper\">\n<div class=\"vc_btn3-container vc_btn3-inline vc_do_btn\" ><a onmouseleave=\"this.style.borderColor='#d4b153'; this.style.backgroundColor='transparent'; this.style.color='#d4b153'\" onmouseenter=\"this.style.borderColor='#d4b153'; this.style.backgroundColor='#d4b153'; this.style.color='#000000';\" style=\"border-color:#d4b153; color:#d4b153;\" class=\"vc_general vc_btn3 vc_btn3-size-md vc_btn3-shape-square vc_btn3-style-outline-custom\" href=\"\/en\/programming\/\" title=\"\">Schedule<\/a><\/div>\n<\/div>\n<\/div>\n<\/div>\n<\/div>\n<\/div>\n<\/div>\n<\/div>\n<\/div>\n<\/div>\n<\/div>\n<\/div>\n<\/div>\n<\/div>\n<div class=\"wpb_column vc_column_container vc_col-sm-4\">\n<div class=\"vc_column-inner\">\n<div class=\"wpb_wrapper\"><\/div>\n<\/div>\n<\/div>\n<\/div>\n<\/div>\n<\/div>\n<\/div>\n<\/div>\n<\/div>\n<div  class=\"one\" >\n<div class=\"one_half_bg parallax\" style=\"background-image:url(https:\/\/thaicospa.ro\/wp-content\/uploads\/2023\/09\/Novotel-2.jpg);height:415px;\"><\/div>\n<div class=\"one_half_bg\" style=\"padding:80px;\">\n<h2 class=\"ppb_title\" style=\"\">What is Wet Sauna<\/h2>\n<div class=\"ppb_header_content\">\n<p>A wet sauna, also known as a steam sauna or steam bath, is a form of bathing that involves exposure to moist air and heat in an indoor environment.<\/p>\n<\/div>\n<\/div>\n<p><br class=\"clear\"\/><\/div>\n<div  class=\"one\" >\n<div class=\"one_half_bg textright\" style=\"padding:80px;\">\n<h2 class=\"ppb_title\" style=\"\">Features of the Wet Sauna<\/h2>\n<div class=\"ppb_header_content\">\n<p><strong>High humidity:<\/strong> The main difference between a wet sauna and a dry sauna is the ambient humidity. In the wet sauna, the humidity can reach 100%, which creates an environment with humid air and steam.<\/p>\n<p><strong>High temperature:<\/strong> The temperature in a steam sauna is usually lower than in a dry sauna, generally between 40\u00b0C and 60\u00b0C. However, due to the increased humidity, it feels warmer.<\/p>\n<p><strong>Limited time<\/strong>: Steam sauna sessions can last up to 30 minutes.<\/p>\n<\/div>\n<\/div>\n<div class=\"one_half_bg parallax\" style=\"background-image:url(https:\/\/thaicospa.ro\/wp-content\/uploads\/2023\/09\/ThaicoSpa_Radisson_sept2022_305edit.jpg);height:705px;\"><\/div>\n<p><br class=\"clear\"\/><\/div>\n<div  class=\"one withsmallpadding ppb_content_center_bg withbg parallax\" style=\"background-image:url(https:\/\/thaicospa.ro\/wp-content\/uploads\/2023\/09\/Retusate_-20_large.jpg);background-position: center top;height:1000px;\" >\n<div class=\"one_third parallax_text\" style=\"background:#000000;background:rgb(0,0,0,0.6);background:rgba(0,0,0,0.6);;padding:10px;\" data-stellar-ratio=\"1.3\">\n<h2 class=\"ppb_title\" style=\"\">Benefits of Wet Sauna<\/h2>\n<div class=\"ppb_header_content\">\n<p><strong>Deep relaxation:<\/strong> The steam sauna offers a deeply relaxing experience, thanks to the combination of heat and humidity, which can help release tension and stress.<\/p>\n<p><strong>Opening the airways:<\/strong> The water vapour from the sauna can help open up the airways and can be beneficial for people with respiratory conditions such as nasal congestion or sinusitis.<\/p>\n<p><strong>Detoxifying and cleansing the skin:<\/strong> Increased perspiration in a steam sauna can help remove toxins from the body and cleanse the pores of the skin.<\/p>\n<p><strong>Improved circulation:<\/strong> The heat and humidity in the steam sauna can help dilate blood vessels, improving blood circulation and tissue oxygenation.<\/p>\n<p><strong>Improve heart health:<\/strong> For some people, steam sauna can have heart health benefits, helping to lower blood pressure and improve heart function.<\/p>\n<p><strong>Relieve stress and improve sleep:<\/strong> The steam sauna can help relieve stress and relieve sleep problems, helping you relax and fall asleep more easily.<\/p>\n<p><strong>Promoting skin health:<\/strong> Steam from the sauna can moisturise the skin and contribute to healthier, glowing skin.<\/p>\n<\/div>\n<\/div>\n<\/div>\n<div  class=\"one withsmallpadding ppb_text\" style=\"text-align:left;padding:40px 0 40px 0;\" >\n<div class=\"standard_wrapper\">\n<div class=\"page_content_wrapper wide\">\n<div class=\"inner\">\n<div style=\"margin:auto;width:100%\">\n<p>It is important to be aware that, similar to dry sauna, steam sauna may not be suitable for everyone, especially those with pre-existing medical conditions.<\/p>\n<p>Before starting regular steam sauna sessions, it is recommended that you consult a doctor to make sure it is safe and appropriate for your individual health.<\/p>\n<p>Also, make sure you drink enough water to compensate for fluid loss through sweating during a steam sauna session.<\/p>\n<\/div>\n<\/div>\n<\/div>\n<\/div>\n<\/div>\n<\/div>","protected":false},"excerpt":{"rendered":"<p>Pre\u021buri &#038; Programare 30 minute 110 lei Programeaz\u0103-te Ce este Sauna Umed\u0103 Sauna umed\u0103, cunoscut\u0103 \u0219i sub numele de saun\u0103 cu aburi sau baie de aburi, este o form\u0103 de baie care implic\u0103 expunerea la aer umed \u0219i c\u0103ldur\u0103 \u00eentr-un [&hellip;]<\/p>\n","protected":false},"author":73,"featured_media":0,"parent":0,"menu_order":0,"comment_status":"closed","ping_status":"closed","template":"","meta":{"_monsterinsights_skip_tracking":false,"_monsterinsights_sitenote_active":false,"_monsterinsights_sitenote_note":"","_monsterinsights_sitenote_category":0,"footnotes":""},"class_list":["post-51018","page","type-page","status-publish","hentry"],"yoast_head":"<!-- This site is optimized with the Yoast SEO plugin v27.5 - https:\/\/yoast.com\/product\/yoast-seo-wordpress\/ -->\n<title>Saun\u0103 Umed\u0103 - THAIco SPA<\/title>\n<meta name=\"description\" content=\"Masaj Thailandez la THAIco SPA. Descoper\u0103 cum tehnicile unice pot cre\u0219te for\u021ba, flexibilitatea \u0219i alina tensiunea muscular\" \/>\n<meta name=\"robots\" content=\"index, follow, max-snippet:-1, max-image-preview:large, max-video-preview:-1\" \/>\n<link rel=\"canonical\" href=\"https:\/\/thaicospa.ro\/en\/wet-sauna\/\" \/>\n<meta property=\"og:locale\" content=\"en_US\" \/>\n<meta property=\"og:type\" content=\"article\" \/>\n<meta property=\"og:title\" content=\"Saun\u0103 Umed\u0103 - THAIco SPA\" \/>\n<meta property=\"og:description\" content=\"Masaj Thailandez la THAIco SPA. Descoper\u0103 cum tehnicile unice pot cre\u0219te for\u021ba, flexibilitatea \u0219i alina tensiunea muscular\" \/>\n<meta property=\"og:url\" content=\"https:\/\/thaicospa.ro\/en\/wet-sauna\/\" \/>\n<meta property=\"og:site_name\" content=\"THAIco SPA\" \/>\n<meta property=\"article:publisher\" content=\"https:\/\/www.facebook.com\/THAIcoSPA\/\" \/>\n<meta property=\"article:modified_time\" content=\"2025-08-01T14:43:44+00:00\" \/>\n<meta name=\"twitter:card\" content=\"summary_large_image\" \/>\n<meta name=\"twitter:label1\" content=\"Est. reading time\" \/>\n\t<meta name=\"twitter:data1\" content=\"3 minutes\" \/>\n<script type=\"application\/ld+json\" class=\"yoast-schema-graph\">{\"@context\":\"https:\\\/\\\/schema.org\",\"@graph\":[{\"@type\":\"WebPage\",\"@id\":\"https:\\\/\\\/thaicospa.ro\\\/sauna-umeda\\\/\",\"url\":\"https:\\\/\\\/thaicospa.ro\\\/sauna-umeda\\\/\",\"name\":\"Saun\u0103 Umed\u0103 - THAIco SPA\",\"isPartOf\":{\"@id\":\"https:\\\/\\\/thaicospa.ro\\\/#website\"},\"datePublished\":\"2023-09-29T09:45:06+00:00\",\"dateModified\":\"2025-08-01T14:43:44+00:00\",\"description\":\"Masaj Thailandez la THAIco SPA. Descoper\u0103 cum tehnicile unice pot cre\u0219te for\u021ba, flexibilitatea \u0219i alina tensiunea muscular\",\"breadcrumb\":{\"@id\":\"https:\\\/\\\/thaicospa.ro\\\/sauna-umeda\\\/#breadcrumb\"},\"inLanguage\":\"en-US\",\"potentialAction\":[{\"@type\":\"ReadAction\",\"target\":[\"https:\\\/\\\/thaicospa.ro\\\/sauna-umeda\\\/\"]}]},{\"@type\":\"BreadcrumbList\",\"@id\":\"https:\\\/\\\/thaicospa.ro\\\/sauna-umeda\\\/#breadcrumb\",\"itemListElement\":[{\"@type\":\"ListItem\",\"position\":1,\"name\":\"Prima pagin\u0103\",\"item\":\"https:\\\/\\\/thaicospa.ro\\\/\"},{\"@type\":\"ListItem\",\"position\":2,\"name\":\"Saun\u0103 Umed\u0103\"}]},{\"@type\":\"WebSite\",\"@id\":\"https:\\\/\\\/thaicospa.ro\\\/#website\",\"url\":\"https:\\\/\\\/thaicospa.ro\\\/\",\"name\":\"THAIco SPA\",\"description\":\"\",\"potentialAction\":[{\"@type\":\"SearchAction\",\"target\":{\"@type\":\"EntryPoint\",\"urlTemplate\":\"https:\\\/\\\/thaicospa.ro\\\/?s={search_term_string}\"},\"query-input\":{\"@type\":\"PropertyValueSpecification\",\"valueRequired\":true,\"valueName\":\"search_term_string\"}}],\"inLanguage\":\"en-US\"}]}<\/script>\n<!-- \/ Yoast SEO plugin. -->","yoast_head_json":{"title":"Wet sauna - THAIco SPA","description":"Thai massage at THAIco SPA. Discover how unique techniques can increase strength, flexibility and relieve muscle tension","robots":{"index":"index","follow":"follow","max-snippet":"max-snippet:-1","max-image-preview":"max-image-preview:large","max-video-preview":"max-video-preview:-1"},"canonical":"https:\/\/thaicospa.ro\/en\/wet-sauna\/","og_locale":"en_US","og_type":"article","og_title":"Saun\u0103 Umed\u0103 - THAIco SPA","og_description":"Masaj Thailandez la THAIco SPA. Descoper\u0103 cum tehnicile unice pot cre\u0219te for\u021ba, flexibilitatea \u0219i alina tensiunea muscular","og_url":"https:\/\/thaicospa.ro\/en\/wet-sauna\/","og_site_name":"THAIco SPA","article_publisher":"https:\/\/www.facebook.com\/THAIcoSPA\/","article_modified_time":"2025-08-01T14:43:44+00:00","twitter_card":"summary_large_image","twitter_misc":{"Est. reading time":"3 minutes"},"schema":{"@context":"https:\/\/schema.org","@graph":[{"@type":"WebPage","@id":"https:\/\/thaicospa.ro\/sauna-umeda\/","url":"https:\/\/thaicospa.ro\/sauna-umeda\/","name":"Wet sauna - THAIco SPA","isPartOf":{"@id":"https:\/\/thaicospa.ro\/#website"},"datePublished":"2023-09-29T09:45:06+00:00","dateModified":"2025-08-01T14:43:44+00:00","description":"Thai massage at THAIco SPA. Discover how unique techniques can increase strength, flexibility and relieve muscle tension","breadcrumb":{"@id":"https:\/\/thaicospa.ro\/sauna-umeda\/#breadcrumb"},"inLanguage":"en-US","potentialAction":[{"@type":"ReadAction","target":["https:\/\/thaicospa.ro\/sauna-umeda\/"]}]},{"@type":"BreadcrumbList","@id":"https:\/\/thaicospa.ro\/sauna-umeda\/#breadcrumb","itemListElement":[{"@type":"ListItem","position":1,"name":"Prima pagin\u0103","item":"https:\/\/thaicospa.ro\/"},{"@type":"ListItem","position":2,"name":"Saun\u0103 Umed\u0103"}]},{"@type":"WebSite","@id":"https:\/\/thaicospa.ro\/#website","url":"https:\/\/thaicospa.ro\/","name":"THAIco SPA","description":"","potentialAction":[{"@type":"SearchAction","target":{"@type":"EntryPoint","urlTemplate":"https:\/\/thaicospa.ro\/?s={search_term_string}"},"query-input":{"@type":"PropertyValueSpecification","valueRequired":true,"valueName":"search_term_string"}}],"inLanguage":"en-US"}]}},"_links":{"self":[{"href":"https:\/\/thaicospa.ro\/en\/wp-json\/wp\/v2\/pages\/51018","targetHints":{"allow":["GET"]}}],"collection":[{"href":"https:\/\/thaicospa.ro\/en\/wp-json\/wp\/v2\/pages"}],"about":[{"href":"https:\/\/thaicospa.ro\/en\/wp-json\/wp\/v2\/types\/page"}],"author":[{"embeddable":true,"href":"https:\/\/thaicospa.ro\/en\/wp-json\/wp\/v2\/users\/73"}],"replies":[{"embeddable":true,"href":"https:\/\/thaicospa.ro\/en\/wp-json\/wp\/v2\/comments?post=51018"}],"version-history":[{"count":1,"href":"https:\/\/thaicospa.ro\/en\/wp-json\/wp\/v2\/pages\/51018\/revisions"}],"predecessor-version":[{"id":72077,"href":"https:\/\/thaicospa.ro\/en\/wp-json\/wp\/v2\/pages\/51018\/revisions\/72077"}],"wp:attachment":[{"href":"https:\/\/thaicospa.ro\/en\/wp-json\/wp\/v2\/media?parent=51018"}],"curies":[{"name":"wp","href":"https:\/\/api.w.org\/{rel}","templated":true}]}}