{"id":50960,"date":"2023-09-27T11:22:28","date_gmt":"2023-09-27T08:22:28","guid":{"rendered":"https:\/\/thaicospa.ro\/?page_id=50960"},"modified":"2025-08-01T16:18:10","modified_gmt":"2025-08-01T13:18:10","slug":"organic-scrub-bar","status":"publish","type":"page","link":"https:\/\/thaicospa.ro\/en\/organic-scrub-bar\/","title":{"rendered":"Organic Scrub Bar"},"content":{"rendered":"<div class=\"wpb-content-wrapper\"><div  class=\"one withsmallpadding ppb_text\" style=\"text-align:left;padding:40px 0 40px 0;\" >\n<div class=\"standard_wrapper\">\n<div class=\"page_content_wrapper wide\">\n<div class=\"inner\">\n<div style=\"margin:auto;width:95%\">\n<h3 style=\"text-align: center;\">Pricing &amp; Programming<\/h3>\n<div class=\"vc_row wpb_row vc_row-fluid\">\n<div class=\"wpb_column vc_column_container vc_col-sm-4\">\n<div class=\"vc_column-inner\">\n<div class=\"wpb_wrapper\"><\/div>\n<\/div>\n<\/div>\n<div class=\"wpb_column vc_column_container vc_col-sm-4\">\n<div class=\"vc_column-inner\">\n<div class=\"wpb_wrapper\">\n<div class=\"vc_tta-container\" data-vc-action=\"collapseAll\">\n<div class=\"vc_general vc_tta vc_tta-accordion vc_tta-color-white vc_tta-style-outline vc_tta-shape-square vc_tta-o-shape-group vc_tta-controls-align-default vc_tta-o-all-clickable\">\n<div class=\"vc_tta-panels-container\">\n<div class=\"vc_tta-panels\">\n<div class=\"vc_tta-panel vc_active\" id=\"1686518100118-6478388b-2d84\" data-vc-content=\".vc_tta-panel-body\">\n<div class=\"vc_tta-panel-heading\">\n<h4 class=\"vc_tta-panel-title vc_tta-controls-icon-position-left\"><a href=\"#1686518100118-6478388b-2d84\" data-vc-accordion data-vc-container=\".vc_tta-container\"><span class=\"vc_tta-title-text\">40 minutes<\/span><i class=\"vc_tta-controls-icon vc_tta-controls-icon-triangle\"><\/i><\/a><\/h4>\n<\/div>\n<div class=\"vc_tta-panel-body\">\n<div class=\"wpb_text_column wpb_content_element\" >\n<div class=\"wpb_wrapper\">\n<h3 style=\"text-align: center;\">290 lei<\/h3>\n<\/p><\/div><\/div>\n<div class=\"vc_row wpb_row vc_inner vc_row-fluid vc_column-gap-10 vc_row-o-equal-height vc_row-flex\">\n<div class=\"wpb_column vc_column_container vc_col-sm-12\">\n<div class=\"vc_column-inner\">\n<div class=\"wpb_wrapper\">\n<div class=\"vc_btn3-container vc_btn3-inline vc_do_btn\" ><a onmouseleave=\"this.style.borderColor='#d4b153'; this.style.backgroundColor='transparent'; this.style.color='#d4b153'\" onmouseenter=\"this.style.borderColor='#d4b153'; this.style.backgroundColor='#d4b153'; this.style.color='#000000';\" style=\"border-color:#d4b153; color:#d4b153;\" class=\"vc_general vc_btn3 vc_btn3-size-md vc_btn3-shape-square vc_btn3-style-outline-custom\" href=\"\/en\/programming\/\" title=\"\">Schedule<\/a><\/div>\n<div class=\"vc_btn3-container vc_btn3-inline vc_do_btn\" ><a onmouseleave=\"this.style.borderColor='#d4b153'; this.style.backgroundColor='transparent'; this.style.color='#d4b153'\" onmouseenter=\"this.style.borderColor='#d4b153'; this.style.backgroundColor='#d4b153'; this.style.color='#000000';\" style=\"border-color:#d4b153; color:#d4b153;\" class=\"vc_general vc_btn3 vc_btn3-size-md vc_btn3-shape-square vc_btn3-style-outline-custom\" href=\"\/en\/product\/organic-scrub-bar\/\" title=\"\">Buy Gift Card<\/a><\/div>\n<\/div>\n<\/div>\n<\/div>\n<\/div>\n<\/div>\n<\/div>\n<\/div>\n<\/div>\n<\/div>\n<\/div>\n<\/div>\n<\/div>\n<\/div>\n<div class=\"wpb_column vc_column_container vc_col-sm-4\">\n<div class=\"vc_column-inner\">\n<div class=\"wpb_wrapper\"><\/div>\n<\/div>\n<\/div>\n<\/div>\n<\/div>\n<\/div>\n<\/div>\n<\/div>\n<\/div>\n<div  class=\"one\" >\n<div class=\"one_half_bg parallax\" style=\"background-image:url(https:\/\/thaicospa.ro\/wp-content\/uploads\/2023\/09\/ThaicoSpa_9iunie2022_157.jpg);height:600px;\"><\/div>\n<div class=\"one_half_bg\" style=\"padding:80px;\">\n<h2 class=\"ppb_title\" style=\"\">What is organic scrub bar<\/h2>\n<div class=\"ppb_header_content\">\n<p>Organic Scrub Bar Therapy is a form of spa therapy that involves the use of an organic scrub to exfoliate and revitalize the skin.<\/p>\n<p>This type of therapy focuses on removing dead skin cells and impurities from the skin's surface, promoting smoother, brighter and healthier skin.<\/p>\n<p>The selection of exclusively organic scrubs is made by our therapists to meet the needs of all skin types. You'll enjoy the most velvety skin and complete relaxation under the Vichy shower.<\/p>\n<\/div>\n<\/div>\n<p><br class=\"clear\"\/><\/div>\n<div  class=\"one withsmallpadding ppb_text\" style=\"padding:40px;\" >\n<div class=\"vc_row wpb_row vc_row-fluid\">\n<div class=\"wpb_column vc_column_container vc_col-sm-4\">\n<div class=\"vc_column-inner\">\n<div class=\"wpb_wrapper\">\n<div class=\"wpb_text_column wpb_content_element\" >\n<div class=\"wpb_wrapper\">\n<h3><strong>TROPICAL COCONUT CREAM SCRUB<\/strong><\/h3>\n<p>Our TROPICAL COCONUT CREAM SCRUB is an extremely moisturizing treatment. Pure coconut deeply moisturizes the skin. It is also an excellent remedy for dry or sunburned skin. The cream scrub has a gentle exfoliating effect.<\/p>\n<\/p><\/div><\/div>\n<\/div>\n<\/div>\n<\/div>\n<div class=\"wpb_column vc_column_container vc_col-sm-4\">\n<div class=\"vc_column-inner\">\n<div class=\"wpb_wrapper\">\n<div class=\"wpb_text_column wpb_content_element\" >\n<div class=\"wpb_wrapper\">\n<h3><strong>SCRUB CREAM GINSENG SKIN REGENERATION CREAM<\/strong><\/h3>\n<p>Our ginseng body scrub is made with premium extracts. It gently exfoliates your skin, leaving it clean and refreshed. Ginseng extracts help fight free radicals, revitalizing the skin and making it smoother and younger-looking.<\/p>\n<\/p><\/div><\/div>\n<\/div>\n<\/div>\n<\/div>\n<div class=\"wpb_column vc_column_container vc_col-sm-4\">\n<div class=\"vc_column-inner\">\n<div class=\"wpb_wrapper\">\n<div class=\"wpb_text_column wpb_content_element\" >\n<div class=\"wpb_wrapper\">\n<h3><strong>GINGER CREAM DETOX SCRUB<\/strong><\/h3>\n<p>This scrub is made with freshly grated ginger, which has a wonderful scent that soothes and helps relieve stomach cramps, indigestion and excessive gas in the intestines.<\/p>\n<\/p><\/div><\/div>\n<\/div>\n<\/div>\n<\/div>\n<\/div>\n<div class=\"vc_row wpb_row vc_row-fluid\">\n<div class=\"wpb_column vc_column_container vc_col-sm-4\">\n<div class=\"vc_column-inner\">\n<div class=\"wpb_wrapper\">\n<div class=\"wpb_text_column wpb_content_element\" >\n<div class=\"wpb_wrapper\">\n<h3><strong>TRANDAFIR<\/strong><\/h3>\n<p>This is a highly moisturizing blend of virgin coconut oil and delicate floral rose. It leaves skin soft and moisturized with a light fragrance of coconut and rose petals.<\/p>\n<\/p><\/div><\/div>\n<\/div>\n<\/div>\n<\/div>\n<div class=\"wpb_column vc_column_container vc_col-sm-4\">\n<div class=\"vc_column-inner\">\n<div class=\"wpb_wrapper\">\n<div class=\"wpb_text_column wpb_content_element\" >\n<div class=\"wpb_wrapper\">\n<h3>LAVENDER<\/h3>\n<p>It exfoliates and velvets the skin, leaving behind a supple and smooth surface. The lavender scent offers an aromatherapy relaxation session, promoting relaxation and well-being.<\/p>\n<\/p><\/div><\/div>\n<\/div>\n<\/div>\n<\/div>\n<div class=\"wpb_column vc_column_container vc_col-sm-4\">\n<div class=\"vc_column-inner\">\n<div class=\"wpb_wrapper\">\n<div class=\"wpb_text_column wpb_content_element\" >\n<div class=\"wpb_wrapper\">\n<h3><strong>VANILLA &amp; COFFEE<\/strong><\/h3>\n<p>The diuretic effect of coffee combined with vanilla stimulates and detoxifies the skin, eliminating toxins. Leaves your skin firm and velvety soft.<\/p>\n<\/p><\/div><\/div>\n<\/div>\n<\/div>\n<\/div>\n<\/div>\n<\/div>\n<div  class=\"one\" >\n<div class=\"one_half_bg textright\" style=\"padding:80px;\">\n<h2 class=\"ppb_title\" style=\"\">Organic scrub bar features<\/h2>\n<div class=\"ppb_header_content\">\n<p>Organic Scrub Bar Therapy uses an organic scrub or exfoliant containing natural ingredients such as sea salt, brown sugar, ground coffee, oatmeal, essential oils or herbs. These ingredients are selected for their skin exfoliating and moisturising properties.<\/p>\n<p>The organic scrub exfoliates and removes dead skin cells and impurities from the skin's surface. The scrub also has fine granules and helps exfoliate the skin in a gentle and effective way.<\/p>\n<p>The Organic Scrub Bar therapy can be tailored to the individual needs of each person's skin. Together with the therapist, the patient can select a scrub suitable for their skin type (dry, oily, sensitive, mature, etc.) and adjust the pressure and intensity of the massage to match their skin sensitivity.<\/p>\n<p>The exfoliation performed in Organic Scrub Bar therapy prepares the skin for subsequent treatments, such as deep moisturising, mask or serum application. Exfoliated skin allows skin care products to penetrate better and provide maximum benefits.<\/p>\n<\/div>\n<\/div>\n<div class=\"one_half_bg parallax\" style=\"background-image:url(https:\/\/thaicospa.ro\/wp-content\/uploads\/2023\/09\/ThaicoSpa_Radisson_sept2022_493edit.jpg);height:705px;\"><\/div>\n<p><br class=\"clear\"\/><\/div>\n<div  class=\"one withsmallpadding ppb_content_center_bg withbg parallax\" style=\"background-image:url(https:\/\/thaicospa.ro\/wp-content\/uploads\/2023\/09\/ThaicoSpa_Radisson_sept2022_502edit.jpg);background-position: center top;height:1000px;\" >\n<div class=\"one_third parallax_text\" style=\"background:#000000;background:rgb(0,0,0,0.6);background:rgba(0,0,0,0.6);;padding:10px;\" data-stellar-ratio=\"1.3\">\n<h2 class=\"ppb_title\" style=\"\">Benefits of organic scrub bar<\/h2>\n<div class=\"ppb_header_content\">\n<p><strong>Exfoliating and cleansing the skin:<\/strong> The organic scrub used in Organic Scrub Bar therapy helps to remove dead skin cells, impurities and excess sebum from the skin's surface. This process helps to cleanse the skin and unclog pores, reducing the risk of blackheads, acne and other skin conditions.<\/p>\n<p><strong>Improved skin texture:<\/strong> By removing dead skin cells and the top layer of skin, Organic Scrub Bar therapy helps improve skin texture. It makes the skin smoother, softer and more even, giving it a more youthful and healthy appearance.<\/p>\n<p><strong>Stimulate blood circulation:<\/strong> The gentle massage of the organic scrub on the skin stimulates blood circulation in the treated area. This helps to bring nutrients and oxygen to the skin tissues, supporting the cell regeneration process and improving the overall appearance of the skin.<\/p>\n<p><strong>Moisturising and hydrating the skin:<\/strong> The organic scrub contains moisturising ingredients such as essential oils and other natural ingredients. These help soften the skin and maintain optimal moisture levels, which can make skin softer, more supple and supple.<\/p>\n<p><strong>Promote skin radiance:<\/strong> Removing dead skin cells and impurities from the skin's surface allows the skin's natural glow to shine through. After Organic Scrub Bar therapy, skin can look brighter, fresher and more radiant.<\/p>\n<p><strong>Relaxing and stress-reducing effects: <\/strong>Organic Scrub Bar Therapy can provide a relaxing and enjoyable experience. The gentle movements of the therapist and the pleasant aroma of the organic scrub can help reduce stress and tension, providing a pampering and blissful experience for body and mind.<\/p>\n<p><strong>Preparing the skin for subsequent treatments:<\/strong> Exfoliation performed in Organic Scrub Bar therapy prepares the skin for further treatments such as deep moisturising, mask or serum application. Exfoliated skin allows skin care products to penetrate better and provide maximum benefits.<\/p>\n<\/div>\n<\/div>\n<\/div>\n<div class=\"standard_wrapper\">\n<div  class=\"ppb_three_cols_images one\" style=\"padding:40px 0 40px 0;\" >\n<div class=\"page_content_wrapper wide\">\n<div class=\"inner\">\n<div class=\"one_third\">\n<div class=\"image_classic_frame expand\">\n<div class=\"image_wrapper\"><a href=\"https:\/\/thaicospa.ro\/wp-content\/uploads\/2023\/09\/ThaicoSpa_Radisson_sept2022_317edit.jpg\" class=\"img_frame\"><img decoding=\"async\" src=\"https:\/\/thaicospa.ro\/wp-content\/uploads\/2023\/09\/ThaicoSpa_Radisson_sept2022_317edit.jpg\" alt=\"\" class=\"portfolio_img\"\/><\/a><\/div>\n<\/div>\n<\/div>\n<div class=\"one_third\">\n<div class=\"image_classic_frame expand\">\n<div class=\"image_wrapper\"><a href=\"https:\/\/thaicospa.ro\/wp-content\/uploads\/2023\/09\/ThaicoSpa_Radisson_sept2022_512edit.jpg\" class=\"img_frame\"><img decoding=\"async\" src=\"https:\/\/thaicospa.ro\/wp-content\/uploads\/2023\/09\/ThaicoSpa_Radisson_sept2022_512edit.jpg\" alt=\"\" class=\"portfolio_img\"\/><\/a><\/div>\n<\/div>\n<\/div>\n<div class=\"one_third last\">\n<div class=\"image_classic_frame\">\n<div class=\"image_wrapper\"><a href=\"https:\/\/thaicospa.ro\/wp-content\/uploads\/2023\/09\/ACS_0325-scaled.jpg\" class=\"img_frame\"><img decoding=\"async\" src=\"https:\/\/thaicospa.ro\/wp-content\/uploads\/2023\/09\/ACS_0325-scaled.jpg\" alt=\"\" class=\"portfolio_img\"\/><\/a><\/div>\n<\/div>\n<\/div>\n<\/div>\n<\/div>\n<\/div>\n<\/div>\n<div  class=\"parallax\" data-jarallax-video=\"https:\/\/www.youtube.com\/watch?v=Jhw4Q4MqOfE\" style=\"height:75vh; \"><\/div>\n<\/div>","protected":false},"excerpt":{"rendered":"<p>Pre\u021buri &#038; Programare 40 minute 290 lei Programeaz\u0103-te Cump\u0103r\u0103 Gift Card Ce este organic scrub bar Terapia Organic Scrub Bar este o form\u0103 de terapie spa care implic\u0103 utilizarea unui scrub organic pentru exfolierea \u0219i revitalizarea pielii. Acest tip de [&hellip;]<\/p>\n","protected":false},"author":73,"featured_media":0,"parent":0,"menu_order":0,"comment_status":"closed","ping_status":"closed","template":"","meta":{"_monsterinsights_skip_tracking":false,"_monsterinsights_sitenote_active":false,"_monsterinsights_sitenote_note":"","_monsterinsights_sitenote_category":0,"footnotes":""},"class_list":["post-50960","page","type-page","status-publish","hentry"],"yoast_head":"<!-- This site is optimized with the Yoast SEO plugin v27.5 - https:\/\/yoast.com\/product\/yoast-seo-wordpress\/ -->\n<title>Organic Scrub Bar - THAIco SPA<\/title>\n<meta name=\"description\" content=\"Masaj Thailandez la THAIco SPA. Descoper\u0103 cum tehnicile unice pot cre\u0219te for\u021ba, flexibilitatea \u0219i alina tensiunea muscular\" \/>\n<meta name=\"robots\" content=\"index, follow, max-snippet:-1, max-image-preview:large, max-video-preview:-1\" \/>\n<link rel=\"canonical\" href=\"https:\/\/thaicospa.ro\/en\/organic-scrub-bar\/\" \/>\n<meta property=\"og:locale\" content=\"en_US\" \/>\n<meta property=\"og:type\" content=\"article\" \/>\n<meta property=\"og:title\" content=\"Organic Scrub Bar - THAIco SPA\" \/>\n<meta property=\"og:description\" content=\"Masaj Thailandez la THAIco SPA. Descoper\u0103 cum tehnicile unice pot cre\u0219te for\u021ba, flexibilitatea \u0219i alina tensiunea muscular\" \/>\n<meta property=\"og:url\" content=\"https:\/\/thaicospa.ro\/en\/organic-scrub-bar\/\" \/>\n<meta property=\"og:site_name\" content=\"THAIco SPA\" \/>\n<meta property=\"article:publisher\" content=\"https:\/\/www.facebook.com\/THAIcoSPA\/\" \/>\n<meta property=\"article:modified_time\" content=\"2025-08-01T13:18:10+00:00\" \/>\n<meta property=\"og:image\" content=\"https:\/\/thaicospa.ro\/wp-content\/uploads\/2023\/09\/ThaicoSpa_Radisson_sept2022_317edit.jpg\" \/>\n<meta name=\"twitter:card\" content=\"summary_large_image\" \/>\n<meta name=\"twitter:label1\" content=\"Est. reading time\" \/>\n\t<meta name=\"twitter:data1\" content=\"5 minutes\" \/>\n<script type=\"application\/ld+json\" class=\"yoast-schema-graph\">{\"@context\":\"https:\\\/\\\/schema.org\",\"@graph\":[{\"@type\":\"WebPage\",\"@id\":\"https:\\\/\\\/thaicospa.ro\\\/organic-scrub-bar\\\/\",\"url\":\"https:\\\/\\\/thaicospa.ro\\\/organic-scrub-bar\\\/\",\"name\":\"Organic Scrub Bar - THAIco SPA\",\"isPartOf\":{\"@id\":\"https:\\\/\\\/thaicospa.ro\\\/#website\"},\"primaryImageOfPage\":{\"@id\":\"https:\\\/\\\/thaicospa.ro\\\/organic-scrub-bar\\\/#primaryimage\"},\"image\":{\"@id\":\"https:\\\/\\\/thaicospa.ro\\\/organic-scrub-bar\\\/#primaryimage\"},\"thumbnailUrl\":\"https:\\\/\\\/thaicospa.ro\\\/wp-content\\\/uploads\\\/2023\\\/09\\\/ThaicoSpa_Radisson_sept2022_317edit.jpg\",\"datePublished\":\"2023-09-27T08:22:28+00:00\",\"dateModified\":\"2025-08-01T13:18:10+00:00\",\"description\":\"Masaj Thailandez la THAIco SPA. Descoper\u0103 cum tehnicile unice pot cre\u0219te for\u021ba, flexibilitatea \u0219i alina tensiunea muscular\",\"breadcrumb\":{\"@id\":\"https:\\\/\\\/thaicospa.ro\\\/organic-scrub-bar\\\/#breadcrumb\"},\"inLanguage\":\"en-US\",\"potentialAction\":[{\"@type\":\"ReadAction\",\"target\":[\"https:\\\/\\\/thaicospa.ro\\\/organic-scrub-bar\\\/\"]}]},{\"@type\":\"ImageObject\",\"inLanguage\":\"en-US\",\"@id\":\"https:\\\/\\\/thaicospa.ro\\\/organic-scrub-bar\\\/#primaryimage\",\"url\":\"https:\\\/\\\/thaicospa.ro\\\/wp-content\\\/uploads\\\/2023\\\/09\\\/ThaicoSpa_Radisson_sept2022_317edit.jpg\",\"contentUrl\":\"https:\\\/\\\/thaicospa.ro\\\/wp-content\\\/uploads\\\/2023\\\/09\\\/ThaicoSpa_Radisson_sept2022_317edit.jpg\"},{\"@type\":\"BreadcrumbList\",\"@id\":\"https:\\\/\\\/thaicospa.ro\\\/organic-scrub-bar\\\/#breadcrumb\",\"itemListElement\":[{\"@type\":\"ListItem\",\"position\":1,\"name\":\"Prima pagin\u0103\",\"item\":\"https:\\\/\\\/thaicospa.ro\\\/\"},{\"@type\":\"ListItem\",\"position\":2,\"name\":\"Organic Scrub Bar\"}]},{\"@type\":\"WebSite\",\"@id\":\"https:\\\/\\\/thaicospa.ro\\\/#website\",\"url\":\"https:\\\/\\\/thaicospa.ro\\\/\",\"name\":\"THAIco SPA\",\"description\":\"\",\"potentialAction\":[{\"@type\":\"SearchAction\",\"target\":{\"@type\":\"EntryPoint\",\"urlTemplate\":\"https:\\\/\\\/thaicospa.ro\\\/?s={search_term_string}\"},\"query-input\":{\"@type\":\"PropertyValueSpecification\",\"valueRequired\":true,\"valueName\":\"search_term_string\"}}],\"inLanguage\":\"en-US\"}]}<\/script>\n<!-- \/ Yoast SEO plugin. -->","yoast_head_json":{"title":"Organic Scrub Bar - THAIco SPA","description":"Thai massage at THAIco SPA. Discover how unique techniques can increase strength, flexibility and relieve muscle tension","robots":{"index":"index","follow":"follow","max-snippet":"max-snippet:-1","max-image-preview":"max-image-preview:large","max-video-preview":"max-video-preview:-1"},"canonical":"https:\/\/thaicospa.ro\/en\/organic-scrub-bar\/","og_locale":"en_US","og_type":"article","og_title":"Organic Scrub Bar - THAIco SPA","og_description":"Masaj Thailandez la THAIco SPA. Descoper\u0103 cum tehnicile unice pot cre\u0219te for\u021ba, flexibilitatea \u0219i alina tensiunea muscular","og_url":"https:\/\/thaicospa.ro\/en\/organic-scrub-bar\/","og_site_name":"THAIco SPA","article_publisher":"https:\/\/www.facebook.com\/THAIcoSPA\/","article_modified_time":"2025-08-01T13:18:10+00:00","og_image":[{"url":"https:\/\/thaicospa.ro\/wp-content\/uploads\/2023\/09\/ThaicoSpa_Radisson_sept2022_317edit.jpg","type":"","width":"","height":""}],"twitter_card":"summary_large_image","twitter_misc":{"Est. reading time":"5 minutes"},"schema":{"@context":"https:\/\/schema.org","@graph":[{"@type":"WebPage","@id":"https:\/\/thaicospa.ro\/organic-scrub-bar\/","url":"https:\/\/thaicospa.ro\/organic-scrub-bar\/","name":"Organic Scrub Bar - THAIco SPA","isPartOf":{"@id":"https:\/\/thaicospa.ro\/#website"},"primaryImageOfPage":{"@id":"https:\/\/thaicospa.ro\/organic-scrub-bar\/#primaryimage"},"image":{"@id":"https:\/\/thaicospa.ro\/organic-scrub-bar\/#primaryimage"},"thumbnailUrl":"https:\/\/thaicospa.ro\/wp-content\/uploads\/2023\/09\/ThaicoSpa_Radisson_sept2022_317edit.jpg","datePublished":"2023-09-27T08:22:28+00:00","dateModified":"2025-08-01T13:18:10+00:00","description":"Thai massage at THAIco SPA. Discover how unique techniques can increase strength, flexibility and relieve muscle tension","breadcrumb":{"@id":"https:\/\/thaicospa.ro\/organic-scrub-bar\/#breadcrumb"},"inLanguage":"en-US","potentialAction":[{"@type":"ReadAction","target":["https:\/\/thaicospa.ro\/organic-scrub-bar\/"]}]},{"@type":"ImageObject","inLanguage":"en-US","@id":"https:\/\/thaicospa.ro\/organic-scrub-bar\/#primaryimage","url":"https:\/\/thaicospa.ro\/wp-content\/uploads\/2023\/09\/ThaicoSpa_Radisson_sept2022_317edit.jpg","contentUrl":"https:\/\/thaicospa.ro\/wp-content\/uploads\/2023\/09\/ThaicoSpa_Radisson_sept2022_317edit.jpg"},{"@type":"BreadcrumbList","@id":"https:\/\/thaicospa.ro\/organic-scrub-bar\/#breadcrumb","itemListElement":[{"@type":"ListItem","position":1,"name":"Prima pagin\u0103","item":"https:\/\/thaicospa.ro\/"},{"@type":"ListItem","position":2,"name":"Organic Scrub Bar"}]},{"@type":"WebSite","@id":"https:\/\/thaicospa.ro\/#website","url":"https:\/\/thaicospa.ro\/","name":"THAIco SPA","description":"","potentialAction":[{"@type":"SearchAction","target":{"@type":"EntryPoint","urlTemplate":"https:\/\/thaicospa.ro\/?s={search_term_string}"},"query-input":{"@type":"PropertyValueSpecification","valueRequired":true,"valueName":"search_term_string"}}],"inLanguage":"en-US"}]}},"_links":{"self":[{"href":"https:\/\/thaicospa.ro\/en\/wp-json\/wp\/v2\/pages\/50960","targetHints":{"allow":["GET"]}}],"collection":[{"href":"https:\/\/thaicospa.ro\/en\/wp-json\/wp\/v2\/pages"}],"about":[{"href":"https:\/\/thaicospa.ro\/en\/wp-json\/wp\/v2\/types\/page"}],"author":[{"embeddable":true,"href":"https:\/\/thaicospa.ro\/en\/wp-json\/wp\/v2\/users\/73"}],"replies":[{"embeddable":true,"href":"https:\/\/thaicospa.ro\/en\/wp-json\/wp\/v2\/comments?post=50960"}],"version-history":[{"count":1,"href":"https:\/\/thaicospa.ro\/en\/wp-json\/wp\/v2\/pages\/50960\/revisions"}],"predecessor-version":[{"id":72057,"href":"https:\/\/thaicospa.ro\/en\/wp-json\/wp\/v2\/pages\/50960\/revisions\/72057"}],"wp:attachment":[{"href":"https:\/\/thaicospa.ro\/en\/wp-json\/wp\/v2\/media?parent=50960"}],"curies":[{"name":"wp","href":"https:\/\/api.w.org\/{rel}","templated":true}]}}