{"id":50654,"date":"2023-09-19T10:31:41","date_gmt":"2023-09-19T07:31:41","guid":{"rendered":"https:\/\/thaicospa.ro\/?page_id=50654"},"modified":"2025-08-01T15:26:53","modified_gmt":"2025-08-01T12:26:53","slug":"signature-thai-massage","status":"publish","type":"page","link":"https:\/\/thaicospa.ro\/en\/masaj-thaico-signature\/","title":{"rendered":"THAIco Signature Massage"},"content":{"rendered":"<div class=\"wpb-content-wrapper\"><div  class=\"one withsmallpadding ppb_text\" style=\"text-align:left;padding:40px 0 40px 0;\" >\n<div class=\"standard_wrapper\">\n<div class=\"page_content_wrapper wide\">\n<div class=\"inner\">\n<div style=\"margin:auto;width:95%\">\n<h3 style=\"text-align: center;\">Pricing &amp; Programming<\/h3>\n<p>Relax and rediscover your inner well-being with the THAIco Signature Massage! It's time to prioritize and take care of yourself fully.<\/p>\n<div class=\"vc_row wpb_row vc_row-fluid\">\n<div class=\"wpb_column vc_column_container vc_col-sm-4\">\n<div class=\"vc_column-inner\">\n<div class=\"wpb_wrapper\">\n<div class=\"vc_tta-container\" data-vc-action=\"collapse\">\n<div class=\"vc_general vc_tta vc_tta-accordion vc_tta-color-white vc_tta-style-outline vc_tta-shape-square vc_tta-o-shape-group vc_tta-controls-align-default\">\n<div class=\"vc_tta-panels-container\">\n<div class=\"vc_tta-panels\">\n<div class=\"vc_tta-panel vc_active\" id=\"1669191340232-9b82b701-320a\" data-vc-content=\".vc_tta-panel-body\">\n<div class=\"vc_tta-panel-heading\">\n<h4 class=\"vc_tta-panel-title vc_tta-controls-icon-position-left\"><a href=\"#1669191340232-9b82b701-320a\" data-vc-accordion data-vc-container=\".vc_tta-container\"><span class=\"vc_tta-title-text\">60 minutes<\/span><i class=\"vc_tta-controls-icon vc_tta-controls-icon-triangle\"><\/i><\/a><\/h4>\n<\/div>\n<div class=\"vc_tta-panel-body\">\n<div class=\"wpb_text_column wpb_content_element\" >\n<div class=\"wpb_wrapper\">\n<h3 style=\"text-align: center;\">330 lei<\/h3>\n<\/p><\/div><\/div>\n<div class=\"vc_row wpb_row vc_inner vc_row-fluid vc_column-gap-10 vc_row-o-equal-height vc_row-flex\">\n<div class=\"wpb_column vc_column_container vc_col-sm-12\">\n<div class=\"vc_column-inner\">\n<div class=\"wpb_wrapper\">\n<div class=\"vc_btn3-container vc_btn3-inline vc_do_btn\" ><a onmouseleave=\"this.style.borderColor='#d4b153'; this.style.backgroundColor='transparent'; this.style.color='#d4b153'\" onmouseenter=\"this.style.borderColor='#d4b153'; this.style.backgroundColor='#d4b153'; this.style.color='#000000';\" style=\"border-color:#d4b153; color:#d4b153;\" class=\"vc_general vc_btn3 vc_btn3-size-md vc_btn3-shape-square vc_btn3-style-outline-custom\" href=\"\/en\/programming\/\" title=\"\">Schedule<\/a><\/div>\n<div class=\"vc_btn3-container vc_btn3-inline vc_do_btn\" ><a onmouseleave=\"this.style.borderColor='#d4b153'; this.style.backgroundColor='transparent'; this.style.color='#d4b153'\" onmouseenter=\"this.style.borderColor='#d4b153'; this.style.backgroundColor='#d4b153'; this.style.color='#000000';\" style=\"border-color:#d4b153; color:#d4b153;\" class=\"vc_general vc_btn3 vc_btn3-size-md vc_btn3-shape-square vc_btn3-style-outline-custom\" href=\"\/en\/product\/thai-massage\/\" title=\"\">Buy Gift Card<\/a><\/div>\n<\/div>\n<\/div>\n<\/div>\n<\/div>\n<\/div>\n<\/div>\n<\/div>\n<\/div>\n<\/div>\n<\/div>\n<\/div>\n<\/div>\n<\/div>\n<div class=\"wpb_column vc_column_container vc_col-sm-4\">\n<div class=\"vc_column-inner\">\n<div class=\"wpb_wrapper\">\n<div class=\"vc_tta-container\" data-vc-action=\"collapseAll\">\n<div class=\"vc_general vc_tta vc_tta-accordion vc_tta-color-white vc_tta-style-outline vc_tta-shape-square vc_tta-o-shape-group vc_tta-controls-align-default vc_tta-o-all-clickable\">\n<div class=\"vc_tta-panels-container\">\n<div class=\"vc_tta-panels\">\n<div class=\"vc_tta-panel vc_active\" id=\"1686518100118-6478388b-2d84\" data-vc-content=\".vc_tta-panel-body\">\n<div class=\"vc_tta-panel-heading\">\n<h4 class=\"vc_tta-panel-title vc_tta-controls-icon-position-left\"><a href=\"#1686518100118-6478388b-2d84\" data-vc-accordion data-vc-container=\".vc_tta-container\"><span class=\"vc_tta-title-text\">90 minutes<\/span><i class=\"vc_tta-controls-icon vc_tta-controls-icon-triangle\"><\/i><\/a><\/h4>\n<\/div>\n<div class=\"vc_tta-panel-body\">\n<div class=\"wpb_text_column wpb_content_element\" >\n<div class=\"wpb_wrapper\">\n<h3 style=\"text-align: center;\">460 lei<\/h3>\n<\/p><\/div><\/div>\n<div class=\"vc_row wpb_row vc_inner vc_row-fluid vc_column-gap-10 vc_row-o-equal-height vc_row-flex\">\n<div class=\"wpb_column vc_column_container vc_col-sm-12\">\n<div class=\"vc_column-inner\">\n<div class=\"wpb_wrapper\">\n<div class=\"vc_btn3-container vc_btn3-inline vc_do_btn\" ><a onmouseleave=\"this.style.borderColor='#d4b153'; this.style.backgroundColor='transparent'; this.style.color='#d4b153'\" onmouseenter=\"this.style.borderColor='#d4b153'; this.style.backgroundColor='#d4b153'; this.style.color='#000000';\" style=\"border-color:#d4b153; color:#d4b153;\" class=\"vc_general vc_btn3 vc_btn3-size-md vc_btn3-shape-square vc_btn3-style-outline-custom\" href=\"\/en\/programming\/\" title=\"\">Schedule<\/a><\/div>\n<div class=\"vc_btn3-container vc_btn3-inline vc_do_btn\" ><a onmouseleave=\"this.style.borderColor='#d4b153'; this.style.backgroundColor='transparent'; this.style.color='#d4b153'\" onmouseenter=\"this.style.borderColor='#d4b153'; this.style.backgroundColor='#d4b153'; this.style.color='#000000';\" style=\"border-color:#d4b153; color:#d4b153;\" class=\"vc_general vc_btn3 vc_btn3-size-md vc_btn3-shape-square vc_btn3-style-outline-custom\" href=\"\/en\/product\/thai-massage-90-minutes\/\" title=\"\">Buy Gift Card<\/a><\/div>\n<\/div>\n<\/div>\n<\/div>\n<\/div>\n<\/div>\n<\/div>\n<\/div>\n<\/div>\n<\/div>\n<\/div>\n<\/div>\n<\/div>\n<\/div>\n<div class=\"wpb_column vc_column_container vc_col-sm-4\">\n<div class=\"vc_column-inner\">\n<div class=\"wpb_wrapper\">\n<div class=\"vc_tta-container\" data-vc-action=\"collapseAll\">\n<div class=\"vc_general vc_tta vc_tta-accordion vc_tta-color-white vc_tta-style-outline vc_tta-shape-square vc_tta-o-shape-group vc_tta-controls-align-default vc_tta-o-all-clickable\">\n<div class=\"vc_tta-panels-container\">\n<div class=\"vc_tta-panels\">\n<div class=\"vc_tta-panel vc_active\" id=\"1686518083316-f0182465-c77d\" data-vc-content=\".vc_tta-panel-body\">\n<div class=\"vc_tta-panel-heading\">\n<h4 class=\"vc_tta-panel-title vc_tta-controls-icon-position-left\"><a href=\"#1686518083316-f0182465-c77d\" data-vc-accordion data-vc-container=\".vc_tta-container\"><span class=\"vc_tta-title-text\">120 minutes<\/span><i class=\"vc_tta-controls-icon vc_tta-controls-icon-triangle\"><\/i><\/a><\/h4>\n<\/div>\n<div class=\"vc_tta-panel-body\">\n<div class=\"wpb_text_column wpb_content_element\" >\n<div class=\"wpb_wrapper\">\n<h3 style=\"text-align: center;\">650 lei<\/h3>\n<\/p><\/div><\/div>\n<div class=\"vc_row wpb_row vc_inner vc_row-fluid vc_column-gap-10 vc_row-o-equal-height vc_row-flex\">\n<div class=\"wpb_column vc_column_container vc_col-sm-12\">\n<div class=\"vc_column-inner\">\n<div class=\"wpb_wrapper\">\n<div class=\"vc_btn3-container vc_btn3-inline vc_do_btn\" ><a onmouseleave=\"this.style.borderColor='#d4b153'; this.style.backgroundColor='transparent'; this.style.color='#d4b153'\" onmouseenter=\"this.style.borderColor='#d4b153'; this.style.backgroundColor='#d4b153'; this.style.color='#000000';\" style=\"border-color:#d4b153; color:#d4b153;\" class=\"vc_general vc_btn3 vc_btn3-size-md vc_btn3-shape-square vc_btn3-style-outline-custom\" href=\"\/en\/programming\/\" title=\"\">Schedule<\/a><\/div>\n<div class=\"vc_btn3-container vc_btn3-inline vc_do_btn\" ><a onmouseleave=\"this.style.borderColor='#d4b153'; this.style.backgroundColor='transparent'; this.style.color='#d4b153'\" onmouseenter=\"this.style.borderColor='#d4b153'; this.style.backgroundColor='#d4b153'; this.style.color='#000000';\" style=\"border-color:#d4b153; color:#d4b153;\" class=\"vc_general vc_btn3 vc_btn3-size-md vc_btn3-shape-square vc_btn3-style-outline-custom\" href=\"\/en\/product\/massage-thaico-120-minute\/\" title=\"\">Buy Gift Card<\/a><\/div>\n<\/div>\n<\/div>\n<\/div>\n<\/div>\n<\/div>\n<\/div>\n<\/div>\n<\/div>\n<\/div>\n<\/div>\n<\/div>\n<\/div>\n<\/div>\n<\/div>\n<\/div>\n<\/div>\n<\/div>\n<\/div>\n<\/div>\n<div  class=\"one\" >\n<div class=\"one_half_bg parallax\" style=\"background-image:url(https:\/\/thaicospa.ro\/wp-content\/uploads\/2023\/11\/Thaico-SPA-c-razvanfotograv-16-scaled.jpg);height:600px;\"><\/div>\n<div class=\"one_half_bg\" style=\"padding:80px;\">\n<h2 class=\"ppb_title\" style=\"\">What is THAIco Signature Massage<\/h2>\n<div class=\"ppb_header_content\">\n<p>The THAIco Signature Massage is a combination of massage techniques in an explosion of sensations!<\/p>\n<p>Western techniques blend with Eastern philosophy to give you extraordinary sensations and healing for your body.  The THAIco massage is performed on the specific Thai massage bed and is a unique combination of traditional Thai, Swedish, Balinese and aromatherapy. By combining these elements, the THAIco Signature massage offers a holistic experience to relax, reduce stress and invigorate body and mind.<\/p>\n<\/div>\n<\/div>\n<p><br class=\"clear\"\/><\/div>\n<div  class=\"one\" >\n<div class=\"one_half_bg textright\" style=\"padding:80px;\">\n<h2 class=\"ppb_title\" style=\"\">THAIco Signature Massage Features<\/h2>\n<div class=\"ppb_header_content\">\n<p>THAIco Signature Massage features include:<\/p>\n<p><strong>Traditional Thai techniques:<\/strong> THAIco massage uses specific techniques from traditional Thai massage, involving acupuncture pressure, stretching and manipulation of joints, and massage of energy points.<\/p>\n<p><strong>Swedish massage techniques:<\/strong> Swedish massage is incorporated into THAIco massage to provide deep muscle relaxation and promote blood circulation. Kneading, pressing and gliding techniques are applied to reduce muscle tension and induce a state of peace and calm.<\/p>\n<p><strong>Balinese influences:<\/strong> Balinese massage brings a touch of refinement and relaxation through the use of fluid, rhythmic movements that help release tension and stimulate blood circulation.<\/p>\n<p><strong>Aromatherapy :<\/strong> Aromatherapy is integrated into the THAIco Signature massage through the use of natural essential oils, carefully selected to enhance the therapeutic effects of the massage.<\/p>\n<p><strong>Use of the specific mattress: <\/strong>THAIco massage is performed on a specific Thai massage mat, which provides optimal support and comfort during the massage session.<\/p>\n<\/div>\n<\/div>\n<div class=\"one_half_bg parallax\" style=\"background-image:url(https:\/\/thaicospa.ro\/wp-content\/uploads\/2023\/11\/Thaico-SPA-c-razvanfotograv-19-scaled.jpg);height:705px;\"><\/div>\n<p><br class=\"clear\"\/><\/div>\n<div  class=\"one withsmallpadding ppb_content_center_bg withbg parallax\" style=\"background-image:url(https:\/\/thaicospa.ro\/wp-content\/uploads\/2023\/11\/Thaico-SPA-c-razvanfotograv-21-scaled.jpg);background-position: center top;height:1000px;\" >\n<div class=\"one_third parallax_text\" style=\"background:#000000;background:rgb(0,0,0,0.6);background:rgba(0,0,0,0.6);;padding:10px;\" data-stellar-ratio=\"1.3\">\n<h2 class=\"ppb_title\" style=\"\">Benefits of THAIco Signature Massage<\/h2>\n<div class=\"ppb_header_content\">\n<p>THAIco Signature Massage offers a number of benefits including:<\/p>\n<p><strong>Deep relaxation:<\/strong> The traditional Thai and Swedish massage techniques used in THAIco massage help release muscle tension and induce a deep state of relaxation. This helps to reduce stress and anxiety and improve sleep quality.<br \/>\n<strong>Balance and harmony:<\/strong> Specific techniques in traditional Thai massage, which include acupuncture pressure and energy point massage, aim to unblock the flow of energy in the body and bring balance and harmony.<br \/>\n<strong>Relieve muscle tension: <\/strong>Swedish massage techniques, such as kneading and pressing, are effective in reducing tension and muscle knots. This helps relieve pain and discomfort caused by tension built up in the muscles.<br \/>\n<strong>Stimulate blood circulation:<\/strong> THAIco Signature Massage improves blood circulation, promoting the supply of oxygen and nutrients to the tissues and the elimination of toxins. This can contribute to a healthier circulatory system and revitalise the body.<br \/>\n<strong>Sensory relaxation:<\/strong> The use of fine essential oils during the THAIco Signature massage adds a pleasant sensory dimension, intensifying the relaxing effects and promoting overall well-being.<br \/>\n<strong>Reducing stress and anxiety:<\/strong> THAIco Signature Massage has a calming effect on the nervous system, helping to reduce stress and anxiety levels and improve mood.<br \/>\n<strong>Rejuvenation and vitality:<\/strong> By combining Balinese massage techniques and aromatherapy influences, THAIco Signature massage helps to revitalise the body and restore energy and vitality.<\/p>\n<\/div>\n<\/div>\n<\/div>\n<div class=\"divider one\">&nbsp;<\/div>\n<div  class=\"ppb_gallery_grid one\" style=\"\">\n<div class=\"standard_wrapper\">\n<div id=\"17540512131527863117\" class=\"portfolio_filter_wrapper gallery three_cols contain\" data-columns=\"3\">\n<div class=\"element grid  classic3_cols\">\n<div class=\"one_third gallery3 static filterable gallery_type animated1\"><a class=\"fancy-gallery\" href=\"https:\/\/thaicospa.ro\/wp-content\/uploads\/2023\/11\/Thaico-SPA-c-razvanfotograv-15-scaled.jpg\" data-caption=\"\" ><img decoding=\"async\" src=\"https:\/\/thaicospa.ro\/wp-content\/uploads\/2023\/11\/Thaico-SPA-c-razvanfotograv-15-610x610.jpg\" alt=\"\"\/><\/a><\/div>\n<\/div>\n<div class=\"element grid  classic3_cols\">\n<div class=\"one_third gallery3 static filterable gallery_type animated2\"><a class=\"fancy-gallery\" href=\"https:\/\/thaicospa.ro\/wp-content\/uploads\/2023\/11\/Thaico-SPA-c-razvanfotograv-19-scaled.jpg\" data-caption=\"\" ><img decoding=\"async\" src=\"https:\/\/thaicospa.ro\/wp-content\/uploads\/2023\/11\/Thaico-SPA-c-razvanfotograv-19-610x610.jpg\" alt=\"\"\/><\/a><\/div>\n<\/div>\n<div class=\"element grid  classic3_cols\">\n<div class=\"one_third gallery3 static filterable gallery_type animated3\"><a class=\"fancy-gallery\" href=\"https:\/\/thaicospa.ro\/wp-content\/uploads\/2023\/11\/Thaico-SPA-c-razvanfotograv-16-scaled.jpg\" data-caption=\"\" ><img decoding=\"async\" src=\"https:\/\/thaicospa.ro\/wp-content\/uploads\/2023\/11\/Thaico-SPA-c-razvanfotograv-16-610x610.jpg\" alt=\"\"\/><\/a><\/div>\n<\/div>\n<div class=\"element grid  classic3_cols\">\n<div class=\"one_third gallery3 static filterable gallery_type animated4\"><a class=\"fancy-gallery\" href=\"https:\/\/thaicospa.ro\/wp-content\/uploads\/2023\/11\/Thaico-SPA-c-razvanfotograv-21-scaled.jpg\" data-caption=\"\" ><img decoding=\"async\" src=\"https:\/\/thaicospa.ro\/wp-content\/uploads\/2023\/11\/Thaico-SPA-c-razvanfotograv-21-610x610.jpg\" alt=\"\"\/><\/a><\/div>\n<\/div>\n<div class=\"element grid  classic3_cols\">\n<div class=\"one_third gallery3 static filterable gallery_type animated5\"><a class=\"fancy-gallery\" href=\"https:\/\/thaicospa.ro\/wp-content\/uploads\/2023\/11\/Thaico-SPA-c-razvanfotograv-22-scaled.jpg\" data-caption=\"\" ><img decoding=\"async\" src=\"https:\/\/thaicospa.ro\/wp-content\/uploads\/2023\/11\/Thaico-SPA-c-razvanfotograv-22-610x610.jpg\" alt=\"\"\/><\/a><\/div>\n<\/div>\n<div class=\"element grid  classic3_cols\">\n<div class=\"one_third gallery3 static filterable gallery_type animated6\"><a class=\"fancy-gallery\" href=\"https:\/\/thaicospa.ro\/wp-content\/uploads\/2023\/11\/Thaico-SPA-c-razvanfotograv-18-scaled.jpg\" data-caption=\"\" ><img decoding=\"async\" src=\"https:\/\/thaicospa.ro\/wp-content\/uploads\/2023\/11\/Thaico-SPA-c-razvanfotograv-18-610x610.jpg\" alt=\"\"\/><\/a><\/div>\n<\/div>\n<\/div>\n<\/div>\n<\/div>\n<\/div>","protected":false},"excerpt":{"rendered":"<p>Pre\u021buri &#038; Programare Relaxeaz\u0103-te \u0219i redescoper\u0103 starea de bine interioar\u0103 cu Masajul THAIco Signature! E timpul s\u0103 te priorizezi \u0219i s\u0103 te \u00eengrije\u0219ti pe deplin. 60 minute 330 lei Programeaz\u0103-te Cump\u0103r\u0103 Gift Card 90 minute 460 lei Programeaz\u0103-te Cump\u0103r\u0103 Gift [&hellip;]<\/p>\n","protected":false},"author":73,"featured_media":53138,"parent":0,"menu_order":0,"comment_status":"closed","ping_status":"closed","template":"","meta":{"_monsterinsights_skip_tracking":false,"_monsterinsights_sitenote_active":false,"_monsterinsights_sitenote_note":"","_monsterinsights_sitenote_category":0,"footnotes":""},"class_list":["post-50654","page","type-page","status-publish","has-post-thumbnail","hentry"],"yoast_head":"<!-- This site is optimized with the Yoast SEO plugin v27.5 - https:\/\/yoast.com\/product\/yoast-seo-wordpress\/ -->\n<title>Masaj THAIco Signature - THAIco SPA<\/title>\n<meta name=\"description\" content=\"Masaj Thailandez la THAIco SPA. Descoper\u0103 cum tehnicile unice pot cre\u0219te for\u021ba, flexibilitatea \u0219i alina tensiunea muscular\" \/>\n<meta name=\"robots\" content=\"index, follow, max-snippet:-1, max-image-preview:large, max-video-preview:-1\" \/>\n<link rel=\"canonical\" href=\"https:\/\/thaicospa.ro\/en\/signature-thai-massage\/\" \/>\n<meta property=\"og:locale\" content=\"en_US\" \/>\n<meta property=\"og:type\" content=\"article\" \/>\n<meta property=\"og:title\" content=\"Masaj THAIco Signature - THAIco SPA\" \/>\n<meta property=\"og:description\" content=\"Masaj Thailandez la THAIco SPA. Descoper\u0103 cum tehnicile unice pot cre\u0219te for\u021ba, flexibilitatea \u0219i alina tensiunea muscular\" \/>\n<meta property=\"og:url\" content=\"https:\/\/thaicospa.ro\/en\/signature-thai-massage\/\" \/>\n<meta property=\"og:site_name\" content=\"THAIco SPA\" \/>\n<meta property=\"article:publisher\" content=\"https:\/\/www.facebook.com\/THAIcoSPA\/\" \/>\n<meta property=\"article:modified_time\" content=\"2025-08-01T12:26:53+00:00\" \/>\n<meta property=\"og:image\" content=\"https:\/\/thaicospa.ro\/wp-content\/uploads\/2023\/11\/Thaico-SPA-c-razvanfotograv-16-scaled.jpg\" \/>\n\t<meta property=\"og:image:width\" content=\"2560\" \/>\n\t<meta property=\"og:image:height\" content=\"1708\" \/>\n\t<meta property=\"og:image:type\" content=\"image\/jpeg\" \/>\n<meta name=\"twitter:card\" content=\"summary_large_image\" \/>\n<meta name=\"twitter:label1\" content=\"Est. reading time\" \/>\n\t<meta name=\"twitter:data1\" content=\"5 minutes\" \/>\n<script type=\"application\/ld+json\" class=\"yoast-schema-graph\">{\"@context\":\"https:\\\/\\\/schema.org\",\"@graph\":[{\"@type\":\"WebPage\",\"@id\":\"https:\\\/\\\/thaicospa.ro\\\/masaj-thaico-signature\\\/\",\"url\":\"https:\\\/\\\/thaicospa.ro\\\/masaj-thaico-signature\\\/\",\"name\":\"Masaj THAIco Signature - THAIco SPA\",\"isPartOf\":{\"@id\":\"https:\\\/\\\/thaicospa.ro\\\/#website\"},\"primaryImageOfPage\":{\"@id\":\"https:\\\/\\\/thaicospa.ro\\\/masaj-thaico-signature\\\/#primaryimage\"},\"image\":{\"@id\":\"https:\\\/\\\/thaicospa.ro\\\/masaj-thaico-signature\\\/#primaryimage\"},\"thumbnailUrl\":\"https:\\\/\\\/thaicospa.ro\\\/wp-content\\\/uploads\\\/2023\\\/11\\\/Thaico-SPA-c-razvanfotograv-16-scaled.jpg\",\"datePublished\":\"2023-09-19T07:31:41+00:00\",\"dateModified\":\"2025-08-01T12:26:53+00:00\",\"description\":\"Masaj Thailandez la THAIco SPA. Descoper\u0103 cum tehnicile unice pot cre\u0219te for\u021ba, flexibilitatea \u0219i alina tensiunea muscular\",\"breadcrumb\":{\"@id\":\"https:\\\/\\\/thaicospa.ro\\\/masaj-thaico-signature\\\/#breadcrumb\"},\"inLanguage\":\"en-US\",\"potentialAction\":[{\"@type\":\"ReadAction\",\"target\":[\"https:\\\/\\\/thaicospa.ro\\\/masaj-thaico-signature\\\/\"]}]},{\"@type\":\"ImageObject\",\"inLanguage\":\"en-US\",\"@id\":\"https:\\\/\\\/thaicospa.ro\\\/masaj-thaico-signature\\\/#primaryimage\",\"url\":\"https:\\\/\\\/thaicospa.ro\\\/wp-content\\\/uploads\\\/2023\\\/11\\\/Thaico-SPA-c-razvanfotograv-16-scaled.jpg\",\"contentUrl\":\"https:\\\/\\\/thaicospa.ro\\\/wp-content\\\/uploads\\\/2023\\\/11\\\/Thaico-SPA-c-razvanfotograv-16-scaled.jpg\",\"width\":2560,\"height\":1708},{\"@type\":\"BreadcrumbList\",\"@id\":\"https:\\\/\\\/thaicospa.ro\\\/masaj-thaico-signature\\\/#breadcrumb\",\"itemListElement\":[{\"@type\":\"ListItem\",\"position\":1,\"name\":\"Prima pagin\u0103\",\"item\":\"https:\\\/\\\/thaicospa.ro\\\/\"},{\"@type\":\"ListItem\",\"position\":2,\"name\":\"Masaj THAIco Signature\"}]},{\"@type\":\"WebSite\",\"@id\":\"https:\\\/\\\/thaicospa.ro\\\/#website\",\"url\":\"https:\\\/\\\/thaicospa.ro\\\/\",\"name\":\"THAIco SPA\",\"description\":\"\",\"potentialAction\":[{\"@type\":\"SearchAction\",\"target\":{\"@type\":\"EntryPoint\",\"urlTemplate\":\"https:\\\/\\\/thaicospa.ro\\\/?s={search_term_string}\"},\"query-input\":{\"@type\":\"PropertyValueSpecification\",\"valueRequired\":true,\"valueName\":\"search_term_string\"}}],\"inLanguage\":\"en-US\"}]}<\/script>\n<!-- \/ Yoast SEO plugin. -->","yoast_head_json":{"title":"THAIco Signature Massage - THAIco SPA","description":"Thai massage at THAIco SPA. Discover how unique techniques can increase strength, flexibility and relieve muscle tension","robots":{"index":"index","follow":"follow","max-snippet":"max-snippet:-1","max-image-preview":"max-image-preview:large","max-video-preview":"max-video-preview:-1"},"canonical":"https:\/\/thaicospa.ro\/en\/signature-thai-massage\/","og_locale":"en_US","og_type":"article","og_title":"Masaj THAIco Signature - THAIco SPA","og_description":"Masaj Thailandez la THAIco SPA. Descoper\u0103 cum tehnicile unice pot cre\u0219te for\u021ba, flexibilitatea \u0219i alina tensiunea muscular","og_url":"https:\/\/thaicospa.ro\/en\/signature-thai-massage\/","og_site_name":"THAIco SPA","article_publisher":"https:\/\/www.facebook.com\/THAIcoSPA\/","article_modified_time":"2025-08-01T12:26:53+00:00","og_image":[{"width":2560,"height":1708,"url":"https:\/\/thaicospa.ro\/wp-content\/uploads\/2023\/11\/Thaico-SPA-c-razvanfotograv-16-scaled.jpg","type":"image\/jpeg"}],"twitter_card":"summary_large_image","twitter_misc":{"Est. reading time":"5 minutes"},"schema":{"@context":"https:\/\/schema.org","@graph":[{"@type":"WebPage","@id":"https:\/\/thaicospa.ro\/masaj-thaico-signature\/","url":"https:\/\/thaicospa.ro\/masaj-thaico-signature\/","name":"THAIco Signature Massage - THAIco SPA","isPartOf":{"@id":"https:\/\/thaicospa.ro\/#website"},"primaryImageOfPage":{"@id":"https:\/\/thaicospa.ro\/masaj-thaico-signature\/#primaryimage"},"image":{"@id":"https:\/\/thaicospa.ro\/masaj-thaico-signature\/#primaryimage"},"thumbnailUrl":"https:\/\/thaicospa.ro\/wp-content\/uploads\/2023\/11\/Thaico-SPA-c-razvanfotograv-16-scaled.jpg","datePublished":"2023-09-19T07:31:41+00:00","dateModified":"2025-08-01T12:26:53+00:00","description":"Thai massage at THAIco SPA. Discover how unique techniques can increase strength, flexibility and relieve muscle tension","breadcrumb":{"@id":"https:\/\/thaicospa.ro\/masaj-thaico-signature\/#breadcrumb"},"inLanguage":"en-US","potentialAction":[{"@type":"ReadAction","target":["https:\/\/thaicospa.ro\/masaj-thaico-signature\/"]}]},{"@type":"ImageObject","inLanguage":"en-US","@id":"https:\/\/thaicospa.ro\/masaj-thaico-signature\/#primaryimage","url":"https:\/\/thaicospa.ro\/wp-content\/uploads\/2023\/11\/Thaico-SPA-c-razvanfotograv-16-scaled.jpg","contentUrl":"https:\/\/thaicospa.ro\/wp-content\/uploads\/2023\/11\/Thaico-SPA-c-razvanfotograv-16-scaled.jpg","width":2560,"height":1708},{"@type":"BreadcrumbList","@id":"https:\/\/thaicospa.ro\/masaj-thaico-signature\/#breadcrumb","itemListElement":[{"@type":"ListItem","position":1,"name":"Prima pagin\u0103","item":"https:\/\/thaicospa.ro\/"},{"@type":"ListItem","position":2,"name":"Masaj THAIco Signature"}]},{"@type":"WebSite","@id":"https:\/\/thaicospa.ro\/#website","url":"https:\/\/thaicospa.ro\/","name":"THAIco SPA","description":"","potentialAction":[{"@type":"SearchAction","target":{"@type":"EntryPoint","urlTemplate":"https:\/\/thaicospa.ro\/?s={search_term_string}"},"query-input":{"@type":"PropertyValueSpecification","valueRequired":true,"valueName":"search_term_string"}}],"inLanguage":"en-US"}]}},"_links":{"self":[{"href":"https:\/\/thaicospa.ro\/en\/wp-json\/wp\/v2\/pages\/50654","targetHints":{"allow":["GET"]}}],"collection":[{"href":"https:\/\/thaicospa.ro\/en\/wp-json\/wp\/v2\/pages"}],"about":[{"href":"https:\/\/thaicospa.ro\/en\/wp-json\/wp\/v2\/types\/page"}],"author":[{"embeddable":true,"href":"https:\/\/thaicospa.ro\/en\/wp-json\/wp\/v2\/users\/73"}],"replies":[{"embeddable":true,"href":"https:\/\/thaicospa.ro\/en\/wp-json\/wp\/v2\/comments?post=50654"}],"version-history":[{"count":1,"href":"https:\/\/thaicospa.ro\/en\/wp-json\/wp\/v2\/pages\/50654\/revisions"}],"predecessor-version":[{"id":72027,"href":"https:\/\/thaicospa.ro\/en\/wp-json\/wp\/v2\/pages\/50654\/revisions\/72027"}],"wp:featuredmedia":[{"embeddable":true,"href":"https:\/\/thaicospa.ro\/en\/wp-json\/wp\/v2\/media\/53138"}],"wp:attachment":[{"href":"https:\/\/thaicospa.ro\/en\/wp-json\/wp\/v2\/media?parent=50654"}],"curies":[{"name":"wp","href":"https:\/\/api.w.org\/{rel}","templated":true}]}}