{"id":50383,"date":"2023-09-14T11:43:09","date_gmt":"2023-09-14T08:43:09","guid":{"rendered":"https:\/\/thaicospa.ro\/?page_id=50383"},"modified":"2025-08-01T16:09:39","modified_gmt":"2025-08-01T13:09:39","slug":"massage-for-couples","status":"publish","type":"page","link":"https:\/\/thaicospa.ro\/en\/masaj-pentru-cupluri\/","title":{"rendered":"Massage For Couples"},"content":{"rendered":"<div class=\"wpb-content-wrapper\"><div  class=\"one withsmallpadding ppb_text\" style=\"text-align:left;padding:40px 0 40px 0;\" >\n<div class=\"standard_wrapper\">\n<div class=\"page_content_wrapper wide\">\n<div class=\"inner\">\n<div style=\"margin:auto;width:95%\">\n<h3 style=\"text-align: center;\">Pricing &amp; Programming<\/h3>\n<p>Experience the ritual of sensations and delights with your loved one! Indulge in a full-body relaxation massage for both of you, performed simultaneously by 2 THAIco therapists in a specially designed couples therapy space that enhances connection and relaxation.<\/p>\n<div class=\"vc_row wpb_row vc_row-fluid\">\n<div class=\"wpb_column vc_column_container vc_col-sm-4\">\n<div class=\"vc_column-inner\">\n<div class=\"wpb_wrapper\">\n<div class=\"vc_tta-container\" data-vc-action=\"collapse\">\n<div class=\"vc_general vc_tta vc_tta-accordion vc_tta-color-white vc_tta-style-outline vc_tta-shape-square vc_tta-o-shape-group vc_tta-controls-align-default\">\n<div class=\"vc_tta-panels-container\">\n<div class=\"vc_tta-panels\">\n<div class=\"vc_tta-panel vc_active\" id=\"1669191340232-9b82b701-320a\" data-vc-content=\".vc_tta-panel-body\">\n<div class=\"vc_tta-panel-heading\">\n<h4 class=\"vc_tta-panel-title vc_tta-controls-icon-position-left\"><a href=\"#1669191340232-9b82b701-320a\" data-vc-accordion data-vc-container=\".vc_tta-container\"><span class=\"vc_tta-title-text\">60 minutes<\/span><i class=\"vc_tta-controls-icon vc_tta-controls-icon-triangle\"><\/i><\/a><\/h4>\n<\/div>\n<div class=\"vc_tta-panel-body\">\n<div class=\"wpb_text_column wpb_content_element\" >\n<div class=\"wpb_wrapper\">\n<h3 style=\"text-align: center;\">600 lei<\/h3>\n<\/p><\/div><\/div>\n<div class=\"vc_row wpb_row vc_inner vc_row-fluid vc_column-gap-10 vc_row-o-equal-height vc_row-flex\">\n<div class=\"wpb_column vc_column_container vc_col-sm-12\">\n<div class=\"vc_column-inner\">\n<div class=\"wpb_wrapper\">\n<div class=\"vc_btn3-container vc_btn3-inline vc_do_btn\" ><a onmouseleave=\"this.style.borderColor='#d4b153'; this.style.backgroundColor='transparent'; this.style.color='#d4b153'\" onmouseenter=\"this.style.borderColor='#d4b153'; this.style.backgroundColor='#d4b153'; this.style.color='#000000';\" style=\"border-color:#d4b153; color:#d4b153;\" class=\"vc_general vc_btn3 vc_btn3-size-md vc_btn3-shape-square vc_btn3-style-outline-custom\" href=\"\/en\/programming\/\" title=\"\">Schedule<\/a><\/div>\n<div class=\"vc_btn3-container vc_btn3-inline vc_do_btn\" ><a onmouseleave=\"this.style.borderColor='#d4b153'; this.style.backgroundColor='transparent'; this.style.color='#d4b153'\" onmouseenter=\"this.style.borderColor='#d4b153'; this.style.backgroundColor='#d4b153'; this.style.color='#000000';\" style=\"border-color:#d4b153; color:#d4b153;\" class=\"vc_general vc_btn3 vc_btn3-size-md vc_btn3-shape-square vc_btn3-style-outline-custom\" href=\"\/en\/product\/massage-for-couple\/\" title=\"\">Buy Gift Card<\/a><\/div>\n<\/div>\n<\/div>\n<\/div>\n<\/div>\n<\/div>\n<\/div>\n<\/div>\n<\/div>\n<\/div>\n<\/div>\n<\/div>\n<\/div>\n<\/div>\n<div class=\"wpb_column vc_column_container vc_col-sm-4\">\n<div class=\"vc_column-inner\">\n<div class=\"wpb_wrapper\">\n<div class=\"vc_tta-container\" data-vc-action=\"collapseAll\">\n<div class=\"vc_general vc_tta vc_tta-accordion vc_tta-color-white vc_tta-style-outline vc_tta-shape-square vc_tta-o-shape-group vc_tta-controls-align-default vc_tta-o-all-clickable\">\n<div class=\"vc_tta-panels-container\">\n<div class=\"vc_tta-panels\">\n<div class=\"vc_tta-panel vc_active\" id=\"1686518100118-6478388b-2d84\" data-vc-content=\".vc_tta-panel-body\">\n<div class=\"vc_tta-panel-heading\">\n<h4 class=\"vc_tta-panel-title vc_tta-controls-icon-position-left\"><a href=\"#1686518100118-6478388b-2d84\" data-vc-accordion data-vc-container=\".vc_tta-container\"><span class=\"vc_tta-title-text\">90 minutes<\/span><i class=\"vc_tta-controls-icon vc_tta-controls-icon-triangle\"><\/i><\/a><\/h4>\n<\/div>\n<div class=\"vc_tta-panel-body\">\n<div class=\"wpb_text_column wpb_content_element\" >\n<div class=\"wpb_wrapper\">\n<h3 style=\"text-align: center;\">880 lei<\/h3>\n<\/p><\/div><\/div>\n<div class=\"vc_row wpb_row vc_inner vc_row-fluid vc_column-gap-10 vc_row-o-equal-height vc_row-flex\">\n<div class=\"wpb_column vc_column_container vc_col-sm-12\">\n<div class=\"vc_column-inner\">\n<div class=\"wpb_wrapper\">\n<div class=\"vc_btn3-container vc_btn3-inline vc_do_btn\" ><a onmouseleave=\"this.style.borderColor='#d4b153'; this.style.backgroundColor='transparent'; this.style.color='#d4b153'\" onmouseenter=\"this.style.borderColor='#d4b153'; this.style.backgroundColor='#d4b153'; this.style.color='#000000';\" style=\"border-color:#d4b153; color:#d4b153;\" class=\"vc_general vc_btn3 vc_btn3-size-md vc_btn3-shape-square vc_btn3-style-outline-custom\" href=\"\/en\/programming\/\" title=\"\">Schedule<\/a><\/div>\n<div class=\"vc_btn3-container vc_btn3-inline vc_do_btn\" ><a onmouseleave=\"this.style.borderColor='#d4b153'; this.style.backgroundColor='transparent'; this.style.color='#d4b153'\" onmouseenter=\"this.style.borderColor='#d4b153'; this.style.backgroundColor='#d4b153'; this.style.color='#000000';\" style=\"border-color:#d4b153; color:#d4b153;\" class=\"vc_general vc_btn3 vc_btn3-size-md vc_btn3-shape-square vc_btn3-style-outline-custom\" href=\"\/en\/product\/massage-for-couple-90-minutes\/\" title=\"\">Buy Gift Card<\/a><\/div>\n<\/div>\n<\/div>\n<\/div>\n<\/div>\n<\/div>\n<\/div>\n<\/div>\n<\/div>\n<\/div>\n<\/div>\n<\/div>\n<\/div>\n<\/div>\n<div class=\"wpb_column vc_column_container vc_col-sm-4\">\n<div class=\"vc_column-inner\">\n<div class=\"wpb_wrapper\">\n<div class=\"vc_tta-container\" data-vc-action=\"collapseAll\">\n<div class=\"vc_general vc_tta vc_tta-accordion vc_tta-color-white vc_tta-style-outline vc_tta-shape-square vc_tta-o-shape-group vc_tta-controls-align-default vc_tta-o-all-clickable\">\n<div class=\"vc_tta-panels-container\">\n<div class=\"vc_tta-panels\">\n<div class=\"vc_tta-panel vc_active\" id=\"1686518083316-f0182465-c77d\" data-vc-content=\".vc_tta-panel-body\">\n<div class=\"vc_tta-panel-heading\">\n<h4 class=\"vc_tta-panel-title vc_tta-controls-icon-position-left\"><a href=\"#1686518083316-f0182465-c77d\" data-vc-accordion data-vc-container=\".vc_tta-container\"><span class=\"vc_tta-title-text\">120 minutes<\/span><i class=\"vc_tta-controls-icon vc_tta-controls-icon-triangle\"><\/i><\/a><\/h4>\n<\/div>\n<div class=\"vc_tta-panel-body\">\n<div class=\"wpb_text_column wpb_content_element\" >\n<div class=\"wpb_wrapper\">\n<h3 style=\"text-align: center;\">1150 lei<\/h3>\n<\/p><\/div><\/div>\n<div class=\"vc_row wpb_row vc_inner vc_row-fluid vc_column-gap-10 vc_row-o-equal-height vc_row-flex\">\n<div class=\"wpb_column vc_column_container vc_col-sm-12\">\n<div class=\"vc_column-inner\">\n<div class=\"wpb_wrapper\">\n<div class=\"vc_btn3-container vc_btn3-inline vc_do_btn\" ><a onmouseleave=\"this.style.borderColor='#d4b153'; this.style.backgroundColor='transparent'; this.style.color='#d4b153'\" onmouseenter=\"this.style.borderColor='#d4b153'; this.style.backgroundColor='#d4b153'; this.style.color='#000000';\" style=\"border-color:#d4b153; color:#d4b153;\" class=\"vc_general vc_btn3 vc_btn3-size-md vc_btn3-shape-square vc_btn3-style-outline-custom\" href=\"\/en\/programming\/\" title=\"\">Schedule<\/a><\/div>\n<div class=\"vc_btn3-container vc_btn3-inline vc_do_btn\" ><a onmouseleave=\"this.style.borderColor='#d4b153'; this.style.backgroundColor='transparent'; this.style.color='#d4b153'\" onmouseenter=\"this.style.borderColor='#d4b153'; this.style.backgroundColor='#d4b153'; this.style.color='#000000';\" style=\"border-color:#d4b153; color:#d4b153;\" class=\"vc_general vc_btn3 vc_btn3-size-md vc_btn3-shape-square vc_btn3-style-outline-custom\" href=\"\/en\/product\/massage-for-couple-120-minutes\/\" title=\"\">Buy Gift Card<\/a><\/div>\n<\/div>\n<\/div>\n<\/div>\n<\/div>\n<\/div>\n<\/div>\n<\/div>\n<\/div>\n<\/div>\n<\/div>\n<\/div>\n<\/div>\n<\/div>\n<\/div>\n<\/div>\n<\/div>\n<\/div>\n<\/div>\n<\/div>\n<div  class=\"one\" >\n<div class=\"one_half_bg parallax\" style=\"background-image:url(https:\/\/thaicospa.ro\/wp-content\/uploads\/2023\/11\/Thaico-SPA-c-razvanfotograv-553-scaled.jpg);height:515px;\"><\/div>\n<div class=\"one_half_bg\" style=\"padding:80px;\">\n<h2 class=\"ppb_title\" style=\"\">What is Massage For Couples<\/h2>\n<div class=\"ppb_header_content\">\n<p>Couples massage is a massage experience that takes place simultaneously for two partners in the same space. It offers a unique way to relax together and connect emotionally and physically. Massage therapists work in tandem, applying massage techniques on both partners at the same time.<\/p>\n<\/div>\n<\/div>\n<p><br class=\"clear\"\/><\/div>\n<div  class=\"one\" >\n<div class=\"one_half_bg textright\" style=\"padding:80px;\">\n<h2 class=\"ppb_title\" style=\"\">Features of Massage for Couples<\/h2>\n<div class=\"ppb_header_content\">\n<p><strong>Intimate space:<\/strong> Couples massage takes place in a specially designed and intimate space that creates a relaxing and comfortable atmosphere for both partners.<\/p>\n<p><strong>Customisation:<\/strong> Massage therapists can tailor the experience to meet the individual needs of each partner. This can include adjusting pressure, using oils and focusing on specific problem areas.<\/p>\n<p><strong>Relax and connect:<\/strong> The main goal of couples massage is to deeply relax both partners and create a deeper emotional connection between them. It's an opportunity to get away from everyday stress and focus on your relationship.<\/p>\n<\/div>\n<\/div>\n<div class=\"one_half_bg parallax\" style=\"background-image:url(https:\/\/thaicospa.ro\/wp-content\/uploads\/2023\/11\/Thaico-SPA-c-razvanfotograv-565-scaled.jpg);height:705px;\"><\/div>\n<p><br class=\"clear\"\/><\/div>\n<div  class=\"one withsmallpadding ppb_content_center_bg withbg parallax\" style=\"background-image:url(https:\/\/thaicospa.ro\/wp-content\/uploads\/2023\/11\/Thaico-SPA-c-razvanfotograv-568-scaled.jpg);background-position: center top;height:1000px;\" >\n<div class=\"one_third parallax_text\" style=\"background:#000000;background:rgb(0,0,0,0.6);background:rgba(0,0,0,0.6);;padding:10px;\" data-stellar-ratio=\"1.3\">\n<h2 class=\"ppb_title\" style=\"\">Benefits of Massage for Couples<\/h2>\n<div class=\"ppb_header_content\">\n<p><strong>Relaxation and stress reduction:<\/strong> Massage helps release tension and stress built up in the body and mind, giving you a deep state of relaxation and inner peace.<\/p>\n<p><strong>Increased emotional connection:<\/strong> Experiencing massage together strengthens the emotional bond between partners, giving you the opportunity to spend quality time together and connect on a deeper level.<\/p>\n<p><strong>Improved intimacy and communication:<\/strong> Couples massage creates an intimate and safe environment, fostering communication and openness between partners. This can help strengthen intimacy and the relationship as a whole.<\/p>\n<p><strong>Release muscle tension and pain:<\/strong> Massage can relieve muscle aches and tension built up in the body, allowing you to feel more relaxed and comfortable in your own body.<\/p>\n<p><strong>Stimulate circulation and detoxify:<\/strong> Massage techniques stimulate blood and lymph circulation, helping to detoxify the body and improve the supply of nutrients and oxygen to the tissues.<\/p>\n<p><strong>Improved general health:<\/strong> Massage supports the immune system, lowers blood pressure and promotes general well-being of body and mind.<\/p>\n<p><strong>Relaxation and revitalisation in the couple:<\/strong> Experiencing massage together provides an opportunity to escape the stresses of everyday life and pamper each other. It's a wonderful way to connect and create beautiful memories together.<\/p>\n<\/div>\n<\/div>\n<\/div>\n<div class=\"divider one\">&nbsp;<\/div>\n<div  class=\"ppb_gallery_grid one\" style=\"\">\n<div class=\"standard_wrapper\">\n<div id=\"17540537791390658843\" class=\"portfolio_filter_wrapper gallery four_cols contain\" data-columns=\"4\">\n<div class=\"element grid  classic4_cols\">\n<div class=\"one_fourth gallery4 static filterable gallery_type animated1\"><a class=\"fancy-gallery\" href=\"https:\/\/thaicospa.ro\/wp-content\/uploads\/2023\/11\/Thaico-SPA-c-razvanfotograv-553-scaled.jpg\" data-caption=\"\" ><img decoding=\"async\" src=\"https:\/\/thaicospa.ro\/wp-content\/uploads\/2023\/11\/Thaico-SPA-c-razvanfotograv-553-610x610.jpg\" alt=\"\"\/><\/a><\/div>\n<\/div>\n<div class=\"element grid  classic4_cols\">\n<div class=\"one_fourth gallery4 static filterable gallery_type animated2\"><a class=\"fancy-gallery\" href=\"https:\/\/thaicospa.ro\/wp-content\/uploads\/2023\/11\/Thaico-SPA-c-razvanfotograv-568-scaled.jpg\" data-caption=\"\" ><img decoding=\"async\" src=\"https:\/\/thaicospa.ro\/wp-content\/uploads\/2023\/11\/Thaico-SPA-c-razvanfotograv-568-610x610.jpg\" alt=\"\"\/><\/a><\/div>\n<\/div>\n<div class=\"element grid  classic4_cols\">\n<div class=\"one_fourth gallery4 static filterable gallery_type animated3\"><a class=\"fancy-gallery\" href=\"https:\/\/thaicospa.ro\/wp-content\/uploads\/2023\/11\/Thaico-SPA-c-razvanfotograv-570-scaled.jpg\" data-caption=\"\" ><img decoding=\"async\" src=\"https:\/\/thaicospa.ro\/wp-content\/uploads\/2023\/11\/Thaico-SPA-c-razvanfotograv-570-610x610.jpg\" alt=\"\"\/><\/a><\/div>\n<\/div>\n<div class=\"element grid  classic4_cols\">\n<div class=\"one_fourth gallery4 static filterable gallery_type animated4\"><a class=\"fancy-gallery\" href=\"https:\/\/thaicospa.ro\/wp-content\/uploads\/2023\/11\/Thaico-SPA-c-razvanfotograv-555-scaled.jpg\" data-caption=\"\" ><img decoding=\"async\" src=\"https:\/\/thaicospa.ro\/wp-content\/uploads\/2023\/11\/Thaico-SPA-c-razvanfotograv-555-610x610.jpg\" alt=\"\"\/><\/a><\/div>\n<\/div>\n<div class=\"element grid  classic4_cols\">\n<div class=\"one_fourth gallery4 static filterable gallery_type animated5\"><a class=\"fancy-gallery\" href=\"https:\/\/thaicospa.ro\/wp-content\/uploads\/2023\/11\/Thaico-SPA-c-razvanfotograv-567-scaled.jpg\" data-caption=\"\" ><img decoding=\"async\" src=\"https:\/\/thaicospa.ro\/wp-content\/uploads\/2023\/11\/Thaico-SPA-c-razvanfotograv-567-610x610.jpg\" alt=\"\"\/><\/a><\/div>\n<\/div>\n<div class=\"element grid  classic4_cols\">\n<div class=\"one_fourth gallery4 static filterable gallery_type animated6\"><a class=\"fancy-gallery\" href=\"https:\/\/thaicospa.ro\/wp-content\/uploads\/2023\/11\/Thaico-SPA-c-razvanfotograv-565-scaled.jpg\" data-caption=\"\" ><img decoding=\"async\" src=\"https:\/\/thaicospa.ro\/wp-content\/uploads\/2023\/11\/Thaico-SPA-c-razvanfotograv-565-610x610.jpg\" alt=\"\"\/><\/a><\/div>\n<\/div>\n<div class=\"element grid  classic4_cols\">\n<div class=\"one_fourth gallery4 static filterable gallery_type animated7\"><a class=\"fancy-gallery\" href=\"https:\/\/thaicospa.ro\/wp-content\/uploads\/2023\/11\/Thaico-SPA-c-razvanfotograv-563-scaled.jpg\" data-caption=\"\" ><img decoding=\"async\" src=\"https:\/\/thaicospa.ro\/wp-content\/uploads\/2023\/11\/Thaico-SPA-c-razvanfotograv-563-610x610.jpg\" alt=\"\"\/><\/a><\/div>\n<\/div>\n<div class=\"element grid  classic4_cols\">\n<div class=\"one_fourth gallery4 static filterable gallery_type animated8\"><a class=\"fancy-gallery\" href=\"https:\/\/thaicospa.ro\/wp-content\/uploads\/2023\/11\/Thaico-SPA-c-razvanfotograv-569-scaled.jpg\" data-caption=\"\" ><img decoding=\"async\" src=\"https:\/\/thaicospa.ro\/wp-content\/uploads\/2023\/11\/Thaico-SPA-c-razvanfotograv-569-610x610.jpg\" alt=\"\"\/><\/a><\/div>\n<\/div>\n<\/div>\n<\/div>\n<\/div>\n<\/div>","protected":false},"excerpt":{"rendered":"<p>Pre\u021buri &#038; Programare Experimenteaz\u0103 ritualul senza\u021biilor \u0219i al deliciilor al\u0103turi de persoana drag\u0103! R\u0103sf\u0103\u021ba\u0163i-v\u0103 am\u00e2ndoi cu un masaj de relaxare pentru tot corpul, realizat simultan de 2 terapeu\u021bi THAIco, \u00eentr-un spa\u021biu special amenajat pentru terapii \u00een cuplu, care amplific\u0103 conexiunea [&hellip;]<\/p>\n","protected":false},"author":73,"featured_media":52987,"parent":0,"menu_order":0,"comment_status":"closed","ping_status":"closed","template":"","meta":{"_monsterinsights_skip_tracking":false,"_monsterinsights_sitenote_active":false,"_monsterinsights_sitenote_note":"","_monsterinsights_sitenote_category":0,"footnotes":""},"class_list":["post-50383","page","type-page","status-publish","has-post-thumbnail","hentry"],"yoast_head":"<!-- This site is optimized with the Yoast SEO plugin v27.5 - https:\/\/yoast.com\/product\/yoast-seo-wordpress\/ -->\n<title>Masaj Pentru Cupluri - THAIco SPA<\/title>\n<meta name=\"description\" content=\"Masaj Thailandez la THAIco SPA. Descoper\u0103 cum tehnicile unice pot cre\u0219te for\u021ba, flexibilitatea \u0219i alina tensiunea muscular\" \/>\n<meta name=\"robots\" content=\"index, follow, max-snippet:-1, max-image-preview:large, max-video-preview:-1\" \/>\n<link rel=\"canonical\" href=\"https:\/\/thaicospa.ro\/en\/massage-for-couples\/\" \/>\n<meta property=\"og:locale\" content=\"en_US\" \/>\n<meta property=\"og:type\" content=\"article\" \/>\n<meta property=\"og:title\" content=\"Masaj Pentru Cupluri - THAIco SPA\" \/>\n<meta property=\"og:description\" content=\"Masaj Thailandez la THAIco SPA. Descoper\u0103 cum tehnicile unice pot cre\u0219te for\u021ba, flexibilitatea \u0219i alina tensiunea muscular\" \/>\n<meta property=\"og:url\" content=\"https:\/\/thaicospa.ro\/en\/massage-for-couples\/\" \/>\n<meta property=\"og:site_name\" content=\"THAIco SPA\" \/>\n<meta property=\"article:publisher\" content=\"https:\/\/www.facebook.com\/THAIcoSPA\/\" \/>\n<meta property=\"article:modified_time\" content=\"2025-08-01T13:09:39+00:00\" \/>\n<meta property=\"og:image\" content=\"https:\/\/thaicospa.ro\/wp-content\/uploads\/2023\/11\/Thaico-SPA-c-razvanfotograv-555-scaled.jpg\" \/>\n\t<meta property=\"og:image:width\" content=\"2560\" \/>\n\t<meta property=\"og:image:height\" content=\"1707\" \/>\n\t<meta property=\"og:image:type\" content=\"image\/jpeg\" \/>\n<meta name=\"twitter:card\" content=\"summary_large_image\" \/>\n<meta name=\"twitter:label1\" content=\"Est. reading time\" \/>\n\t<meta name=\"twitter:data1\" content=\"5 minutes\" \/>\n<script type=\"application\/ld+json\" class=\"yoast-schema-graph\">{\"@context\":\"https:\\\/\\\/schema.org\",\"@graph\":[{\"@type\":\"WebPage\",\"@id\":\"https:\\\/\\\/thaicospa.ro\\\/masaj-pentru-cupluri\\\/\",\"url\":\"https:\\\/\\\/thaicospa.ro\\\/masaj-pentru-cupluri\\\/\",\"name\":\"Masaj Pentru Cupluri - THAIco SPA\",\"isPartOf\":{\"@id\":\"https:\\\/\\\/thaicospa.ro\\\/#website\"},\"primaryImageOfPage\":{\"@id\":\"https:\\\/\\\/thaicospa.ro\\\/masaj-pentru-cupluri\\\/#primaryimage\"},\"image\":{\"@id\":\"https:\\\/\\\/thaicospa.ro\\\/masaj-pentru-cupluri\\\/#primaryimage\"},\"thumbnailUrl\":\"https:\\\/\\\/thaicospa.ro\\\/wp-content\\\/uploads\\\/2023\\\/11\\\/Thaico-SPA-c-razvanfotograv-555-scaled.jpg\",\"datePublished\":\"2023-09-14T08:43:09+00:00\",\"dateModified\":\"2025-08-01T13:09:39+00:00\",\"description\":\"Masaj Thailandez la THAIco SPA. Descoper\u0103 cum tehnicile unice pot cre\u0219te for\u021ba, flexibilitatea \u0219i alina tensiunea muscular\",\"breadcrumb\":{\"@id\":\"https:\\\/\\\/thaicospa.ro\\\/masaj-pentru-cupluri\\\/#breadcrumb\"},\"inLanguage\":\"en-US\",\"potentialAction\":[{\"@type\":\"ReadAction\",\"target\":[\"https:\\\/\\\/thaicospa.ro\\\/masaj-pentru-cupluri\\\/\"]}]},{\"@type\":\"ImageObject\",\"inLanguage\":\"en-US\",\"@id\":\"https:\\\/\\\/thaicospa.ro\\\/masaj-pentru-cupluri\\\/#primaryimage\",\"url\":\"https:\\\/\\\/thaicospa.ro\\\/wp-content\\\/uploads\\\/2023\\\/11\\\/Thaico-SPA-c-razvanfotograv-555-scaled.jpg\",\"contentUrl\":\"https:\\\/\\\/thaicospa.ro\\\/wp-content\\\/uploads\\\/2023\\\/11\\\/Thaico-SPA-c-razvanfotograv-555-scaled.jpg\",\"width\":2560,\"height\":1707},{\"@type\":\"BreadcrumbList\",\"@id\":\"https:\\\/\\\/thaicospa.ro\\\/masaj-pentru-cupluri\\\/#breadcrumb\",\"itemListElement\":[{\"@type\":\"ListItem\",\"position\":1,\"name\":\"Prima pagin\u0103\",\"item\":\"https:\\\/\\\/thaicospa.ro\\\/\"},{\"@type\":\"ListItem\",\"position\":2,\"name\":\"Masaj Pentru Cupluri\"}]},{\"@type\":\"WebSite\",\"@id\":\"https:\\\/\\\/thaicospa.ro\\\/#website\",\"url\":\"https:\\\/\\\/thaicospa.ro\\\/\",\"name\":\"THAIco SPA\",\"description\":\"\",\"potentialAction\":[{\"@type\":\"SearchAction\",\"target\":{\"@type\":\"EntryPoint\",\"urlTemplate\":\"https:\\\/\\\/thaicospa.ro\\\/?s={search_term_string}\"},\"query-input\":{\"@type\":\"PropertyValueSpecification\",\"valueRequired\":true,\"valueName\":\"search_term_string\"}}],\"inLanguage\":\"en-US\"}]}<\/script>\n<!-- \/ Yoast SEO plugin. -->","yoast_head_json":{"title":"Massage For Couples - THAIco SPA","description":"Thai massage at THAIco SPA. Discover how unique techniques can increase strength, flexibility and relieve muscle tension","robots":{"index":"index","follow":"follow","max-snippet":"max-snippet:-1","max-image-preview":"max-image-preview:large","max-video-preview":"max-video-preview:-1"},"canonical":"https:\/\/thaicospa.ro\/en\/massage-for-couples\/","og_locale":"en_US","og_type":"article","og_title":"Masaj Pentru Cupluri - THAIco SPA","og_description":"Masaj Thailandez la THAIco SPA. Descoper\u0103 cum tehnicile unice pot cre\u0219te for\u021ba, flexibilitatea \u0219i alina tensiunea muscular","og_url":"https:\/\/thaicospa.ro\/en\/massage-for-couples\/","og_site_name":"THAIco SPA","article_publisher":"https:\/\/www.facebook.com\/THAIcoSPA\/","article_modified_time":"2025-08-01T13:09:39+00:00","og_image":[{"width":2560,"height":1707,"url":"https:\/\/thaicospa.ro\/wp-content\/uploads\/2023\/11\/Thaico-SPA-c-razvanfotograv-555-scaled.jpg","type":"image\/jpeg"}],"twitter_card":"summary_large_image","twitter_misc":{"Est. reading time":"5 minutes"},"schema":{"@context":"https:\/\/schema.org","@graph":[{"@type":"WebPage","@id":"https:\/\/thaicospa.ro\/masaj-pentru-cupluri\/","url":"https:\/\/thaicospa.ro\/masaj-pentru-cupluri\/","name":"Massage For Couples - THAIco SPA","isPartOf":{"@id":"https:\/\/thaicospa.ro\/#website"},"primaryImageOfPage":{"@id":"https:\/\/thaicospa.ro\/masaj-pentru-cupluri\/#primaryimage"},"image":{"@id":"https:\/\/thaicospa.ro\/masaj-pentru-cupluri\/#primaryimage"},"thumbnailUrl":"https:\/\/thaicospa.ro\/wp-content\/uploads\/2023\/11\/Thaico-SPA-c-razvanfotograv-555-scaled.jpg","datePublished":"2023-09-14T08:43:09+00:00","dateModified":"2025-08-01T13:09:39+00:00","description":"Thai massage at THAIco SPA. Discover how unique techniques can increase strength, flexibility and relieve muscle tension","breadcrumb":{"@id":"https:\/\/thaicospa.ro\/masaj-pentru-cupluri\/#breadcrumb"},"inLanguage":"en-US","potentialAction":[{"@type":"ReadAction","target":["https:\/\/thaicospa.ro\/masaj-pentru-cupluri\/"]}]},{"@type":"ImageObject","inLanguage":"en-US","@id":"https:\/\/thaicospa.ro\/masaj-pentru-cupluri\/#primaryimage","url":"https:\/\/thaicospa.ro\/wp-content\/uploads\/2023\/11\/Thaico-SPA-c-razvanfotograv-555-scaled.jpg","contentUrl":"https:\/\/thaicospa.ro\/wp-content\/uploads\/2023\/11\/Thaico-SPA-c-razvanfotograv-555-scaled.jpg","width":2560,"height":1707},{"@type":"BreadcrumbList","@id":"https:\/\/thaicospa.ro\/masaj-pentru-cupluri\/#breadcrumb","itemListElement":[{"@type":"ListItem","position":1,"name":"Prima pagin\u0103","item":"https:\/\/thaicospa.ro\/"},{"@type":"ListItem","position":2,"name":"Masaj Pentru Cupluri"}]},{"@type":"WebSite","@id":"https:\/\/thaicospa.ro\/#website","url":"https:\/\/thaicospa.ro\/","name":"THAIco SPA","description":"","potentialAction":[{"@type":"SearchAction","target":{"@type":"EntryPoint","urlTemplate":"https:\/\/thaicospa.ro\/?s={search_term_string}"},"query-input":{"@type":"PropertyValueSpecification","valueRequired":true,"valueName":"search_term_string"}}],"inLanguage":"en-US"}]}},"_links":{"self":[{"href":"https:\/\/thaicospa.ro\/en\/wp-json\/wp\/v2\/pages\/50383","targetHints":{"allow":["GET"]}}],"collection":[{"href":"https:\/\/thaicospa.ro\/en\/wp-json\/wp\/v2\/pages"}],"about":[{"href":"https:\/\/thaicospa.ro\/en\/wp-json\/wp\/v2\/types\/page"}],"author":[{"embeddable":true,"href":"https:\/\/thaicospa.ro\/en\/wp-json\/wp\/v2\/users\/73"}],"replies":[{"embeddable":true,"href":"https:\/\/thaicospa.ro\/en\/wp-json\/wp\/v2\/comments?post=50383"}],"version-history":[{"count":1,"href":"https:\/\/thaicospa.ro\/en\/wp-json\/wp\/v2\/pages\/50383\/revisions"}],"predecessor-version":[{"id":72051,"href":"https:\/\/thaicospa.ro\/en\/wp-json\/wp\/v2\/pages\/50383\/revisions\/72051"}],"wp:featuredmedia":[{"embeddable":true,"href":"https:\/\/thaicospa.ro\/en\/wp-json\/wp\/v2\/media\/52987"}],"wp:attachment":[{"href":"https:\/\/thaicospa.ro\/en\/wp-json\/wp\/v2\/media?parent=50383"}],"curies":[{"name":"wp","href":"https:\/\/api.w.org\/{rel}","templated":true}]}}